{"id":936,"date":"2025-10-09T22:38:15","date_gmt":"2025-10-09T20:38:15","guid":{"rendered":"https:\/\/agora.xtec.cat\/insjosefinacastellvi\/?page_id=936"},"modified":"2025-10-09T22:52:28","modified_gmt":"2025-10-09T20:52:28","slug":"criteris-evaluacio-t","status":"publish","type":"page","link":"https:\/\/agora.xtec.cat\/insjosefinacastellvi\/departaments-didactics\/tecnologia\/criteris-evaluacio-t\/","title":{"rendered":"Criteris evaluaci\u00f3 T"},"content":{"rendered":"\n<div class=\"wp-block-file\"><a id=\"wp-block-file--media-266d796b-029e-4a61-ad4c-7ff909991c17\" href=\"https:\/\/agora.xtec.cat\/insjosefinacastellvi\/wp-content\/uploads\/usu789\/2025\/10\/Criteris-d_avaluacio-Digitalitzacio-4rt-ESO.pdf\">Criteris d_avaluaci\u00f3 Digitalitzaci\u00f3 4rt ESO<\/a><a href=\"https:\/\/agora.xtec.cat\/insjosefinacastellvi\/wp-content\/uploads\/usu789\/2025\/10\/Criteris-d_avaluacio-Digitalitzacio-4rt-ESO.pdf\" class=\"wp-block-file__button wp-element-button\" download aria-describedby=\"wp-block-file--media-266d796b-029e-4a61-ad4c-7ff909991c17\">Baixa<\/a><\/div>\n\n\n\n<div class=\"wp-block-file\"><a id=\"wp-block-file--media-77732887-8136-48c7-bc5c-bff0a475972b\" href=\"https:\/\/agora.xtec.cat\/insjosefinacastellvi\/wp-content\/uploads\/usu789\/2025\/10\/Criteris-d_avaluacio-Robotica-i-Programacio-Optativa-1r-2n-3r-ESO.pdf\">Criteris d_avaluaci\u00f3 Rob\u00f2tica i Programaci\u00f3 Optativa 1r 2n 3r ESO<\/a><a href=\"https:\/\/agora.xtec.cat\/insjosefinacastellvi\/wp-content\/uploads\/usu789\/2025\/10\/Criteris-d_avaluacio-Robotica-i-Programacio-Optativa-1r-2n-3r-ESO.pdf\" class=\"wp-block-file__button wp-element-button\" download aria-describedby=\"wp-block-file--media-77732887-8136-48c7-bc5c-bff0a475972b\">Baixa<\/a><\/div>\n\n\n\n<div class=\"wp-block-file\"><a id=\"wp-block-file--media-c6b46eb5-23dd-4958-8f00-56ee09b2f941\" href=\"https:\/\/agora.xtec.cat\/insjosefinacastellvi\/wp-content\/uploads\/usu789\/2025\/10\/Criteris-d_avaluacio-Robotica-Optativa-1rBATX.pdf\">Criteris d_avaluaci\u00f3 Rob\u00f2tica Optativa 1rBATX<\/a><a href=\"https:\/\/agora.xtec.cat\/insjosefinacastellvi\/wp-content\/uploads\/usu789\/2025\/10\/Criteris-d_avaluacio-Robotica-Optativa-1rBATX.pdf\" class=\"wp-block-file__button wp-element-button\" download aria-describedby=\"wp-block-file--media-c6b46eb5-23dd-4958-8f00-56ee09b2f941\">Baixa<\/a><\/div>\n\n\n\n<div class=\"wp-block-file\"><a id=\"wp-block-file--media-129bce8f-96d0-431d-8143-a2ca87372dd6\" href=\"https:\/\/agora.xtec.cat\/insjosefinacastellvi\/wp-content\/uploads\/usu789\/2025\/10\/Criteris-d_avaluacio-Tecnologia-4rt-ESO.pdf\">Criteris d_avaluaci\u00f3 Tecnologia 4rt ESO<\/a><a href=\"https:\/\/agora.xtec.cat\/insjosefinacastellvi\/wp-content\/uploads\/usu789\/2025\/10\/Criteris-d_avaluacio-Tecnologia-4rt-ESO.pdf\" class=\"wp-block-file__button wp-element-button\" download aria-describedby=\"wp-block-file--media-129bce8f-96d0-431d-8143-a2ca87372dd6\">Baixa<\/a><\/div>\n\n\n\n<div class=\"wp-block-file\"><a id=\"wp-block-file--media-b746b983-7922-403e-aced-26d1ddecb2fb\" href=\"https:\/\/agora.xtec.cat\/insjosefinacastellvi\/wp-content\/uploads\/usu789\/2025\/10\/Criteris-d_avaluacio-Tecnologia-i-Digitalitzacio-1r-2n-3r-ESO.pdf\">Criteris d_avaluaci\u00f3 Tecnologia i Digitalitzaci\u00f3 1r 2n 3r ESO<\/a><a href=\"https:\/\/agora.xtec.cat\/insjosefinacastellvi\/wp-content\/uploads\/usu789\/2025\/10\/Criteris-d_avaluacio-Tecnologia-i-Digitalitzacio-1r-2n-3r-ESO.pdf\" class=\"wp-block-file__button wp-element-button\" download aria-describedby=\"wp-block-file--media-b746b983-7922-403e-aced-26d1ddecb2fb\">Baixa<\/a><\/div>\n\n\n\n<div class=\"wp-block-file\"><a id=\"wp-block-file--media-e1818c0c-248b-4bf0-9b46-c7266aa9a924\" href=\"https:\/\/agora.xtec.cat\/insjosefinacastellvi\/wp-content\/uploads\/usu789\/2025\/10\/Criteris-d_avaluacio-Tecnologia-i-Enginyeria-I-1rBATX-CT.pdf\">Criteris d_avaluaci\u00f3 Tecnologia i Enginyeria I 1rBATX CT<\/a><a href=\"https:\/\/agora.xtec.cat\/insjosefinacastellvi\/wp-content\/uploads\/usu789\/2025\/10\/Criteris-d_avaluacio-Tecnologia-i-Enginyeria-I-1rBATX-CT.pdf\" class=\"wp-block-file__button wp-element-button\" download aria-describedby=\"wp-block-file--media-e1818c0c-248b-4bf0-9b46-c7266aa9a924\">Baixa<\/a><\/div>\n\n\n\n<div class=\"wp-block-file\"><a id=\"wp-block-file--media-6db7e0e8-761e-43c4-a845-644176740eb1\" href=\"https:\/\/agora.xtec.cat\/insjosefinacastellvi\/wp-content\/uploads\/usu789\/2025\/10\/Criteris-d_avaluacio-Tecnologia-i-Enginyeria-II-2nBATX-CT.pdf\">Criteris d_avaluaci\u00f3 Tecnologia i Enginyeria II 2nBATX CT<\/a><a href=\"https:\/\/agora.xtec.cat\/insjosefinacastellvi\/wp-content\/uploads\/usu789\/2025\/10\/Criteris-d_avaluacio-Tecnologia-i-Enginyeria-II-2nBATX-CT.pdf\" class=\"wp-block-file__button wp-element-button\" download aria-describedby=\"wp-block-file--media-6db7e0e8-761e-43c4-a845-644176740eb1\">Baixa<\/a><\/div>\n","protected":false},"excerpt":{"rendered":"","protected":false},"author":1,"featured_media":0,"parent":859,"menu_order":0,"comment_status":"closed","ping_status":"closed","template":"","meta":{"site-sidebar-layout":"default","site-content-layout":"","ast-site-content-layout":"default","site-content-style":"default","site-sidebar-style":"default","ast-global-header-display":"","ast-banner-title-visibility":"","ast-main-header-display":"","ast-hfb-above-header-display":"","ast-hfb-below-header-display":"","ast-hfb-mobile-header-display":"","site-post-title":"","ast-breadcrumbs-content":"","ast-featured-img":"","footer-sml-layout":"","theme-transparent-header-meta":"","adv-header-id-meta":"","stick-header-meta":"","header-above-stick-meta":"","header-main-stick-meta":"","header-below-stick-meta":"","astra-migrate-meta-layouts":"set","ast-page-background-enabled":"default","ast-page-background-meta":{"desktop":{"background-color":"var(--ast-global-color-4)","background-image":"","background-repeat":"repeat","background-position":"center center","background-size":"auto","background-attachment":"scroll","background-type":"","background-media":"","overlay-type":"","overlay-color":"","overlay-opacity":"","overlay-gradient":""},"tablet":{"background-color":"","background-image":"","background-repeat":"repeat","background-position":"center center","background-size":"auto","background-attachment":"scroll","background-type":"","background-media":"","overlay-type":"","overlay-color":"","overlay-opacity":"","overlay-gradient":""},"mobile":{"background-color":"","background-image":"","background-repeat":"repeat","background-position":"center center","background-size":"auto","background-attachment":"scroll","background-type":"","background-media":"","overlay-type":"","overlay-color":"","overlay-opacity":"","overlay-gradient":""}},"ast-content-background-meta":{"desktop":{"background-color":"var(--ast-global-color-5)","background-image":"","background-repeat":"repeat","background-position":"center center","background-size":"auto","background-attachment":"scroll","background-type":"","background-media":"","overlay-type":"","overlay-color":"","overlay-opacity":"","overlay-gradient":""},"tablet":{"background-color":"var(--ast-global-color-5)","background-image":"","background-repeat":"repeat","background-position":"center center","background-size":"auto","background-attachment":"scroll","background-type":"","background-media":"","overlay-type":"","overlay-color":"","overlay-opacity":"","overlay-gradient":""},"mobile":{"background-color":"var(--ast-global-color-5)","background-image":"","background-repeat":"repeat","background-position":"center center","background-size":"auto","background-attachment":"scroll","background-type":"","background-media":"","overlay-type":"","overlay-color":"","overlay-opacity":"","overlay-gradient":""}},"footnotes":""},"class_list":["post-936","page","type-page","status-publish","hentry"],"post_mailing_queue_ids":[],"_links":{"self":[{"href":"https:\/\/agora.xtec.cat\/insjosefinacastellvi\/wp-json\/wp\/v2\/pages\/936","targetHints":{"allow":["GET"]}}],"collection":[{"href":"https:\/\/agora.xtec.cat\/insjosefinacastellvi\/wp-json\/wp\/v2\/pages"}],"about":[{"href":"https:\/\/agora.xtec.cat\/insjosefinacastellvi\/wp-json\/wp\/v2\/types\/page"}],"author":[{"embeddable":true,"href":"https:\/\/agora.xtec.cat\/insjosefinacastellvi\/wp-json\/wp\/v2\/users\/1"}],"replies":[{"embeddable":true,"href":"https:\/\/agora.xtec.cat\/insjosefinacastellvi\/wp-json\/wp\/v2\/comments?post=936"}],"version-history":[{"count":2,"href":"https:\/\/agora.xtec.cat\/insjosefinacastellvi\/wp-json\/wp\/v2\/pages\/936\/revisions"}],"predecessor-version":[{"id":970,"href":"https:\/\/agora.xtec.cat\/insjosefinacastellvi\/wp-json\/wp\/v2\/pages\/936\/revisions\/970"}],"up":[{"embeddable":true,"href":"https:\/\/agora.xtec.cat\/insjosefinacastellvi\/wp-json\/wp\/v2\/pages\/859"}],"wp:attachment":[{"href":"https:\/\/agora.xtec.cat\/insjosefinacastellvi\/wp-json\/wp\/v2\/media?parent=936"}],"curies":[{"name":"wp","href":"https:\/\/api.w.org\/{rel}","templated":true}]}}