{"id":615,"date":"2025-03-02T17:40:47","date_gmt":"2025-03-02T16:40:47","guid":{"rendered":"https:\/\/agora.xtec.cat\/insjosefinacastellvi\/?page_id=615"},"modified":"2025-03-03T19:10:32","modified_gmt":"2025-03-03T18:10:32","slug":"horari-secretaria","status":"publish","type":"page","link":"https:\/\/agora.xtec.cat\/insjosefinacastellvi\/secretaria\/horari-secretaria\/","title":{"rendered":"Horari Secretaria"},"content":{"rendered":"\n<p>L\u2019horari d\u2019atenci\u00f3 al p\u00fablic ser\u00e0:<\/p>\n\n\n\n<ul class=\"wp-block-list\">\n<li>DE DILLUNS A DIVENDRES de 9 a 13:30 h<\/li>\n<\/ul>\n\n\n\n<p><\/p>\n\n\n\n<p>\u00c9s recomanable demanar\u00a0<strong>cita pr\u00e8via,<\/strong>\u00a0trucant al tel\u00e8fon 627 76 65 59, perqu\u00e8 us puguem atendre sense esperes.<\/p>\n","protected":false},"excerpt":{"rendered":"<p>L\u2019horari d\u2019atenci\u00f3 al p\u00fablic ser\u00e0: \u00c9s recomanable demanar\u00a0cita pr\u00e8via,\u00a0trucant al tel\u00e8fon 627 76 65 59, perqu\u00e8 us puguem atendre sense esperes.<\/p>\n","protected":false},"author":1,"featured_media":0,"parent":81,"menu_order":0,"comment_status":"closed","ping_status":"close","template":"","meta":{"site-sidebar-layout":"default","site-content-layout":"","ast-site-content-layout":"","site-content-style":"default","site-sidebar-style":"default","ast-global-header-display":"","ast-banner-title-visibility":"","ast-main-header-display":"","ast-hfb-above-header-display":"","ast-hfb-below-header-display":"","ast-hfb-mobile-header-display":"","site-post-title":"","ast-breadcrumbs-content":"","ast-featured-img":"","footer-sml-layout":"","theme-transparent-header-meta":"","adv-header-id-meta":"","stick-header-meta":"","header-above-stick-meta":"","header-main-stick-meta":"","header-below-stick-meta":"","astra-migrate-meta-layouts":"default","ast-page-background-enabled":"default","ast-page-background-meta":{"desktop":{"background-color":"var(--ast-global-color-4)","background-image":"","background-repeat":"repeat","background-position":"center center","background-size":"auto","background-attachment":"scroll","background-type":"","background-media":"","overlay-type":"","overlay-color":"","overlay-opacity":"","overlay-gradient":""},"tablet":{"background-color":"","background-image":"","background-repeat":"repeat","background-position":"center center","background-size":"auto","background-attachment":"scroll","background-type":"","background-media":"","overlay-type":"","overlay-color":"","overlay-opacity":"","overlay-gradient":""},"mobile":{"background-color":"","background-image":"","background-repeat":"repeat","background-position":"center center","background-size":"auto","background-attachment":"scroll","background-type":"","background-media":"","overlay-type":"","overlay-color":"","overlay-opacity":"","overlay-gradient":""}},"ast-content-background-meta":{"desktop":{"background-color":"var(--ast-global-color-5)","background-image":"","background-repeat":"repeat","background-position":"center center","background-size":"auto","background-attachment":"scroll","background-type":"","background-media":"","overlay-type":"","overlay-color":"","overlay-opacity":"","overlay-gradient":""},"tablet":{"background-color":"var(--ast-global-color-5)","background-image":"","background-repeat":"repeat","background-position":"center center","background-size":"auto","background-attachment":"scroll","background-type":"","background-media":"","overlay-type":"","overlay-color":"","overlay-opacity":"","overlay-gradient":""},"mobile":{"background-color":"var(--ast-global-color-5)","background-image":"","background-repeat":"repeat","background-position":"center center","background-size":"auto","background-attachment":"scroll","background-type":"","background-media":"","overlay-type":"","overlay-color":"","overlay-opacity":"","overlay-gradient":""}},"footnotes":""},"class_list":["post-615","page","type-page","status-publish","hentry"],"post_mailing_queue_ids":[],"_links":{"self":[{"href":"https:\/\/agora.xtec.cat\/insjosefinacastellvi\/wp-json\/wp\/v2\/pages\/615","targetHints":{"allow":["GET"]}}],"collection":[{"href":"https:\/\/agora.xtec.cat\/insjosefinacastellvi\/wp-json\/wp\/v2\/pages"}],"about":[{"href":"https:\/\/agora.xtec.cat\/insjosefinacastellvi\/wp-json\/wp\/v2\/types\/page"}],"author":[{"embeddable":true,"href":"https:\/\/agora.xtec.cat\/insjosefinacastellvi\/wp-json\/wp\/v2\/users\/1"}],"replies":[{"embeddable":true,"href":"https:\/\/agora.xtec.cat\/insjosefinacastellvi\/wp-json\/wp\/v2\/comments?post=615"}],"version-history":[{"count":3,"href":"https:\/\/agora.xtec.cat\/insjosefinacastellvi\/wp-json\/wp\/v2\/pages\/615\/revisions"}],"predecessor-version":[{"id":647,"href":"https:\/\/agora.xtec.cat\/insjosefinacastellvi\/wp-json\/wp\/v2\/pages\/615\/revisions\/647"}],"up":[{"embeddable":true,"href":"https:\/\/agora.xtec.cat\/insjosefinacastellvi\/wp-json\/wp\/v2\/pages\/81"}],"wp:attachment":[{"href":"https:\/\/agora.xtec.cat\/insjosefinacastellvi\/wp-json\/wp\/v2\/media?parent=615"}],"curies":[{"name":"wp","href":"https:\/\/api.w.org\/{rel}","templated":true}]}}