{"id":19,"date":"2014-09-17T14:56:56","date_gmt":"2014-09-17T14:56:56","guid":{"rendered":"http:\/\/agora.xtec.cat\/insjosefinacastellvi\/?page_id=19"},"modified":"2025-02-20T20:36:52","modified_gmt":"2025-02-20T19:36:52","slug":"linstitut","status":"publish","type":"page","link":"https:\/\/agora.xtec.cat\/insjosefinacastellvi\/linstitut\/","title":{"rendered":"L&#8217;institut"},"content":{"rendered":"<p><span style=\"font-weight: 400;\">En el nostre centre apuntem directament al centre de la diana, els nostres alumnes, incidint en una <\/span><b>educaci\u00f3 de qualitat, inclusiva<\/b><span style=\"font-weight: 400;\"> i <\/span><b>integral<\/b> <b>de l\u2019alumnat<\/b><span style=\"font-weight: 400;\">, respectant el ritme de maduraci\u00f3 i desenvolupament individual de cada un dels i les alumnes, de manera que creguin en les seves possibilitats i aprenguin a ser competents, aut\u00f2noms, responsables i cr\u00edtics sigui quin sigui l\u2019itinerari que escullin. Volem que tot l\u2019alumnat acabi aquesta etapa assolint el m\u00e0xim en funci\u00f3 de les seves pr\u00f2pies capacitats. Dins d\u2019aquesta educaci\u00f3 integral considerem fonamental, en aquests temps que ens ha tocat viure, una bona <\/span><b>educaci\u00f3 emocional<\/b><span style=\"font-weight: 400;\"> que ens ensenyi a tots els membres de la comunitat educativa a ser feli\u00e7os en un m\u00f3n canviant i impredictible facilitant eines personals de resili\u00e8ncia, foment de l\u2019autoestima i control de les emocions. Aspirem a qu\u00e8 aquesta felicitat comenci des del centre mateix, suscitant en tots i totes un <\/span><b>gran sentiment de pertinen\u00e7a<\/b><span style=\"font-weight: 400;\">.<\/span><\/p>\n<p><span style=\"font-weight: 400;\">Fem que realment <\/span><b>la difer\u00e8ncia<\/b><span style=\"font-weight: 400;\"> sigui un <\/span><b>valor afegit<\/b><span style=\"font-weight: 400;\">. Aix\u00ed, posem en valor la pluriculturalitat del nostre centre per\u00f2 tamb\u00e9 afavorim la integraci\u00f3 social del nostre alumnat promovent la cultura, la llengua i les tradicions catalanes, fent que se senti vinculat amb l\u2019entorn social, cultural i natural de Viladecans. Alhora, seguint en la mateixa l\u00ednia, pretenem participar tamb\u00e9 en l\u2019assoliment dels <\/span><b>compromisos amb els Objectius de Desenvolupament Sostenible <\/b><span style=\"font-weight: 400;\">de l\u2019Agenda 2030 de les Nacions Unides, continuant col\u00b7laborant en els objectius mediambientals per\u00f2 tamb\u00e9 subvenint en altres com, per exemple, l\u2019educaci\u00f3 per a la salut, l\u2019educaci\u00f3 per al consum responsable o la igualtat de g\u00e8nere.<\/span><\/p>\n<p><span style=\"font-weight: 400;\">Per \u00faltim, i tamb\u00e9 amb l\u2019objectiu de contribuir al ja mencionat sentiment de pertinen\u00e7a i vinculaci\u00f3 al centre i a la localitat, col\u00b7laborem i participem amb <\/span><b>la xarxa cultural i educativa local<\/b><span style=\"font-weight: 400;\">.<\/span><\/p>\n","protected":false},"excerpt":{"rendered":"<p>En el nostre centre apuntem directament al centre de la diana, els nostres alumnes, incidint en una educaci\u00f3 de qualitat, inclusiva i integral de l\u2019alumnat, respectant el ritme de maduraci\u00f3 i desenvolupament individual de cada un dels i les alumnes, de manera que creguin en les seves possibilitats i aprenguin a ser competents, aut\u00f2noms, responsables [&hellip;]<\/p>\n","protected":false},"author":1,"featured_media":0,"parent":0,"menu_order":0,"comment_status":"closed","ping_status":"closed","template":"page-templates\/side-menu.php","meta":{"site-sidebar-layout":"default","site-content-layout":"","ast-site-content-layout":"","site-content-style":"default","site-sidebar-style":"default","ast-global-header-display":"","ast-banner-title-visibility":"","ast-main-header-display":"","ast-hfb-above-header-display":"","ast-hfb-below-header-display":"","ast-hfb-mobile-header-display":"","site-post-title":"","ast-breadcrumbs-content":"","ast-featured-img":"","footer-sml-layout":"","theme-transparent-header-meta":"","adv-header-id-meta":"","stick-header-meta":"","header-above-stick-meta":"","header-main-stick-meta":"","header-below-stick-meta":"","astra-migrate-meta-layouts":"default","ast-page-background-enabled":"default","ast-page-background-meta":{"desktop":{"background-color":"var(--ast-global-color-4)","background-image":"","background-repeat":"repeat","background-position":"center center","background-size":"auto","background-attachment":"scroll","background-type":"","background-media":"","overlay-type":"","overlay-color":"","overlay-opacity":"","overlay-gradient":""},"tablet":{"background-color":"","background-image":"","background-repeat":"repeat","background-position":"center center","background-size":"auto","background-attachment":"scroll","background-type":"","background-media":"","overlay-type":"","overlay-color":"","overlay-opacity":"","overlay-gradient":""},"mobile":{"background-color":"","background-image":"","background-repeat":"repeat","background-position":"center center","background-size":"auto","background-attachment":"scroll","background-type":"","background-media":"","overlay-type":"","overlay-color":"","overlay-opacity":"","overlay-gradient":""}},"ast-content-background-meta":{"desktop":{"background-color":"var(--ast-global-color-5)","background-image":"","background-repeat":"repeat","background-position":"center center","background-size":"auto","background-attachment":"scroll","background-type":"","background-media":"","overlay-type":"","overlay-color":"","overlay-opacity":"","overlay-gradient":""},"tablet":{"background-color":"var(--ast-global-color-5)","background-image":"","background-repeat":"repeat","background-position":"center center","background-size":"auto","background-attachment":"scroll","background-type":"","background-media":"","overlay-type":"","overlay-color":"","overlay-opacity":"","overlay-gradient":""},"mobile":{"background-color":"var(--ast-global-color-5)","background-image":"","background-repeat":"repeat","background-position":"center center","background-size":"auto","background-attachment":"scroll","background-type":"","background-media":"","overlay-type":"","overlay-color":"","overlay-opacity":"","overlay-gradient":""}},"footnotes":""},"class_list":["post-19","page","type-page","status-publish","hentry"],"post_mailing_queue_ids":[],"_links":{"self":[{"href":"https:\/\/agora.xtec.cat\/insjosefinacastellvi\/wp-json\/wp\/v2\/pages\/19","targetHints":{"allow":["GET"]}}],"collection":[{"href":"https:\/\/agora.xtec.cat\/insjosefinacastellvi\/wp-json\/wp\/v2\/pages"}],"about":[{"href":"https:\/\/agora.xtec.cat\/insjosefinacastellvi\/wp-json\/wp\/v2\/types\/page"}],"author":[{"embeddable":true,"href":"https:\/\/agora.xtec.cat\/insjosefinacastellvi\/wp-json\/wp\/v2\/users\/1"}],"replies":[{"embeddable":true,"href":"https:\/\/agora.xtec.cat\/insjosefinacastellvi\/wp-json\/wp\/v2\/comments?post=19"}],"version-history":[{"count":2,"href":"https:\/\/agora.xtec.cat\/insjosefinacastellvi\/wp-json\/wp\/v2\/pages\/19\/revisions"}],"predecessor-version":[{"id":918,"href":"https:\/\/agora.xtec.cat\/insjosefinacastellvi\/wp-json\/wp\/v2\/pages\/19\/revisions\/918"}],"wp:attachment":[{"href":"https:\/\/agora.xtec.cat\/insjosefinacastellvi\/wp-json\/wp\/v2\/media?parent=19"}],"curies":[{"name":"wp","href":"https:\/\/api.w.org\/{rel}","templated":true}]}}