{"id":81,"date":"2014-09-18T10:38:05","date_gmt":"2014-09-18T10:38:05","guid":{"rendered":"http:\/\/agora.xtec.cat\/insjoncar\/?page_id=81"},"modified":"2025-05-15T04:37:03","modified_gmt":"2025-05-15T02:37:03","slug":"secretaria","status":"publish","type":"page","link":"https:\/\/agora.xtec.cat\/insjoncar\/secretaria\/","title":{"rendered":"Secretaria"},"content":{"rendered":"\n<p>La secretaria del centre est\u00e0 oberta de manera presencial en els seg\u00fcents horaris:<\/p>\n\n\n\n<ul class=\"wp-block-list\">\n<li>Dilluns de 10 a 12:00<\/li>\n\n\n\n<li>Dimarts de 11:30 a 13:00<\/li>\n\n\n\n<li>Dimecres de 15:30 a 17:00<\/li>\n\n\n\n<li>Dijous de 8:00 a 10:00<\/li>\n<\/ul>\n\n\n\n<p>Tot i aix\u00ed,&nbsp;<strong>per qualsevol gesti\u00f3<\/strong>&nbsp;agrairem que pr\u00e8viament realitzeu&nbsp;<strong>consulta telef\u00f2nica<\/strong>&nbsp;i\/o&nbsp;<strong>mitjan\u00e7ant correu<\/strong>.<\/p>\n\n\n\n<p>Tel\u00e8fon:&nbsp;<strong>93 839 41 98<\/strong><\/p>\n\n\n\n<p>Correu:&nbsp;&nbsp;<a href=\"mailto:secretaria@eljoncar.cat\" target=\"_blank\" rel=\"noreferrer noopener\">secretaria@eljoncar.cat<\/a><\/p>\n\n\n\n<p>A la secretaria del centre realitzem i gestionem la seg\u00fcent documentaci\u00f3:<\/p>\n\n\n\n<ul class=\"wp-block-list\">\n<li><strong>Certificats<\/strong>\n<ul class=\"wp-block-list\">\n<li>notes<\/li>\n\n\n\n<li>matr\u00edcula<\/li>\n\n\n\n<li>escolaritzaci\u00f3<\/li>\n\n\n\n<li>expedient acad\u00e8mic<\/li>\n<\/ul>\n<\/li>\n\n\n\n<li><strong>Preinscripci\u00f3 i matr\u00edcula<\/strong>\n<ul class=\"wp-block-list\">\n<li>ESO<\/li>\n\n\n\n<li>Batxillerat<\/li>\n<\/ul>\n<\/li>\n\n\n\n<li><strong>Beques i ajuts<\/strong>\n<ul class=\"wp-block-list\">\n<li>Menjador\n<ul class=\"wp-block-list\">\n<li><a href=\"https:\/\/www.edubcn.cat\/ca\/alumnat_i_familia\/ajuts_beques_i_subvencions\/ajuts_de_menjador_escolar\">informaci\u00f3<\/a><\/li>\n<\/ul>\n<\/li>\n\n\n\n<li>NESE\n<ul class=\"wp-block-list\">\n<li><a href=\"https:\/\/www.edubcn.cat\/ca\/alumnat_i_familia\/ajuts_beques_i_subvencions\/altres_convocatories\">informaci\u00f3<\/a><\/li>\n<\/ul>\n<\/li>\n\n\n\n<li>Batxillerat\n<ul class=\"wp-block-list\">\n<li><a href=\"https:\/\/www.edubcn.cat\/ca\/alumnat_i_familia\/ajuts_beques_i_subvencions\/altres_convocatories\">informaci\u00f3<\/a><\/li>\n<\/ul>\n<\/li>\n<\/ul>\n<\/li>\n\n\n\n<li>Lliurament de&nbsp;<strong>T\u00edtols<\/strong>:\n<ul class=\"wp-block-list\">\n<li>ESO i Batxillerat<\/li>\n\n\n\n<li>Documentaci\u00f3 a aportar: Reguard de Sol\u00b7licitud i DNI<\/li>\n<\/ul>\n<\/li>\n\n\n\n<li>Reconeixement dels&nbsp;<strong>nivells B2 i C1<\/strong>&nbsp;de catal\u00e0 per escolaritat reglada no universit\u00e0ria\n<ul class=\"wp-block-list\">\n<li>On obtenir-lo?\n<ul class=\"wp-block-list\">\n<li>A qualsevol institut o institut escola p\u00fablic de Catalunya.<\/li>\n<\/ul>\n<\/li>\n\n\n\n<li>Documentaci\u00f3 a lliurar (es demana enviar-la tamb\u00e9 pr\u00e8viament escanejada per correu electr\u00f2nic):\n<ul class=\"wp-block-list\">\n<li>Llibre d\u2019escolaritat o certificat del centre o centres on s\u2019ha fet l\u2019itinerari escolar corresponent a l\u2019etapa educativa (EGB, BUP, FP, prim\u00e0ria, ESO o batxillerat).<\/li>\n\n\n\n<li>T\u00edtol, resguard del t\u00edtol o certificat que acrediti que la titulaci\u00f3 superior s\u2019ha obtingut sense cap mat\u00e8ria suspesa o, en el cas de l\u2019ESO, que s\u2019ha superat la mat\u00e8ria de llengua catalana en acabar el cicle superior.<\/li>\n\n\n\n<li><strong><a href=\"https:\/\/documents.espai.educacio.gencat.cat\/FormularisModels\/CentresGestioAdministrativa\/A816.pdf\">Formulari complimentat<\/a><\/strong><\/li>\n<\/ul>\n<\/li>\n\n\n\n<li><a href=\"https:\/\/web.gencat.cat\/ca\/tramits\/tramits-temes\/22046-reconeixement-b2-c1-catala?category=742b7874-a82c-11e3-a972-000c29052e2c\">M\u00e9s informaci\u00f3<\/a><\/li>\n<\/ul>\n<\/li>\n<\/ul>\n\n\n\n<p>Si el document el recull una persona diferent al destinatari cal portar:<\/p>\n\n\n\n<ul class=\"wp-block-list\">\n<li>Autoritzaci\u00f3 signada<\/li>\n\n\n\n<li>Fotoc\u00f2pia de DNI del titular<\/li>\n\n\n\n<li>Fotoc\u00f2pia DNI autoritzat<\/li>\n<\/ul>\n","protected":false},"excerpt":{"rendered":"<p>La secretaria del centre est\u00e0 oberta de manera presencial en els seg\u00fcents horaris: Tot i aix\u00ed,&nbsp;per qualsevol gesti\u00f3&nbsp;agrairem que pr\u00e8viament realitzeu&nbsp;consulta telef\u00f2nica&nbsp;i\/o&nbsp;mitjan\u00e7ant correu. Tel\u00e8fon:&nbsp;93 839 41 98 Correu:&nbsp;&nbsp;secretaria@eljoncar.cat A la secretaria del centre realitzem i gestionem la seg\u00fcent documentaci\u00f3: Si el document el recull una persona diferent al destinatari cal portar:<\/p>\n","protected":false},"author":1,"featured_media":0,"parent":0,"menu_order":0,"comment_status":"closed","ping_status":"closed","template":"","meta":{"site-sidebar-layout":"no-sidebar","site-content-layout":"","ast-site-content-layout":"default","site-content-style":"default","site-sidebar-style":"default","ast-global-header-display":"","ast-banner-title-visibility":"","ast-main-header-display":"","ast-hfb-above-header-display":"","ast-hfb-below-header-display":"","ast-hfb-mobile-header-display":"","site-post-title":"","ast-breadcrumbs-content":"","ast-featured-img":"","footer-sml-layout":"","theme-transparent-header-meta":"","adv-header-id-meta":"","stick-header-meta":"","header-above-stick-meta":"","header-main-stick-meta":"","header-below-stick-meta":"","astra-migrate-meta-layouts":"set","ast-page-background-enabled":"default","ast-page-background-meta":{"desktop":{"background-color":"var(--ast-global-color-4)","background-image":"","background-repeat":"repeat","background-position":"center center","background-size":"auto","background-attachment":"scroll","background-type":"","background-media":"","overlay-type":"","overlay-color":"","overlay-opacity":"","overlay-gradient":""},"tablet":{"background-color":"","background-image":"","background-repeat":"repeat","background-position":"center center","background-size":"auto","background-attachment":"scroll","background-type":"","background-media":"","overlay-type":"","overlay-color":"","overlay-opacity":"","overlay-gradient":""},"mobile":{"background-color":"","background-image":"","background-repeat":"repeat","background-position":"center center","background-size":"auto","background-attachment":"scroll","background-type":"","background-media":"","overlay-type":"","overlay-color":"","overlay-opacity":"","overlay-gradient":""}},"ast-content-background-meta":{"desktop":{"background-color":"var(--ast-global-color-5)","background-image":"","background-repeat":"repeat","background-position":"center center","background-size":"auto","background-attachment":"scroll","background-type":"","background-media":"","overlay-type":"","overlay-color":"","overlay-opacity":"","overlay-gradient":""},"tablet":{"background-color":"var(--ast-global-color-5)","background-image":"","background-repeat":"repeat","background-position":"center center","background-size":"auto","background-attachment":"scroll","background-type":"","background-media":"","overlay-type":"","overlay-color":"","overlay-opacity":"","overlay-gradient":""},"mobile":{"background-color":"var(--ast-global-color-5)","background-image":"","background-repeat":"repeat","background-position":"center center","background-size":"auto","background-attachment":"scroll","background-type":"","background-media":"","overlay-type":"","overlay-color":"","overlay-opacity":"","overlay-gradient":""}},"footnotes":""},"class_list":["post-81","page","type-page","status-publish","hentry"],"post_mailing_queue_ids":[],"_links":{"self":[{"href":"https:\/\/agora.xtec.cat\/insjoncar\/wp-json\/wp\/v2\/pages\/81","targetHints":{"allow":["GET"]}}],"collection":[{"href":"https:\/\/agora.xtec.cat\/insjoncar\/wp-json\/wp\/v2\/pages"}],"about":[{"href":"https:\/\/agora.xtec.cat\/insjoncar\/wp-json\/wp\/v2\/types\/page"}],"author":[{"embeddable":true,"href":"https:\/\/agora.xtec.cat\/insjoncar\/wp-json\/wp\/v2\/users\/1"}],"replies":[{"embeddable":true,"href":"https:\/\/agora.xtec.cat\/insjoncar\/wp-json\/wp\/v2\/comments?post=81"}],"version-history":[{"count":5,"href":"https:\/\/agora.xtec.cat\/insjoncar\/wp-json\/wp\/v2\/pages\/81\/revisions"}],"predecessor-version":[{"id":3884,"href":"https:\/\/agora.xtec.cat\/insjoncar\/wp-json\/wp\/v2\/pages\/81\/revisions\/3884"}],"wp:attachment":[{"href":"https:\/\/agora.xtec.cat\/insjoncar\/wp-json\/wp\/v2\/media?parent=81"}],"curies":[{"name":"wp","href":"https:\/\/api.w.org\/{rel}","templated":true}]}}