{"id":69,"date":"2014-09-18T10:15:07","date_gmt":"2014-09-18T09:15:07","guid":{"rendered":"http:\/\/agora.xtec.cat\/insjoncar\/?page_id=69"},"modified":"2025-09-13T10:53:47","modified_gmt":"2025-09-13T08:53:47","slug":"menjador-escolar","status":"publish","type":"page","link":"https:\/\/agora.xtec.cat\/insjoncar\/serveis\/menjador-escolar\/","title":{"rendered":"Menjador escolar 2025-2026"},"content":{"rendered":"\n<p>El nostre menjador escolar \u00e9s gestionat per l&#8217;empresa <a href=\"https:\/\/www.abacserveis.com\/\" target=\"_blank\" rel=\"noreferrer noopener\">\u00e0bac<\/a> . L&#8217;horari de dinar de l&#8217;alumnat de 1r i 2n d&#8217;ESO \u00e9s de les 13:30 h a les 14:30 h. Els altres cursos dinen de les 14:30 h a les 15:30 h.<\/p>\n\n\n\n<p><strong>Usuaris espor\u00e0dics, avisos d\u2019abs\u00e8ncia justificada i dietes astringents:<\/strong><br>Cal avisar el dia abans o abans de les 9:00 h del mateix dia, a la persona administrativa d\u2019\u00c0BAC, per tel\u00e8fon o correu electr\u00f2nic:<\/p>\n\n\n\n<p>Tel: <strong>674 11 24 58<\/strong>   email:   <strong>info@abacserveis.com<\/strong><\/p>\n\n\n\n<p> A continuaci\u00f3 trobareu la informaci\u00f3 preparada per l&#8217;empresa <strong>\u00e0bac<\/strong> sobre com gestionar el servei.<\/p>\n\n\n\n<p>Dins del cartell PDF trobareu un enlla\u00e7 al formulari d&#8217;inscripci\u00f3 del menjador, per\u00f2 tamb\u00e9 us el deixem a continuaci\u00f3 perqu\u00e8 sigui m\u00e9s r\u00e0pid d&#8217;accedir-hi: <a href=\"https:\/\/app.abacserveis.com\/auth\/login?redirectUrl=%2Fportal\">formulari \u00e0bac<\/a><\/p>\n\n\n\n<div data-wp-interactive=\"core\/file\" class=\"wp-block-file\"><object data-wp-bind--hidden=\"!state.hasPdfPreview\" hidden class=\"wp-block-file__embed\" data=\"https:\/\/agora.xtec.cat\/insjoncar\/wp-content\/uploads\/usu3463\/2025\/08\/INFORMACIO-PER-A-LES-FAMILIES-ESPAI-MIGDIA-INS-JONCAR-1.pdf\" type=\"application\/pdf\" style=\"width:100%;height:600px\" aria-label=\"Incrustaci\u00f3 del fitxer INFORMACI\u00d3 PER A LES FAM\u00cdLIES ESPAI MIGDIA INS JONCAR (1).\"><\/object><a id=\"wp-block-file--media-18195d10-4d73-41a8-802b-f2d8cfbe55ff\" href=\"https:\/\/agora.xtec.cat\/insjoncar\/wp-content\/uploads\/usu3463\/2025\/08\/INFORMACIO-PER-A-LES-FAMILIES-ESPAI-MIGDIA-INS-JONCAR-1.pdf\">INFORMACI\u00d3 PER A LES FAM\u00cdLIES ESPAI MIGDIA INS JONCAR (1)<\/a><a href=\"https:\/\/agora.xtec.cat\/insjoncar\/wp-content\/uploads\/usu3463\/2025\/08\/INFORMACIO-PER-A-LES-FAMILIES-ESPAI-MIGDIA-INS-JONCAR-1.pdf\" class=\"wp-block-file__button wp-element-button\" download aria-describedby=\"wp-block-file--media-18195d10-4d73-41a8-802b-f2d8cfbe55ff\">Baixa<\/a><\/div>\n\n\n\n<div data-wp-interactive=\"core\/file\" class=\"wp-block-file\"><object data-wp-bind--hidden=\"!state.hasPdfPreview\" hidden class=\"wp-block-file__embed\" data=\"https:\/\/agora.xtec.cat\/insjoncar\/wp-content\/uploads\/usu3463\/2025\/08\/Diptic-Espai-Migdia-Ins-El-Joncar-25-26.pdf\" type=\"application\/pdf\" style=\"width:100%;height:600px\" aria-label=\"Incrustaci\u00f3 del fitxer D\u00edptic Espai Migdia Ins El Joncar 25-26.\"><\/object><a id=\"wp-block-file--media-ebb9a3fd-5584-4569-83ae-ec7554f6bf36\" href=\"https:\/\/agora.xtec.cat\/insjoncar\/wp-content\/uploads\/usu3463\/2025\/08\/Diptic-Espai-Migdia-Ins-El-Joncar-25-26.pdf\">D\u00edptic Espai Migdia Ins El Joncar 25-26<\/a><a href=\"https:\/\/agora.xtec.cat\/insjoncar\/wp-content\/uploads\/usu3463\/2025\/08\/Diptic-Espai-Migdia-Ins-El-Joncar-25-26.pdf\" class=\"wp-block-file__button wp-element-button\" download aria-describedby=\"wp-block-file--media-ebb9a3fd-5584-4569-83ae-ec7554f6bf36\">Baixa<\/a><\/div>\n\n\n\n<div data-wp-interactive=\"core\/file\" class=\"wp-block-file\"><object data-wp-bind--hidden=\"!state.hasPdfPreview\" hidden class=\"wp-block-file__embed\" data=\"https:\/\/agora.xtec.cat\/insjoncar\/wp-content\/uploads\/usu3463\/2025\/08\/Cartell-Espai-Migdia-Ins-El-Joncar-25-26.pdf\" type=\"application\/pdf\" style=\"width:100%;height:600px\" aria-label=\"Incrustaci\u00f3 del fitxer Cartell Espai Migdia Ins El Joncar 25-26.\"><\/object><a id=\"wp-block-file--media-d3af540c-cb70-4532-bb15-50e420e6f127\" href=\"https:\/\/agora.xtec.cat\/insjoncar\/wp-content\/uploads\/usu3463\/2025\/08\/Cartell-Espai-Migdia-Ins-El-Joncar-25-26.pdf\">Cartell Espai Migdia Ins El Joncar 25-26<\/a><a href=\"https:\/\/agora.xtec.cat\/insjoncar\/wp-content\/uploads\/usu3463\/2025\/08\/Cartell-Espai-Migdia-Ins-El-Joncar-25-26.pdf\" class=\"wp-block-file__button wp-element-button\" download aria-describedby=\"wp-block-file--media-d3af540c-cb70-4532-bb15-50e420e6f127\">Baixa<\/a><\/div>\n","protected":false},"excerpt":{"rendered":"<p>El nostre menjador escolar \u00e9s gestionat per l&#8217;empresa \u00e0bac . L&#8217;horari de dinar de l&#8217;alumnat de 1r i 2n d&#8217;ESO \u00e9s de les 13:30 h a les 14:30 h. Els altres cursos dinen de les 14:30 h a les 15:30 h. Usuaris espor\u00e0dics, avisos d\u2019abs\u00e8ncia justificada i dietes astringents:Cal avisar el dia abans o abans [&hellip;]<\/p>\n","protected":false},"author":1,"featured_media":0,"parent":63,"menu_order":2,"comment_status":"closed","ping_status":"closed","template":"","meta":{"site-sidebar-layout":"default","site-content-layout":"","ast-site-content-layout":"default","site-content-style":"default","site-sidebar-style":"default","ast-global-header-display":"","ast-banner-title-visibility":"","ast-main-header-display":"","ast-hfb-above-header-display":"","ast-hfb-below-header-display":"","ast-hfb-mobile-header-display":"","site-post-title":"","ast-breadcrumbs-content":"","ast-featured-img":"","footer-sml-layout":"","theme-transparent-header-meta":"","adv-header-id-meta":"","stick-header-meta":"","header-above-stick-meta":"","header-main-stick-meta":"","header-below-stick-meta":"","astra-migrate-meta-layouts":"set","ast-page-background-enabled":"default","ast-page-background-meta":{"desktop":{"background-color":"var(--ast-global-color-4)","background-image":"","background-repeat":"repeat","background-position":"center center","background-size":"auto","background-attachment":"scroll","background-type":"","background-media":"","overlay-type":"","overlay-color":"","overlay-opacity":"","overlay-gradient":""},"tablet":{"background-color":"","background-image":"","background-repeat":"repeat","background-position":"center center","background-size":"auto","background-attachment":"scroll","background-type":"","background-media":"","overlay-type":"","overlay-color":"","overlay-opacity":"","overlay-gradient":""},"mobile":{"background-color":"","background-image":"","background-repeat":"repeat","background-position":"center center","background-size":"auto","background-attachment":"scroll","background-type":"","background-media":"","overlay-type":"","overlay-color":"","overlay-opacity":"","overlay-gradient":""}},"ast-content-background-meta":{"desktop":{"background-color":"var(--ast-global-color-5)","background-image":"","background-repeat":"repeat","background-position":"center center","background-size":"auto","background-attachment":"scroll","background-type":"","background-media":"","overlay-type":"","overlay-color":"","overlay-opacity":"","overlay-gradient":""},"tablet":{"background-color":"var(--ast-global-color-5)","background-image":"","background-repeat":"repeat","background-position":"center center","background-size":"auto","background-attachment":"scroll","background-type":"","background-media":"","overlay-type":"","overlay-color":"","overlay-opacity":"","overlay-gradient":""},"mobile":{"background-color":"var(--ast-global-color-5)","background-image":"","background-repeat":"repeat","background-position":"center center","background-size":"auto","background-attachment":"scroll","background-type":"","background-media":"","overlay-type":"","overlay-color":"","overlay-opacity":"","overlay-gradient":""}},"footnotes":""},"class_list":["post-69","page","type-page","status-publish","hentry"],"post_mailing_queue_ids":[],"_links":{"self":[{"href":"https:\/\/agora.xtec.cat\/insjoncar\/wp-json\/wp\/v2\/pages\/69","targetHints":{"allow":["GET"]}}],"collection":[{"href":"https:\/\/agora.xtec.cat\/insjoncar\/wp-json\/wp\/v2\/pages"}],"about":[{"href":"https:\/\/agora.xtec.cat\/insjoncar\/wp-json\/wp\/v2\/types\/page"}],"author":[{"embeddable":true,"href":"https:\/\/agora.xtec.cat\/insjoncar\/wp-json\/wp\/v2\/users\/1"}],"replies":[{"embeddable":true,"href":"https:\/\/agora.xtec.cat\/insjoncar\/wp-json\/wp\/v2\/comments?post=69"}],"version-history":[{"count":6,"href":"https:\/\/agora.xtec.cat\/insjoncar\/wp-json\/wp\/v2\/pages\/69\/revisions"}],"predecessor-version":[{"id":4360,"href":"https:\/\/agora.xtec.cat\/insjoncar\/wp-json\/wp\/v2\/pages\/69\/revisions\/4360"}],"up":[{"embeddable":true,"href":"https:\/\/agora.xtec.cat\/insjoncar\/wp-json\/wp\/v2\/pages\/63"}],"wp:attachment":[{"href":"https:\/\/agora.xtec.cat\/insjoncar\/wp-json\/wp\/v2\/media?parent=69"}],"curies":[{"name":"wp","href":"https:\/\/api.w.org\/{rel}","templated":true}]}}