{"id":617,"date":"2024-12-23T15:31:24","date_gmt":"2024-12-23T14:31:24","guid":{"rendered":"https:\/\/agora.xtec.cat\/insjoncar\/?page_id=617"},"modified":"2025-05-15T05:24:39","modified_gmt":"2025-05-15T03:24:39","slug":"projecte-2","status":"publish","type":"page","link":"https:\/\/agora.xtec.cat\/insjoncar\/projecte-educatiu\/projecte-2\/","title":{"rendered":"Organitzaci\u00f3 pedag\u00f2gica"},"content":{"rendered":"\n<p>Organitzem i mobilitzem els aprenentatges competencials i curriculars en les <strong>mat\u00e8ries<\/strong>, els <strong>projectes interdisciplinaris<\/strong>, i la part optativa del curr\u00edculum concretada amb la tria dels <strong>espais creatius<\/strong> i les <strong>c\u00e0psules<\/strong>.<\/p>\n\n\n\n<p>Al final de cada trimestre, les fam\u00edlies reben un informe d\u2019avaluaci\u00f3 en qu\u00e8 s\u2019indica de manera qualitativa el grau d\u2019assoliment de les compet\u00e8ncies (NA, AS, AN, AE) que s\u2019han treballat.<\/p>\n\n\n\n<p>Totes les mat\u00e8ries basen la programaci\u00f3 dels objectius i activitats a desenvolupar en l\u2019assoliment de les compet\u00e8ncies espec\u00edfiques com a base del proc\u00e9s d\u2019aprenentatge de l\u2019alumnat, tal com s\u2019estipula en curr\u00edculum LOMLOE.<\/p>\n\n\n\n<h3 class=\"wp-block-heading\">Mat\u00e8ries<\/h3>\n\n\n\n<hr class=\"wp-block-separator has-alpha-channel-opacity is-style-wide\" style=\"margin-top:var(--wp--preset--spacing--30);margin-bottom:var(--wp--preset--spacing--30)\"\/>\n\n\n\n<p>La major part de l\u2019horari escolar el dediquem al treball de les mat\u00e8ries o \u00e0rees de coneixement: les Ci\u00e8ncies Naturals i Socials, l\u2019Educaci\u00f3 F\u00edsica, l\u2019Educaci\u00f3 Visual i Pl\u00e0stica, les Lleng\u00fces Catal\u00e0 i Castell\u00e0, les Lleng\u00fces estrangeres Angl\u00e8s i Franc\u00e8s, les Matem\u00e0tiques i la Tecnologia.<\/p>\n\n\n\n<p>Entenem que cada mat\u00e8ria respon a una mirada diferent sobre el m\u00f3n, i fa \u00fas d\u2019una did\u00e0ctica espec\u00edfica per tal d\u2019assolir els objectius d\u2019aprenentatge. No emprem llibres de text; sin\u00f3 que treballem a partir de materials diversos: carpetes d\u2019aprenentatge, aplicacions educatives, p\u00e0gines web, v\u00eddeos, documents, mapes conceptuals, etc.<\/p>\n\n\n\n<p>L\u2019avaluaci\u00f3 est\u00e0 basada en l\u2019assoliment de les compet\u00e8ncies espec\u00edfiques i transversals, amb un enfocament global, continuat i integrador.<\/p>\n\n\n\n<div class=\"wp-block-group is-content-justification-center is-layout-constrained wp-block-group-is-layout-constrained\">\n<figure class=\"wp-block-gallery has-nested-images columns-default is-cropped wp-block-gallery-1 is-layout-flex wp-block-gallery-is-layout-flex\">\n<figure class=\"wp-block-image size-large\"><a href=\"https:\/\/agora.xtec.cat\/insjoncar\/wp-content\/uploads\/usu3463\/2025\/05\/IMG_20190927_105627.jpg\"><img loading=\"lazy\" decoding=\"async\" width=\"1024\" height=\"768\" src=\"https:\/\/agora.xtec.cat\/insjoncar\/wp-content\/uploads\/usu3463\/2025\/05\/IMG_20190927_105627-1024x768.jpg\" alt=\"\" class=\"wp-image-3891\" srcset=\"https:\/\/agora.xtec.cat\/insjoncar\/wp-content\/uploads\/usu3463\/2025\/05\/IMG_20190927_105627-1024x768.jpg 1024w, https:\/\/agora.xtec.cat\/insjoncar\/wp-content\/uploads\/usu3463\/2025\/05\/IMG_20190927_105627-300x225.jpg 300w, https:\/\/agora.xtec.cat\/insjoncar\/wp-content\/uploads\/usu3463\/2025\/05\/IMG_20190927_105627-768x576.jpg 768w, https:\/\/agora.xtec.cat\/insjoncar\/wp-content\/uploads\/usu3463\/2025\/05\/IMG_20190927_105627-1536x1152.jpg 1536w, https:\/\/agora.xtec.cat\/insjoncar\/wp-content\/uploads\/usu3463\/2025\/05\/IMG_20190927_105627.jpg 2000w\" sizes=\"auto, (max-width: 1024px) 100vw, 1024px\" \/><\/a><\/figure>\n\n\n\n<figure class=\"wp-block-image size-large\"><a href=\"https:\/\/agora.xtec.cat\/insjoncar\/wp-content\/uploads\/usu3463\/2025\/05\/IMG_20190926_130951-2048x1536-1.jpg\"><img loading=\"lazy\" decoding=\"async\" width=\"1024\" height=\"768\" src=\"https:\/\/agora.xtec.cat\/insjoncar\/wp-content\/uploads\/usu3463\/2025\/05\/IMG_20190926_130951-2048x1536-1-1024x768.jpg\" alt=\"\" class=\"wp-image-3888\" srcset=\"https:\/\/agora.xtec.cat\/insjoncar\/wp-content\/uploads\/usu3463\/2025\/05\/IMG_20190926_130951-2048x1536-1-1024x768.jpg 1024w, https:\/\/agora.xtec.cat\/insjoncar\/wp-content\/uploads\/usu3463\/2025\/05\/IMG_20190926_130951-2048x1536-1-300x225.jpg 300w, https:\/\/agora.xtec.cat\/insjoncar\/wp-content\/uploads\/usu3463\/2025\/05\/IMG_20190926_130951-2048x1536-1-768x576.jpg 768w, https:\/\/agora.xtec.cat\/insjoncar\/wp-content\/uploads\/usu3463\/2025\/05\/IMG_20190926_130951-2048x1536-1-1536x1152.jpg 1536w, https:\/\/agora.xtec.cat\/insjoncar\/wp-content\/uploads\/usu3463\/2025\/05\/IMG_20190926_130951-2048x1536-1.jpg 2048w\" sizes=\"auto, (max-width: 1024px) 100vw, 1024px\" \/><\/a><\/figure>\n\n\n\n<figure class=\"wp-block-image size-large\"><a href=\"https:\/\/agora.xtec.cat\/insjoncar\/wp-content\/uploads\/usu3463\/2025\/05\/IMG_20190926_131416-e1573653474648.jpg\"><img loading=\"lazy\" decoding=\"async\" width=\"1000\" height=\"750\" src=\"https:\/\/agora.xtec.cat\/insjoncar\/wp-content\/uploads\/usu3463\/2025\/05\/IMG_20190926_131416-e1573653474648.jpg\" alt=\"\" class=\"wp-image-3889\" srcset=\"https:\/\/agora.xtec.cat\/insjoncar\/wp-content\/uploads\/usu3463\/2025\/05\/IMG_20190926_131416-e1573653474648.jpg 1000w, https:\/\/agora.xtec.cat\/insjoncar\/wp-content\/uploads\/usu3463\/2025\/05\/IMG_20190926_131416-e1573653474648-300x225.jpg 300w, https:\/\/agora.xtec.cat\/insjoncar\/wp-content\/uploads\/usu3463\/2025\/05\/IMG_20190926_131416-e1573653474648-768x576.jpg 768w\" sizes=\"auto, (max-width: 1000px) 100vw, 1000px\" \/><\/a><\/figure>\n<\/figure>\n<\/div>\n\n\n\n<h3 class=\"wp-block-heading\">Projectes interdisciplinaris<\/h3>\n\n\n\n<hr class=\"wp-block-separator has-alpha-channel-opacity is-style-wide\" style=\"margin-top:var(--wp--preset--spacing--30);margin-bottom:var(--wp--preset--spacing--30)\"\/>\n\n\n\n<p>Es duen a terme tres projectes trimestrals interdisciplinaris al llarg del curs basats en els Objectius de Desenvolupament Sostenible (ODS).&nbsp;<\/p>\n\n\n\n<p>L\u2019alumnat proposa i tria democr\u00e0ticament el tema del projecte convertint-se en un element motivador que afavoreix la responsabilitat i el comprom\u00eds. Emprem la metodologia del treball per projectes i de treball creatiu, cooperatiu i aut\u00f2nom<\/p>\n\n\n\n<p>Tot projecte parteix d\u2019una activitat inicial motivadora que dona pas a un proc\u00e9s de cerca d\u2019informaci\u00f3 trav\u00e9s de recursos a la xarxa, llibres i revistes, xerrades i confer\u00e8ncies, entrevistes o tallers ens convertim en una mica m\u00e9s experts sobre tema.<\/p>\n\n\n\n<p>Finalment, mobilitzem tot el que hem apr\u00e8s en un producte final, segons sigui l\u2019enc\u00e0rrec,&nbsp; l\u2019equip de professorat, dissenya un proc\u00e9s de treball segons convingui (m\u00e8tode cient\u00edfic, proc\u00e9s tecnol\u00f2gic&nbsp;<em>design thinking<\/em>&nbsp;o creaci\u00f3 art\u00edstica).<\/p>\n\n\n\n<p>Els projectes, vinculats amb l\u2019entorn, s\u2019estenen fora del centre. Comprenen visites, tallers i assessorament extern, i sempre compten amb la col\u00b7laboraci\u00f3 de les fam\u00edlies.<\/p>\n\n\n\n<p>Els resultats finals del projecte es comuniquen en un acte especial de cloenda.<\/p>\n\n\n\n<figure class=\"wp-block-gallery has-nested-images columns-default is-cropped wp-block-gallery-2 is-layout-flex wp-block-gallery-is-layout-flex\">\n<figure class=\"wp-block-image size-large\"><a href=\"https:\/\/agora.xtec.cat\/insjoncar\/wp-content\/uploads\/usu3463\/2025\/05\/Projecte-Mansory-3.png\"><img loading=\"lazy\" decoding=\"async\" width=\"1024\" height=\"564\" data-id=\"3895\" src=\"https:\/\/agora.xtec.cat\/insjoncar\/wp-content\/uploads\/usu3463\/2025\/05\/Projecte-Mansory-3-1024x564.png\" alt=\"\" class=\"wp-image-3895\" srcset=\"https:\/\/agora.xtec.cat\/insjoncar\/wp-content\/uploads\/usu3463\/2025\/05\/Projecte-Mansory-3-1024x564.png 1024w, https:\/\/agora.xtec.cat\/insjoncar\/wp-content\/uploads\/usu3463\/2025\/05\/Projecte-Mansory-3-300x165.png 300w, https:\/\/agora.xtec.cat\/insjoncar\/wp-content\/uploads\/usu3463\/2025\/05\/Projecte-Mansory-3-768x423.png 768w, https:\/\/agora.xtec.cat\/insjoncar\/wp-content\/uploads\/usu3463\/2025\/05\/Projecte-Mansory-3.png 1181w\" sizes=\"auto, (max-width: 1024px) 100vw, 1024px\" \/><\/a><\/figure>\n\n\n\n<figure class=\"wp-block-image size-large\"><a href=\"https:\/\/agora.xtec.cat\/insjoncar\/wp-content\/uploads\/usu3463\/2025\/05\/Projecte-Mansory-4.png\"><img loading=\"lazy\" decoding=\"async\" width=\"1024\" height=\"504\" data-id=\"3893\" src=\"https:\/\/agora.xtec.cat\/insjoncar\/wp-content\/uploads\/usu3463\/2025\/05\/Projecte-Mansory-4-1024x504.png\" alt=\"\" class=\"wp-image-3893\" srcset=\"https:\/\/agora.xtec.cat\/insjoncar\/wp-content\/uploads\/usu3463\/2025\/05\/Projecte-Mansory-4-1024x504.png 1024w, https:\/\/agora.xtec.cat\/insjoncar\/wp-content\/uploads\/usu3463\/2025\/05\/Projecte-Mansory-4-300x148.png 300w, https:\/\/agora.xtec.cat\/insjoncar\/wp-content\/uploads\/usu3463\/2025\/05\/Projecte-Mansory-4-768x378.png 768w, https:\/\/agora.xtec.cat\/insjoncar\/wp-content\/uploads\/usu3463\/2025\/05\/Projecte-Mansory-4.png 1267w\" sizes=\"auto, (max-width: 1024px) 100vw, 1024px\" \/><\/a><\/figure>\n\n\n\n<figure class=\"wp-block-image size-large\"><a href=\"https:\/\/agora.xtec.cat\/insjoncar\/wp-content\/uploads\/usu3463\/2025\/05\/Projecte-Mansory-5.png\"><img loading=\"lazy\" decoding=\"async\" width=\"1024\" height=\"766\" data-id=\"3892\" src=\"https:\/\/agora.xtec.cat\/insjoncar\/wp-content\/uploads\/usu3463\/2025\/05\/Projecte-Mansory-5.png\" alt=\"\" class=\"wp-image-3892\" srcset=\"https:\/\/agora.xtec.cat\/insjoncar\/wp-content\/uploads\/usu3463\/2025\/05\/Projecte-Mansory-5.png 1024w, https:\/\/agora.xtec.cat\/insjoncar\/wp-content\/uploads\/usu3463\/2025\/05\/Projecte-Mansory-5-300x224.png 300w, https:\/\/agora.xtec.cat\/insjoncar\/wp-content\/uploads\/usu3463\/2025\/05\/Projecte-Mansory-5-768x575.png 768w\" sizes=\"auto, (max-width: 1024px) 100vw, 1024px\" \/><\/a><\/figure>\n\n\n\n<figure class=\"wp-block-image size-large\"><a href=\"https:\/\/agora.xtec.cat\/insjoncar\/wp-content\/uploads\/usu3463\/2025\/05\/Projecte-Mansory-2.png\"><img loading=\"lazy\" decoding=\"async\" width=\"1013\" height=\"1024\" data-id=\"3894\" src=\"https:\/\/agora.xtec.cat\/insjoncar\/wp-content\/uploads\/usu3463\/2025\/05\/Projecte-Mansory-2-1013x1024.png\" alt=\"\" class=\"wp-image-3894\" srcset=\"https:\/\/agora.xtec.cat\/insjoncar\/wp-content\/uploads\/usu3463\/2025\/05\/Projecte-Mansory-2-1013x1024.png 1013w, https:\/\/agora.xtec.cat\/insjoncar\/wp-content\/uploads\/usu3463\/2025\/05\/Projecte-Mansory-2-297x300.png 297w, https:\/\/agora.xtec.cat\/insjoncar\/wp-content\/uploads\/usu3463\/2025\/05\/Projecte-Mansory-2-768x776.png 768w, https:\/\/agora.xtec.cat\/insjoncar\/wp-content\/uploads\/usu3463\/2025\/05\/Projecte-Mansory-2.png 1088w\" sizes=\"auto, (max-width: 1013px) 100vw, 1013px\" \/><\/a><\/figure>\n\n\n\n<figure class=\"wp-block-image size-large\"><a href=\"https:\/\/agora.xtec.cat\/insjoncar\/wp-content\/uploads\/usu3463\/2025\/05\/Projecte-Mansory-1.png\"><img loading=\"lazy\" decoding=\"async\" width=\"959\" height=\"1024\" data-id=\"3896\" src=\"https:\/\/agora.xtec.cat\/insjoncar\/wp-content\/uploads\/usu3463\/2025\/05\/Projecte-Mansory-1-959x1024.png\" alt=\"\" class=\"wp-image-3896\" srcset=\"https:\/\/agora.xtec.cat\/insjoncar\/wp-content\/uploads\/usu3463\/2025\/05\/Projecte-Mansory-1-959x1024.png 959w, https:\/\/agora.xtec.cat\/insjoncar\/wp-content\/uploads\/usu3463\/2025\/05\/Projecte-Mansory-1-281x300.png 281w, https:\/\/agora.xtec.cat\/insjoncar\/wp-content\/uploads\/usu3463\/2025\/05\/Projecte-Mansory-1-768x820.png 768w, https:\/\/agora.xtec.cat\/insjoncar\/wp-content\/uploads\/usu3463\/2025\/05\/Projecte-Mansory-1.png 1073w\" sizes=\"auto, (max-width: 959px) 100vw, 959px\" \/><\/a><\/figure>\n<\/figure>\n\n\n\n<h3 class=\"wp-block-heading\">Espais creatius<\/h3>\n\n\n\n<hr class=\"wp-block-separator has-alpha-channel-opacity is-style-wide\" style=\"margin-top:var(--wp--preset--spacing--30);margin-bottom:var(--wp--preset--spacing--30)\"\/>\n\n\n\n<p>S\u00f3n dues hores setmanals on 1r i 2n d\u2019ESO comparteixen espai. Cada alumne i alumna escull el seu itinerari personal d\u2019aprenentatge escollint un espai creatiu diferent cada trimestre.&nbsp;<\/p>\n\n\n\n<p>Fomenten els aprenentatges transversals, estan basats en els interessos de l\u2019alumnat i la creativitat.&nbsp;<\/p>\n\n\n\n<p>Algunes de les propostes dels espais creatius s\u00f3n:<\/p>\n\n\n\n<ul class=\"wp-block-list\">\n<li>Programaci\u00f3 amb Scratch<\/li>\n\n\n\n<li>Disseny 3D amb TinnkerCAD<\/li>\n\n\n\n<li>Escriptura creativa<\/li>\n\n\n\n<li>Rob\u00f2tica educativa<\/li>\n\n\n\n<li>El Joncar m\u00e9s sostenible<\/li>\n\n\n\n<li>Artista en resid\u00e8ncia<\/li>\n\n\n\n<li>Opera participativa\u00a0<\/li>\n<\/ul>\n\n\n\n<figure class=\"wp-block-gallery has-nested-images columns-default is-cropped wp-block-gallery-3 is-layout-flex wp-block-gallery-is-layout-flex\">\n<figure class=\"wp-block-image size-large\"><a href=\"https:\/\/agora.xtec.cat\/insjoncar\/wp-content\/uploads\/usu3463\/2025\/05\/Treballs_05-scaled-1024x683-1.webp\"><img loading=\"lazy\" decoding=\"async\" width=\"1024\" height=\"1024\" data-id=\"3900\" src=\"https:\/\/agora.xtec.cat\/insjoncar\/wp-content\/uploads\/usu3463\/2025\/05\/Treballs_05-scaled-1024x683-1-1024x1024.webp\" alt=\"\" class=\"wp-image-3900\" srcset=\"https:\/\/agora.xtec.cat\/insjoncar\/wp-content\/uploads\/usu3463\/2025\/05\/Treballs_05-scaled-1024x683-1-1024x1024.webp 1024w, https:\/\/agora.xtec.cat\/insjoncar\/wp-content\/uploads\/usu3463\/2025\/05\/Treballs_05-scaled-1024x683-1-300x300.webp 300w, https:\/\/agora.xtec.cat\/insjoncar\/wp-content\/uploads\/usu3463\/2025\/05\/Treballs_05-scaled-1024x683-1-150x150.webp 150w, https:\/\/agora.xtec.cat\/insjoncar\/wp-content\/uploads\/usu3463\/2025\/05\/Treballs_05-scaled-1024x683-1-768x768.webp 768w, https:\/\/agora.xtec.cat\/insjoncar\/wp-content\/uploads\/usu3463\/2025\/05\/Treballs_05-scaled-1024x683-1-1536x1536.webp 1536w, https:\/\/agora.xtec.cat\/insjoncar\/wp-content\/uploads\/usu3463\/2025\/05\/Treballs_05-scaled-1024x683-1.webp 1707w\" sizes=\"auto, (max-width: 1024px) 100vw, 1024px\" \/><\/a><\/figure>\n\n\n\n<figure class=\"wp-block-image size-large\"><a href=\"https:\/\/agora.xtec.cat\/insjoncar\/wp-content\/uploads\/usu3463\/2025\/05\/fruit-food-delicious-healthy-sweet-vitamins.webp\"><img loading=\"lazy\" decoding=\"async\" width=\"607\" height=\"607\" data-id=\"3901\" src=\"https:\/\/agora.xtec.cat\/insjoncar\/wp-content\/uploads\/usu3463\/2025\/05\/fruit-food-delicious-healthy-sweet-vitamins.webp\" alt=\"\" class=\"wp-image-3901\" srcset=\"https:\/\/agora.xtec.cat\/insjoncar\/wp-content\/uploads\/usu3463\/2025\/05\/fruit-food-delicious-healthy-sweet-vitamins.webp 607w, https:\/\/agora.xtec.cat\/insjoncar\/wp-content\/uploads\/usu3463\/2025\/05\/fruit-food-delicious-healthy-sweet-vitamins-300x300.webp 300w, https:\/\/agora.xtec.cat\/insjoncar\/wp-content\/uploads\/usu3463\/2025\/05\/fruit-food-delicious-healthy-sweet-vitamins-150x150.webp 150w\" sizes=\"auto, (max-width: 607px) 100vw, 607px\" \/><\/a><\/figure>\n\n\n\n<figure class=\"wp-block-image size-thumbnail\"><a href=\"https:\/\/agora.xtec.cat\/insjoncar\/wp-content\/uploads\/usu3463\/2025\/05\/Materies_Chromebook-e1573646211994.webp\"><img loading=\"lazy\" decoding=\"async\" width=\"150\" height=\"150\" data-id=\"3899\" src=\"https:\/\/agora.xtec.cat\/insjoncar\/wp-content\/uploads\/usu3463\/2025\/05\/Materies_Chromebook-e1573646211994-150x150.webp\" alt=\"\" class=\"wp-image-3899\" srcset=\"https:\/\/agora.xtec.cat\/insjoncar\/wp-content\/uploads\/usu3463\/2025\/05\/Materies_Chromebook-e1573646211994-150x150.webp 150w, https:\/\/agora.xtec.cat\/insjoncar\/wp-content\/uploads\/usu3463\/2025\/05\/Materies_Chromebook-e1573646211994-300x300.webp 300w, https:\/\/agora.xtec.cat\/insjoncar\/wp-content\/uploads\/usu3463\/2025\/05\/Materies_Chromebook-e1573646211994.webp 732w\" sizes=\"auto, (max-width: 150px) 100vw, 150px\" \/><\/a><\/figure>\n\n\n\n<figure class=\"wp-block-image size-large is-style-default\"><a href=\"https:\/\/agora.xtec.cat\/insjoncar\/wp-content\/uploads\/usu3463\/2025\/05\/IMG-20210224-WA0003-1024x768-1.webp\"><img loading=\"lazy\" decoding=\"async\" width=\"1024\" height=\"1024\" data-id=\"3902\" src=\"https:\/\/agora.xtec.cat\/insjoncar\/wp-content\/uploads\/usu3463\/2025\/05\/IMG-20210224-WA0003-1024x768-1-1024x1024.webp\" alt=\"\" class=\"wp-image-3902\" srcset=\"https:\/\/agora.xtec.cat\/insjoncar\/wp-content\/uploads\/usu3463\/2025\/05\/IMG-20210224-WA0003-1024x768-1-1024x1024.webp 1024w, https:\/\/agora.xtec.cat\/insjoncar\/wp-content\/uploads\/usu3463\/2025\/05\/IMG-20210224-WA0003-1024x768-1-300x300.webp 300w, https:\/\/agora.xtec.cat\/insjoncar\/wp-content\/uploads\/usu3463\/2025\/05\/IMG-20210224-WA0003-1024x768-1-150x150.webp 150w, https:\/\/agora.xtec.cat\/insjoncar\/wp-content\/uploads\/usu3463\/2025\/05\/IMG-20210224-WA0003-1024x768-1-768x768.webp 768w, https:\/\/agora.xtec.cat\/insjoncar\/wp-content\/uploads\/usu3463\/2025\/05\/IMG-20210224-WA0003-1024x768-1.webp 1200w\" sizes=\"auto, (max-width: 1024px) 100vw, 1024px\" \/><\/a><\/figure>\n<\/figure>\n\n\n\n<h3 class=\"wp-block-heading\">C\u00e0psules<\/h3>\n\n\n\n<hr class=\"wp-block-separator has-alpha-channel-opacity is-style-wide\" style=\"margin-top:var(--wp--preset--spacing--30);margin-bottom:var(--wp--preset--spacing--30)\"\/>\n\n\n\n<p>Dues hores setmanals tamb\u00e9 d\u2019optativitat a 1r, 2n i 3r de l\u2019ESO. A les c\u00e0psules, l\u2019alumnat t\u00e9 l\u2019oportunitat de triar 6 diferents propostes amb una durada de 5 setmanes cadascuna. Cada c\u00e0psula est\u00e0 concebuda per despertar la curiositat i l\u2019inter\u00e8s per aprendre, ja que el professorat compartim all\u00f2 que l\u2019apassiona m\u00e9s enll\u00e0 de la nostra mat\u00e8ria. Alguns exemples s\u00f3n:<\/p>\n\n\n\n<ul class=\"wp-block-list\">\n<li>Mitologies del m\u00f3n<\/li>\n\n\n\n<li>Tot dansa<\/li>\n\n\n\n<li>Descoberta dels ocells de Barcelona<\/li>\n\n\n\n<li>Jocs per pensar<\/li>\n\n\n\n<li>Disseny i fabricaci\u00f3 d\u2019un skate<\/li>\n\n\n\n<li>Cuina matem\u00e0tica<\/li>\n<\/ul>\n\n\n\n<figure class=\"wp-block-gallery has-nested-images columns-default is-cropped wp-block-gallery-4 is-layout-flex wp-block-gallery-is-layout-flex\">\n<figure class=\"wp-block-image size-large\"><a href=\"https:\/\/agora.xtec.cat\/insjoncar\/wp-content\/uploads\/usu3463\/2025\/05\/Capsules-Mansory-3-1.png\"><img loading=\"lazy\" decoding=\"async\" width=\"980\" height=\"1024\" data-id=\"3905\" src=\"https:\/\/agora.xtec.cat\/insjoncar\/wp-content\/uploads\/usu3463\/2025\/05\/Capsules-Mansory-3-1-980x1024.png\" alt=\"\" class=\"wp-image-3905\" srcset=\"https:\/\/agora.xtec.cat\/insjoncar\/wp-content\/uploads\/usu3463\/2025\/05\/Capsules-Mansory-3-1-980x1024.png 980w, https:\/\/agora.xtec.cat\/insjoncar\/wp-content\/uploads\/usu3463\/2025\/05\/Capsules-Mansory-3-1-287x300.png 287w, https:\/\/agora.xtec.cat\/insjoncar\/wp-content\/uploads\/usu3463\/2025\/05\/Capsules-Mansory-3-1-768x803.png 768w, https:\/\/agora.xtec.cat\/insjoncar\/wp-content\/uploads\/usu3463\/2025\/05\/Capsules-Mansory-3-1.png 1038w\" sizes=\"auto, (max-width: 980px) 100vw, 980px\" \/><\/a><\/figure>\n\n\n\n<figure class=\"wp-block-image size-large\"><a href=\"https:\/\/agora.xtec.cat\/insjoncar\/wp-content\/uploads\/usu3463\/2025\/05\/Capsules-Mansory-3.png\"><img loading=\"lazy\" decoding=\"async\" width=\"980\" height=\"1024\" data-id=\"3908\" src=\"https:\/\/agora.xtec.cat\/insjoncar\/wp-content\/uploads\/usu3463\/2025\/05\/Capsules-Mansory-3-980x1024.png\" alt=\"\" class=\"wp-image-3908\" srcset=\"https:\/\/agora.xtec.cat\/insjoncar\/wp-content\/uploads\/usu3463\/2025\/05\/Capsules-Mansory-3-980x1024.png 980w, https:\/\/agora.xtec.cat\/insjoncar\/wp-content\/uploads\/usu3463\/2025\/05\/Capsules-Mansory-3-287x300.png 287w, https:\/\/agora.xtec.cat\/insjoncar\/wp-content\/uploads\/usu3463\/2025\/05\/Capsules-Mansory-3-768x803.png 768w, https:\/\/agora.xtec.cat\/insjoncar\/wp-content\/uploads\/usu3463\/2025\/05\/Capsules-Mansory-3.png 1038w\" sizes=\"auto, (max-width: 980px) 100vw, 980px\" \/><\/a><\/figure>\n\n\n\n<figure class=\"wp-block-image size-large\"><a href=\"https:\/\/agora.xtec.cat\/insjoncar\/wp-content\/uploads\/usu3463\/2025\/05\/Capsules-Mansory-1.png\"><img loading=\"lazy\" decoding=\"async\" width=\"974\" height=\"960\" data-id=\"3907\" src=\"https:\/\/agora.xtec.cat\/insjoncar\/wp-content\/uploads\/usu3463\/2025\/05\/Capsules-Mansory-1.png\" alt=\"\" class=\"wp-image-3907\" srcset=\"https:\/\/agora.xtec.cat\/insjoncar\/wp-content\/uploads\/usu3463\/2025\/05\/Capsules-Mansory-1.png 974w, https:\/\/agora.xtec.cat\/insjoncar\/wp-content\/uploads\/usu3463\/2025\/05\/Capsules-Mansory-1-300x296.png 300w, https:\/\/agora.xtec.cat\/insjoncar\/wp-content\/uploads\/usu3463\/2025\/05\/Capsules-Mansory-1-768x757.png 768w\" sizes=\"auto, (max-width: 974px) 100vw, 974px\" \/><\/a><\/figure>\n\n\n\n<figure class=\"wp-block-image size-large\"><a href=\"https:\/\/agora.xtec.cat\/insjoncar\/wp-content\/uploads\/usu3463\/2025\/05\/Capsules-Mansory-2.png\"><img loading=\"lazy\" decoding=\"async\" width=\"1018\" height=\"765\" data-id=\"3906\" src=\"https:\/\/agora.xtec.cat\/insjoncar\/wp-content\/uploads\/usu3463\/2025\/05\/Capsules-Mansory-2.png\" alt=\"\" class=\"wp-image-3906\" srcset=\"https:\/\/agora.xtec.cat\/insjoncar\/wp-content\/uploads\/usu3463\/2025\/05\/Capsules-Mansory-2.png 1018w, https:\/\/agora.xtec.cat\/insjoncar\/wp-content\/uploads\/usu3463\/2025\/05\/Capsules-Mansory-2-300x225.png 300w, https:\/\/agora.xtec.cat\/insjoncar\/wp-content\/uploads\/usu3463\/2025\/05\/Capsules-Mansory-2-768x577.png 768w\" sizes=\"auto, (max-width: 1018px) 100vw, 1018px\" \/><\/a><\/figure>\n<\/figure>\n\n\n\n<h3 class=\"wp-block-heading\">Tutoria<\/h3>\n\n\n\n<hr class=\"wp-block-separator has-alpha-channel-opacity is-style-wide\" style=\"margin-top:var(--wp--preset--spacing--30);margin-bottom:var(--wp--preset--spacing--30)\"\/>\n\n\n\n<p>A les tutories aprofitem per fer un treball de seguiment i organitzaci\u00f3 personal i grupal, la revisi\u00f3 dels c\u00e0rrecs i les seves funcions, aix\u00ed com la realitzaci\u00f3 de les assemblees.<\/p>\n\n\n\n<p>Alhora, tamb\u00e9 treballem diferents aspectes de creixement personal i emocional, als cursos de 3r i 4t tamb\u00e9 es fa l\u2019orientaci\u00f3 cap als estudis posteriors.<\/p>\n\n\n\n<p>A part del tutor de grup, existeix la figura del cotutor per poder fer una tutoritzaci\u00f3 m\u00e9s personalitzada, i atendre a les fam\u00edlies. Cada professor \u00e9s tutor individual de 16 alumnes.<\/p>\n","protected":false},"excerpt":{"rendered":"<p>Organitzem i mobilitzem els aprenentatges competencials i curriculars en les mat\u00e8ries, els projectes interdisciplinaris, i la part optativa del curr\u00edculum concretada amb la tria dels espais creatius i les c\u00e0psules. Al final de cada trimestre, les fam\u00edlies reben un informe d\u2019avaluaci\u00f3 en qu\u00e8 s\u2019indica de manera qualitativa el grau d\u2019assoliment de les compet\u00e8ncies (NA, AS, [&hellip;]<\/p>\n","protected":false},"author":1,"featured_media":0,"parent":57,"menu_order":0,"comment_status":"closed","ping_status":"close","template":"","meta":{"site-sidebar-layout":"default","site-content-layout":"","ast-site-content-layout":"default","site-content-style":"default","site-sidebar-style":"default","ast-global-header-display":"","ast-banner-title-visibility":"","ast-main-header-display":"","ast-hfb-above-header-display":"","ast-hfb-below-header-display":"","ast-hfb-mobile-header-display":"","site-post-title":"","ast-breadcrumbs-content":"","ast-featured-img":"","footer-sml-layout":"","theme-transparent-header-meta":"","adv-header-id-meta":"","stick-header-meta":"","header-above-stick-meta":"","header-main-stick-meta":"","header-below-stick-meta":"","astra-migrate-meta-layouts":"set","ast-page-background-enabled":"default","ast-page-background-meta":{"desktop":{"background-color":"var(--ast-global-color-4)","background-image":"","background-repeat":"repeat","background-position":"center center","background-size":"auto","background-attachment":"scroll","background-type":"","background-media":"","overlay-type":"","overlay-color":"","overlay-opacity":"","overlay-gradient":""},"tablet":{"background-color":"","background-image":"","background-repeat":"repeat","background-position":"center center","background-size":"auto","background-attachment":"scroll","background-type":"","background-media":"","overlay-type":"","overlay-color":"","overlay-opacity":"","overlay-gradient":""},"mobile":{"background-color":"","background-image":"","background-repeat":"repeat","background-position":"center center","background-size":"auto","background-attachment":"scroll","background-type":"","background-media":"","overlay-type":"","overlay-color":"","overlay-opacity":"","overlay-gradient":""}},"ast-content-background-meta":{"desktop":{"background-color":"var(--ast-global-color-5)","background-image":"","background-repeat":"repeat","background-position":"center center","background-size":"auto","background-attachment":"scroll","background-type":"","background-media":"","overlay-type":"","overlay-color":"","overlay-opacity":"","overlay-gradient":""},"tablet":{"background-color":"var(--ast-global-color-5)","background-image":"","background-repeat":"repeat","background-position":"center center","background-size":"auto","background-attachment":"scroll","background-type":"","background-media":"","overlay-type":"","overlay-color":"","overlay-opacity":"","overlay-gradient":""},"mobile":{"background-color":"var(--ast-global-color-5)","background-image":"","background-repeat":"repeat","background-position":"center center","background-size":"auto","background-attachment":"scroll","background-type":"","background-media":"","overlay-type":"","overlay-color":"","overlay-opacity":"","overlay-gradient":""}},"footnotes":""},"class_list":["post-617","page","type-page","status-publish","hentry"],"post_mailing_queue_ids":[],"_links":{"self":[{"href":"https:\/\/agora.xtec.cat\/insjoncar\/wp-json\/wp\/v2\/pages\/617","targetHints":{"allow":["GET"]}}],"collection":[{"href":"https:\/\/agora.xtec.cat\/insjoncar\/wp-json\/wp\/v2\/pages"}],"about":[{"href":"https:\/\/agora.xtec.cat\/insjoncar\/wp-json\/wp\/v2\/types\/page"}],"author":[{"embeddable":true,"href":"https:\/\/agora.xtec.cat\/insjoncar\/wp-json\/wp\/v2\/users\/1"}],"replies":[{"embeddable":true,"href":"https:\/\/agora.xtec.cat\/insjoncar\/wp-json\/wp\/v2\/comments?post=617"}],"version-history":[{"count":4,"href":"https:\/\/agora.xtec.cat\/insjoncar\/wp-json\/wp\/v2\/pages\/617\/revisions"}],"predecessor-version":[{"id":3909,"href":"https:\/\/agora.xtec.cat\/insjoncar\/wp-json\/wp\/v2\/pages\/617\/revisions\/3909"}],"up":[{"embeddable":true,"href":"https:\/\/agora.xtec.cat\/insjoncar\/wp-json\/wp\/v2\/pages\/57"}],"wp:attachment":[{"href":"https:\/\/agora.xtec.cat\/insjoncar\/wp-json\/wp\/v2\/media?parent=617"}],"curies":[{"name":"wp","href":"https:\/\/api.w.org\/{rel}","templated":true}]}}