{"id":55,"date":"2014-09-17T16:59:49","date_gmt":"2014-09-17T16:59:49","guid":{"rendered":"http:\/\/agora.xtec.cat\/insjoncar\/?page_id=55"},"modified":"2025-08-18T20:55:34","modified_gmt":"2025-08-18T18:55:34","slug":"horaris","status":"publish","type":"page","link":"https:\/\/agora.xtec.cat\/insjoncar\/linstitut\/horaris\/","title":{"rendered":"Horaris"},"content":{"rendered":"\n<p><strong>1r d&#8217;ESO<\/strong>: L&#8217;horari d&#8217;entrada de dilluns a divendres \u00e9s a les 08:00 h. La sortida dels dimecres i divendres \u00e9s a les 13:30 h. Els dilluns, en canvi, fan una hora m\u00e9s i surten a les 14:30 h. Dimarts i dijous fan mat\u00ed de 08:00 a 13:30 h i tardes de 14:45 a 16:30 h.<\/p>\n\n\n\n<p><strong>2n d&#8217;ESO<\/strong>: L&#8217;horari d&#8217;entrada de dilluns a divendres \u00e9s a les 08:00 h. La sortida dels dilluns i divendres \u00e9s a les 13:30 h. Els dimecres, en canvi, fan una hora m\u00e9s i surten a les 14:30 h. Dimarts i dijous fan mat\u00ed de 08:00 a 13:30 h i tardes de 14:45 a 16:30 h.<\/p>\n\n\n\n<p><strong>3r i 4t d&#8217;ESO i Batxillerat<\/strong>:  dilluns a divendres de les 8:00 h a les 14:30 h.<\/p>\n","protected":false},"excerpt":{"rendered":"<p>1r d&#8217;ESO: L&#8217;horari d&#8217;entrada de dilluns a divendres \u00e9s a les 08:00 h. La sortida dels dimecres i divendres \u00e9s a les 13:30 h. Els dilluns, en canvi, fan una hora m\u00e9s i surten a les 14:30 h. Dimarts i dijous fan mat\u00ed de 08:00 a 13:30 h i tardes de 14:45 a 16:30 h. [&hellip;]<\/p>\n","protected":false},"author":1,"featured_media":0,"parent":19,"menu_order":80,"comment_status":"closed","ping_status":"closed","template":"","meta":{"site-sidebar-layout":"default","site-content-layout":"","ast-site-content-layout":"default","site-content-style":"default","site-sidebar-style":"default","ast-global-header-display":"","ast-banner-title-visibility":"","ast-main-header-display":"","ast-hfb-above-header-display":"","ast-hfb-below-header-display":"","ast-hfb-mobile-header-display":"","site-post-title":"","ast-breadcrumbs-content":"","ast-featured-img":"","footer-sml-layout":"","theme-transparent-header-meta":"","adv-header-id-meta":"","stick-header-meta":"","header-above-stick-meta":"","header-main-stick-meta":"","header-below-stick-meta":"","astra-migrate-meta-layouts":"set","ast-page-background-enabled":"default","ast-page-background-meta":{"desktop":{"background-color":"var(--ast-global-color-4)","background-image":"","background-repeat":"repeat","background-position":"center center","background-size":"auto","background-attachment":"scroll","background-type":"","background-media":"","overlay-type":"","overlay-color":"","overlay-opacity":"","overlay-gradient":""},"tablet":{"background-color":"","background-image":"","background-repeat":"repeat","background-position":"center center","background-size":"auto","background-attachment":"scroll","background-type":"","background-media":"","overlay-type":"","overlay-color":"","overlay-opacity":"","overlay-gradient":""},"mobile":{"background-color":"","background-image":"","background-repeat":"repeat","background-position":"center center","background-size":"auto","background-attachment":"scroll","background-type":"","background-media":"","overlay-type":"","overlay-color":"","overlay-opacity":"","overlay-gradient":""}},"ast-content-background-meta":{"desktop":{"background-color":"var(--ast-global-color-5)","background-image":"","background-repeat":"repeat","background-position":"center center","background-size":"auto","background-attachment":"scroll","background-type":"","background-media":"","overlay-type":"","overlay-color":"","overlay-opacity":"","overlay-gradient":""},"tablet":{"background-color":"var(--ast-global-color-5)","background-image":"","background-repeat":"repeat","background-position":"center center","background-size":"auto","background-attachment":"scroll","background-type":"","background-media":"","overlay-type":"","overlay-color":"","overlay-opacity":"","overlay-gradient":""},"mobile":{"background-color":"var(--ast-global-color-5)","background-image":"","background-repeat":"repeat","background-position":"center center","background-size":"auto","background-attachment":"scroll","background-type":"","background-media":"","overlay-type":"","overlay-color":"","overlay-opacity":"","overlay-gradient":""}},"footnotes":""},"class_list":["post-55","page","type-page","status-publish","hentry"],"post_mailing_queue_ids":[],"_links":{"self":[{"href":"https:\/\/agora.xtec.cat\/insjoncar\/wp-json\/wp\/v2\/pages\/55","targetHints":{"allow":["GET"]}}],"collection":[{"href":"https:\/\/agora.xtec.cat\/insjoncar\/wp-json\/wp\/v2\/pages"}],"about":[{"href":"https:\/\/agora.xtec.cat\/insjoncar\/wp-json\/wp\/v2\/types\/page"}],"author":[{"embeddable":true,"href":"https:\/\/agora.xtec.cat\/insjoncar\/wp-json\/wp\/v2\/users\/1"}],"replies":[{"embeddable":true,"href":"https:\/\/agora.xtec.cat\/insjoncar\/wp-json\/wp\/v2\/comments?post=55"}],"version-history":[{"count":4,"href":"https:\/\/agora.xtec.cat\/insjoncar\/wp-json\/wp\/v2\/pages\/55\/revisions"}],"predecessor-version":[{"id":4317,"href":"https:\/\/agora.xtec.cat\/insjoncar\/wp-json\/wp\/v2\/pages\/55\/revisions\/4317"}],"up":[{"embeddable":true,"href":"https:\/\/agora.xtec.cat\/insjoncar\/wp-json\/wp\/v2\/pages\/19"}],"wp:attachment":[{"href":"https:\/\/agora.xtec.cat\/insjoncar\/wp-json\/wp\/v2\/media?parent=55"}],"curies":[{"name":"wp","href":"https:\/\/api.w.org\/{rel}","templated":true}]}}