{"id":52,"date":"2014-09-17T16:58:07","date_gmt":"2014-09-17T16:58:07","guid":{"rendered":"http:\/\/agora.xtec.cat\/insjoncar\/?page_id=52"},"modified":"2025-08-18T20:29:54","modified_gmt":"2025-08-18T18:29:54","slug":"calendari-del-curs","status":"publish","type":"page","link":"https:\/\/agora.xtec.cat\/insjoncar\/linstitut\/calendari-del-curs\/","title":{"rendered":"Calendari del curs"},"content":{"rendered":"\n<h4 class=\"wp-block-heading\"><strong>Inici de curs:<\/strong><\/h4>\n\n\n\n<p class=\"has-medium-font-size\">8 de setembre de 2025 (ESO)   &#8211;   12 de setembre de 2025 (Batxillerat)<\/p>\n\n\n\n<p><strong>Reuni\u00f3 informativa per a fam\u00edlies de 1r d&#8217;ESO:<\/strong><br>3 de setembre de 2025, 17h.<\/p>\n\n\n\n<h4 class=\"wp-block-heading\"><strong>Vacances:<\/strong><\/h4>\n\n\n\n<ul class=\"wp-block-list\">\n<li>Del 20 de desembre de 2025 al 7 de gener de 2026\u00a0 (ambd\u00f3s inclosos)<\/li>\n\n\n\n<li>Del 28 de mar\u00e7 al 6 d\u2019abril de 2026 (ambd\u00f3s inclosos)<\/li>\n\n\n\n<li>A partir del 19 de juny de 2026<\/li>\n<\/ul>\n\n\n\n<p style=\"padding-top:0;padding-right:0;padding-bottom:0;padding-left:0\"><strong>Dies festius de lliure disposici\u00f3:<\/strong><\/p>\n\n\n\n<ul style=\"padding-top:0;padding-bottom:0\" class=\"wp-block-list\">\n<li>divendres 10 d&#8217;octubre de 2025<\/li>\n\n\n\n<li>dilluns 3 de novembre de 2025<\/li>\n\n\n\n<li>dilluns 16 de febrer de 2026<\/li>\n\n\n\n<li>divendres 22 de maig de 2026<\/li>\n<\/ul>\n\n\n\n<p>L\u2019<b>horari lectiu<\/b>\u00a0del centre \u00e9s de les 08:00 h a les 14:30 h. (Els alumnes que utilitzen el servei de menjador surten a les 15:30 h).<\/p>\n\n\n\n<p><strong>1r d&#8217;ESO<\/strong>: L&#8217;horari d&#8217;entrada de dilluns a divendres \u00e9s a les 08:00 h. La sortida dels dimecres i divendres \u00e9s a les 13:30 h. Els dilluns, en canvi, fan una hora m\u00e9s i surten a les 14:30 h. Dimarts i dijous fan mat\u00ed de 08:00 a 13:30 h i tardes de 14:45 a 16:30 h.<\/p>\n\n\n\n<p><strong>2n d&#8217;ESO<\/strong>: L&#8217;horari d&#8217;entrada de dilluns a divendres \u00e9s a les 08:00 h. La sortida dels dilluns i divendres \u00e9s a les 13:30 h. Els dimecres, en canvi, fan una hora m\u00e9s i surten a les 14:30 h. Dimarts i dijous fan mat\u00ed de 08:00 a 13:30 h i tardes de 14:45 a 16:30 h.<\/p>\n\n\n\n<div class=\"wp-block-columns is-layout-flex wp-container-core-columns-is-layout-1 wp-block-columns-is-layout-flex\">\n<div class=\"wp-block-column is-layout-flow wp-block-column-is-layout-flow\"><div class=\"simcal-calendar simcal-default-calendar simcal-default-calendar-grid simcal-default-calendar-light\" data-calendar-id=\"224\" data-timezone=\"Europe\/Madrid\" data-offset=\"7200\" data-week-start=\"1\" data-calendar-start=\"1776808800\" data-calendar-end=\"1776808800\" data-events-first=\"1774335600\" data-events-last=\"1776429000\">\n\t\t\t\n            <table class=\"simcal-calendar-grid\"\n                   data-event-bubble-trigger=\"hover\">\n                <thead class=\"simcal-calendar-head\">\n                <tr>\n\t\t\t\t\t                        <th class=\"simcal-nav simcal-prev-wrapper\" colspan=\"1\">\n                            <button class=\"simcal-nav-button simcal-month-nav simcal-prev\" title=\"Mes anterior\"><i class=\"simcal-icon-left\"><\/i><\/button>\n                        <\/th>\n\t\t\t\t\t                    <th colspan=\"5\"\n                        class=\"simcal-nav simcal-current\"\n                        data-calendar-current=\"1776808800\">\n\t\t\t\t\t\t<h3> <span class=\"simcal-current-month\">abril<\/span>  <span class=\"simcal-current-year\">2026<\/span> <\/h3>                    <\/th>\n\t\t\t\t\t                        <th class=\"simcal-nav simcal-next-wrapper\" colspan=\"1\">\n                            <button class=\"simcal-nav-button simcal-month-nav simcal-next\" title=\"Mes seg\u00fcent\"><i class=\"simcal-icon-right\"><\/i><\/button>\n                        <\/th>\n\t\t\t\t\t                <\/tr>\n                <tr>\n\t\t\t\t\t\t<!--\n\t\/\/ XTEC ************ MODIFICAT - Change short week-day (to avoid show all \"d\" in Catalan)\n\t\/\/ 2016.06.27 @sarjona\n\t-->\n\t<th class=\"simcal-week-day simcal-week-day-1\"\n             data-screen-small=\"Dl\"\n             data-screen-medium=\"Dl\"\n             data-screen-large=\"Dilluns\">Dl<\/th>\n\t<!--\/\/************ ORIGINAL -->\n\t<!--\n                        <th class=\"simcal-week-day simcal-week-day-1\"\n                            data-screen-small=\"D\"\n                            data-screen-medium=\"Dl\"\n                            data-screen-large=\"Dilluns\">Dl<\/th>\n\n\t-->\n\t<!--\n\t\/\/************ FI\n\t-->\n\n\t\t\t\t\t\t\t<!--\n\t\/\/ XTEC ************ MODIFICAT - Change short week-day (to avoid show all \"d\" in Catalan)\n\t\/\/ 2016.06.27 @sarjona\n\t-->\n\t<th class=\"simcal-week-day simcal-week-day-2\"\n             data-screen-small=\"Dt\"\n             data-screen-medium=\"Dt\"\n             data-screen-large=\"Dimarts\">Dt<\/th>\n\t<!--\/\/************ ORIGINAL -->\n\t<!--\n                        <th class=\"simcal-week-day simcal-week-day-2\"\n                            data-screen-small=\"D\"\n                            data-screen-medium=\"Dt\"\n                            data-screen-large=\"Dimarts\">Dt<\/th>\n\n\t-->\n\t<!--\n\t\/\/************ FI\n\t-->\n\n\t\t\t\t\t\t\t<!--\n\t\/\/ XTEC ************ MODIFICAT - Change short week-day (to avoid show all \"d\" in Catalan)\n\t\/\/ 2016.06.27 @sarjona\n\t-->\n\t<th class=\"simcal-week-day simcal-week-day-3\"\n             data-screen-small=\"Dc\"\n             data-screen-medium=\"Dc\"\n             data-screen-large=\"Dimecres\">Dc<\/th>\n\t<!--\/\/************ ORIGINAL -->\n\t<!--\n                        <th class=\"simcal-week-day simcal-week-day-3\"\n                            data-screen-small=\"D\"\n                            data-screen-medium=\"Dc\"\n                            data-screen-large=\"Dimecres\">Dc<\/th>\n\n\t-->\n\t<!--\n\t\/\/************ FI\n\t-->\n\n\t\t\t\t\t\t\t<!--\n\t\/\/ XTEC ************ MODIFICAT - Change short week-day (to avoid show all \"d\" in Catalan)\n\t\/\/ 2016.06.27 @sarjona\n\t-->\n\t<th class=\"simcal-week-day simcal-week-day-4\"\n             data-screen-small=\"Dj\"\n             data-screen-medium=\"Dj\"\n             data-screen-large=\"Dijous\">Dj<\/th>\n\t<!--\/\/************ ORIGINAL -->\n\t<!--\n                        <th class=\"simcal-week-day simcal-week-day-4\"\n                            data-screen-small=\"D\"\n                            data-screen-medium=\"Dj\"\n                            data-screen-large=\"Dijous\">Dj<\/th>\n\n\t-->\n\t<!--\n\t\/\/************ FI\n\t-->\n\n\t\t\t\t\t\t\t<!--\n\t\/\/ XTEC ************ MODIFICAT - Change short week-day (to avoid show all \"d\" in Catalan)\n\t\/\/ 2016.06.27 @sarjona\n\t-->\n\t<th class=\"simcal-week-day simcal-week-day-5\"\n             data-screen-small=\"Dv\"\n             data-screen-medium=\"Dv\"\n             data-screen-large=\"Divendres\">Dv<\/th>\n\t<!--\/\/************ ORIGINAL -->\n\t<!--\n                        <th class=\"simcal-week-day simcal-week-day-5\"\n                            data-screen-small=\"D\"\n                            data-screen-medium=\"Dv\"\n                            data-screen-large=\"Divendres\">Dv<\/th>\n\n\t-->\n\t<!--\n\t\/\/************ FI\n\t-->\n\n\t\t\t\t\t\t\t<!--\n\t\/\/ XTEC ************ MODIFICAT - Change short week-day (to avoid show all \"d\" in Catalan)\n\t\/\/ 2016.06.27 @sarjona\n\t-->\n\t<th class=\"simcal-week-day simcal-week-day-6\"\n             data-screen-small=\"Ds\"\n             data-screen-medium=\"Ds\"\n             data-screen-large=\"Dissabte\">Ds<\/th>\n\t<!--\/\/************ ORIGINAL -->\n\t<!--\n                        <th class=\"simcal-week-day simcal-week-day-6\"\n                            data-screen-small=\"D\"\n                            data-screen-medium=\"Ds\"\n                            data-screen-large=\"Dissabte\">Ds<\/th>\n\n\t-->\n\t<!--\n\t\/\/************ FI\n\t-->\n\n\t\t\t\t\t\t\n\t\t<!--\n\t\t\/\/ XTEC ************ MODIFICAT - Change short week-day (to avoid show all \"d\" in Catalan)\n\t\t\/\/ 2016.06.27 @sarjona\n\t\t-->\n\t\t<th class=\"simcal-week-day simcal-week-day-0\"\n                data-screen-small=\"Dg\"\n                data-screen-medium=\"Dg\"\n                data-screen-large=\"Diumenge\">Dg<\/th>\n\t\t<!--\/\/ ************ ORIGINAL -->\n\t\t<!--\n                            <th class=\"simcal-week-day simcal-week-day-0\"\n                                data-screen-small=\"D\"\n                                data-screen-medium=\"Dg\"\n                                data-screen-large=\"Diumenge\">Dg<\/th>\n\n\t\t-->\n\t\t<!--\n\t\t\/\/ ************ FI\n\t\t-->\n\n\t\t\t\t\t\t\t                <\/tr>\n                <\/thead>\n\n\t\t\t\t<tbody class=\"simcal-month simcal-month-4\">\n\t<tr class=\"simcal-week simcal-week-14\"><td class=\"simcal-day simcal-day-void \"><\/td>\n<td class=\"simcal-day simcal-day-void simcal-day-void-last\"><\/td>\n<td class=\"simcal-day-1 simcal-weekday-3 simcal-past simcal-day\" data-events-count=\"0\">\n\t<div>\n\t\t<span class=\"simcal-day-label simcal-day-number\">1<\/span>\n\t\t<span class=\"simcal-no-events\"><\/span>\n\t\t<span class=\"simcal-events-dots\" style=\"display: none;\"><\/span>\n\t<\/div>\n<\/td>\n<td class=\"simcal-day-2 simcal-weekday-4 simcal-past simcal-day\" data-events-count=\"0\">\n\t<div>\n\t\t<span class=\"simcal-day-label simcal-day-number\">2<\/span>\n\t\t<span class=\"simcal-no-events\"><\/span>\n\t\t<span class=\"simcal-events-dots\" style=\"display: none;\"><\/span>\n\t<\/div>\n<\/td>\n<td class=\"simcal-day-3 simcal-weekday-5 simcal-past simcal-day\" data-events-count=\"0\">\n\t<div>\n\t\t<span class=\"simcal-day-label simcal-day-number\">3<\/span>\n\t\t<span class=\"simcal-no-events\"><\/span>\n\t\t<span class=\"simcal-events-dots\" style=\"display: none;\"><\/span>\n\t<\/div>\n<\/td>\n<td class=\"simcal-day-4 simcal-weekday-6 simcal-past simcal-day\" data-events-count=\"0\">\n\t<div>\n\t\t<span class=\"simcal-day-label simcal-day-number\">4<\/span>\n\t\t<span class=\"simcal-no-events\"><\/span>\n\t\t<span class=\"simcal-events-dots\" style=\"display: none;\"><\/span>\n\t<\/div>\n<\/td>\n<td class=\"simcal-day-5 simcal-weekday-0 simcal-past simcal-day\" data-events-count=\"0\">\n\t<div>\n\t\t<span class=\"simcal-day-label simcal-day-number\">5<\/span>\n\t\t<span class=\"simcal-no-events\"><\/span>\n\t\t<span class=\"simcal-events-dots\" style=\"display: none;\"><\/span>\n\t<\/div>\n<\/td>\n<\/tr><tr class=\"simcal-week simcal-week-14\">\n<td class=\"simcal-day-6 simcal-weekday-1 simcal-past simcal-day\" data-events-count=\"0\">\n\t<div>\n\t\t<span class=\"simcal-day-label simcal-day-number\">6<\/span>\n\t\t<span class=\"simcal-no-events\"><\/span>\n\t\t<span class=\"simcal-events-dots\" style=\"display: none;\"><\/span>\n\t<\/div>\n<\/td>\n<td class=\"simcal-day-7 simcal-weekday-2 simcal-past simcal-day\" data-events-count=\"0\">\n\t<div>\n\t\t<span class=\"simcal-day-label simcal-day-number\">7<\/span>\n\t\t<span class=\"simcal-no-events\"><\/span>\n\t\t<span class=\"simcal-events-dots\" style=\"display: none;\"><\/span>\n\t<\/div>\n<\/td>\n<td class=\"simcal-day-8 simcal-weekday-3 simcal-past simcal-day\" data-events-count=\"0\">\n\t<div>\n\t\t<span class=\"simcal-day-label simcal-day-number\">8<\/span>\n\t\t<span class=\"simcal-no-events\"><\/span>\n\t\t<span class=\"simcal-events-dots\" style=\"display: none;\"><\/span>\n\t<\/div>\n<\/td>\n<td class=\"simcal-day-9 simcal-weekday-4 simcal-past simcal-day\" data-events-count=\"0\">\n\t<div>\n\t\t<span class=\"simcal-day-label simcal-day-number\">9<\/span>\n\t\t<span class=\"simcal-no-events\"><\/span>\n\t\t<span class=\"simcal-events-dots\" style=\"display: none;\"><\/span>\n\t<\/div>\n<\/td>\n<td class=\"simcal-day-10 simcal-weekday-5 simcal-past simcal-day\" data-events-count=\"0\">\n\t<div>\n\t\t<span class=\"simcal-day-label simcal-day-number\">10<\/span>\n\t\t<span class=\"simcal-no-events\"><\/span>\n\t\t<span class=\"simcal-events-dots\" style=\"display: none;\"><\/span>\n\t<\/div>\n<\/td>\n<td class=\"simcal-day-11 simcal-weekday-6 simcal-past simcal-day\" data-events-count=\"0\">\n\t<div>\n\t\t<span class=\"simcal-day-label simcal-day-number\">11<\/span>\n\t\t<span class=\"simcal-no-events\"><\/span>\n\t\t<span class=\"simcal-events-dots\" style=\"display: none;\"><\/span>\n\t<\/div>\n<\/td>\n<td class=\"simcal-day-12 simcal-weekday-0 simcal-past simcal-day\" data-events-count=\"0\">\n\t<div>\n\t\t<span class=\"simcal-day-label simcal-day-number\">12<\/span>\n\t\t<span class=\"simcal-no-events\"><\/span>\n\t\t<span class=\"simcal-events-dots\" style=\"display: none;\"><\/span>\n\t<\/div>\n<\/td>\n<\/tr><tr class=\"simcal-week simcal-week-15\">\n<td class=\"simcal-day-13 simcal-weekday-1 simcal-past simcal-day\" data-events-count=\"0\">\n\t<div>\n\t\t<span class=\"simcal-day-label simcal-day-number\">13<\/span>\n\t\t<span class=\"simcal-no-events\"><\/span>\n\t\t<span class=\"simcal-events-dots\" style=\"display: none;\"><\/span>\n\t<\/div>\n<\/td>\n<td class=\"simcal-day-14 simcal-weekday-2 simcal-past simcal-day\" data-events-count=\"0\">\n\t<div>\n\t\t<span class=\"simcal-day-label simcal-day-number\">14<\/span>\n\t\t<span class=\"simcal-no-events\"><\/span>\n\t\t<span class=\"simcal-events-dots\" style=\"display: none;\"><\/span>\n\t<\/div>\n<\/td>\n<td class=\"simcal-day-15 simcal-weekday-3 simcal-past simcal-day\" data-events-count=\"0\">\n\t<div>\n\t\t<span class=\"simcal-day-label simcal-day-number\">15<\/span>\n\t\t<span class=\"simcal-no-events\"><\/span>\n\t\t<span class=\"simcal-events-dots\" style=\"display: none;\"><\/span>\n\t<\/div>\n<\/td>\n<td class=\"simcal-day-16 simcal-weekday-4 simcal-past simcal-day\" data-events-count=\"0\">\n\t<div>\n\t\t<span class=\"simcal-day-label simcal-day-number\">16<\/span>\n\t\t<span class=\"simcal-no-events\"><\/span>\n\t\t<span class=\"simcal-events-dots\" style=\"display: none;\"><\/span>\n\t<\/div>\n<\/td>\n<td class=\"simcal-day-17 simcal-weekday-5 simcal-past simcal-day simcal-day-has-events simcal-day-has-1-events simcal-events-calendar-224\" data-events-count=\"1\">\n\t<div>\n\t\t<span class=\"simcal-day-label simcal-day-number\" style=\"background-color: #000000; color: #ffffff\">17<\/span>\n\t\t<ul class=\"simcal-events\">\t<li class=\"simcal-event simcal-events-calendar-224 simcal-tooltip\" itemscope itemtype=\"http:\/\/schema.org\/Event\">\n\t\t<span class=\"simcal-event-title\">Sortida assaig Paral\u00b7lel 62<\/span>\n\t\t<div class=\"simcal-event-details simcal-tooltip-content\" style=\"display: none;\"><p><strong><span class=\"simcal-event-title\" itemprop=\"name\">Sortida assaig Paral\u00b7lel 62<\/span><\/strong><br \/>\n<span class=\"simcal-event-start simcal-event-start-date\" data-event-start=\"1776405600\" data-event-format=\"d\/m\/Y\" itemprop=\"startDate\" content=\"2026-04-17T08:00:00+02:00\">17\/04\/2026<\/span>&nbsp;@&nbsp;<span class=\"simcal-event-start simcal-event-start-time\" data-event-start=\"1776405600\" data-event-format=\"G:i\" itemprop=\"startDate\" content=\"2026-04-17T08:00:00+02:00\">8:00<\/span> - <span class=\"simcal-event-end simcal-event-end-time\" data-event-end=\"1776429000\" data-event-format=\"G:i\" itemprop=\"endDate\" content=\"2026-04-17T14:30:00+02:00\">14:30<\/span><br \/>\n <span class=\"simcal-event-address simcal-event-start-location\" itemprop=\"location\" itemscope itemtype=\"http:\/\/schema.org\/Place\"><meta itemprop=\"name\" content=\"Sortida assaig Paral\u00b7lel 62\" \/><meta itemprop=\"address\" content=\"Sortida assaig Paral\u00b7lel 62\" \/><\/span><\/p>\n<div><\/div>\n<p> <a href=\"https:\/\/www.google.com\/calendar\/event?eid=Xzk1aG0ycjFoNjVobWNvaGc2MHMzaWNqMjY5ajNhZGozNmdwamNkaG03NHFqZWQ5bTZncTYyYzFrNzAgdHNoM3NqNjVjdHVyMmt1MzBtMTRtanFhMXRjM2hkMjVAaQ&#038;ctz=Europe\/Madrid\" target=\"_blank\" >M\u00e9s detalls...<\/a><\/p>\n<p><!---comment node--><!--a=1--><\/p><\/div>\n\t<\/li>\n<\/ul>\n\n\t\t<span class=\"simcal-events-dots\" style=\"display: none;\"><b style=\"color: #000;\"> &bull; <\/b><\/span>\n\t<\/div>\n<\/td>\n<td class=\"simcal-day-18 simcal-weekday-6 simcal-past simcal-day\" data-events-count=\"0\">\n\t<div>\n\t\t<span class=\"simcal-day-label simcal-day-number\">18<\/span>\n\t\t<span class=\"simcal-no-events\"><\/span>\n\t\t<span class=\"simcal-events-dots\" style=\"display: none;\"><\/span>\n\t<\/div>\n<\/td>\n<td class=\"simcal-day-19 simcal-weekday-0 simcal-past simcal-day\" data-events-count=\"0\">\n\t<div>\n\t\t<span class=\"simcal-day-label simcal-day-number\">19<\/span>\n\t\t<span class=\"simcal-no-events\"><\/span>\n\t\t<span class=\"simcal-events-dots\" style=\"display: none;\"><\/span>\n\t<\/div>\n<\/td>\n<\/tr><tr class=\"simcal-week simcal-week-16\">\n<td class=\"simcal-day-20 simcal-weekday-1 simcal-past simcal-day\" data-events-count=\"0\">\n\t<div>\n\t\t<span class=\"simcal-day-label simcal-day-number\">20<\/span>\n\t\t<span class=\"simcal-no-events\"><\/span>\n\t\t<span class=\"simcal-events-dots\" style=\"display: none;\"><\/span>\n\t<\/div>\n<\/td>\n<td class=\"simcal-day-21 simcal-weekday-2 simcal-past simcal-day\" data-events-count=\"0\">\n\t<div>\n\t\t<span class=\"simcal-day-label simcal-day-number\">21<\/span>\n\t\t<span class=\"simcal-no-events\"><\/span>\n\t\t<span class=\"simcal-events-dots\" style=\"display: none;\"><\/span>\n\t<\/div>\n<\/td>\n<td class=\"simcal-day-22 simcal-weekday-3 simcal-today simcal-present simcal-day\" data-events-count=\"0\">\n\t<div style=\"border: 1px solid #1e73be;\">\n\t\t<span class=\"simcal-day-label simcal-day-number\" style=\"background-color: #1e73be; color: #ffffff\">22<\/span>\n\t\t<span class=\"simcal-no-events\"><\/span>\n\t\t<span class=\"simcal-events-dots\" style=\"display: none;\"><\/span>\n\t<\/div>\n<\/td>\n<td class=\"simcal-day-23 simcal-weekday-4 simcal-future simcal-day\" data-events-count=\"0\">\n\t<div>\n\t\t<span class=\"simcal-day-label simcal-day-number\">23<\/span>\n\t\t<span class=\"simcal-no-events\"><\/span>\n\t\t<span class=\"simcal-events-dots\" style=\"display: none;\"><\/span>\n\t<\/div>\n<\/td>\n<td class=\"simcal-day-24 simcal-weekday-5 simcal-future simcal-day\" data-events-count=\"0\">\n\t<div>\n\t\t<span class=\"simcal-day-label simcal-day-number\">24<\/span>\n\t\t<span class=\"simcal-no-events\"><\/span>\n\t\t<span class=\"simcal-events-dots\" style=\"display: none;\"><\/span>\n\t<\/div>\n<\/td>\n<td class=\"simcal-day-25 simcal-weekday-6 simcal-future simcal-day\" data-events-count=\"0\">\n\t<div>\n\t\t<span class=\"simcal-day-label simcal-day-number\">25<\/span>\n\t\t<span class=\"simcal-no-events\"><\/span>\n\t\t<span class=\"simcal-events-dots\" style=\"display: none;\"><\/span>\n\t<\/div>\n<\/td>\n<td class=\"simcal-day-26 simcal-weekday-0 simcal-future simcal-day\" data-events-count=\"0\">\n\t<div>\n\t\t<span class=\"simcal-day-label simcal-day-number\">26<\/span>\n\t\t<span class=\"simcal-no-events\"><\/span>\n\t\t<span class=\"simcal-events-dots\" style=\"display: none;\"><\/span>\n\t<\/div>\n<\/td>\n<\/tr><tr class=\"simcal-week simcal-week-17\">\n<td class=\"simcal-day-27 simcal-weekday-1 simcal-future simcal-day\" data-events-count=\"0\">\n\t<div>\n\t\t<span class=\"simcal-day-label simcal-day-number\">27<\/span>\n\t\t<span class=\"simcal-no-events\"><\/span>\n\t\t<span class=\"simcal-events-dots\" style=\"display: none;\"><\/span>\n\t<\/div>\n<\/td>\n<td class=\"simcal-day-28 simcal-weekday-2 simcal-future simcal-day\" data-events-count=\"0\">\n\t<div>\n\t\t<span class=\"simcal-day-label simcal-day-number\">28<\/span>\n\t\t<span class=\"simcal-no-events\"><\/span>\n\t\t<span class=\"simcal-events-dots\" style=\"display: none;\"><\/span>\n\t<\/div>\n<\/td>\n<td class=\"simcal-day-29 simcal-weekday-3 simcal-future simcal-day\" data-events-count=\"0\">\n\t<div>\n\t\t<span class=\"simcal-day-label simcal-day-number\">29<\/span>\n\t\t<span class=\"simcal-no-events\"><\/span>\n\t\t<span class=\"simcal-events-dots\" style=\"display: none;\"><\/span>\n\t<\/div>\n<\/td>\n<td class=\"simcal-day-30 simcal-weekday-4 simcal-future simcal-day\" data-events-count=\"0\">\n\t<div>\n\t\t<span class=\"simcal-day-label simcal-day-number\">30<\/span>\n\t\t<span class=\"simcal-no-events\"><\/span>\n\t\t<span class=\"simcal-events-dots\" style=\"display: none;\"><\/span>\n\t<\/div>\n<\/td>\n<td class=\"simcal-day simcal-day-void \"><\/td>\n<td class=\"simcal-day simcal-day-void \"><\/td>\n<td class=\"simcal-day simcal-day-void simcal-day-void-last\"><\/td>\n\t<\/tr>\n<\/tbody>\n<script type=\"text\/javascript\">\n\t\tjQuery(\n\t\t\/\/ Handle only events originated on '.simcal-event-dots' (cells with dots)\n\t\tjQuery('.simcal-calendar').on('mouseenter', '.simcal-events-dots', function(){\n\n\t\t\t\/\/ Save the cell that originated the mouse event (assigned to 'this' by jQuery)\n\t\t\t\/\/ for future reference\n\t\t\tvar that = this;\n\n\t\t\t\/\/ Set a timeout handler that will trigger a 'click' on the cell\n\t\t\tvar timeoutId = setTimeout(function(){\n\t\t\tjQuery(that).removeData('simcalTimeoutId');\n\t\t\tjQuery(that).trigger('click');\n\t\t\t}, 500);\n\n\t\t\t\/\/ Save 'timeoutId' for future reference\n\t\t\tjQuery(this).data('simcalTimeoutId', timeoutId);\n\n\t\t}).on('mouseleave', '.simcal-events-dots', function(){\n\t\t\t\/\/ Clear timeout and remove reference\n\t\t\tvar timeoutId = jQuery(this).data('simcalTimeoutId');\n\t\t\tif(timeoutId) {\n\t\t\tclearTimeout(timeoutId);\n\t\t\tjQuery(this).removeData('simcalTimeoutId');\n\t\t\t}\n\t\t})\n\t\t);<\/script>\t \t\t\t\n            <\/table>\n\n\t\t\t<\/div>\n<\/div>\n\n\n\n<div class=\"wp-block-column is-layout-flow wp-block-column-is-layout-flow\"><div class=\"simcal-calendar simcal-default-calendar simcal-default-calendar-list simcal-default-calendar-light\" data-calendar-id=\"248\" data-timezone=\"Europe\/Madrid\" data-offset=\"7200\" data-week-start=\"1\" data-calendar-start=\"1776808800\" data-calendar-end=\"1776808800\" data-events-first=\"1774335600\" data-events-last=\"1776429000\"><div class=\"simcal-calendar-list \"><nav class=\"simcal-calendar-head\">\n\t<div class=\"simcal-nav\">\n\t\t<button class=\"simcal-nav-button simcal-prev\" title=\"Anterior\">\n\t\t\t<i class=\"simcal-icon-left\"><\/i>\n\t\t<\/button>\n\t<\/div>\n\t<div class=\"simcal-nav simcal-current \" data-calendar-current=\"1776808800\">\n\t\t<h3 class=\"simcal-current-label\"> <\/h3>\n\t<\/div>\n\t<div class=\"simcal-nav\">\t\t<button class=\"simcal-nav-button simcal-next\" title=\"Seg\u00fcent\">\t\t\t<i class=\"simcal-icon-right\"><\/i>\n\t\t<\/button>\n\t<\/div>\n<\/nav>\n<dl class=\"simcal-events-list-container\" data-prev=\"1776204000\" data-next=\"1777413600\" data-heading-small=\"abr. 2026\" data-heading-large=\"abril 2026\">\t<p>Res per mostrar entre el 21\/04\/2026 i el 28\/04\/2026.\t<\/p>\n<\/dl><div class=\"simcal-ajax-loader simcal-spinner-top\" style=\"display: none;\"><i class=\"simcal-icon-spinner simcal-icon-spin\"><\/i><\/div><\/div><\/div>\n<\/div>\n<\/div>\n","protected":false},"excerpt":{"rendered":"<p>Inici de curs: 8 de setembre de 2025 (ESO) &#8211; 12 de setembre de 2025 (Batxillerat) Reuni\u00f3 informativa per a fam\u00edlies de 1r d&#8217;ESO:3 de setembre de 2025, 17h. Vacances: Dies festius de lliure disposici\u00f3: L\u2019horari lectiu\u00a0del centre \u00e9s de les 08:00 h a les 14:30 h. (Els alumnes que utilitzen el servei de menjador [&hellip;]<\/p>\n","protected":false},"author":1,"featured_media":0,"parent":19,"menu_order":70,"comment_status":"closed","ping_status":"closed","template":"","meta":{"site-sidebar-layout":"default","site-content-layout":"","ast-site-content-layout":"default","site-content-style":"default","site-sidebar-style":"default","ast-global-header-display":"","ast-banner-title-visibility":"","ast-main-header-display":"","ast-hfb-above-header-display":"","ast-hfb-below-header-display":"","ast-hfb-mobile-header-display":"","site-post-title":"","ast-breadcrumbs-content":"","ast-featured-img":"","footer-sml-layout":"","theme-transparent-header-meta":"","adv-header-id-meta":"","stick-header-meta":"","header-above-stick-meta":"","header-main-stick-meta":"","header-below-stick-meta":"","astra-migrate-meta-layouts":"set","ast-page-background-enabled":"default","ast-page-background-meta":{"desktop":{"background-color":"var(--ast-global-color-4)","background-image":"","background-repeat":"repeat","background-position":"center center","background-size":"auto","background-attachment":"scroll","background-type":"","background-media":"","overlay-type":"","overlay-color":"","overlay-opacity":"","overlay-gradient":""},"tablet":{"background-color":"","background-image":"","background-repeat":"repeat","background-position":"center center","background-size":"auto","background-attachment":"scroll","background-type":"","background-media":"","overlay-type":"","overlay-color":"","overlay-opacity":"","overlay-gradient":""},"mobile":{"background-color":"","background-image":"","background-repeat":"repeat","background-position":"center center","background-size":"auto","background-attachment":"scroll","background-type":"","background-media":"","overlay-type":"","overlay-color":"","overlay-opacity":"","overlay-gradient":""}},"ast-content-background-meta":{"desktop":{"background-color":"var(--ast-global-color-5)","background-image":"","background-repeat":"repeat","background-position":"center center","background-size":"auto","background-attachment":"scroll","background-type":"","background-media":"","overlay-type":"","overlay-color":"","overlay-opacity":"","overlay-gradient":""},"tablet":{"background-color":"var(--ast-global-color-5)","background-image":"","background-repeat":"repeat","background-position":"center center","background-size":"auto","background-attachment":"scroll","background-type":"","background-media":"","overlay-type":"","overlay-color":"","overlay-opacity":"","overlay-gradient":""},"mobile":{"background-color":"var(--ast-global-color-5)","background-image":"","background-repeat":"repeat","background-position":"center center","background-size":"auto","background-attachment":"scroll","background-type":"","background-media":"","overlay-type":"","overlay-color":"","overlay-opacity":"","overlay-gradient":""}},"footnotes":""},"class_list":["post-52","page","type-page","status-publish","hentry"],"post_mailing_queue_ids":[],"_links":{"self":[{"href":"https:\/\/agora.xtec.cat\/insjoncar\/wp-json\/wp\/v2\/pages\/52","targetHints":{"allow":["GET"]}}],"collection":[{"href":"https:\/\/agora.xtec.cat\/insjoncar\/wp-json\/wp\/v2\/pages"}],"about":[{"href":"https:\/\/agora.xtec.cat\/insjoncar\/wp-json\/wp\/v2\/types\/page"}],"author":[{"embeddable":true,"href":"https:\/\/agora.xtec.cat\/insjoncar\/wp-json\/wp\/v2\/users\/1"}],"replies":[{"embeddable":true,"href":"https:\/\/agora.xtec.cat\/insjoncar\/wp-json\/wp\/v2\/comments?post=52"}],"version-history":[{"count":6,"href":"https:\/\/agora.xtec.cat\/insjoncar\/wp-json\/wp\/v2\/pages\/52\/revisions"}],"predecessor-version":[{"id":4309,"href":"https:\/\/agora.xtec.cat\/insjoncar\/wp-json\/wp\/v2\/pages\/52\/revisions\/4309"}],"up":[{"embeddable":true,"href":"https:\/\/agora.xtec.cat\/insjoncar\/wp-json\/wp\/v2\/pages\/19"}],"wp:attachment":[{"href":"https:\/\/agora.xtec.cat\/insjoncar\/wp-json\/wp\/v2\/media?parent=52"}],"curies":[{"name":"wp","href":"https:\/\/api.w.org\/{rel}","templated":true}]}}