{"id":43,"date":"2014-09-17T16:45:07","date_gmt":"2014-09-17T16:45:07","guid":{"rendered":"http:\/\/agora.xtec.cat\/insjoncar\/?page_id=43"},"modified":"2026-01-28T12:33:26","modified_gmt":"2026-01-28T11:33:26","slug":"consell-escolar","status":"publish","type":"page","link":"https:\/\/agora.xtec.cat\/insjoncar\/linstitut\/consell-escolar\/","title":{"rendered":"Consell escolar"},"content":{"rendered":"\n<p>El Consell Escolar del centre \u00e9s<strong>&nbsp;l\u2019\u00f2rgan de participaci\u00f3 de la comunitat escolar<\/strong>&nbsp;en el govern dels instituts d\u2019educaci\u00f3 secund\u00e0ria i l\u2019\u00f2rgan de programaci\u00f3, seguiment i avaluaci\u00f3 general de les seves activitats. En el consell escolar hi ha representats tots els col\u00b7lectius que intervenen en la comunitat educativa: director o directora, professorat, alumnes, personal d\u2019administraci\u00f3 i serveis, etc. Els membres del consell escolar&nbsp;<strong>s\u00f3n elegits per un per\u00edode de quatre anys<\/strong>&nbsp;i es renoven per meitats cada dos anys. Si voleu m\u00e9s informaci\u00f3 consulteu&nbsp;<a href=\"https:\/\/educacio.gencat.cat\/ca\/arees-actuacio\/centres-serveis-educatius\/centres\/consells-escolars-centres\/\" target=\"_blank\" rel=\"noreferrer noopener\">educacio.gencat.cat<\/a><\/p>\n\n\n\n<h2 class=\"wp-block-heading has-medium-font-size\"><strong>Objectius<\/strong><\/h2>\n\n\n\n<p><\/p>\n\n\n\n<ul class=\"wp-block-list\">\n<li>Aprovar el projecte educatiu i les modificacions corresponents per una majoria de tres cinquenes parts dels membres.<\/li>\n\n\n\n<li>Aprovar la programaci\u00f3 general anual del centre i avaluar-ne el desenvolupament i els resultats.<\/li>\n\n\n\n<li>Aprovar les propostes d\u2019acords de corresponsabilitat, convenis i altres acords de col\u00b7laboraci\u00f3 del centre amb entitats o institucions.<\/li>\n\n\n\n<li>Aprovar les normes d\u2019organitzaci\u00f3 i funcionament i les modificacions corresponents.<\/li>\n\n\n\n<li>Aprovar la carta de comprom\u00eds educatiu.<\/li>\n\n\n\n<li>Aprovar el pressupost del centre i el rendiment de comptes.<\/li>\n\n\n\n<li>Intervenir en el procediment d\u2019admissi\u00f3 d\u2019alumnes.<\/li>\n\n\n\n<li>Participar en el procediment de selecci\u00f3 i en la proposta de cessament del director o directora.<\/li>\n\n\n\n<li>Intervenir en la resoluci\u00f3 dels conflictes i, si escau, revisar les sancions als alumnes.<\/li>\n\n\n\n<li>Aprovar les directrius per a la programaci\u00f3 d\u2019activitats escolars complement\u00e0ries i d\u2019activitats extraescolars, i avaluar-ne el desenvolupament.<\/li>\n\n\n\n<li>Participar en les an\u00e0lisis i les avaluacions del funcionament general del centre i con\u00e8ixer l\u2019evoluci\u00f3 del rendiment escolar.<\/li>\n\n\n\n<li>Aprovar els criteris de col\u00b7laboraci\u00f3 amb altres centres i amb l\u2019entorn.<\/li>\n\n\n\n<li>Qualsevol altra que li sigui atribu\u00efda per les normes legals o reglament\u00e0ries.<\/li>\n<\/ul>\n\n\n\n<h2 class=\"wp-block-heading has-medium-font-size\">Membres<\/h2>\n\n\n\n<figure class=\"wp-block-table is-style-regular\"><table><tbody><tr><td>Jordi Rebagliato Nadal<\/td><td class=\"has-text-align-center\" data-align=\"center\">Director<\/td><\/tr><tr><td>Miquel Carceller Sindreu<\/td><td class=\"has-text-align-center\" data-align=\"center\">Cap d\u2019estudis<\/td><\/tr><tr><td>Federico Pesl Pokrzyva<\/td><td class=\"has-text-align-center\" data-align=\"center\">Secretari<\/td><\/tr><tr><td>Gemma Bello Ferrer<\/td><td class=\"has-text-align-center\" data-align=\"center\">Representants del professorat <\/td><\/tr><tr><td>Miriam Egea Liria<\/td><td class=\"has-text-align-center\" data-align=\"center\">Representants del professorat<\/td><\/tr><tr><td>Mart\u00ed Cus\u00f3 Coll<\/td><td class=\"has-text-align-center\" data-align=\"center\">Representants del professorat<\/td><\/tr><tr><td>Erinau Bras\u00f3 Rius<\/td><td class=\"has-text-align-center\" data-align=\"center\">Representants del professorat<\/td><\/tr><tr><td>Raquel Calder\u00f3n G\u00e1mez<\/td><td class=\"has-text-align-center\" data-align=\"center\">Representants del professorat<\/td><\/tr><tr><td>Marina Boj Ar\u00e9valo<\/td><td class=\"has-text-align-center\" data-align=\"center\">Representants de l\u2019alumnat<\/td><\/tr><tr><td>Eloy Vila Ozcoz<\/td><td class=\"has-text-align-center\" data-align=\"center\">Representants de l\u2019alumnat<\/td><\/tr><tr><td>Artur Conill Dom\u00e9nech<\/td><td class=\"has-text-align-center\" data-align=\"center\">Representant del PAS<\/td><\/tr><tr><td>Neus Ballesteros Fern\u00e1ndez<\/td><td class=\"has-text-align-center\" data-align=\"center\">Representant de l\u2019ajuntament<\/td><\/tr><tr><td>M\u00f2nica Pollina Gasol<\/td><td class=\"has-text-align-center\" data-align=\"center\">Representant de les fam\u00edlies<\/td><\/tr><tr><td>Ramon Maria Altisent Pedr\u00f3s<\/td><td class=\"has-text-align-center\" data-align=\"center\">Representant de les fam\u00edlies<\/td><\/tr><tr><td>Clara Maria Mart\u00ednez Granados<\/td><td class=\"has-text-align-center\" data-align=\"center\">Presidenta de l\u2019AFA<\/td><\/tr><\/tbody><\/table><\/figure>\n\n\n\n<p><\/p>\n","protected":false},"excerpt":{"rendered":"<p>El Consell Escolar del centre \u00e9s&nbsp;l\u2019\u00f2rgan de participaci\u00f3 de la comunitat escolar&nbsp;en el govern dels instituts d\u2019educaci\u00f3 secund\u00e0ria i l\u2019\u00f2rgan de programaci\u00f3, seguiment i avaluaci\u00f3 general de les seves activitats. En el consell escolar hi ha representats tots els col\u00b7lectius que intervenen en la comunitat educativa: director o directora, professorat, alumnes, personal d\u2019administraci\u00f3 i serveis, [&hellip;]<\/p>\n","protected":false},"author":1,"featured_media":0,"parent":19,"menu_order":40,"comment_status":"closed","ping_status":"closed","template":"","meta":{"site-sidebar-layout":"default","site-content-layout":"","ast-site-content-layout":"default","site-content-style":"default","site-sidebar-style":"default","ast-global-header-display":"","ast-banner-title-visibility":"","ast-main-header-display":"","ast-hfb-above-header-display":"","ast-hfb-below-header-display":"","ast-hfb-mobile-header-display":"","site-post-title":"","ast-breadcrumbs-content":"","ast-featured-img":"","footer-sml-layout":"","theme-transparent-header-meta":"","adv-header-id-meta":"","stick-header-meta":"","header-above-stick-meta":"","header-main-stick-meta":"","header-below-stick-meta":"","astra-migrate-meta-layouts":"set","ast-page-background-enabled":"default","ast-page-background-meta":{"desktop":{"background-color":"var(--ast-global-color-4)","background-image":"","background-repeat":"repeat","background-position":"center center","background-size":"auto","background-attachment":"scroll","background-type":"","background-media":"","overlay-type":"","overlay-color":"","overlay-opacity":"","overlay-gradient":""},"tablet":{"background-color":"","background-image":"","background-repeat":"repeat","background-position":"center center","background-size":"auto","background-attachment":"scroll","background-type":"","background-media":"","overlay-type":"","overlay-color":"","overlay-opacity":"","overlay-gradient":""},"mobile":{"background-color":"","background-image":"","background-repeat":"repeat","background-position":"center center","background-size":"auto","background-attachment":"scroll","background-type":"","background-media":"","overlay-type":"","overlay-color":"","overlay-opacity":"","overlay-gradient":""}},"ast-content-background-meta":{"desktop":{"background-color":"var(--ast-global-color-5)","background-image":"","background-repeat":"repeat","background-position":"center center","background-size":"auto","background-attachment":"scroll","background-type":"","background-media":"","overlay-type":"","overlay-color":"","overlay-opacity":"","overlay-gradient":""},"tablet":{"background-color":"var(--ast-global-color-5)","background-image":"","background-repeat":"repeat","background-position":"center center","background-size":"auto","background-attachment":"scroll","background-type":"","background-media":"","overlay-type":"","overlay-color":"","overlay-opacity":"","overlay-gradient":""},"mobile":{"background-color":"var(--ast-global-color-5)","background-image":"","background-repeat":"repeat","background-position":"center center","background-size":"auto","background-attachment":"scroll","background-type":"","background-media":"","overlay-type":"","overlay-color":"","overlay-opacity":"","overlay-gradient":""}},"footnotes":""},"class_list":["post-43","page","type-page","status-publish","hentry"],"post_mailing_queue_ids":[],"_links":{"self":[{"href":"https:\/\/agora.xtec.cat\/insjoncar\/wp-json\/wp\/v2\/pages\/43","targetHints":{"allow":["GET"]}}],"collection":[{"href":"https:\/\/agora.xtec.cat\/insjoncar\/wp-json\/wp\/v2\/pages"}],"about":[{"href":"https:\/\/agora.xtec.cat\/insjoncar\/wp-json\/wp\/v2\/types\/page"}],"author":[{"embeddable":true,"href":"https:\/\/agora.xtec.cat\/insjoncar\/wp-json\/wp\/v2\/users\/1"}],"replies":[{"embeddable":true,"href":"https:\/\/agora.xtec.cat\/insjoncar\/wp-json\/wp\/v2\/comments?post=43"}],"version-history":[{"count":4,"href":"https:\/\/agora.xtec.cat\/insjoncar\/wp-json\/wp\/v2\/pages\/43\/revisions"}],"predecessor-version":[{"id":4565,"href":"https:\/\/agora.xtec.cat\/insjoncar\/wp-json\/wp\/v2\/pages\/43\/revisions\/4565"}],"up":[{"embeddable":true,"href":"https:\/\/agora.xtec.cat\/insjoncar\/wp-json\/wp\/v2\/pages\/19"}],"wp:attachment":[{"href":"https:\/\/agora.xtec.cat\/insjoncar\/wp-json\/wp\/v2\/media?parent=43"}],"curies":[{"name":"wp","href":"https:\/\/api.w.org\/{rel}","templated":true}]}}