{"id":4236,"date":"2025-06-04T20:16:58","date_gmt":"2025-06-04T18:16:58","guid":{"rendered":"https:\/\/agora.xtec.cat\/insjoncar\/?page_id=4236"},"modified":"2025-07-03T10:22:57","modified_gmt":"2025-07-03T08:22:57","slug":"extraescolars-25-26","status":"publish","type":"page","link":"https:\/\/agora.xtec.cat\/insjoncar\/extraescolars-25-26\/","title":{"rendered":"Extraescolars 25\/26"},"content":{"rendered":"\n<p>El curs 25\/26 CET10 gestionar\u00e0 les activitats extraescolars al nostre centre.<\/p>\n\n\n\n<div data-wp-interactive=\"core\/file\" class=\"wp-block-file\"><object data-wp-bind--hidden=\"!state.hasPdfPreview\" hidden class=\"wp-block-file__embed\" data=\"https:\/\/agora.xtec.cat\/insjoncar\/wp-content\/uploads\/usu3463\/2025\/06\/Presentacio-Cet10.pdf\" type=\"application\/pdf\" style=\"width:100%;height:600px\" aria-label=\"Incrustaci\u00f3 del fitxer Presentaci\u00f3 Cet10.\"><\/object><a id=\"wp-block-file--media-4134dcde-8598-4f1d-b9cd-b02923915209\" href=\"https:\/\/agora.xtec.cat\/insjoncar\/wp-content\/uploads\/usu3463\/2025\/06\/Presentacio-Cet10.pdf\">Presentaci\u00f3 Cet10<\/a><a href=\"https:\/\/agora.xtec.cat\/insjoncar\/wp-content\/uploads\/usu3463\/2025\/06\/Presentacio-Cet10.pdf\" class=\"wp-block-file__button wp-element-button\" download aria-describedby=\"wp-block-file--media-4134dcde-8598-4f1d-b9cd-b02923915209\">Baixa<\/a><\/div>\n\n\n\n<p>Aquestes s\u00f3n les activitats que s&#8217;ofereixen:<\/p>\n\n\n\n<div data-wp-interactive=\"core\/file\" class=\"wp-block-file\"><object data-wp-bind--hidden=\"!state.hasPdfPreview\" hidden class=\"wp-block-file__embed\" data=\"https:\/\/agora.xtec.cat\/insjoncar\/wp-content\/uploads\/usu3463\/2025\/06\/FITXES-ACTIVITATS-EXTRAESCOLARS.pdf\" type=\"application\/pdf\" style=\"width:100%;height:600px\" aria-label=\"Incrustaci\u00f3 del fitxer FITXES ACTIVITATS EXTRAESCOLARS.\"><\/object><a id=\"wp-block-file--media-773ac783-c12c-4dde-9ca9-07d1c7054825\" href=\"https:\/\/agora.xtec.cat\/insjoncar\/wp-content\/uploads\/usu3463\/2025\/06\/FITXES-ACTIVITATS-EXTRAESCOLARS.pdf\">FITXES ACTIVITATS EXTRAESCOLARS<\/a><a href=\"https:\/\/agora.xtec.cat\/insjoncar\/wp-content\/uploads\/usu3463\/2025\/06\/FITXES-ACTIVITATS-EXTRAESCOLARS.pdf\" class=\"wp-block-file__button wp-element-button\" download aria-describedby=\"wp-block-file--media-773ac783-c12c-4dde-9ca9-07d1c7054825\">Baixa<\/a><\/div>\n\n\n\n<p>Per donar-se d&#8217;alta i inscriure&#8217;s podeu seguir els seg\u00fcents passos:<\/p>\n\n\n\n<div data-wp-interactive=\"core\/file\" class=\"wp-block-file\"><object data-wp-bind--hidden=\"!state.hasPdfPreview\" hidden class=\"wp-block-file__embed\" data=\"https:\/\/agora.xtec.cat\/insjoncar\/wp-content\/uploads\/usu3463\/2025\/06\/INSCRIPCIO-EXTRAESCOLARS-2025-2026.pdf\" type=\"application\/pdf\" style=\"width:100%;height:600px\" aria-label=\"Incrustaci\u00f3 del fitxer INSCRIPCI\u00d3 EXTRAESCOLARS 2025-2026.\"><\/object><a id=\"wp-block-file--media-6e78a8fa-bf11-42cd-b8f0-1c95cc4d3c73\" href=\"https:\/\/agora.xtec.cat\/insjoncar\/wp-content\/uploads\/usu3463\/2025\/06\/INSCRIPCIO-EXTRAESCOLARS-2025-2026.pdf\">INSCRIPCI\u00d3 EXTRAESCOLARS 2025-2026<\/a><a href=\"https:\/\/agora.xtec.cat\/insjoncar\/wp-content\/uploads\/usu3463\/2025\/06\/INSCRIPCIO-EXTRAESCOLARS-2025-2026.pdf\" class=\"wp-block-file__button wp-element-button\" download aria-describedby=\"wp-block-file--media-6e78a8fa-bf11-42cd-b8f0-1c95cc4d3c73\">Baixa<\/a><\/div>\n\n\n\n<p>Hi ha una errada que afecta l&#8217;activitat de c\u00f2mic. L&#8217;horari en qu\u00e8 es dur\u00e0 a terme aquesta activitat \u00e9s de les 16:45 a les 18:00.<\/p>\n","protected":false},"excerpt":{"rendered":"<p>El curs 25\/26 CET10 gestionar\u00e0 les activitats extraescolars al nostre centre. Aquestes s\u00f3n les activitats que s&#8217;ofereixen: Per donar-se d&#8217;alta i inscriure&#8217;s podeu seguir els seg\u00fcents passos: Hi ha una errada que afecta l&#8217;activitat de c\u00f2mic. L&#8217;horari en qu\u00e8 es dur\u00e0 a terme aquesta activitat \u00e9s de les 16:45 a les 18:00.<\/p>\n","protected":false},"author":1,"featured_media":0,"parent":0,"menu_order":0,"comment_status":"closed","ping_status":"close","template":"","meta":{"site-sidebar-layout":"default","site-content-layout":"","ast-site-content-layout":"default","site-content-style":"default","site-sidebar-style":"default","ast-global-header-display":"","ast-banner-title-visibility":"","ast-main-header-display":"","ast-hfb-above-header-display":"","ast-hfb-below-header-display":"","ast-hfb-mobile-header-display":"","site-post-title":"","ast-breadcrumbs-content":"","ast-featured-img":"","footer-sml-layout":"","theme-transparent-header-meta":"","adv-header-id-meta":"","stick-header-meta":"","header-above-stick-meta":"","header-main-stick-meta":"","header-below-stick-meta":"","astra-migrate-meta-layouts":"set","ast-page-background-enabled":"default","ast-page-background-meta":{"desktop":{"background-color":"var(--ast-global-color-4)","background-image":"","background-repeat":"repeat","background-position":"center center","background-size":"auto","background-attachment":"scroll","background-type":"","background-media":"","overlay-type":"","overlay-color":"","overlay-opacity":"","overlay-gradient":""},"tablet":{"background-color":"","background-image":"","background-repeat":"repeat","background-position":"center center","background-size":"auto","background-attachment":"scroll","background-type":"","background-media":"","overlay-type":"","overlay-color":"","overlay-opacity":"","overlay-gradient":""},"mobile":{"background-color":"","background-image":"","background-repeat":"repeat","background-position":"center center","background-size":"auto","background-attachment":"scroll","background-type":"","background-media":"","overlay-type":"","overlay-color":"","overlay-opacity":"","overlay-gradient":""}},"ast-content-background-meta":{"desktop":{"background-color":"var(--ast-global-color-5)","background-image":"","background-repeat":"repeat","background-position":"center center","background-size":"auto","background-attachment":"scroll","background-type":"","background-media":"","overlay-type":"","overlay-color":"","overlay-opacity":"","overlay-gradient":""},"tablet":{"background-color":"var(--ast-global-color-5)","background-image":"","background-repeat":"repeat","background-position":"center center","background-size":"auto","background-attachment":"scroll","background-type":"","background-media":"","overlay-type":"","overlay-color":"","overlay-opacity":"","overlay-gradient":""},"mobile":{"background-color":"var(--ast-global-color-5)","background-image":"","background-repeat":"repeat","background-position":"center center","background-size":"auto","background-attachment":"scroll","background-type":"","background-media":"","overlay-type":"","overlay-color":"","overlay-opacity":"","overlay-gradient":""}},"footnotes":""},"class_list":["post-4236","page","type-page","status-publish","hentry"],"post_mailing_queue_ids":[],"_links":{"self":[{"href":"https:\/\/agora.xtec.cat\/insjoncar\/wp-json\/wp\/v2\/pages\/4236","targetHints":{"allow":["GET"]}}],"collection":[{"href":"https:\/\/agora.xtec.cat\/insjoncar\/wp-json\/wp\/v2\/pages"}],"about":[{"href":"https:\/\/agora.xtec.cat\/insjoncar\/wp-json\/wp\/v2\/types\/page"}],"author":[{"embeddable":true,"href":"https:\/\/agora.xtec.cat\/insjoncar\/wp-json\/wp\/v2\/users\/1"}],"replies":[{"embeddable":true,"href":"https:\/\/agora.xtec.cat\/insjoncar\/wp-json\/wp\/v2\/comments?post=4236"}],"version-history":[{"count":2,"href":"https:\/\/agora.xtec.cat\/insjoncar\/wp-json\/wp\/v2\/pages\/4236\/revisions"}],"predecessor-version":[{"id":4291,"href":"https:\/\/agora.xtec.cat\/insjoncar\/wp-json\/wp\/v2\/pages\/4236\/revisions\/4291"}],"wp:attachment":[{"href":"https:\/\/agora.xtec.cat\/insjoncar\/wp-json\/wp\/v2\/media?parent=4236"}],"curies":[{"name":"wp","href":"https:\/\/api.w.org\/{rel}","templated":true}]}}