{"id":4222,"date":"2025-05-30T13:55:37","date_gmt":"2025-05-30T11:55:37","guid":{"rendered":"https:\/\/agora.xtec.cat\/insjoncar\/?page_id=4222"},"modified":"2025-05-30T13:56:14","modified_gmt":"2025-05-30T11:56:14","slug":"instagram-de-linsti","status":"publish","type":"page","link":"https:\/\/agora.xtec.cat\/insjoncar\/instagram-de-linsti\/","title":{"rendered":"Instagram"},"content":{"rendered":"<div class=\"wp-block-getwid-instagram\">\n            <div class=\"wp-block-getwid-instagram__wrapper has-3-columns\">\n                <div class=\"wp-block-getwid-instagram__item\">\n\t<div class=\"wp-block-getwid-instagram__media-wrapper\">\n\t\t<a class=\"wp-block-getwid-instagram__media-link\" target=\"_blank\" href=\"https:\/\/www.instagram.com\/p\/DW8uK3MjToz\/\">\n\t\t\t\t\t\t\t<img decoding=\"async\" class=\"wp-block-getwid-instagram__media\" src=\"https:\/\/scontent-lhr8-2.cdninstagram.com\/v\/t51.82787-15\/670622896_17919212850322595_841268540634272750_n.webp?stp=dst-jpg_e35_tt6&#038;_nc_cat=106&#038;ccb=7-5&#038;_nc_sid=18de74&#038;efg=eyJlZmdfdGFnIjoiQ0FST1VTRUxfSVRFTS5iZXN0X2ltYWdlX3VybGdlbi5DMyJ9&#038;_nc_ohc=ZSBK98v05_0Q7kNvwGGEsK4&#038;_nc_oc=Adp0ii5B_aW6-uUSb6Kxa8qRicoNpfn_9Ynv0vj8JHbdcua2wSivlbEMjsYTkrSKSsc&#038;_nc_zt=23&#038;_nc_ht=scontent-lhr8-2.cdninstagram.com&#038;edm=ANo9K5cEAAAA&#038;_nc_gid=rhKGeoy_hoohR7mp_D47SA&#038;_nc_tpa=Q5bMBQFP7EwxOKWEFeBfpKE5mzAA_UAoRHo9sn_fem__DHkZa1LOBVvqtIRWfpdcvA6b47i23sPsCZeQXQ&#038;oh=00_Af3dIry6CZ5pss0iKS6O7DwNnsqQzF4bVwPPls4xUIW9vg&#038;oe=69EDF7B2\" alt=\"Divendres 27 de mar\u00e7 l\u2019alumnat de 2n de batxillerat va participar de l\u2019activitat &quot;L\u2019itinerari de selectivitat&quot; del Museu d\u2019Hist\u00f2ria de Catalunya, tot un recorregut per la hist\u00f2ria m\u00e9s recent de Catalunya. A l\u2019activitat ens vam dividir per grups per tal d\u2019interpretar diferents personatges hist\u00f2rics amb el doble objectiu de fer un exercici d\u2019empatia hist\u00f2rica i&hellip;\"\/>\n\t\t\t\t\t<\/a>\n\t<\/div>\n<\/div><div class=\"wp-block-getwid-instagram__item\">\n\t<div class=\"wp-block-getwid-instagram__media-wrapper\">\n\t\t<a class=\"wp-block-getwid-instagram__media-link\" target=\"_blank\" href=\"https:\/\/www.instagram.com\/p\/DW3hmUgDX-1\/\">\n\t\t\t\t\t\t\t<img decoding=\"async\" class=\"wp-block-getwid-instagram__media\" src=\"https:\/\/scontent-lhr8-1.cdninstagram.com\/v\/t51.82787-15\/659492243_17918904405322595_4101837038517766449_n.webp?stp=dst-jpg_e35_tt6&#038;_nc_cat=107&#038;ccb=7-5&#038;_nc_sid=18de74&#038;efg=eyJlZmdfdGFnIjoiRkVFRC5iZXN0X2ltYWdlX3VybGdlbi5DMyJ9&#038;_nc_ohc=UCF7Pba3_asQ7kNvwFmxm67&#038;_nc_oc=AdpqVmpWBWDb_b7RUuk8CdqSa2r6POUVW5ntef57oaTdw4Q2cxIp-trE5vFdJykhIDE&#038;_nc_zt=23&#038;_nc_ht=scontent-lhr8-1.cdninstagram.com&#038;edm=ANo9K5cEAAAA&#038;_nc_gid=rhKGeoy_hoohR7mp_D47SA&#038;_nc_tpa=Q5bMBQEb3U-MZx0GsPyVxbK6A2k0KyvaryZkXZxYHPMeSqXB-obh8Lzz2iujrLguDgjD5gnG6rhpqPLt1A&#038;oh=00_Af0bzQ7SfRroWUTb-26t2rpuAXOEtQL4bFoFPCidw07tEA&#038;oe=69EE19AD\" alt=\"N\u00fameros guanyadors de la rifa organitzada per l&#039;alumnat de 3r d&#039;ESO! \ud83c\udf89 En cas de ser el guanyador o guanyadora, escriviu al correu: projectesocialpanera@gmail.com Enhorabona als premiats!\"\/>\n\t\t\t\t\t<\/a>\n\t<\/div>\n<\/div><div class=\"wp-block-getwid-instagram__item\">\n\t<div class=\"wp-block-getwid-instagram__media-wrapper\">\n\t\t<a class=\"wp-block-getwid-instagram__media-link\" target=\"_blank\" href=\"https:\/\/www.instagram.com\/p\/DV_oPdbDZn9\/\">\n\t\t\t\t\t\t\t<img decoding=\"async\" class=\"wp-block-getwid-instagram__media\" src=\"https:\/\/scontent-lhr6-1.cdninstagram.com\/v\/t51.82787-15\/653564674_17915326380322595_6596562892350628683_n.webp?stp=dst-jpg_e35_tt6&#038;_nc_cat=109&#038;ccb=7-5&#038;_nc_sid=18de74&#038;efg=eyJlZmdfdGFnIjoiRkVFRC5iZXN0X2ltYWdlX3VybGdlbi5DMyJ9&#038;_nc_ohc=dgXp86RLsOIQ7kNvwF8Z_9G&#038;_nc_oc=AdrJYQJdzTt-W2SZA6IWj1IJujd3JuxpWemRea8GsDGn58rqNaWQ7SoVkRtrcKjuJDQ&#038;_nc_zt=23&#038;_nc_ht=scontent-lhr6-1.cdninstagram.com&#038;edm=ANo9K5cEAAAA&#038;_nc_gid=rhKGeoy_hoohR7mp_D47SA&#038;_nc_tpa=Q5bMBQHwXSFSYRfhtMvc5WbZS0MU52jYbdiEnUm-mNticxslXxuufLszGt3K6vWvcm570fd77bgVW-M1XQ&#038;oh=00_Af0ggtzP-laW5Y2IxR-Km8qs1DcHfOiyfsmlRsDatw84wA&#038;oe=69EE0B0E\" alt=\"El dijous 5 de mar\u00e7, l\u2019alumnat de 2n d\u2019ESO del nostre institut va participar en la 48a edici\u00f3 del Premi Coca-Cola de Relat Breu de Catalunya (2025\u20132026), un certamen literari que promou la creativitat i el gust per l\u2019escriptura entre els joves. Durant la prova, els participants van haver d\u2019escriure un relat breu de fins&hellip;\"\/>\n\t\t\t\t\t<\/a>\n\t<\/div>\n<\/div><div class=\"wp-block-getwid-instagram__item\">\n\t<div class=\"wp-block-getwid-instagram__media-wrapper\">\n\t\t<a class=\"wp-block-getwid-instagram__media-link\" target=\"_blank\" href=\"https:\/\/www.instagram.com\/p\/DVRUHLvjYhF\/\">\n\t\t\t\t\t\t\t<img decoding=\"async\" class=\"wp-block-getwid-instagram__media\" src=\"https:\/\/scontent-lhr6-1.cdninstagram.com\/v\/t51.82787-15\/642505462_17912444031322595_3980039615369510468_n.webp?stp=dst-jpg_e35_tt6&#038;_nc_cat=102&#038;ccb=7-5&#038;_nc_sid=18de74&#038;efg=eyJlZmdfdGFnIjoiQ0FST1VTRUxfSVRFTS5iZXN0X2ltYWdlX3VybGdlbi5DMyJ9&#038;_nc_ohc=yibAFvNy19sQ7kNvwGRQl9r&#038;_nc_oc=AdpKZwil25LjrCh55ab6awR3T4XlTkCtt3RkBNwkvZc5ZrIbZwq09L8p0OKTArymCuU&#038;_nc_zt=23&#038;_nc_ht=scontent-lhr6-1.cdninstagram.com&#038;edm=ANo9K5cEAAAA&#038;_nc_gid=rhKGeoy_hoohR7mp_D47SA&#038;_nc_tpa=Q5bMBQHotVKw0QD4nHJkWrzZwiwtM060Em-oyn0_Q00M4emTpJM3xH8bY0y8Hggnb9u_q83v4DcrKyokcg&#038;oh=00_Af3r6dvwIIAZmRn8RQKan7ZczgMFLplghZasGMUMbTA1fg&#038;oe=69EE1004\" alt=\"Aquest dimecres, l\u2019alumnat de 2n d\u2019ESO ha anat de sortida al CosmoCaixa per gaudir d\u2019una jornada cient\u00edfica molt enriquidora. Durant la visita, han pogut experimentar amb diferents aparells que recreen experiments i fen\u00f2mens f\u00edsics diversos i han participat d\u2019una xerrada a c\u00e0rrec de dues dones cient\u00edfiques que han format part de les missions Hypatia. Ens&hellip;\"\/>\n\t\t\t\t\t<\/a>\n\t<\/div>\n<\/div><div class=\"wp-block-getwid-instagram__item\">\n\t<div class=\"wp-block-getwid-instagram__media-wrapper\">\n\t\t<a class=\"wp-block-getwid-instagram__media-link\" target=\"_blank\" href=\"https:\/\/www.instagram.com\/p\/DU21SnhDSQV\/\">\n\t\t\t\t\t\t\t<img decoding=\"async\" class=\"wp-block-getwid-instagram__media\" src=\"https:\/\/scontent-lhr6-1.cdninstagram.com\/v\/t51.82787-15\/631895479_17911013766322595_5295591852478690608_n.webp?stp=dst-jpg_e35_tt6&#038;_nc_cat=109&#038;ccb=7-5&#038;_nc_sid=18de74&#038;efg=eyJlZmdfdGFnIjoiQ0FST1VTRUxfSVRFTS5iZXN0X2ltYWdlX3VybGdlbi5DMyJ9&#038;_nc_ohc=N9iXX35Is9gQ7kNvwGCLtMS&#038;_nc_oc=AdojxNssbFdannvjgRjYVhq_6PPr7pikSVuxds7fyj-wBbd9SCBM9gL9hu7HYqo2JSA&#038;_nc_zt=23&#038;_nc_ht=scontent-lhr6-1.cdninstagram.com&#038;edm=ANo9K5cEAAAA&#038;_nc_gid=rhKGeoy_hoohR7mp_D47SA&#038;_nc_tpa=Q5bMBQGBD3gRNyeL7xafq3czH36HLn0N3QjsBAGWe10WMuyNtHOQB5MESmMatD43D4cSA4HUhZkBeuMeYA&#038;oh=00_Af2LVDb12sMSkR1DNuIrb-x17yIltSpBhIsffybXdRxDtg&#038;oe=69EE0247\" alt=\"Els grups de 4t d\u2019ESO del centre van rebre el divendres 6 de febrer una actual i diferent lli\u00e7\u00f3 d\u2019hist\u00f2ria de la m\u00e0 de l\u2019arque\u00f2leg forense, Ren\u00e9 Pacheco, qui mant\u00e9 una llarga traject\u00f2ria treballant en la recerca i recuperaci\u00f3 de les fosses comunes que van deixar la Guerra Civil i el franquisme. A trav\u00e9s d\u2019una&hellip;\"\/>\n\t\t\t\t\t<\/a>\n\t<\/div>\n<\/div><div class=\"wp-block-getwid-instagram__item\">\n\t<div class=\"wp-block-getwid-instagram__media-wrapper\">\n\t\t<a class=\"wp-block-getwid-instagram__media-link\" target=\"_blank\" href=\"https:\/\/www.instagram.com\/p\/DUTjWB6Daon\/\">\n\t\t\t\t\t\t\t<img decoding=\"async\" class=\"wp-block-getwid-instagram__media\" src=\"https:\/\/scontent-lhr8-2.cdninstagram.com\/v\/t51.82787-15\/627559333_17909216874322595_2556257833131473158_n.webp?stp=dst-jpg_e35_tt6&#038;_nc_cat=101&#038;ccb=7-5&#038;_nc_sid=18de74&#038;efg=eyJlZmdfdGFnIjoiQ0FST1VTRUxfSVRFTS5iZXN0X2ltYWdlX3VybGdlbi5DMyJ9&#038;_nc_ohc=5FtBtg7Ab7oQ7kNvwHRnZOa&#038;_nc_oc=AdrRF3G6Xm7KeG8VHJC55W-zFlImm5h9rt48VA-p6DKra4VDDYobGhsYYO14oOS487U&#038;_nc_zt=23&#038;_nc_ht=scontent-lhr8-2.cdninstagram.com&#038;edm=ANo9K5cEAAAA&#038;_nc_gid=rhKGeoy_hoohR7mp_D47SA&#038;_nc_tpa=Q5bMBQEzUFr7NusqGdgPvV5C_-W6DyOr0fYXkI3oHdmTRI2JLJ4ofHX36JCYaW8t3MuMvVqvsQ-QQzbnvw&#038;oh=00_Af3qAKUyEcYXic6fLtDpQNHYHFx3WRIbcianZZ3H0o572Q&#038;oe=69EE11DA\" alt=\"Avui dimarts 3 de febrer, l\u2019alumnat de Biomedicina de 1r de batxillerat ha pogut gaudir de la visita del Dr. Miquel Massons, neur\u00f2leg i investigador doctoral en la malaltia de l\u2019Alzheimer a l\u2019@hospital_clinic de Barcelona. Ens ha explicat l\u2019etiologia i simptomatologia de la malaltia, aix\u00ed com les l\u00ednies de recerca que estan treballant des de&hellip;\"\/>\n\t\t\t\t\t<\/a>\n\t<\/div>\n<\/div><\/div>\n        <\/div>","protected":false},"excerpt":{"rendered":"","protected":false},"author":1,"featured_media":0,"parent":0,"menu_order":0,"comment_status":"closed","ping_status":"close","template":"","meta":{"site-sidebar-layout":"default","site-content-layout":"","ast-site-content-layout":"default","site-content-style":"default","site-sidebar-style":"default","ast-global-header-display":"","ast-banner-title-visibility":"","ast-main-header-display":"","ast-hfb-above-header-display":"","ast-hfb-below-header-display":"","ast-hfb-mobile-header-display":"","site-post-title":"","ast-breadcrumbs-content":"","ast-featured-img":"","footer-sml-layout":"","theme-transparent-header-meta":"","adv-header-id-meta":"","stick-header-meta":"","header-above-stick-meta":"","header-main-stick-meta":"","header-below-stick-meta":"","astra-migrate-meta-layouts":"set","ast-page-background-enabled":"default","ast-page-background-meta":{"desktop":{"background-color":"var(--ast-global-color-4)","background-image":"","background-repeat":"repeat","background-position":"center center","background-size":"auto","background-attachment":"scroll","background-type":"","background-media":"","overlay-type":"","overlay-color":"","overlay-opacity":"","overlay-gradient":""},"tablet":{"background-color":"","background-image":"","background-repeat":"repeat","background-position":"center center","background-size":"auto","background-attachment":"scroll","background-type":"","background-media":"","overlay-type":"","overlay-color":"","overlay-opacity":"","overlay-gradient":""},"mobile":{"background-color":"","background-image":"","background-repeat":"repeat","background-position":"center center","background-size":"auto","background-attachment":"scroll","background-type":"","background-media":"","overlay-type":"","overlay-color":"","overlay-opacity":"","overlay-gradient":""}},"ast-content-background-meta":{"desktop":{"background-color":"var(--ast-global-color-5)","background-image":"","background-repeat":"repeat","background-position":"center center","background-size":"auto","background-attachment":"scroll","background-type":"","background-media":"","overlay-type":"","overlay-color":"","overlay-opacity":"","overlay-gradient":""},"tablet":{"background-color":"var(--ast-global-color-5)","background-image":"","background-repeat":"repeat","background-position":"center center","background-size":"auto","background-attachment":"scroll","background-type":"","background-media":"","overlay-type":"","overlay-color":"","overlay-opacity":"","overlay-gradient":""},"mobile":{"background-color":"var(--ast-global-color-5)","background-image":"","background-repeat":"repeat","background-position":"center center","background-size":"auto","background-attachment":"scroll","background-type":"","background-media":"","overlay-type":"","overlay-color":"","overlay-opacity":"","overlay-gradient":""}},"footnotes":""},"class_list":["post-4222","page","type-page","status-publish","hentry"],"post_mailing_queue_ids":[],"_links":{"self":[{"href":"https:\/\/agora.xtec.cat\/insjoncar\/wp-json\/wp\/v2\/pages\/4222","targetHints":{"allow":["GET"]}}],"collection":[{"href":"https:\/\/agora.xtec.cat\/insjoncar\/wp-json\/wp\/v2\/pages"}],"about":[{"href":"https:\/\/agora.xtec.cat\/insjoncar\/wp-json\/wp\/v2\/types\/page"}],"author":[{"embeddable":true,"href":"https:\/\/agora.xtec.cat\/insjoncar\/wp-json\/wp\/v2\/users\/1"}],"replies":[{"embeddable":true,"href":"https:\/\/agora.xtec.cat\/insjoncar\/wp-json\/wp\/v2\/comments?post=4222"}],"version-history":[{"count":2,"href":"https:\/\/agora.xtec.cat\/insjoncar\/wp-json\/wp\/v2\/pages\/4222\/revisions"}],"predecessor-version":[{"id":4226,"href":"https:\/\/agora.xtec.cat\/insjoncar\/wp-json\/wp\/v2\/pages\/4222\/revisions\/4226"}],"wp:attachment":[{"href":"https:\/\/agora.xtec.cat\/insjoncar\/wp-json\/wp\/v2\/media?parent=4222"}],"curies":[{"name":"wp","href":"https:\/\/api.w.org\/{rel}","templated":true}]}}