{"id":1822,"date":"2019-11-28T13:34:49","date_gmt":"2019-11-28T12:34:49","guid":{"rendered":"https:\/\/agora.xtec.cat\/insjoanseguraivalls\/?page_id=1822"},"modified":"2019-11-28T13:34:49","modified_gmt":"2019-11-28T12:34:49","slug":"projecte-tac-2","status":"publish","type":"page","link":"https:\/\/agora.xtec.cat\/insjoanseguraivalls\/projecte-tac-2\/","title":{"rendered":"Projecte TAC"},"content":{"rendered":"<p>Participem en el projecte\u00a0Innovaci\u00f3 Pedag\u00f2gica Tecnologies digitals per a l\u2019aprenentatge.<\/p>\n<p>El centre ha considerat que els alumnes han de saber desenvolupar-se en els diferents entorns tecnol\u00f2gics i per aquest motiu s\u2019ha decidit formar part del projecte mobilitzem la inform\u00e0tica,\u00a0<em>scratch<\/em>\u00a0challenge i l\u2019\u00e0mbit de la comunicaci\u00f3 digital. Es comen\u00e7ar\u00e0 a introduir als alumnes a la programaci\u00f3 i la rob\u00f2tica ja des de 1r ESO i fins a 4t amb el pes a la nota de tecnologia i inform\u00e0tica. Tamb\u00e9 es vol treballar amb el disseny i la impressi\u00f3 3D. El centre ha apostat per fer comprar\u00a0<em>chromebooks<\/em>\u00a0als alumnes (el curs passat a 1r d\u2019ESO i ara ja en tenen els de 1r i 2n) ampliant aix\u00ed l\u2019\u00fas de les tecnologies TAC de l\u2019alumnat complementant-ho amb la introducci\u00f3 de la programaci\u00f3 i rob\u00f2tica.<\/p>\n<p><strong>\u00a0<\/strong><\/p>\n<p><u>Objectius espec\u00edfics i indicadors\u00a0<\/u><\/p>\n<ol>\n<li>Dissenyar activitats digitals en les diferent \u00e0rees<\/li>\n<li>Fer un banc de recursos digitals per fomentar la inclusi\u00f3 educativa.<\/li>\n<li>Formaci\u00f3 per al professorat en metodologies per a l\u2019aplicaci\u00f3 de les eines TAC.<\/li>\n<\/ol>\n<p>&nbsp;<\/p>\n<p>Els\u00a0<strong>INDICADORS<\/strong>\u00a0corresponents s\u00f3n:<\/p>\n<ul>\n<li>N\u00famero d\u2019activitats digitals que es realitzen en cada departament.<\/li>\n<li>Actualitzaci\u00f3 de les aplicacions digitals incloses en les programacions docents.<\/li>\n<li>Aplicacions realitzades a l\u2019aula.<\/li>\n<li>Exposicions dels treballs realitzats pels alumnes.<\/li>\n<li>Resultats de les compet\u00e8ncies digitals.<\/li>\n<\/ul>\n<p>&nbsp;<\/p>\n<p>Si s\u2019incrementen en un 5% cada curs, els indicadors en compet\u00e8ncia digital, el grau d\u2019assoliment del projecte ser\u00e0 satisfactori.<\/p>\n","protected":false},"excerpt":{"rendered":"<p>Participem en el projecte\u00a0Innovaci\u00f3 Pedag\u00f2gica Tecnologies digitals per a l\u2019aprenentatge. El centre ha considerat que els alumnes han de saber desenvolupar-se en els diferents entorns tecnol\u00f2gics i per aquest motiu s\u2019ha decidit formar part del projecte mobilitzem la inform\u00e0tica,\u00a0scratch\u00a0challenge i l\u2019\u00e0mbit de la comunicaci\u00f3 digital. Es comen\u00e7ar\u00e0 a introduir als alumnes a la programaci\u00f3 i [&hellip;]<\/p>\n","protected":false},"author":1,"featured_media":0,"parent":0,"menu_order":5,"comment_status":"closed","ping_status":"closed","template":"","meta":{"_bbp_topic_count":0,"_bbp_reply_count":0,"_bbp_total_topic_count":0,"_bbp_total_reply_count":0,"_bbp_voice_count":0,"_bbp_anonymous_reply_count":0,"_bbp_topic_count_hidden":0,"_bbp_reply_count_hidden":0,"_bbp_forum_subforum_count":0,"site-sidebar-layout":"default","site-content-layout":"","ast-site-content-layout":"","site-content-style":"default","site-sidebar-style":"default","ast-global-header-display":"","ast-banner-title-visibility":"","ast-main-header-display":"","ast-hfb-above-header-display":"","ast-hfb-below-header-display":"","ast-hfb-mobile-header-display":"","site-post-title":"","ast-breadcrumbs-content":"","ast-featured-img":"","footer-sml-layout":"","theme-transparent-header-meta":"","adv-header-id-meta":"","stick-header-meta":"","header-above-stick-meta":"","header-main-stick-meta":"","header-below-stick-meta":"","astra-migrate-meta-layouts":"default","ast-page-background-enabled":"default","ast-page-background-meta":{"desktop":{"background-color":"var(--ast-global-color-4)","background-image":"","background-repeat":"repeat","background-position":"center center","background-size":"auto","background-attachment":"scroll","background-type":"","background-media":"","overlay-type":"","overlay-color":"","overlay-opacity":"","overlay-gradient":""},"tablet":{"background-color":"","background-image":"","background-repeat":"repeat","background-position":"center center","background-size":"auto","background-attachment":"scroll","background-type":"","background-media":"","overlay-type":"","overlay-color":"","overlay-opacity":"","overlay-gradient":""},"mobile":{"background-color":"","background-image":"","background-repeat":"repeat","background-position":"center center","background-size":"auto","background-attachment":"scroll","background-type":"","background-media":"","overlay-type":"","overlay-color":"","overlay-opacity":"","overlay-gradient":""}},"ast-content-background-meta":{"desktop":{"background-color":"var(--ast-global-color-5)","background-image":"","background-repeat":"repeat","background-position":"center center","background-size":"auto","background-attachment":"scroll","background-type":"","background-media":"","overlay-type":"","overlay-color":"","overlay-opacity":"","overlay-gradient":""},"tablet":{"background-color":"var(--ast-global-color-5)","background-image":"","background-repeat":"repeat","background-position":"center center","background-size":"auto","background-attachment":"scroll","background-type":"","background-media":"","overlay-type":"","overlay-color":"","overlay-opacity":"","overlay-gradient":""},"mobile":{"background-color":"var(--ast-global-color-5)","background-image":"","background-repeat":"repeat","background-position":"center center","background-size":"auto","background-attachment":"scroll","background-type":"","background-media":"","overlay-type":"","overlay-color":"","overlay-opacity":"","overlay-gradient":""}},"footnotes":""},"class_list":["post-1822","page","type-page","status-publish","hentry"],"post_mailing_queue_ids":[],"_links":{"self":[{"href":"https:\/\/agora.xtec.cat\/insjoanseguraivalls\/wp-json\/wp\/v2\/pages\/1822","targetHints":{"allow":["GET"]}}],"collection":[{"href":"https:\/\/agora.xtec.cat\/insjoanseguraivalls\/wp-json\/wp\/v2\/pages"}],"about":[{"href":"https:\/\/agora.xtec.cat\/insjoanseguraivalls\/wp-json\/wp\/v2\/types\/page"}],"author":[{"embeddable":true,"href":"https:\/\/agora.xtec.cat\/insjoanseguraivalls\/wp-json\/wp\/v2\/users\/1"}],"replies":[{"embeddable":true,"href":"https:\/\/agora.xtec.cat\/insjoanseguraivalls\/wp-json\/wp\/v2\/comments?post=1822"}],"version-history":[{"count":1,"href":"https:\/\/agora.xtec.cat\/insjoanseguraivalls\/wp-json\/wp\/v2\/pages\/1822\/revisions"}],"predecessor-version":[{"id":1823,"href":"https:\/\/agora.xtec.cat\/insjoanseguraivalls\/wp-json\/wp\/v2\/pages\/1822\/revisions\/1823"}],"wp:attachment":[{"href":"https:\/\/agora.xtec.cat\/insjoanseguraivalls\/wp-json\/wp\/v2\/media?parent=1822"}],"curies":[{"name":"wp","href":"https:\/\/api.w.org\/{rel}","templated":true}]}}