{"id":977,"date":"2016-12-21T08:50:34","date_gmt":"2016-12-21T07:50:34","guid":{"rendered":"http:\/\/agora.xtec.cat\/insjoanmercader\/?page_id=977"},"modified":"2026-03-20T10:27:59","modified_gmt":"2026-03-20T09:27:59","slug":"btx-2","status":"publish","type":"page","link":"https:\/\/agora.xtec.cat\/insjoanmercader\/estudis\/btx-2\/","title":{"rendered":"BATX 2"},"content":{"rendered":"<p>&nbsp;<\/p>\n<h5 style=\"text-align: center;\"><span style=\"font-family: arial, helvetica, sans-serif;\">CURS 2026-27 (Promoci\u00f3 2025-27)<\/span><\/h5>\n<p style=\"text-align: center;\">\n<p><a href=\"https:\/\/agora.xtec.cat\/insjoanmercader\/wp-content\/uploads\/usu427\/2026\/03\/b2.png\"><img loading=\"lazy\" decoding=\"async\" class=\"size-large wp-image-12780 aligncenter\" src=\"https:\/\/agora.xtec.cat\/insjoanmercader\/wp-content\/uploads\/usu427\/2026\/03\/b2-1024x599.png\" alt=\"\" width=\"1024\" height=\"599\" srcset=\"https:\/\/agora.xtec.cat\/insjoanmercader\/wp-content\/uploads\/usu427\/2026\/03\/b2-1024x599.png 1024w, https:\/\/agora.xtec.cat\/insjoanmercader\/wp-content\/uploads\/usu427\/2026\/03\/b2-300x176.png 300w, https:\/\/agora.xtec.cat\/insjoanmercader\/wp-content\/uploads\/usu427\/2026\/03\/b2-768x449.png 768w, https:\/\/agora.xtec.cat\/insjoanmercader\/wp-content\/uploads\/usu427\/2026\/03\/b2.png 1116w\" sizes=\"auto, (max-width: 1024px) 100vw, 1024px\" \/><\/a><\/p>\n<h5 style=\"text-align: center;\"><span style=\"font-family: arial, helvetica, sans-serif;\">A PARTIR DEL CURS 2027-28<\/span><\/h5>\n<h5 style=\"text-align: center;\"><a href=\"https:\/\/agora.xtec.cat\/insjoanmercader\/wp-content\/uploads\/usu427\/2026\/03\/Itineraris-Batxillerat-26-28-B2-scaled.jpg\"><img loading=\"lazy\" decoding=\"async\" class=\"alignnone wp-image-12778 size-large\" src=\"https:\/\/agora.xtec.cat\/insjoanmercader\/wp-content\/uploads\/usu427\/2026\/03\/Itineraris-Batxillerat-26-28-B2-scaled-e1773998498595-1024x1017.jpg\" alt=\"\" width=\"1024\" height=\"1017\" srcset=\"https:\/\/agora.xtec.cat\/insjoanmercader\/wp-content\/uploads\/usu427\/2026\/03\/Itineraris-Batxillerat-26-28-B2-scaled-e1773998498595-1024x1017.jpg 1024w, https:\/\/agora.xtec.cat\/insjoanmercader\/wp-content\/uploads\/usu427\/2026\/03\/Itineraris-Batxillerat-26-28-B2-scaled-e1773998498595-300x298.jpg 300w, https:\/\/agora.xtec.cat\/insjoanmercader\/wp-content\/uploads\/usu427\/2026\/03\/Itineraris-Batxillerat-26-28-B2-scaled-e1773998498595-150x150.jpg 150w, https:\/\/agora.xtec.cat\/insjoanmercader\/wp-content\/uploads\/usu427\/2026\/03\/Itineraris-Batxillerat-26-28-B2-scaled-e1773998498595-768x763.jpg 768w, https:\/\/agora.xtec.cat\/insjoanmercader\/wp-content\/uploads\/usu427\/2026\/03\/Itineraris-Batxillerat-26-28-B2-scaled-e1773998498595-1536x1525.jpg 1536w, https:\/\/agora.xtec.cat\/insjoanmercader\/wp-content\/uploads\/usu427\/2026\/03\/Itineraris-Batxillerat-26-28-B2-scaled-e1773998498595.jpg 1702w\" sizes=\"auto, (max-width: 1024px) 100vw, 1024px\" \/><\/a><\/h5>\n<p style=\"text-align: center;\"><a href=\"https:\/\/universitats.gencat.cat\/ca\/preinscripcions\/ponderacions\/\"><span style=\"font-family: arial, helvetica, sans-serif;\"><b>PONDERACI\u00d3 DE LES MAT\u00c8RIES EN L&#8217;ACC\u00c9S A LA UNIVERSITAT<\/b><\/span><\/a><\/p>\n<p style=\"text-align: center;\"><span style=\"font-family: arial, helvetica, sans-serif;\"><strong><a href=\"https:\/\/docs.google.com\/document\/d\/1GXD5EuD-SVL7HLC4jd-Sn9KuGvHvjepsgU9uJnMYnzk\/edit?usp=sharing\" target=\"_blank\" rel=\"noopener\">QUADERN INICI DE CURS 2n BATXILLERAT CURS 25- 26<\/a><\/strong><\/span><\/p>\n<p>&nbsp;<\/p>\n","protected":false},"excerpt":{"rendered":"<p>&nbsp; CURS 2026-27 (Promoci\u00f3 2025-27) A PARTIR DEL CURS 2027-28 PONDERACI\u00d3 DE LES MAT\u00c8RIES EN L&#8217;ACC\u00c9S A LA UNIVERSITAT QUADERN INICI DE CURS 2n BATXILLERAT CURS 25- 26 &nbsp;<\/p>\n","protected":false},"author":1,"featured_media":0,"parent":195,"menu_order":0,"comment_status":"closed","ping_status":"closed","template":"","meta":{"_bbp_topic_count":0,"_bbp_reply_count":0,"_bbp_total_topic_count":0,"_bbp_total_reply_count":0,"_bbp_voice_count":0,"_bbp_anonymous_reply_count":0,"_bbp_topic_count_hidden":0,"_bbp_reply_count_hidden":0,"_bbp_forum_subforum_count":0,"site-sidebar-layout":"default","site-content-layout":"","ast-site-content-layout":"default","site-content-style":"default","site-sidebar-style":"default","ast-global-header-display":"","ast-banner-title-visibility":"","ast-main-header-display":"","ast-hfb-above-header-display":"","ast-hfb-below-header-display":"","ast-hfb-mobile-header-display":"","site-post-title":"","ast-breadcrumbs-content":"","ast-featured-img":"","footer-sml-layout":"","theme-transparent-header-meta":"default","adv-header-id-meta":"","stick-header-meta":"","header-above-stick-meta":"","header-main-stick-meta":"","header-below-stick-meta":"","astra-migrate-meta-layouts":"set","ast-page-background-enabled":"default","ast-page-background-meta":{"desktop":{"background-color":"var(--ast-global-color-4)","background-image":"","background-repeat":"repeat","background-position":"center center","background-size":"auto","background-attachment":"scroll","background-type":"","background-media":"","overlay-type":"","overlay-color":"","overlay-opacity":"","overlay-gradient":""},"tablet":{"background-color":"","background-image":"","background-repeat":"repeat","background-position":"center center","background-size":"auto","background-attachment":"scroll","background-type":"","background-media":"","overlay-type":"","overlay-color":"","overlay-opacity":"","overlay-gradient":""},"mobile":{"background-color":"","background-image":"","background-repeat":"repeat","background-position":"center center","background-size":"auto","background-attachment":"scroll","background-type":"","background-media":"","overlay-type":"","overlay-color":"","overlay-opacity":"","overlay-gradient":""}},"ast-content-background-meta":{"desktop":{"background-color":"var(--ast-global-color-5)","background-image":"","background-repeat":"repeat","background-position":"center center","background-size":"auto","background-attachment":"scroll","background-type":"","background-media":"","overlay-type":"","overlay-color":"","overlay-opacity":"","overlay-gradient":""},"tablet":{"background-color":"var(--ast-global-color-5)","background-image":"","background-repeat":"repeat","background-position":"center center","background-size":"auto","background-attachment":"scroll","background-type":"","background-media":"","overlay-type":"","overlay-color":"","overlay-opacity":"","overlay-gradient":""},"mobile":{"background-color":"var(--ast-global-color-5)","background-image":"","background-repeat":"repeat","background-position":"center center","background-size":"auto","background-attachment":"scroll","background-type":"","background-media":"","overlay-type":"","overlay-color":"","overlay-opacity":"","overlay-gradient":""}},"footnotes":""},"class_list":["post-977","page","type-page","status-publish","hentry"],"post_mailing_queue_ids":[],"_links":{"self":[{"href":"https:\/\/agora.xtec.cat\/insjoanmercader\/wp-json\/wp\/v2\/pages\/977","targetHints":{"allow":["GET"]}}],"collection":[{"href":"https:\/\/agora.xtec.cat\/insjoanmercader\/wp-json\/wp\/v2\/pages"}],"about":[{"href":"https:\/\/agora.xtec.cat\/insjoanmercader\/wp-json\/wp\/v2\/types\/page"}],"author":[{"embeddable":true,"href":"https:\/\/agora.xtec.cat\/insjoanmercader\/wp-json\/wp\/v2\/users\/1"}],"replies":[{"embeddable":true,"href":"https:\/\/agora.xtec.cat\/insjoanmercader\/wp-json\/wp\/v2\/comments?post=977"}],"version-history":[{"count":9,"href":"https:\/\/agora.xtec.cat\/insjoanmercader\/wp-json\/wp\/v2\/pages\/977\/revisions"}],"predecessor-version":[{"id":12781,"href":"https:\/\/agora.xtec.cat\/insjoanmercader\/wp-json\/wp\/v2\/pages\/977\/revisions\/12781"}],"up":[{"embeddable":true,"href":"https:\/\/agora.xtec.cat\/insjoanmercader\/wp-json\/wp\/v2\/pages\/195"}],"wp:attachment":[{"href":"https:\/\/agora.xtec.cat\/insjoanmercader\/wp-json\/wp\/v2\/media?parent=977"}],"curies":[{"name":"wp","href":"https:\/\/api.w.org\/{rel}","templated":true}]}}