{"id":9617,"date":"2023-03-09T13:16:05","date_gmt":"2023-03-09T12:16:05","guid":{"rendered":"https:\/\/agora.xtec.cat\/insjoanmercader\/?page_id=9617"},"modified":"2025-08-29T15:50:37","modified_gmt":"2025-08-29T13:50:37","slug":"acolliment-professorat","status":"publish","type":"page","link":"https:\/\/agora.xtec.cat\/insjoanmercader\/estrategia-digital-de-centre\/cultura-digital\/acolliment-professorat\/","title":{"rendered":"Acollida professorat"},"content":{"rendered":"<p><strong>Acollida digital del professorat de nova incorporaci\u00f3<\/strong><\/p>\n<p>L&#8217; acolliment digital forma part de l&#8217;acolliment general al centre. En el moment que des del centre es disposa del seu correu electr\u00f2nic Xtec, el coordinador digital facilita l\u2019acc\u00e9s a tots els serveis digitals i envia les instruccions d\u2019acc\u00e9s al correu electr\u00f2nic informat per el\/la professor\/a. El professorat ha de tenir actiu el correu Xtec i con\u00e8ixer la pol\u00edtica de canvi de claus establerta pel Departament.<\/p>\n<p>\u00c9s MOLT important destacar la <strong>Guia TAC de l\u2019Institut Joan Mercader<\/strong>, com a document de consulta, a on es recull tota la informaci\u00f3 relacionada amb el funcionament i gesti\u00f3 dels serveis digitals del centre.\u00a0 Podreu trobar-la a una unitat compartida anomenada <strong>Coordinaci\u00f3 digital INS Joan Mercader<\/strong>, al Drive del compte Xtec del professorat del centre.<\/p>\n<p>El coordinador digital del centre vetlla per tal que es segueixi tot aquest procediment:<\/p>\n<div><\/div>\n<p>-S&#8217;afegeix al docent a la llista de distribuci\u00f3 de correu electr\u00f2nic del centre i se&#8217;ls en fa la baixa quan deixen el centre. Igualment, s&#8217;afegeix al docent al calendari d&#8217;activitats generals del centre (aquests procediments els realitza Cap Estudis\/Secretari?)<br \/>\n-Es facilita al docent un correu corporatiu de centre (@insjoanmercader.cat) i una contrasenya. En cas de baixa, el compte s&#8217;esborra al finalitzar el curs actual.<br \/>\n-Es facilita al docent un usuari i clau d&#8217;acc\u00e9s a l&#8217; EVA del centre (Moodle). Les instruccions les rep en un correu electr\u00f2nic.<br \/>\n-Es facilita al docent un usuari i clau d&#8217;acc\u00e9s a l&#8217; aplicatiu de tutoria del centre (Infoself). Les instruccions les rep en un correu electr\u00f2nic.<br \/>\n-S&#8217;assessora els docents el servei d&#8217;impressi\u00f3 si els desconeixen, especialment pel que fa refer\u00e8ncia als ordinadors de l&#8217;\u00e0mbit administratiu.<br \/>\n-Es lliura el port\u00e0til de dotaci\u00f3 a cada docent i se li comprova la connectivitat i el nou docent signa el full de lliurament. Haur\u00e0 de tornar-lo net de programari i tamb\u00e9 f\u00edsicament amb el carregador. Aquest lliurament dep\u00e9n de la disponibilitat d&#8217;equips i condicionants del projecte, establerts pel Departament d&#8217;Educaci\u00f3.<br \/>\n-S&#8217;afegeix al docent a la unitat compartida &#8220;<strong>Coordinaci\u00f3 digital INS Joan Mercader<\/strong>&#8221; a on tenen disponible la &#8220;Guia TAC&#8221;, principal document de consulta de funcionament dels serveis digitals. Aquest document no \u00e9s accessible des de la web del centre.<br \/>\n-S&#8217;informa al docents del document d&#8217;EDC per tal que el pugui consultar des de la web del centre.<\/p>\n","protected":false},"excerpt":{"rendered":"<p>Acollida digital del professorat de nova incorporaci\u00f3 L&#8217; acolliment digital forma part de l&#8217;acolliment general al centre. En el moment que des del centre es disposa del seu correu electr\u00f2nic Xtec, el coordinador digital facilita l\u2019acc\u00e9s a tots els serveis digitals i envia les instruccions d\u2019acc\u00e9s al correu electr\u00f2nic informat per el\/la professor\/a. El professorat [&hellip;]<\/p>\n","protected":false},"author":1,"featured_media":0,"parent":63,"menu_order":0,"comment_status":"closed","ping_status":"closed","template":"","meta":{"_bbp_topic_count":0,"_bbp_reply_count":0,"_bbp_total_topic_count":0,"_bbp_total_reply_count":0,"_bbp_voice_count":0,"_bbp_anonymous_reply_count":0,"_bbp_topic_count_hidden":0,"_bbp_reply_count_hidden":0,"_bbp_forum_subforum_count":0,"site-sidebar-layout":"default","site-content-layout":"","ast-site-content-layout":"default","site-content-style":"default","site-sidebar-style":"default","ast-global-header-display":"","ast-banner-title-visibility":"","ast-main-header-display":"","ast-hfb-above-header-display":"","ast-hfb-below-header-display":"","ast-hfb-mobile-header-display":"","site-post-title":"","ast-breadcrumbs-content":"","ast-featured-img":"","footer-sml-layout":"","theme-transparent-header-meta":"default","adv-header-id-meta":"","stick-header-meta":"","header-above-stick-meta":"","header-main-stick-meta":"","header-below-stick-meta":"","astra-migrate-meta-layouts":"set","ast-page-background-enabled":"default","ast-page-background-meta":{"desktop":{"background-color":"var(--ast-global-color-4)","background-image":"","background-repeat":"repeat","background-position":"center center","background-size":"auto","background-attachment":"scroll","background-type":"","background-media":"","overlay-type":"","overlay-color":"","overlay-opacity":"","overlay-gradient":""},"tablet":{"background-color":"","background-image":"","background-repeat":"repeat","background-position":"center center","background-size":"auto","background-attachment":"scroll","background-type":"","background-media":"","overlay-type":"","overlay-color":"","overlay-opacity":"","overlay-gradient":""},"mobile":{"background-color":"","background-image":"","background-repeat":"repeat","background-position":"center center","background-size":"auto","background-attachment":"scroll","background-type":"","background-media":"","overlay-type":"","overlay-color":"","overlay-opacity":"","overlay-gradient":""}},"ast-content-background-meta":{"desktop":{"background-color":"var(--ast-global-color-5)","background-image":"","background-repeat":"repeat","background-position":"center center","background-size":"auto","background-attachment":"scroll","background-type":"","background-media":"","overlay-type":"","overlay-color":"","overlay-opacity":"","overlay-gradient":""},"tablet":{"background-color":"var(--ast-global-color-5)","background-image":"","background-repeat":"repeat","background-position":"center center","background-size":"auto","background-attachment":"scroll","background-type":"","background-media":"","overlay-type":"","overlay-color":"","overlay-opacity":"","overlay-gradient":""},"mobile":{"background-color":"var(--ast-global-color-5)","background-image":"","background-repeat":"repeat","background-position":"center center","background-size":"auto","background-attachment":"scroll","background-type":"","background-media":"","overlay-type":"","overlay-color":"","overlay-opacity":"","overlay-gradient":""}},"footnotes":""},"class_list":["post-9617","page","type-page","status-publish","hentry"],"post_mailing_queue_ids":[],"_links":{"self":[{"href":"https:\/\/agora.xtec.cat\/insjoanmercader\/wp-json\/wp\/v2\/pages\/9617","targetHints":{"allow":["GET"]}}],"collection":[{"href":"https:\/\/agora.xtec.cat\/insjoanmercader\/wp-json\/wp\/v2\/pages"}],"about":[{"href":"https:\/\/agora.xtec.cat\/insjoanmercader\/wp-json\/wp\/v2\/types\/page"}],"author":[{"embeddable":true,"href":"https:\/\/agora.xtec.cat\/insjoanmercader\/wp-json\/wp\/v2\/users\/1"}],"replies":[{"embeddable":true,"href":"https:\/\/agora.xtec.cat\/insjoanmercader\/wp-json\/wp\/v2\/comments?post=9617"}],"version-history":[{"count":6,"href":"https:\/\/agora.xtec.cat\/insjoanmercader\/wp-json\/wp\/v2\/pages\/9617\/revisions"}],"predecessor-version":[{"id":12242,"href":"https:\/\/agora.xtec.cat\/insjoanmercader\/wp-json\/wp\/v2\/pages\/9617\/revisions\/12242"}],"up":[{"embeddable":true,"href":"https:\/\/agora.xtec.cat\/insjoanmercader\/wp-json\/wp\/v2\/pages\/63"}],"wp:attachment":[{"href":"https:\/\/agora.xtec.cat\/insjoanmercader\/wp-json\/wp\/v2\/media?parent=9617"}],"curies":[{"name":"wp","href":"https:\/\/api.w.org\/{rel}","templated":true}]}}