{"id":9496,"date":"2023-02-22T10:35:26","date_gmt":"2023-02-22T09:35:26","guid":{"rendered":"https:\/\/agora.xtec.cat\/insjoanmercader\/?page_id=9496"},"modified":"2023-02-22T14:30:06","modified_gmt":"2023-02-22T13:30:06","slug":"estrategia-digital-de-centre","status":"publish","type":"page","link":"https:\/\/agora.xtec.cat\/insjoanmercader\/estrategia-digital-de-centre\/","title":{"rendered":"Estrat\u00e8gia digital de centre"},"content":{"rendered":"<p><strong>L\u2019Estrat\u00e8gia Digital de Centre (EDC)<\/strong> recull totes les accions que es realitzen a l&#8217;Institut Joan Mercader, i les que es realitzaran a mitj\u00e0 termini, per aconseguir la m\u00e0xima compet\u00e8ncia digital de l\u2019alumnat, del professorat i del centre educatiu.<\/p>\n<p><img decoding=\"async\" src=\"https:\/\/projectes.xtec.cat\/edc-suport\/wp-content\/uploads\/usu2435\/2021\/03\/1_Qu%C3%A8-%C3%A9s-lEDC_v3-1-1024x724.jpg\" \/><\/p>\n<p>Aquestes accions s&#8217;engloben en dos grans apartats:<\/p>\n<ul>\n<li style=\"list-style-type: none;\">\n<ul>\n<li><a href=\"https:\/\/agora.xtec.cat\/insjoanmercader\/estrategia-digital-de-centre\/cultura-digital\/\" target=\"_blank\" rel=\"noopener\">CULTURA DIGITAL<\/a><\/li>\n<li><a href=\"https:\/\/agora.xtec.cat\/insjoanmercader\/estrategia-digital-de-centre\/pla-estrategia-digital-de-centre-edc\/\" target=\"_blank\" rel=\"noopener\">PLA ESTRAT\u00c8GIA DIGITAL DE CENTRE<\/a><\/li>\n<\/ul>\n<\/li>\n<\/ul>\n<p>D&#8217;acord amb el <strong>Pla d\u2019educaci\u00f3 digital de Catalunya (PEDC)<\/strong>, assumim la necessitat d\u2019assolir la fita d\u2019una societat digitalment competent, fent \u00e8mfasi en l\u2019equitat i tenint en compte l\u2019evoluci\u00f3 del context social i tecnol\u00f2gic.<\/p>\n<p style=\"text-align: center;\">\u00a0<iframe loading=\"lazy\" src=\"\/\/www.youtube.com\/embed\/drnnIYke2Ec\" width=\"560\" height=\"314\" allowfullscreen=\"allowfullscreen\"><\/iframe><\/p>\n<div style=\"width: 100%;\">\n<div style=\"position: relative; padding-bottom: 75.7238307349666%; padding-top: 0; height: 0;\"><iframe loading=\"lazy\" style=\"position: absolute; top: 0; left: 0; width: 100%; height: 100%;\" title=\"PEDC_Interactiu\" src=\"https:\/\/view.genial.ly\/63bbc38c469dba0013e93377\" width=\"2245px\" height=\"1700px\" frameborder=\"0\" scrolling=\"yes\" allowfullscreen=\"allowfullscreen\" data-mce-fragment=\"1\"><\/iframe><\/div>\n<\/div>\n<p>&nbsp;<\/p>\n<p>L&#8217;estrat\u00e8gia digital de centre (EDC) defineix i concreta les l\u00ednies d&#8217;actuaci\u00f3 d&#8217;un centre que fan possible que docents, alumnat i centre assoleixin la compet\u00e8ncia digital. Per aconseguir aquesta compet\u00e8ncia digital, l&#8217;EDC compr\u00e8n tots els \u00e0mbits del centre: organitzatius, metodol\u00f2gics, curriculars i comunicatius, els quals s&#8217;han de veure necess\u00e0riament implicats i, si escau, transformats, des d\u2019una perspectiva d&#8217;innovaci\u00f3 i de millora cont\u00ednua.<\/p>\n<p>Els objectius de l&#8217;EDC es poden agrupar en cinc \u00e0mbits, que tenen com a fita el m\u00e0xim assoliment de la compet\u00e8ncia digital de l\u2019alumnat, del professorat i del centre:<\/p>\n<ul>\n<li>Assoliment de la compet\u00e8ncia digital<\/li>\n<li>Planificaci\u00f3 estrat\u00e8gica i organitzaci\u00f3<\/li>\n<li>Metodologies did\u00e0ctiques i innovaci\u00f3<\/li>\n<li>Inclusi\u00f3 digital i de g\u00e8nere<\/li>\n<li>Seguretat i protecci\u00f3 de dades<\/li>\n<\/ul>\n<p>&nbsp;<\/p>\n<p><img decoding=\"async\" src=\"https:\/\/projectes.xtec.cat\/edc-suport\/wp-content\/uploads\/usu2435\/2021\/03\/3_Fases-de-lEDC_v3-1024x724.jpg\" \/><\/p>\n","protected":false},"excerpt":{"rendered":"<p>L\u2019Estrat\u00e8gia Digital de Centre (EDC) recull totes les accions que es realitzen a l&#8217;Institut Joan Mercader, i les que es realitzaran a mitj\u00e0 termini, per aconseguir la m\u00e0xima compet\u00e8ncia digital de l\u2019alumnat, del professorat i del centre educatiu. Aquestes accions s&#8217;engloben en dos grans apartats: CULTURA DIGITAL PLA ESTRAT\u00c8GIA DIGITAL DE CENTRE D&#8217;acord amb el [&hellip;]<\/p>\n","protected":false},"author":1,"featured_media":0,"parent":0,"menu_order":0,"comment_status":"closed","ping_status":"closed","template":"page-templates\/side-menu.php","meta":{"_bbp_topic_count":0,"_bbp_reply_count":0,"_bbp_total_topic_count":0,"_bbp_total_reply_count":0,"_bbp_voice_count":0,"_bbp_anonymous_reply_count":0,"_bbp_topic_count_hidden":0,"_bbp_reply_count_hidden":0,"_bbp_forum_subforum_count":0,"site-sidebar-layout":"default","site-content-layout":"","ast-site-content-layout":"","site-content-style":"default","site-sidebar-style":"default","ast-global-header-display":"","ast-banner-title-visibility":"","ast-main-header-display":"","ast-hfb-above-header-display":"","ast-hfb-below-header-display":"","ast-hfb-mobile-header-display":"","site-post-title":"","ast-breadcrumbs-content":"","ast-featured-img":"","footer-sml-layout":"","theme-transparent-header-meta":"","adv-header-id-meta":"","stick-header-meta":"","header-above-stick-meta":"","header-main-stick-meta":"","header-below-stick-meta":"","astra-migrate-meta-layouts":"default","ast-page-background-enabled":"default","ast-page-background-meta":{"desktop":{"background-color":"var(--ast-global-color-4)","background-image":"","background-repeat":"repeat","background-position":"center center","background-size":"auto","background-attachment":"scroll","background-type":"","background-media":"","overlay-type":"","overlay-color":"","overlay-opacity":"","overlay-gradient":""},"tablet":{"background-color":"","background-image":"","background-repeat":"repeat","background-position":"center center","background-size":"auto","background-attachment":"scroll","background-type":"","background-media":"","overlay-type":"","overlay-color":"","overlay-opacity":"","overlay-gradient":""},"mobile":{"background-color":"","background-image":"","background-repeat":"repeat","background-position":"center center","background-size":"auto","background-attachment":"scroll","background-type":"","background-media":"","overlay-type":"","overlay-color":"","overlay-opacity":"","overlay-gradient":""}},"ast-content-background-meta":{"desktop":{"background-color":"var(--ast-global-color-5)","background-image":"","background-repeat":"repeat","background-position":"center center","background-size":"auto","background-attachment":"scroll","background-type":"","background-media":"","overlay-type":"","overlay-color":"","overlay-opacity":"","overlay-gradient":""},"tablet":{"background-color":"var(--ast-global-color-5)","background-image":"","background-repeat":"repeat","background-position":"center center","background-size":"auto","background-attachment":"scroll","background-type":"","background-media":"","overlay-type":"","overlay-color":"","overlay-opacity":"","overlay-gradient":""},"mobile":{"background-color":"var(--ast-global-color-5)","background-image":"","background-repeat":"repeat","background-position":"center center","background-size":"auto","background-attachment":"scroll","background-type":"","background-media":"","overlay-type":"","overlay-color":"","overlay-opacity":"","overlay-gradient":""}},"footnotes":""},"class_list":["post-9496","page","type-page","status-publish","hentry"],"post_mailing_queue_ids":[],"_links":{"self":[{"href":"https:\/\/agora.xtec.cat\/insjoanmercader\/wp-json\/wp\/v2\/pages\/9496","targetHints":{"allow":["GET"]}}],"collection":[{"href":"https:\/\/agora.xtec.cat\/insjoanmercader\/wp-json\/wp\/v2\/pages"}],"about":[{"href":"https:\/\/agora.xtec.cat\/insjoanmercader\/wp-json\/wp\/v2\/types\/page"}],"author":[{"embeddable":true,"href":"https:\/\/agora.xtec.cat\/insjoanmercader\/wp-json\/wp\/v2\/users\/1"}],"replies":[{"embeddable":true,"href":"https:\/\/agora.xtec.cat\/insjoanmercader\/wp-json\/wp\/v2\/comments?post=9496"}],"version-history":[{"count":4,"href":"https:\/\/agora.xtec.cat\/insjoanmercader\/wp-json\/wp\/v2\/pages\/9496\/revisions"}],"predecessor-version":[{"id":9516,"href":"https:\/\/agora.xtec.cat\/insjoanmercader\/wp-json\/wp\/v2\/pages\/9496\/revisions\/9516"}],"wp:attachment":[{"href":"https:\/\/agora.xtec.cat\/insjoanmercader\/wp-json\/wp\/v2\/media?parent=9496"}],"curies":[{"name":"wp","href":"https:\/\/api.w.org\/{rel}","templated":true}]}}