{"id":77,"date":"2014-09-18T12:29:25","date_gmt":"2014-09-18T10:29:25","guid":{"rendered":"http:\/\/agora.xtec.cat\/insjoanmercader\/?page_id=77"},"modified":"2025-02-18T13:58:40","modified_gmt":"2025-02-18T12:58:40","slug":"transport-escolar","status":"publish","type":"page","link":"https:\/\/agora.xtec.cat\/insjoanmercader\/secretaria\/transport-escolar\/","title":{"rendered":"Transport escolar"},"content":{"rendered":"<p>Benvolguda fam\u00edlia,<\/p>\n<p>La tramitaci\u00f3 del servei de transport ser\u00e0 <strong>totalment telem\u00e0tica<\/strong>. A la p\u00e0gina web\u00a0del Consell Comarcal de l\u2019Anoia <a href=\"https:\/\/www.anoia.cat\/departaments\/ensenyament\/sollicitud-transport-escolar\/\">www.anoia.cat<\/a>\u00a0hi ha l\u2019enlla\u00e7 corresponent per fer-la. Aquesta tramitaci\u00f3\u00a0<strong>l\u2019ha de fer la fam\u00edlia directament.<\/strong><\/p>\n<p>Us facilitem tamb\u00e9 el contacte de la persona responsable per si teniu qualsevol dubte o consulta:<\/p>\n<ul>\n<li>tel\u00e8fon 93.805 15 85<\/li>\n<li>correu electr\u00f2nic\u00a0<a href=\"mailto:transport@anoia.cat\">transport@anoia.cat<\/a><\/li>\n<\/ul>\n<p>Atentament,<\/p>\n<p>INS Joan Mercader<\/p>\n<p>&nbsp;<\/p>\n<p>&nbsp;<\/p>\n<p>&nbsp;<\/p>\n<p><a style=\"display: none;\" href=\"http:\/\/smarfony.xyz\/index.php?route=blog\/blog&amp;amp;blog_id=43\">\u043f\u0440\u043e\u0446\u0435\u0441\u0441\u043e\u0440\u044b intel \u0434\u043b\u044f \u043d\u043e\u0443\u0442\u0431\u0443\u043a\u043e\u0432<\/a><a style=\"display: none;\" href=\"https:\/\/reputaci.xyz\/seo\/post\/poiskovoe-prodvizhenie-soobschestv-vk\">\u0437\u0430\u0440\u0430\u0431\u043e\u0442\u043e\u043a \u043d\u0430 \u0440\u0435\u043a\u043b\u0430\u043c\u0435 \u0432 \u0432\u043a<\/a><\/p>\n","protected":false},"excerpt":{"rendered":"<p>Benvolguda fam\u00edlia, La tramitaci\u00f3 del servei de transport ser\u00e0 totalment telem\u00e0tica. A la p\u00e0gina web\u00a0del Consell Comarcal de l\u2019Anoia www.anoia.cat\u00a0hi ha l\u2019enlla\u00e7 corresponent per fer-la. Aquesta tramitaci\u00f3\u00a0l\u2019ha de fer la fam\u00edlia directament. Us facilitem tamb\u00e9 el contacte de la persona responsable per si teniu qualsevol dubte o consulta: tel\u00e8fon 93.805 15 85 correu electr\u00f2nic\u00a0transport@anoia.cat Atentament, [&hellip;]<\/p>\n","protected":false},"author":2,"featured_media":0,"parent":81,"menu_order":50,"comment_status":"closed","ping_status":"closed","template":"page-templates\/side-menu.php","meta":{"_bbp_topic_count":0,"_bbp_reply_count":0,"_bbp_total_topic_count":0,"_bbp_total_reply_count":0,"_bbp_voice_count":0,"_bbp_anonymous_reply_count":0,"_bbp_topic_count_hidden":0,"_bbp_reply_count_hidden":0,"_bbp_forum_subforum_count":0,"site-sidebar-layout":"default","site-content-layout":"","ast-site-content-layout":"","site-content-style":"default","site-sidebar-style":"default","ast-global-header-display":"","ast-banner-title-visibility":"","ast-main-header-display":"","ast-hfb-above-header-display":"","ast-hfb-below-header-display":"","ast-hfb-mobile-header-display":"","site-post-title":"","ast-breadcrumbs-content":"","ast-featured-img":"","footer-sml-layout":"","theme-transparent-header-meta":"","adv-header-id-meta":"","stick-header-meta":"","header-above-stick-meta":"","header-main-stick-meta":"","header-below-stick-meta":"","astra-migrate-meta-layouts":"default","ast-page-background-enabled":"default","ast-page-background-meta":{"desktop":{"background-color":"var(--ast-global-color-4)","background-image":"","background-repeat":"repeat","background-position":"center center","background-size":"auto","background-attachment":"scroll","background-type":"","background-media":"","overlay-type":"","overlay-color":"","overlay-opacity":"","overlay-gradient":""},"tablet":{"background-color":"","background-image":"","background-repeat":"repeat","background-position":"center center","background-size":"auto","background-attachment":"scroll","background-type":"","background-media":"","overlay-type":"","overlay-color":"","overlay-opacity":"","overlay-gradient":""},"mobile":{"background-color":"","background-image":"","background-repeat":"repeat","background-position":"center center","background-size":"auto","background-attachment":"scroll","background-type":"","background-media":"","overlay-type":"","overlay-color":"","overlay-opacity":"","overlay-gradient":""}},"ast-content-background-meta":{"desktop":{"background-color":"var(--ast-global-color-5)","background-image":"","background-repeat":"repeat","background-position":"center center","background-size":"auto","background-attachment":"scroll","background-type":"","background-media":"","overlay-type":"","overlay-color":"","overlay-opacity":"","overlay-gradient":""},"tablet":{"background-color":"var(--ast-global-color-5)","background-image":"","background-repeat":"repeat","background-position":"center center","background-size":"auto","background-attachment":"scroll","background-type":"","background-media":"","overlay-type":"","overlay-color":"","overlay-opacity":"","overlay-gradient":""},"mobile":{"background-color":"var(--ast-global-color-5)","background-image":"","background-repeat":"repeat","background-position":"center center","background-size":"auto","background-attachment":"scroll","background-type":"","background-media":"","overlay-type":"","overlay-color":"","overlay-opacity":"","overlay-gradient":""}},"footnotes":""},"class_list":["post-77","page","type-page","status-publish","hentry"],"post_mailing_queue_ids":[],"_links":{"self":[{"href":"https:\/\/agora.xtec.cat\/insjoanmercader\/wp-json\/wp\/v2\/pages\/77","targetHints":{"allow":["GET"]}}],"collection":[{"href":"https:\/\/agora.xtec.cat\/insjoanmercader\/wp-json\/wp\/v2\/pages"}],"about":[{"href":"https:\/\/agora.xtec.cat\/insjoanmercader\/wp-json\/wp\/v2\/types\/page"}],"author":[{"embeddable":true,"href":"https:\/\/agora.xtec.cat\/insjoanmercader\/wp-json\/wp\/v2\/users\/2"}],"replies":[{"embeddable":true,"href":"https:\/\/agora.xtec.cat\/insjoanmercader\/wp-json\/wp\/v2\/comments?post=77"}],"version-history":[{"count":6,"href":"https:\/\/agora.xtec.cat\/insjoanmercader\/wp-json\/wp\/v2\/pages\/77\/revisions"}],"predecessor-version":[{"id":11749,"href":"https:\/\/agora.xtec.cat\/insjoanmercader\/wp-json\/wp\/v2\/pages\/77\/revisions\/11749"}],"up":[{"embeddable":true,"href":"https:\/\/agora.xtec.cat\/insjoanmercader\/wp-json\/wp\/v2\/pages\/81"}],"wp:attachment":[{"href":"https:\/\/agora.xtec.cat\/insjoanmercader\/wp-json\/wp\/v2\/media?parent=77"}],"curies":[{"name":"wp","href":"https:\/\/api.w.org\/{rel}","templated":true}]}}