{"id":6947,"date":"2020-06-15T15:36:49","date_gmt":"2020-06-15T13:36:49","guid":{"rendered":"http:\/\/agora.xtec.cat\/insjoanmercader\/?page_id=6947"},"modified":"2026-04-29T11:16:45","modified_gmt":"2026-04-29T09:16:45","slug":"preinscripcio-i-matricula-eso","status":"publish","type":"page","link":"https:\/\/agora.xtec.cat\/insjoanmercader\/secretaria\/preinscripcio-i-matricula\/preinscripcio-i-matricula-eso\/","title":{"rendered":"Preinscripci\u00f3 i matr\u00edcula ESO"},"content":{"rendered":"<p><strong>CONSULTEU AQU\u00cd TOTA LA INFORMACI\u00d3 RELATIVA A LA PREINSCRIPCI\u00d3 I MATR\u00cdCULA DEL CURS 2026-2027<\/strong>. [<a href=\"https:\/\/preinscripcio.gencat.cat\/ca\/estudis\/eso\/inici\/\">ENLLA\u00c7<\/a>]<\/p>\n<ul>\n<li><strong><a href=\"https:\/\/agora.xtec.cat\/insjoanmercader\/wp-content\/uploads\/usu427\/2026\/02\/Resolucio_EDF2932026_Preinscripcio_Matricula_26-27_2133814.pdf\">Normativa 2026<\/a>.\u00a0<\/strong><\/li>\n<li>\n<h5><strong>TERMINI PREINSCRIPCI\u00d3: del 6 al 18 de mar\u00e7 de 2026<\/strong><\/h5>\n<ul>\n<li><strong>Preinscripci\u00f3 on line: <a href=\"https:\/\/preinscripcio.gencat.cat\/ca\/estudis\/eso\/preinscriute\/sollicitud\/\" target=\"_blank\" rel=\"noopener\">[ENLLA\u00c7]<\/a><br \/>\n<\/strong><\/li>\n<li>Indicacions per fer la preinscripci\u00f3<\/li>\n<\/ul>\n<\/li>\n<li style=\"list-style-type: none;\"><\/li>\n<\/ul>\n<p><strong>Adscripci\u00f3 de centres &#8211; <a href=\"https:\/\/agora.xtec.cat\/insjoanmercader\/wp-content\/uploads\/usu427\/2026\/03\/2026_adscripcio-centres-pri-eso-PEN-1.pdf\">enlla\u00e7<\/a><\/strong><\/p>\n<p><strong>\u00c0rea de proximitat<\/strong><\/p>\n<p>L&#8217; \u00c0rea de proximitat dels centres d&#8217;Igualada, a efectes de preinscripci\u00f3 i matr\u00edcula d&#8217;ESO, <span style=\"font-family: inherit; font-size: 1em;\">est\u00e0 forma formada pels municipis d\u2019Igualada, Argen\u00e7ola, Jorba, Rubi\u00f3, Veciana, <\/span>Carme, Castellfollit del Boix, Castellol\u00ed, Copons, La Llacuna, Orp\u00ed, Santa Maria de Miralles i Sant Mart\u00ed de Tous.<\/p>\n<h6><\/h6>\n<h6><strong>SEGUEIX AQU\u00cd TOT EL PROC\u00c9S:<\/strong><\/h6>\n<p>Oferta inicial (<a href=\"https:\/\/agora.xtec.cat\/insjoanmercader\/wp-content\/uploads\/usu427\/2026\/03\/INFORME_OFERTA_OME_INFORME_OFERTA.pdf\">enlla\u00e7<\/a>)<\/p>\n<p>Llistats puntuaci\u00f3 provisional (<a href=\"https:\/\/agora.xtec.cat\/insjoanmercader\/wp-content\/uploads\/usu427\/2026\/04\/INFORME_BAREM_PROVISIONAL_BAREM.pdf\">enlla\u00e7<\/a>)<\/p>\n<p>Llistats puntuaci\u00f3 resoltes les reclamacions (<a href=\"https:\/\/agora.xtec.cat\/insjoanmercader\/wp-content\/uploads\/usu427\/2026\/04\/INFORME_BAREM_RESOLTES_BAREM.pdf\">enlla\u00e7<\/a>)<\/p>\n<p>Llista ordenada (<a href=\"https:\/\/agora.xtec.cat\/insjoanmercader\/wp-content\/uploads\/usu427\/2026\/04\/INFORME_BAREM_DEFINITIU_BAREM.pdf\">enlla\u00e7<\/a>)<\/p>\n<p>Publicaci\u00f3 admesos (enlla\u00e7)<\/p>\n<p><span style=\"font-family: arial, helvetica, sans-serif;\">Llista d&#8217;espera (enlla\u00e7)<\/span><\/p>\n<h6>**Les fam\u00edlies admeses al nostre centre, rebran un correu electr\u00f2nic amb les instruccions per formalitzar la matr\u00edcula**<\/h6>\n<p><strong>\u00a0<\/strong><\/p>\n<h3><strong>TERMINI DE MATR\u00cdCULA: Pendent<\/strong><\/h3>\n<h6><\/h6>\n<p><strong>DOCUMENTACI\u00d3 MATR\u00cdCULA 2026-2027<\/strong><\/p>\n<p>Carta informativa<\/p>\n<p>Fitxa alumnat<\/p>\n<p>Carta de comprom\u00eds educatiu<\/p>\n<p>Autoritzacions de recollida en horari lectiu<\/p>\n<p>Aportacions fam\u00edlies 1r i 2n d&#8217;ESO<\/p>\n<p><strong>ASSIGNACI\u00d3 DE MAT\u00c8RIES 2026-2027<\/strong><\/p>\n<p>Llistat d&#8217;assignaci\u00f3 d&#8217;optatives 4t ESO anonimitzat (enlla\u00e7)<\/p>\n","protected":false},"excerpt":{"rendered":"<p>CONSULTEU AQU\u00cd TOTA LA INFORMACI\u00d3 RELATIVA A LA PREINSCRIPCI\u00d3 I MATR\u00cdCULA DEL CURS 2026-2027. [ENLLA\u00c7] Normativa 2026.\u00a0 TERMINI PREINSCRIPCI\u00d3: del 6 al 18 de mar\u00e7 de 2026 Preinscripci\u00f3 on line: [ENLLA\u00c7] Indicacions per fer la preinscripci\u00f3 Adscripci\u00f3 de centres &#8211; enlla\u00e7 \u00c0rea de proximitat L&#8217; \u00c0rea de proximitat dels centres d&#8217;Igualada, a efectes de preinscripci\u00f3 [&hellip;]<\/p>\n","protected":false},"author":1,"featured_media":0,"parent":287,"menu_order":0,"comment_status":"closed","ping_status":"closed","template":"","meta":{"_bbp_topic_count":0,"_bbp_reply_count":0,"_bbp_total_topic_count":0,"_bbp_total_reply_count":0,"_bbp_voice_count":0,"_bbp_anonymous_reply_count":0,"_bbp_topic_count_hidden":0,"_bbp_reply_count_hidden":0,"_bbp_forum_subforum_count":0,"site-sidebar-layout":"default","site-content-layout":"","ast-site-content-layout":"default","site-content-style":"default","site-sidebar-style":"default","ast-global-header-display":"","ast-banner-title-visibility":"","ast-main-header-display":"","ast-hfb-above-header-display":"","ast-hfb-below-header-display":"","ast-hfb-mobile-header-display":"","site-post-title":"","ast-breadcrumbs-content":"","ast-featured-img":"","footer-sml-layout":"","theme-transparent-header-meta":"default","adv-header-id-meta":"","stick-header-meta":"","header-above-stick-meta":"","header-main-stick-meta":"","header-below-stick-meta":"","astra-migrate-meta-layouts":"set","ast-page-background-enabled":"default","ast-page-background-meta":{"desktop":{"background-color":"var(--ast-global-color-4)","background-image":"","background-repeat":"repeat","background-position":"center center","background-size":"auto","background-attachment":"scroll","background-type":"","background-media":"","overlay-type":"","overlay-color":"","overlay-opacity":"","overlay-gradient":""},"tablet":{"background-color":"","background-image":"","background-repeat":"repeat","background-position":"center center","background-size":"auto","background-attachment":"scroll","background-type":"","background-media":"","overlay-type":"","overlay-color":"","overlay-opacity":"","overlay-gradient":""},"mobile":{"background-color":"","background-image":"","background-repeat":"repeat","background-position":"center center","background-size":"auto","background-attachment":"scroll","background-type":"","background-media":"","overlay-type":"","overlay-color":"","overlay-opacity":"","overlay-gradient":""}},"ast-content-background-meta":{"desktop":{"background-color":"var(--ast-global-color-5)","background-image":"","background-repeat":"repeat","background-position":"center center","background-size":"auto","background-attachment":"scroll","background-type":"","background-media":"","overlay-type":"","overlay-color":"","overlay-opacity":"","overlay-gradient":""},"tablet":{"background-color":"var(--ast-global-color-5)","background-image":"","background-repeat":"repeat","background-position":"center center","background-size":"auto","background-attachment":"scroll","background-type":"","background-media":"","overlay-type":"","overlay-color":"","overlay-opacity":"","overlay-gradient":""},"mobile":{"background-color":"var(--ast-global-color-5)","background-image":"","background-repeat":"repeat","background-position":"center center","background-size":"auto","background-attachment":"scroll","background-type":"","background-media":"","overlay-type":"","overlay-color":"","overlay-opacity":"","overlay-gradient":""}},"footnotes":""},"class_list":["post-6947","page","type-page","status-publish","hentry"],"post_mailing_queue_ids":[],"_links":{"self":[{"href":"https:\/\/agora.xtec.cat\/insjoanmercader\/wp-json\/wp\/v2\/pages\/6947","targetHints":{"allow":["GET"]}}],"collection":[{"href":"https:\/\/agora.xtec.cat\/insjoanmercader\/wp-json\/wp\/v2\/pages"}],"about":[{"href":"https:\/\/agora.xtec.cat\/insjoanmercader\/wp-json\/wp\/v2\/types\/page"}],"author":[{"embeddable":true,"href":"https:\/\/agora.xtec.cat\/insjoanmercader\/wp-json\/wp\/v2\/users\/1"}],"replies":[{"embeddable":true,"href":"https:\/\/agora.xtec.cat\/insjoanmercader\/wp-json\/wp\/v2\/comments?post=6947"}],"version-history":[{"count":9,"href":"https:\/\/agora.xtec.cat\/insjoanmercader\/wp-json\/wp\/v2\/pages\/6947\/revisions"}],"predecessor-version":[{"id":12854,"href":"https:\/\/agora.xtec.cat\/insjoanmercader\/wp-json\/wp\/v2\/pages\/6947\/revisions\/12854"}],"up":[{"embeddable":true,"href":"https:\/\/agora.xtec.cat\/insjoanmercader\/wp-json\/wp\/v2\/pages\/287"}],"wp:attachment":[{"href":"https:\/\/agora.xtec.cat\/insjoanmercader\/wp-json\/wp\/v2\/media?parent=6947"}],"curies":[{"name":"wp","href":"https:\/\/api.w.org\/{rel}","templated":true}]}}