{"id":5884,"date":"2019-09-21T13:32:38","date_gmt":"2019-09-21T11:32:38","guid":{"rendered":"http:\/\/agora.xtec.cat\/insjoanmercader\/?page_id=5884"},"modified":"2026-01-12T13:15:11","modified_gmt":"2026-01-12T12:15:11","slug":"serveis-digitals","status":"publish","type":"page","link":"https:\/\/agora.xtec.cat\/insjoanmercader\/estrategia-digital-de-centre\/cultura-digital\/serveis-digitals\/","title":{"rendered":"Serveis digitals"},"content":{"rendered":"<p>Informaci\u00f3 sobre la gesti\u00f3 dels serveis digitals al nostre centre:<\/p>\n<p style=\"padding-left: 40px;\"><a href=\"https:\/\/docs.google.com\/document\/d\/11e9qlEwYDzWEqzguJcfCNM4NSpNha3ZePl0Gx0-TMds\/edit?usp=sharing\" target=\"_blank\" rel=\"noopener noreferrer\">Compte Workspace o correu de centre (acc\u00e9s per alumnes i docents)<\/a>. Aqu\u00ed trobareu informaci\u00f3 sobre les condicions d&#8217;aquest servei, com canviar la contrasenya del correu de centre i qu\u00e8 fer en cas d&#8217;oblidar-la. Els correus electr\u00f2nics de contacte amb el professorat, els podreu trobar dins de la categoria &#8220;Tutoria i coordinacions&#8221; al nostre Moodle (cal identificar-se al Moodle per poder accedir)<\/p>\n<p style=\"padding-left: 40px;\"><a href=\"https:\/\/docs.google.com\/document\/d\/1SAqFlq8xmSV3Rz0PekPU0RUld03OBx1IIyFhv2uUq2E\/edit?usp=sharing\" target=\"_blank\" rel=\"noopener noreferrer\">Moodle (acc\u00e9s per alumnes i docents)<\/a>. Aqu\u00ed trobareu informaci\u00f3 sobre com accedir al Moodle<\/p>\n<p style=\"padding-left: 40px;\"><a href=\"https:\/\/docs.google.com\/document\/d\/15T6t853LEOe2UN8NCiarGpxZ_1mDyY4btlxMcXO9brk\/edit?usp=sharing\" target=\"_blank\" rel=\"noopener noreferrer\">Guia iEduca per a fam\u00edlies<\/a>. Aqu\u00ed trobareu informaci\u00f3 sobre com accedir a iEduca<\/p>\n<p style=\"padding-left: 40px;\"><a href=\"https:\/\/docs.google.com\/presentation\/d\/1Lf4W1a6m-jTBt7NwidTWTltW5_UuXAlhNX4P96gK6Q8\/edit?usp=sharing\" target=\"_blank\" rel=\"noopener\">Problemes per posar en marxa el port\u00e0til en pr\u00e9stec del Pla d&#8217;educaci\u00f3 digital?<\/a><\/p>\n<p>\u00a0 \u00a0 \u00a0 \u00a0 \u00a0<a href=\"https:\/\/docs.google.com\/document\/d\/1FcZfs-K2CAVyeU-Ff0ibJLewLUlGByXZZcVC8UoJf3Y\/edit?usp=sharing\">Document d&#8217;acceptaci\u00f3 del port\u00e0til del PEDC (a retornar signat per part de la fam\u00edlia)<\/a><\/p>\n<p style=\"padding-left: 40px;\"><a href=\"https:\/\/docs.google.com\/presentation\/d\/1MQ4A3jFDAewZBN7tTpPml4ekVo4W8WJ7fxCYHJ3yr-A\/present?slide=id.gd2e6997176_1_125\">Guia de connexi\u00f3 a la xarxa WiFi Gencat_ENS_EDU de l&#8217;institut<\/a><\/p>\n<p style=\"padding-left: 40px;\"><a href=\"https:\/\/docs.google.com\/document\/d\/18pplvrC52-9EK6cinI2y7jPkpN26XSI-62qe9Od_j3o\/edit?usp=sharing\">Soluci\u00f3 al problema &#8220;No es pot establir connexi\u00f3&#8221; a la xarxa WiFi Gencat_ENS_EDU de l&#8217;institut<\/a><\/p>\n<p style=\"padding-left: 40px;\"><a href=\"https:\/\/docs.google.com\/presentation\/d\/1xyAk3knwyiVsjtdC6c2fzoHY6TTOn1ucUEF598zkNrg\/present?slide=id.gd2e6997176_1_64\">Guia de connexi\u00f3 a la xarxa Eduroam<\/a><\/p>\n<p>&nbsp;<\/p>\n<p>Els correus electr\u00f2nics de contacte amb el professorat, els podreu trobar dins de la categoria &#8220;Tutoria i coordinacions&#8221; al nostre Moodle (cal identificar-se al Moodle per poder accedir)<\/p>\n<p>Podeu seguir-nos a les xarxes socials <a href=\"https:\/\/www.youtube.com\/user\/InsJoanMercader\">Youtube<\/a> i\u00a0<a href=\"https:\/\/www.instagram.com\/insjoanmercader\/\">Instagram<\/a>.<\/p>\n<p>&nbsp;<\/p>\n<p><strong>Procediment per a realitzar canvi de correu electr\u00f2nic<\/strong><\/p>\n<p>En el proc\u00e9s de matr\u00edcula, s&#8217;aconsella que cada pare i mare informin d&#8217;un correu electr\u00f2nic personal per a cada un d&#8217;ells. \u00c9s important que mantingueu actualitzat el vostre correu electr\u00f2nic. Us servir\u00e0 per rebre comunicacions per part nostra i com a eina de recuperaci\u00f3 de les dades d&#8217;acc\u00e9s a Infoself.<\/p>\n<p>En cas que volgueu canviar el vostre correu electr\u00f2nic informat a la matr\u00edcula, teniu dos possiblitats:<\/p>\n<p>-presencialment a la Secretaria del centre, presentant DNI i omplint una <a href=\"https:\/\/agora.xtec.cat\/insjoanmercader\/wp-content\/uploads\/usu427\/2020\/03\/Sol%C2%B7licitud-gen%C3%A8rica-1.pdf\" target=\"_blank\" rel=\"noopener noreferrer\">sol\u00b7licitud gen\u00e8rica<\/a><\/p>\n<p>-telem\u00e0ticament, emplenant el <a href=\"https:\/\/forms.gle\/jQj6ov42UJPgorKM6\" target=\"_blank\" rel=\"noopener noreferrer\">seg\u00fcent formulari<\/a> (demana fotografia del vostre DNI, anvers i revers i \u00e9s necessari un tenir un compte Gmail)<\/p>\n","protected":false},"excerpt":{"rendered":"<p>Informaci\u00f3 sobre la gesti\u00f3 dels serveis digitals al nostre centre: Compte Workspace o correu de centre (acc\u00e9s per alumnes i docents). Aqu\u00ed trobareu informaci\u00f3 sobre les condicions d&#8217;aquest servei, com canviar la contrasenya del correu de centre i qu\u00e8 fer en cas d&#8217;oblidar-la. Els correus electr\u00f2nics de contacte amb el professorat, els podreu trobar dins [&hellip;]<\/p>\n","protected":false},"author":1,"featured_media":0,"parent":63,"menu_order":0,"comment_status":"closed","ping_status":"closed","template":"","meta":{"_bbp_topic_count":0,"_bbp_reply_count":0,"_bbp_total_topic_count":0,"_bbp_total_reply_count":0,"_bbp_voice_count":0,"_bbp_anonymous_reply_count":0,"_bbp_topic_count_hidden":0,"_bbp_reply_count_hidden":0,"_bbp_forum_subforum_count":0,"site-sidebar-layout":"default","site-content-layout":"","ast-site-content-layout":"default","site-content-style":"default","site-sidebar-style":"default","ast-global-header-display":"","ast-banner-title-visibility":"","ast-main-header-display":"","ast-hfb-above-header-display":"","ast-hfb-below-header-display":"","ast-hfb-mobile-header-display":"","site-post-title":"","ast-breadcrumbs-content":"","ast-featured-img":"","footer-sml-layout":"","theme-transparent-header-meta":"default","adv-header-id-meta":"","stick-header-meta":"","header-above-stick-meta":"","header-main-stick-meta":"","header-below-stick-meta":"","astra-migrate-meta-layouts":"set","ast-page-background-enabled":"default","ast-page-background-meta":{"desktop":{"background-color":"var(--ast-global-color-4)","background-image":"","background-repeat":"repeat","background-position":"center center","background-size":"auto","background-attachment":"scroll","background-type":"","background-media":"","overlay-type":"","overlay-color":"","overlay-opacity":"","overlay-gradient":""},"tablet":{"background-color":"","background-image":"","background-repeat":"repeat","background-position":"center center","background-size":"auto","background-attachment":"scroll","background-type":"","background-media":"","overlay-type":"","overlay-color":"","overlay-opacity":"","overlay-gradient":""},"mobile":{"background-color":"","background-image":"","background-repeat":"repeat","background-position":"center center","background-size":"auto","background-attachment":"scroll","background-type":"","background-media":"","overlay-type":"","overlay-color":"","overlay-opacity":"","overlay-gradient":""}},"ast-content-background-meta":{"desktop":{"background-color":"var(--ast-global-color-5)","background-image":"","background-repeat":"repeat","background-position":"center center","background-size":"auto","background-attachment":"scroll","background-type":"","background-media":"","overlay-type":"","overlay-color":"","overlay-opacity":"","overlay-gradient":""},"tablet":{"background-color":"var(--ast-global-color-5)","background-image":"","background-repeat":"repeat","background-position":"center center","background-size":"auto","background-attachment":"scroll","background-type":"","background-media":"","overlay-type":"","overlay-color":"","overlay-opacity":"","overlay-gradient":""},"mobile":{"background-color":"var(--ast-global-color-5)","background-image":"","background-repeat":"repeat","background-position":"center center","background-size":"auto","background-attachment":"scroll","background-type":"","background-media":"","overlay-type":"","overlay-color":"","overlay-opacity":"","overlay-gradient":""}},"footnotes":""},"class_list":["post-5884","page","type-page","status-publish","hentry"],"post_mailing_queue_ids":[],"_links":{"self":[{"href":"https:\/\/agora.xtec.cat\/insjoanmercader\/wp-json\/wp\/v2\/pages\/5884","targetHints":{"allow":["GET"]}}],"collection":[{"href":"https:\/\/agora.xtec.cat\/insjoanmercader\/wp-json\/wp\/v2\/pages"}],"about":[{"href":"https:\/\/agora.xtec.cat\/insjoanmercader\/wp-json\/wp\/v2\/types\/page"}],"author":[{"embeddable":true,"href":"https:\/\/agora.xtec.cat\/insjoanmercader\/wp-json\/wp\/v2\/users\/1"}],"replies":[{"embeddable":true,"href":"https:\/\/agora.xtec.cat\/insjoanmercader\/wp-json\/wp\/v2\/comments?post=5884"}],"version-history":[{"count":6,"href":"https:\/\/agora.xtec.cat\/insjoanmercader\/wp-json\/wp\/v2\/pages\/5884\/revisions"}],"predecessor-version":[{"id":12535,"href":"https:\/\/agora.xtec.cat\/insjoanmercader\/wp-json\/wp\/v2\/pages\/5884\/revisions\/12535"}],"up":[{"embeddable":true,"href":"https:\/\/agora.xtec.cat\/insjoanmercader\/wp-json\/wp\/v2\/pages\/63"}],"wp:attachment":[{"href":"https:\/\/agora.xtec.cat\/insjoanmercader\/wp-json\/wp\/v2\/media?parent=5884"}],"curies":[{"name":"wp","href":"https:\/\/api.w.org\/{rel}","templated":true}]}}