{"id":57,"date":"2014-09-17T17:01:07","date_gmt":"2014-09-17T17:01:07","guid":{"rendered":"http:\/\/agora.xtec.cat\/insjoanmercader\/?page_id=57"},"modified":"2025-06-25T13:12:36","modified_gmt":"2025-06-25T11:12:36","slug":"programes-i-projectes","status":"publish","type":"page","link":"https:\/\/agora.xtec.cat\/insjoanmercader\/programes-i-projectes\/","title":{"rendered":"Programes i projectes de centre"},"content":{"rendered":"<h5 style=\"text-align: center;\">EL NOSTRE INSTITUT: INS JOAN MERCADER<\/h5>\n<p>L\u2019INSTITUT JOAN MERCADER \u00a0\u00e9s un espai de coneixement, formaci\u00f3, educaci\u00f3 i conviv\u00e8ncia on els joves de la nostra ciutat i comarca es formen com a persones adultes. En aquest espai, la diversitat esdev\u00e9 un element enriquidor i un factor d\u2019aprenentatge a trav\u00e9s del coneixement i el respecte de l\u2019altre.<\/p>\n<p>Joves provinents de diferents escoles i tamb\u00e9 de sectors socioecon\u00f2mics diversos formen part del teixit social del centre, on professorat i fam\u00edlies principalment treballen de forma conjunta i responsable per una formaci\u00f3 acad\u00e8mica i competencial que permeti els joves accedir amb garanties a estudis post-obligatoris i superiors.<\/p>\n<p>El centre vol donar oportunitats a tots el joves que en formen part, sabent que hi ha un gran ventall d\u2019interessos i necessitats. \u00c9s per aix\u00f2 que es busca la participaci\u00f3 activa de l\u2019alumnat, tant en les activitats curriculars, com en les generals de centre, entenent-les com a part fonamental de la formaci\u00f3 global.<\/p>\n<p>Cal que els diferents sectors de la comunitat educativa, de forma col\u00b7laborativa i amb certa complicitat, vetllin per a la consecuci\u00f3 d\u2019aquestes finalitats , que es poden resumir en una de sola:<\/p>\n<p style=\"text-align: center;\">El desenvolupament personal, acad\u00e8mic i social dels joves.<\/p>\n<p>&nbsp;<\/p>\n<h6 style=\"text-align: center;\"><em>\u201cNo obligueu als joves a fer el paper d\u2019espectadors i comparses.\u201d<\/em><\/h6>\n<h6 style=\"text-align: center;\">Dr. Joan Mercader (1917-1989), historiador igualad\u00ed.<\/h6>\n<p style=\"text-align: center;\"><strong>\u00a0<\/strong><\/p>\n","protected":false},"excerpt":{"rendered":"<p>EL NOSTRE INSTITUT: INS JOAN MERCADER L\u2019INSTITUT JOAN MERCADER \u00a0\u00e9s un espai de coneixement, formaci\u00f3, educaci\u00f3 i conviv\u00e8ncia on els joves de la nostra ciutat i comarca es formen com a persones adultes. En aquest espai, la diversitat esdev\u00e9 un element enriquidor i un factor d\u2019aprenentatge a trav\u00e9s del coneixement i el respecte de l\u2019altre. [&hellip;]<\/p>\n","protected":false},"author":1,"featured_media":0,"parent":0,"menu_order":0,"comment_status":"closed","ping_status":"closed","template":"","meta":{"_bbp_topic_count":0,"_bbp_reply_count":0,"_bbp_total_topic_count":0,"_bbp_total_reply_count":0,"_bbp_voice_count":0,"_bbp_anonymous_reply_count":0,"_bbp_topic_count_hidden":0,"_bbp_reply_count_hidden":0,"_bbp_forum_subforum_count":0,"site-sidebar-layout":"left-sidebar","site-content-layout":"","ast-site-content-layout":"normal-width-container","site-content-style":"default","site-sidebar-style":"default","ast-global-header-display":"","ast-banner-title-visibility":"","ast-main-header-display":"","ast-hfb-above-header-display":"","ast-hfb-below-header-display":"","ast-hfb-mobile-header-display":"","site-post-title":"","ast-breadcrumbs-content":"","ast-featured-img":"","footer-sml-layout":"","theme-transparent-header-meta":"default","adv-header-id-meta":"","stick-header-meta":"","header-above-stick-meta":"","header-main-stick-meta":"","header-below-stick-meta":"","astra-migrate-meta-layouts":"set","ast-page-background-enabled":"default","ast-page-background-meta":{"desktop":{"background-color":"var(--ast-global-color-4)","background-image":"","background-repeat":"repeat","background-position":"center center","background-size":"auto","background-attachment":"scroll","background-type":"","background-media":"","overlay-type":"","overlay-color":"","overlay-opacity":"","overlay-gradient":""},"tablet":{"background-color":"","background-image":"","background-repeat":"repeat","background-position":"center center","background-size":"auto","background-attachment":"scroll","background-type":"","background-media":"","overlay-type":"","overlay-color":"","overlay-opacity":"","overlay-gradient":""},"mobile":{"background-color":"","background-image":"","background-repeat":"repeat","background-position":"center center","background-size":"auto","background-attachment":"scroll","background-type":"","background-media":"","overlay-type":"","overlay-color":"","overlay-opacity":"","overlay-gradient":""}},"ast-content-background-meta":{"desktop":{"background-color":"var(--ast-global-color-5)","background-image":"","background-repeat":"repeat","background-position":"center center","background-size":"auto","background-attachment":"scroll","background-type":"","background-media":"","overlay-type":"","overlay-color":"","overlay-opacity":"","overlay-gradient":""},"tablet":{"background-color":"var(--ast-global-color-5)","background-image":"","background-repeat":"repeat","background-position":"center center","background-size":"auto","background-attachment":"scroll","background-type":"","background-media":"","overlay-type":"","overlay-color":"","overlay-opacity":"","overlay-gradient":""},"mobile":{"background-color":"var(--ast-global-color-5)","background-image":"","background-repeat":"repeat","background-position":"center center","background-size":"auto","background-attachment":"scroll","background-type":"","background-media":"","overlay-type":"","overlay-color":"","overlay-opacity":"","overlay-gradient":""}},"footnotes":""},"class_list":["post-57","page","type-page","status-publish","hentry"],"post_mailing_queue_ids":[],"_links":{"self":[{"href":"https:\/\/agora.xtec.cat\/insjoanmercader\/wp-json\/wp\/v2\/pages\/57","targetHints":{"allow":["GET"]}}],"collection":[{"href":"https:\/\/agora.xtec.cat\/insjoanmercader\/wp-json\/wp\/v2\/pages"}],"about":[{"href":"https:\/\/agora.xtec.cat\/insjoanmercader\/wp-json\/wp\/v2\/types\/page"}],"author":[{"embeddable":true,"href":"https:\/\/agora.xtec.cat\/insjoanmercader\/wp-json\/wp\/v2\/users\/1"}],"replies":[{"embeddable":true,"href":"https:\/\/agora.xtec.cat\/insjoanmercader\/wp-json\/wp\/v2\/comments?post=57"}],"version-history":[{"count":3,"href":"https:\/\/agora.xtec.cat\/insjoanmercader\/wp-json\/wp\/v2\/pages\/57\/revisions"}],"predecessor-version":[{"id":8333,"href":"https:\/\/agora.xtec.cat\/insjoanmercader\/wp-json\/wp\/v2\/pages\/57\/revisions\/8333"}],"wp:attachment":[{"href":"https:\/\/agora.xtec.cat\/insjoanmercader\/wp-json\/wp\/v2\/media?parent=57"}],"curies":[{"name":"wp","href":"https:\/\/api.w.org\/{rel}","templated":true}]}}