{"id":522,"date":"2016-10-20T19:30:16","date_gmt":"2016-10-20T18:30:16","guid":{"rendered":"http:\/\/agora.xtec.cat\/insjoanmercader\/?page_id=522"},"modified":"2025-10-07T14:53:20","modified_gmt":"2025-10-07T12:53:20","slug":"simultaneitat-destudis-deso-o-batxillerat-amb-estudis-de-musica-o-dansa","status":"publish","type":"page","link":"https:\/\/agora.xtec.cat\/insjoanmercader\/secretaria\/simultaneitat-destudis-deso-o-batxillerat-amb-estudis-de-musica-o-dansa\/","title":{"rendered":"Convalidacions\/Reconeixements"},"content":{"rendered":"<p><strong>SIMULTANE\u00cfTAT D&#8217;ESTUDIS D&#8217;ESO O BATXILLERAT AMB ESTUDIS DE DANSA<\/strong><\/p>\n<ul>\n<li>Normativa de refer\u00e8ncia (<a href=\"https:\/\/agora.xtec.cat\/insjoanmercader\/wp-content\/uploads\/usu427\/2025\/10\/20250930_CUR_Simultaneitat_dansa_NOU.pdf\">Dansa<\/a>)<\/li>\n<li>Fulls de sol\u00b7licitud:\n<ul>\n<li><a href=\"https:\/\/agora.xtec.cat\/insjoanmercader\/wp-content\/uploads\/usu427\/2024\/09\/EDA1_A504_Sollicitud.pdf\">EDA1<\/a> (ESO, dansa)<\/li>\n<li><a href=\"https:\/\/agora.xtec.cat\/insjoanmercader\/wp-content\/uploads\/usu427\/2024\/09\/BDA1_APU145_Sollicitud.pdf\">BDA1<\/a> (BATX, conservatori dansa)<\/li>\n<li><a href=\"https:\/\/agora.xtec.cat\/insjoanmercader\/wp-content\/uploads\/usu427\/2024\/09\/BDA3_APU147_Sollicitud.pdf\">BDA3<\/a> (BATX, escola autoritzada dansa)<\/li>\n<\/ul>\n<\/li>\n<\/ul>\n<p><strong>SIMULTANE\u00cfTAT D&#8217;ESTUDIS D&#8217;ESO O BATXILLERAT AMB ESTUDIS DE M\u00daSICA<\/strong><\/p>\n<ul>\n<li>Normativa de refer\u00e8ncia (<a href=\"https:\/\/agora.xtec.cat\/insjoanmercader\/wp-content\/uploads\/usu427\/2025\/10\/20250930_CUR_Simultaneitat_musica_NOU.pdf\">M\u00fasica<\/a>)<\/li>\n<li>Fulls de sol\u00b7licitud:\n<ul>\n<li><a href=\"https:\/\/agora.xtec.cat\/insjoanmercader\/wp-content\/uploads\/usu427\/2024\/09\/EMU1_APU154_Sollicitud.pdf\">EMU1<\/a> (ESO, m\u00fasica)<\/li>\n<li><a href=\"https:\/\/agora.xtec.cat\/insjoanmercader\/wp-content\/uploads\/usu427\/2024\/09\/BMU1_APU138_Sollicitud.pdf\">BMU1<\/a> (BATX, conservatori m\u00fasica)<\/li>\n<li><a href=\"https:\/\/agora.xtec.cat\/insjoanmercader\/wp-content\/uploads\/usu427\/2024\/09\/BMU3_APU140_Sollicitud.pdf\">BMU3<\/a> (BATX, escola autoritzada m\u00fasica)<\/li>\n<\/ul>\n<\/li>\n<\/ul>\n<p><strong>PR\u00c0CTICA INTENSIVA DE L&#8217;ESPORT<\/strong><\/p>\n<ul>\n<li><a href=\"https:\/\/agora.xtec.cat\/insjoanmercader\/wp-content\/uploads\/usu427\/2025\/09\/Retall_normativa_esport_ESO.pdf\">Normativa de refer\u00e8ncia &#8211; ESO (retall informatiu)<\/a><\/li>\n<li><a href=\"https:\/\/agora.xtec.cat\/insjoanmercader\/wp-content\/uploads\/usu427\/2024\/11\/Retall_informatiu_BATX_esport.pdf\">Normativa de refer\u00e8ncia &#8211; BATX (retall informatiu)<\/a><\/li>\n<li><a href=\"https:\/\/agora.xtec.cat\/insjoanmercader\/wp-content\/uploads\/usu427\/2024\/10\/APR545_Sollicitud_esport.pdf\">Full de sol\u00b7licitud ESO<\/a><\/li>\n<li><a href=\"https:\/\/agora.xtec.cat\/insjoanmercader\/wp-content\/uploads\/usu427\/2024\/10\/A1500_Sollicitud_esport_BATX_NOU.pdf\">Full de sol\u00b7licitud BATX<\/a><\/li>\n<\/ul>\n<p><strong>RECONEIXEMENT SEGONA LLENGUA ESTRANGERA QUE NO S&#8217;OFEREIX AL CENTRE I ES CURSA EN EOI<\/strong><\/p>\n<ul>\n<li><a href=\"https:\/\/drive.google.com\/file\/d\/1JLgJt_8sjTNu3HkUTrNpbzor0gRzrNyN\/view?usp=sharing\">Full sol\u00b7licitud<\/a><\/li>\n<\/ul>\n","protected":false},"excerpt":{"rendered":"<p>SIMULTANE\u00cfTAT D&#8217;ESTUDIS D&#8217;ESO O BATXILLERAT AMB ESTUDIS DE DANSA Normativa de refer\u00e8ncia (Dansa) Fulls de sol\u00b7licitud: EDA1 (ESO, dansa) BDA1 (BATX, conservatori dansa) BDA3 (BATX, escola autoritzada dansa) SIMULTANE\u00cfTAT D&#8217;ESTUDIS D&#8217;ESO O BATXILLERAT AMB ESTUDIS DE M\u00daSICA Normativa de refer\u00e8ncia (M\u00fasica) Fulls de sol\u00b7licitud: EMU1 (ESO, m\u00fasica) BMU1 (BATX, conservatori m\u00fasica) BMU3 (BATX, escola autoritzada [&hellip;]<\/p>\n","protected":false},"author":1,"featured_media":0,"parent":81,"menu_order":0,"comment_status":"closed","ping_status":"closed","template":"","meta":{"_bbp_topic_count":0,"_bbp_reply_count":0,"_bbp_total_topic_count":0,"_bbp_total_reply_count":0,"_bbp_voice_count":0,"_bbp_anonymous_reply_count":0,"_bbp_topic_count_hidden":0,"_bbp_reply_count_hidden":0,"_bbp_forum_subforum_count":0,"site-sidebar-layout":"default","site-content-layout":"","ast-site-content-layout":"default","site-content-style":"default","site-sidebar-style":"default","ast-global-header-display":"","ast-banner-title-visibility":"","ast-main-header-display":"","ast-hfb-above-header-display":"","ast-hfb-below-header-display":"","ast-hfb-mobile-header-display":"","site-post-title":"","ast-breadcrumbs-content":"","ast-featured-img":"","footer-sml-layout":"","theme-transparent-header-meta":"default","adv-header-id-meta":"","stick-header-meta":"","header-above-stick-meta":"","header-main-stick-meta":"","header-below-stick-meta":"","astra-migrate-meta-layouts":"set","ast-page-background-enabled":"default","ast-page-background-meta":{"desktop":{"background-color":"var(--ast-global-color-4)","background-image":"","background-repeat":"repeat","background-position":"center center","background-size":"auto","background-attachment":"scroll","background-type":"","background-media":"","overlay-type":"","overlay-color":"","overlay-opacity":"","overlay-gradient":""},"tablet":{"background-color":"","background-image":"","background-repeat":"repeat","background-position":"center center","background-size":"auto","background-attachment":"scroll","background-type":"","background-media":"","overlay-type":"","overlay-color":"","overlay-opacity":"","overlay-gradient":""},"mobile":{"background-color":"","background-image":"","background-repeat":"repeat","background-position":"center center","background-size":"auto","background-attachment":"scroll","background-type":"","background-media":"","overlay-type":"","overlay-color":"","overlay-opacity":"","overlay-gradient":""}},"ast-content-background-meta":{"desktop":{"background-color":"var(--ast-global-color-5)","background-image":"","background-repeat":"repeat","background-position":"center center","background-size":"auto","background-attachment":"scroll","background-type":"","background-media":"","overlay-type":"","overlay-color":"","overlay-opacity":"","overlay-gradient":""},"tablet":{"background-color":"var(--ast-global-color-5)","background-image":"","background-repeat":"repeat","background-position":"center center","background-size":"auto","background-attachment":"scroll","background-type":"","background-media":"","overlay-type":"","overlay-color":"","overlay-opacity":"","overlay-gradient":""},"mobile":{"background-color":"var(--ast-global-color-5)","background-image":"","background-repeat":"repeat","background-position":"center center","background-size":"auto","background-attachment":"scroll","background-type":"","background-media":"","overlay-type":"","overlay-color":"","overlay-opacity":"","overlay-gradient":""}},"footnotes":""},"class_list":["post-522","page","type-page","status-publish","hentry"],"post_mailing_queue_ids":[],"_links":{"self":[{"href":"https:\/\/agora.xtec.cat\/insjoanmercader\/wp-json\/wp\/v2\/pages\/522","targetHints":{"allow":["GET"]}}],"collection":[{"href":"https:\/\/agora.xtec.cat\/insjoanmercader\/wp-json\/wp\/v2\/pages"}],"about":[{"href":"https:\/\/agora.xtec.cat\/insjoanmercader\/wp-json\/wp\/v2\/types\/page"}],"author":[{"embeddable":true,"href":"https:\/\/agora.xtec.cat\/insjoanmercader\/wp-json\/wp\/v2\/users\/1"}],"replies":[{"embeddable":true,"href":"https:\/\/agora.xtec.cat\/insjoanmercader\/wp-json\/wp\/v2\/comments?post=522"}],"version-history":[{"count":9,"href":"https:\/\/agora.xtec.cat\/insjoanmercader\/wp-json\/wp\/v2\/pages\/522\/revisions"}],"predecessor-version":[{"id":12281,"href":"https:\/\/agora.xtec.cat\/insjoanmercader\/wp-json\/wp\/v2\/pages\/522\/revisions\/12281"}],"up":[{"embeddable":true,"href":"https:\/\/agora.xtec.cat\/insjoanmercader\/wp-json\/wp\/v2\/pages\/81"}],"wp:attachment":[{"href":"https:\/\/agora.xtec.cat\/insjoanmercader\/wp-json\/wp\/v2\/media?parent=522"}],"curies":[{"name":"wp","href":"https:\/\/api.w.org\/{rel}","templated":true}]}}