{"id":49,"date":"2014-09-17T16:55:55","date_gmt":"2014-09-17T16:55:55","guid":{"rendered":"http:\/\/agora.xtec.cat\/insjoanmercader\/?page_id=49"},"modified":"2024-11-11T13:35:53","modified_gmt":"2024-11-11T12:35:53","slug":"normes-dorganitzacio-i-funcionament","status":"publish","type":"page","link":"https:\/\/agora.xtec.cat\/insjoanmercader\/linstitut\/normes-dorganitzacio-i-funcionament\/","title":{"rendered":"Normes i funcionament"},"content":{"rendered":"<p>El centre es regeix per les Normes d&#8217;organitzaci\u00f3 i funcionament contingudes en diferents documents. El document base est\u00e0 en proc\u00e9s d&#8217;actualitzaci\u00f3. Documents parcials:<\/p>\n<ul>\n<li><span style=\"font-size: large;\"><span style=\"color: #0000ff;\">Documents posteriors que actualitzen les NOF:<\/span><\/span>\n<ul>\n<li><span style=\"font-size: large; color: #0000ff;\"><a style=\"color: #0000ff;\" href=\"https:\/\/drive.google.com\/file\/d\/1jPa9A4eNk3e9vwyMguKZpfcr0PoXVWLg\/view?usp=sharing\" target=\"_blank\" rel=\"noopener\"><span style=\"font-size: medium;\">R\u00e8gim disciplinari i procediment sancionador<\/span><\/a><br \/>\n<\/span><\/li>\n<li><span style=\"color: #0000ff; font-size: medium;\"><a href=\"https:\/\/drive.google.com\/file\/d\/1SACNXKXP-ORov6e56rJcL6x4U7jfD-Vv\/view?usp=sharing\" target=\"_blank\" rel=\"noopener\">Dret a la no assist\u00e8ncia col\u00b7lectiva<\/a> (vaga d&#8217;alumnat)<\/span><\/li>\n<li><span style=\"color: #0000ff;\"><a style=\"color: #0000ff;\" href=\"https:\/\/drive.google.com\/file\/d\/0B3HdYeXfduQIRXd3S3o0YWRLR0k\/view?usp=sharing\"><span style=\"font-size: medium;\">Entrades i sortides d&#8217;alumnat de batxillerat<\/span><\/a><\/span><\/li>\n<li><span style=\"color: #0000ff;\"><a style=\"color: #0000ff;\" href=\"https:\/\/drive.google.com\/file\/d\/0B3HdYeXfduQIam1SX0kwcTh5T2s\/view?usp=sharing\"><span style=\"font-size: medium;\">Gu\u00e0rdies de pati<\/span><\/a><\/span><\/li>\n<li><span style=\"color: #0000ff; font-size: medium;\">Normes sobre sortides programades.<\/span><\/li>\n<li><a href=\"https:\/\/drive.google.com\/file\/d\/19IjsJc3llHqbDxvtAhfq4jl2jrwPc1h0\/view?usp=sharing\"><span style=\"color: #0000ff;\">Pla de funcionament del transport escolar<\/span><\/a><\/li>\n<\/ul>\n<\/li>\n<\/ul>\n<p>&nbsp;<\/p>\n<p>&nbsp;<\/p>\n","protected":false},"excerpt":{"rendered":"<p>El centre es regeix per les Normes d&#8217;organitzaci\u00f3 i funcionament contingudes en diferents documents. El document base est\u00e0 en proc\u00e9s d&#8217;actualitzaci\u00f3. Documents parcials: Documents posteriors que actualitzen les NOF: R\u00e8gim disciplinari i procediment sancionador Dret a la no assist\u00e8ncia col\u00b7lectiva (vaga d&#8217;alumnat) Entrades i sortides d&#8217;alumnat de batxillerat Gu\u00e0rdies de pati Normes sobre sortides programades. [&hellip;]<\/p>\n","protected":false},"author":1,"featured_media":0,"parent":19,"menu_order":0,"comment_status":"closed","ping_status":"closed","template":"page-templates\/side-menu.php","meta":{"_bbp_topic_count":0,"_bbp_reply_count":0,"_bbp_total_topic_count":0,"_bbp_total_reply_count":0,"_bbp_voice_count":0,"_bbp_anonymous_reply_count":0,"_bbp_topic_count_hidden":0,"_bbp_reply_count_hidden":0,"_bbp_forum_subforum_count":0,"site-sidebar-layout":"default","site-content-layout":"","ast-site-content-layout":"","site-content-style":"default","site-sidebar-style":"default","ast-global-header-display":"","ast-banner-title-visibility":"","ast-main-header-display":"","ast-hfb-above-header-display":"","ast-hfb-below-header-display":"","ast-hfb-mobile-header-display":"","site-post-title":"","ast-breadcrumbs-content":"","ast-featured-img":"","footer-sml-layout":"","theme-transparent-header-meta":"","adv-header-id-meta":"","stick-header-meta":"","header-above-stick-meta":"","header-main-stick-meta":"","header-below-stick-meta":"","astra-migrate-meta-layouts":"default","ast-page-background-enabled":"default","ast-page-background-meta":{"desktop":{"background-color":"var(--ast-global-color-4)","background-image":"","background-repeat":"repeat","background-position":"center center","background-size":"auto","background-attachment":"scroll","background-type":"","background-media":"","overlay-type":"","overlay-color":"","overlay-opacity":"","overlay-gradient":""},"tablet":{"background-color":"","background-image":"","background-repeat":"repeat","background-position":"center center","background-size":"auto","background-attachment":"scroll","background-type":"","background-media":"","overlay-type":"","overlay-color":"","overlay-opacity":"","overlay-gradient":""},"mobile":{"background-color":"","background-image":"","background-repeat":"repeat","background-position":"center center","background-size":"auto","background-attachment":"scroll","background-type":"","background-media":"","overlay-type":"","overlay-color":"","overlay-opacity":"","overlay-gradient":""}},"ast-content-background-meta":{"desktop":{"background-color":"var(--ast-global-color-5)","background-image":"","background-repeat":"repeat","background-position":"center center","background-size":"auto","background-attachment":"scroll","background-type":"","background-media":"","overlay-type":"","overlay-color":"","overlay-opacity":"","overlay-gradient":""},"tablet":{"background-color":"var(--ast-global-color-5)","background-image":"","background-repeat":"repeat","background-position":"center center","background-size":"auto","background-attachment":"scroll","background-type":"","background-media":"","overlay-type":"","overlay-color":"","overlay-opacity":"","overlay-gradient":""},"mobile":{"background-color":"var(--ast-global-color-5)","background-image":"","background-repeat":"repeat","background-position":"center center","background-size":"auto","background-attachment":"scroll","background-type":"","background-media":"","overlay-type":"","overlay-color":"","overlay-opacity":"","overlay-gradient":""}},"footnotes":""},"class_list":["post-49","page","type-page","status-publish","hentry"],"post_mailing_queue_ids":[],"_links":{"self":[{"href":"https:\/\/agora.xtec.cat\/insjoanmercader\/wp-json\/wp\/v2\/pages\/49","targetHints":{"allow":["GET"]}}],"collection":[{"href":"https:\/\/agora.xtec.cat\/insjoanmercader\/wp-json\/wp\/v2\/pages"}],"about":[{"href":"https:\/\/agora.xtec.cat\/insjoanmercader\/wp-json\/wp\/v2\/types\/page"}],"author":[{"embeddable":true,"href":"https:\/\/agora.xtec.cat\/insjoanmercader\/wp-json\/wp\/v2\/users\/1"}],"replies":[{"embeddable":true,"href":"https:\/\/agora.xtec.cat\/insjoanmercader\/wp-json\/wp\/v2\/comments?post=49"}],"version-history":[{"count":6,"href":"https:\/\/agora.xtec.cat\/insjoanmercader\/wp-json\/wp\/v2\/pages\/49\/revisions"}],"predecessor-version":[{"id":11512,"href":"https:\/\/agora.xtec.cat\/insjoanmercader\/wp-json\/wp\/v2\/pages\/49\/revisions\/11512"}],"up":[{"embeddable":true,"href":"https:\/\/agora.xtec.cat\/insjoanmercader\/wp-json\/wp\/v2\/pages\/19"}],"wp:attachment":[{"href":"https:\/\/agora.xtec.cat\/insjoanmercader\/wp-json\/wp\/v2\/media?parent=49"}],"curies":[{"name":"wp","href":"https:\/\/api.w.org\/{rel}","templated":true}]}}