{"id":485,"date":"2016-10-19T11:16:17","date_gmt":"2016-10-19T10:16:17","guid":{"rendered":"http:\/\/agora.xtec.cat\/insjoanmercader\/?page_id=485"},"modified":"2025-10-08T08:00:47","modified_gmt":"2025-10-08T06:00:47","slug":"projecte-educatiu-de-centre","status":"publish","type":"page","link":"https:\/\/agora.xtec.cat\/insjoanmercader\/linstitut\/projecte-educatiu-de-centre\/","title":{"rendered":"Projecte educatiu de centre"},"content":{"rendered":"<p>&nbsp;<\/p>\n<h5 style=\"text-align: center;\"><span style=\"color: #333399;\"><strong>PROJECTE<\/strong><strong style=\"font-family: inherit; font-size: 1em;\">\u00a0EDUCA<\/strong><strong style=\"font-family: inherit; font-size: 1em;\">TIU DE CENTRE<\/strong><\/span><\/h5>\n<p style=\"text-align: center;\"><span style=\"color: #3366ff;\">Documents actualitzats i aprovats el curs 2019-2020<\/span><\/p>\n<p style=\"text-align: center;\"><a href=\"https:\/\/drive.google.com\/file\/d\/1P-sOeqHiuiSXPMRd2ga6XEUxQ3Ptp8jF\/view?usp=sharing\" target=\"_blank\" rel=\"noopener\"><span style=\"color: #3366ff;\">INTRODUCCI\u00d3. APROVACI\u00d3 I DIFUSI\u00d3<\/span><\/a><\/p>\n<p style=\"text-align: center;\"><a href=\"https:\/\/drive.google.com\/file\/d\/1Vsd-zYEf8f55lQHKsVygPxCDdw1_8AZG\/view?usp=sharing\"><span style=\"color: #3366ff;\">DEFINICI\u00d3 INSTITUCIONAL<\/span><\/a><\/p>\n<p style=\"text-align: center;\"><a href=\"https:\/\/drive.google.com\/file\/d\/1OKcXQrYtvuZKFP3HoYIQfduaQOIntB2Y\/view?usp=sharing\" target=\"_blank\" rel=\"noopener\"><span style=\"color: #3366ff;\">OBJECTIUS DEL CENTRE. AVALUACI\u00d3<\/span><\/a><\/p>\n<p style=\"text-align: center;\"><span style=\"color: #3366ff;\">CONCRECI\u00d3 I DESENVOLUPAMENT DEL PROJECTE (Informat al PGA)<\/span><\/p>\n<p style=\"text-align: center;\"><a href=\"https:\/\/drive.google.com\/file\/d\/1lIEvX_4Q3YWqCdvdJsDbpFDB3K6oXq5k\/view?usp=sharing\" target=\"_blank\" rel=\"noopener\">DEC\u00c0LEG PROJECTE EDUCATIU<\/a><\/p>\n<p>&nbsp;<\/p>\n<h5 style=\"text-align: center;\"><span style=\"color: #333399;\"><strong>PROJECTE DE DIRECCI\u00d3 2021-2025<\/strong><\/span><\/h5>\n<p style=\"text-align: center;\"><a href=\"https:\/\/drive.google.com\/file\/d\/1iaxSI97Ma16D2MW2bfdPh6JdXYH1w1jf\/view?usp=sharing\" target=\"_blank\" rel=\"noopener\">projecte direcci\u00f3 2021-2025 &#8211; WEB<\/a><\/p>\n<p>&nbsp;<\/p>\n<h5 style=\"text-align: center;\"><span style=\"color: #333399;\"><strong>PLA GENERAL ANUAL 2025-2026 (Informat al claustre i aprovat CE el 30\/09\/2026)<\/strong><\/span><\/h5>\n<p style=\"text-align: center;\"><a href=\"https:\/\/drive.google.com\/file\/d\/1mcuWImsCUKegmnv6rwwGYmZHRpTaAivF\/view?usp=sharing\" target=\"_blank\" rel=\"noopener\">PGA 2025-2026<\/a><\/p>\n<p>&nbsp;<\/p>\n<h6><\/h6>\n<h5 style=\"text-align: center;\"><span style=\"color: #333399;\"><strong>PROJECTE LING\u00dc\u00cdSTIC DE CENTRE<\/strong><\/span><\/h5>\n<p style=\"text-align: center;\"><a href=\"https:\/\/docs.google.com\/document\/d\/1goqUlz9cml4YL6cz9WDUt4BlpJ8pf3GwkEaJio9bHuU\/edit?usp=sharing\" target=\"_blank\" rel=\"noopener\">PLC.. Actualitzat el juny del 2022<\/a><\/p>\n<p>&nbsp;<\/p>\n<h5 style=\"text-align: center;\"><span style=\"color: #333399;\"><strong>PLA D&#8217;ACCI\u00d3 TUTORIAL<\/strong><\/span><\/h5>\n<p style=\"text-align: center;\"><a href=\"https:\/\/docs.google.com\/document\/d\/1L_ARMWlSi0dhwhLrETqbKJk-YA8cA1aQZL5EVse4AgY\/edit?usp=sharing\" target=\"_blank\" rel=\"noopener\">DOCUMENT PAT. Aprovat durant el curs 2019-20. Revisat curs 23-24<\/a><\/p>\n<p>&nbsp;<\/p>\n<h5><\/h5>\n<h5 style=\"text-align: center;\"><span style=\"color: #000080;\"><strong>PLA TAC<\/strong><\/span><\/h5>\n<p style=\"text-align: center;\"><a href=\"https:\/\/drive.google.com\/file\/d\/1TtLx2xnQ19_N7lwKDUExgfwh3R-PcruS\/view?usp=sharing\" target=\"_blank\" rel=\"noopener\">DOCUMENT PLA TAC. Aprovat el curs 2018-19<\/a><\/p>\n<p>&nbsp;<\/p>\n<h5 style=\"text-align: center;\"><span style=\"color: #333399;\"><strong>CARTA DE COMPROM\u00cdS<\/strong><\/span><\/h5>\n<p style=\"text-align: center;\"><a href=\"https:\/\/agora.xtec.cat\/insjoanmercader\/wp-content\/uploads\/usu427\/2024\/04\/Carta-compromis-2024.pdf\" target=\"_blank\" rel=\"noopener\">carta comprom\u00eds<\/a><\/p>\n<p>&nbsp;<\/p>\n<h5 style=\"text-align: center;\"><a href=\"https:\/\/drive.google.com\/file\/d\/17gw0yh9gusTji8W9QgOe_co1tG3pf72E\/view?usp=sharing\" target=\"_blank\" rel=\"noopener noreferrer\"><span style=\"color: #333399;\"><strong>CONSELL<\/strong><\/span><\/a><strong><a href=\"https:\/\/drive.google.com\/file\/d\/17gw0yh9gusTji8W9QgOe_co1tG3pf72E\/view?usp=sharing\" target=\"_blank\" rel=\"noopener noreferrer\"><span style=\"color: #333399;\"> ORIENTADOR<\/span><\/a><\/strong><\/h5>\n<p style=\"text-align: center;\"><a href=\"https:\/\/agora.xtec.cat\/insjoanmercader\/wp-content\/uploads\/usu427\/2019\/10\/document-consell-orientador.pdf\" target=\"_blank\" rel=\"noopener\">document-consell-orientador<\/a><\/p>\n<p>&nbsp;<\/p>\n<h5 style=\"text-align: center;\"><span style=\"color: #333399;\"><strong>PROJECTES DE CENTRE<\/strong><\/span><\/h5>\n<p>&nbsp;<\/p>\n<h5 style=\"text-align: center;\"><span style=\"color: #333399;\"><strong>INTERNET SEGURA<\/strong><\/span><\/h5>\n<p style=\"text-align: center;\"><a href=\"https:\/\/agora.xtec.cat\/insjoanmercader\/categoria\/eseguretat\/\" target=\"_blank\" rel=\"noopener\">ESEGURETAT<\/a><\/p>\n<p style=\"text-align: center;\"><a href=\"https:\/\/agora.xtec.cat\/insjoanmercader\/wp-content\/uploads\/usu427\/2021\/01\/L5-Us-Responsable-Internet.pdf\">L5-Us-Responsable-Internet<\/a><\/p>\n<h5 style=\"text-align: center;\"><span style=\"color: #333399;\"><strong>COEDUCACI\u00d3<\/strong><\/span><\/h5>\n<p style=\"text-align: center;\"><a href=\"https:\/\/xtec.gencat.cat\/ca\/curriculum\/coeducacio\/\" target=\"_blank\" rel=\"noopener\">Coeducaci\u00f3 i perspectiva de g\u00e8nere (gencat)<\/a><\/p>\n<p style=\"text-align: center;\"><a href=\"http:\/\/Dec\u00e0leg il\u00b7lustrat per incorporar per incorporar la perspectiva de g\u00e8nere i la coeducaci\u00f3 al curr\u00edculum\" target=\"_blank\" rel=\"noopener\">Dec\u00e0leg il\u00b7lustrat per incorporar per incorporar la perspectiva de g\u00e8nere i la coeducaci\u00f3 al curr\u00edculum<\/a><\/p>\n<p>&nbsp;<\/p>\n<p>&nbsp;<\/p>\n<p>&nbsp;<\/p>\n<p>&nbsp;<\/p>\n<p>&nbsp;<\/p>\n<p>&nbsp;<\/p>\n","protected":false},"excerpt":{"rendered":"<p>&nbsp; PROJECTE\u00a0EDUCATIU DE CENTRE Documents actualitzats i aprovats el curs 2019-2020 INTRODUCCI\u00d3. APROVACI\u00d3 I DIFUSI\u00d3 DEFINICI\u00d3 INSTITUCIONAL OBJECTIUS DEL CENTRE. AVALUACI\u00d3 CONCRECI\u00d3 I DESENVOLUPAMENT DEL PROJECTE (Informat al PGA) DEC\u00c0LEG PROJECTE EDUCATIU &nbsp; PROJECTE DE DIRECCI\u00d3 2021-2025 projecte direcci\u00f3 2021-2025 &#8211; WEB &nbsp; PLA GENERAL ANUAL 2025-2026 (Informat al claustre i aprovat CE el 30\/09\/2026) [&hellip;]<\/p>\n","protected":false},"author":1,"featured_media":0,"parent":19,"menu_order":1,"comment_status":"closed","ping_status":"closed","template":"","meta":{"_bbp_topic_count":0,"_bbp_reply_count":0,"_bbp_total_topic_count":0,"_bbp_total_reply_count":0,"_bbp_voice_count":0,"_bbp_anonymous_reply_count":0,"_bbp_topic_count_hidden":0,"_bbp_reply_count_hidden":0,"_bbp_forum_subforum_count":0,"site-sidebar-layout":"default","site-content-layout":"","ast-site-content-layout":"default","site-content-style":"default","site-sidebar-style":"default","ast-global-header-display":"","ast-banner-title-visibility":"","ast-main-header-display":"","ast-hfb-above-header-display":"","ast-hfb-below-header-display":"","ast-hfb-mobile-header-display":"","site-post-title":"","ast-breadcrumbs-content":"","ast-featured-img":"","footer-sml-layout":"","theme-transparent-header-meta":"default","adv-header-id-meta":"","stick-header-meta":"","header-above-stick-meta":"","header-main-stick-meta":"","header-below-stick-meta":"","astra-migrate-meta-layouts":"set","ast-page-background-enabled":"default","ast-page-background-meta":{"desktop":{"background-color":"var(--ast-global-color-4)","background-image":"","background-repeat":"repeat","background-position":"center center","background-size":"auto","background-attachment":"scroll","background-type":"","background-media":"","overlay-type":"","overlay-color":"","overlay-opacity":"","overlay-gradient":""},"tablet":{"background-color":"","background-image":"","background-repeat":"repeat","background-position":"center center","background-size":"auto","background-attachment":"scroll","background-type":"","background-media":"","overlay-type":"","overlay-color":"","overlay-opacity":"","overlay-gradient":""},"mobile":{"background-color":"","background-image":"","background-repeat":"repeat","background-position":"center center","background-size":"auto","background-attachment":"scroll","background-type":"","background-media":"","overlay-type":"","overlay-color":"","overlay-opacity":"","overlay-gradient":""}},"ast-content-background-meta":{"desktop":{"background-color":"var(--ast-global-color-5)","background-image":"","background-repeat":"repeat","background-position":"center center","background-size":"auto","background-attachment":"scroll","background-type":"","background-media":"","overlay-type":"","overlay-color":"","overlay-opacity":"","overlay-gradient":""},"tablet":{"background-color":"var(--ast-global-color-5)","background-image":"","background-repeat":"repeat","background-position":"center center","background-size":"auto","background-attachment":"scroll","background-type":"","background-media":"","overlay-type":"","overlay-color":"","overlay-opacity":"","overlay-gradient":""},"mobile":{"background-color":"var(--ast-global-color-5)","background-image":"","background-repeat":"repeat","background-position":"center center","background-size":"auto","background-attachment":"scroll","background-type":"","background-media":"","overlay-type":"","overlay-color":"","overlay-opacity":"","overlay-gradient":""}},"footnotes":""},"class_list":["post-485","page","type-page","status-publish","hentry"],"post_mailing_queue_ids":[],"_links":{"self":[{"href":"https:\/\/agora.xtec.cat\/insjoanmercader\/wp-json\/wp\/v2\/pages\/485","targetHints":{"allow":["GET"]}}],"collection":[{"href":"https:\/\/agora.xtec.cat\/insjoanmercader\/wp-json\/wp\/v2\/pages"}],"about":[{"href":"https:\/\/agora.xtec.cat\/insjoanmercader\/wp-json\/wp\/v2\/types\/page"}],"author":[{"embeddable":true,"href":"https:\/\/agora.xtec.cat\/insjoanmercader\/wp-json\/wp\/v2\/users\/1"}],"replies":[{"embeddable":true,"href":"https:\/\/agora.xtec.cat\/insjoanmercader\/wp-json\/wp\/v2\/comments?post=485"}],"version-history":[{"count":9,"href":"https:\/\/agora.xtec.cat\/insjoanmercader\/wp-json\/wp\/v2\/pages\/485\/revisions"}],"predecessor-version":[{"id":12282,"href":"https:\/\/agora.xtec.cat\/insjoanmercader\/wp-json\/wp\/v2\/pages\/485\/revisions\/12282"}],"up":[{"embeddable":true,"href":"https:\/\/agora.xtec.cat\/insjoanmercader\/wp-json\/wp\/v2\/pages\/19"}],"wp:attachment":[{"href":"https:\/\/agora.xtec.cat\/insjoanmercader\/wp-json\/wp\/v2\/media?parent=485"}],"curies":[{"name":"wp","href":"https:\/\/api.w.org\/{rel}","templated":true}]}}