{"id":290,"date":"2016-05-18T10:49:12","date_gmt":"2016-05-18T09:49:12","guid":{"rendered":"http:\/\/agora.xtec.cat\/insjoanmercader\/?page_id=290"},"modified":"2026-02-13T13:37:57","modified_gmt":"2026-02-13T12:37:57","slug":"ajuts-i-beques","status":"publish","type":"page","link":"https:\/\/agora.xtec.cat\/insjoanmercader\/secretaria\/ajuts-i-beques\/","title":{"rendered":"Ajuts i beques"},"content":{"rendered":"<div><\/div>\n<p><b>AJUNTAMENT: <\/b><\/p>\n<ul>\n<li>Ajuts per a l&#8217;adquisici\u00f3 de llibres i material escolar 2025-2026:\n<ul>\n<li>El termini de sol\u00b7licitud \u00e9s fins el 20 de juliol del 2025.<\/li>\n<li>Enlla\u00e7 per als tr\u00e0mits per ajut de llibres: <a style=\"font-family: inherit; font-size: 1em;\" href=\"https:\/\/tramits.igualada.cat\/Ciutadania\/DetallTramit.aspx?IdTema=23&amp;IdTramit=365\" target=\"_blank\" rel=\"noopener noreferrer\" data-saferedirecturl=\"https:\/\/www.google.com\/url?q=https:\/\/tramits.igualada.cat\/Ciutadania\/DetallTramit.aspx?IdTema%3D23%26IdTramit%3D365&amp;source=gmail&amp;ust=1625306466740000&amp;usg=AFQjCNEi0Xvy4JHpiJ4sGMobU7MNgNaiPg\">https:\/\/tramits.igualada.cat\/<wbr \/>Ciutadania\/DetallTramit.aspx?<wbr \/>IdTema=23&amp;IdTramit=365<\/a><\/li>\n<li>Enlla\u00e7 per als tr\u00e0mits per ajut de material: <a style=\"font-family: inherit; font-size: 1em;\" href=\"https:\/\/tramits.igualada.cat\/Ciutadania\/DetallTramit.aspx?Cercador=True&amp;IdTramit=176\" data-saferedirecturl=\"https:\/\/www.google.com\/url?q=https:\/\/tramits.igualada.cat\/Ciutadania\/DetallTramit.aspx?Cercador%3DTrue%26IdTramit%3D176&amp;source=gmail&amp;ust=1686671114327000&amp;usg=AOvVaw1Zdcj4jycBvjVvACQe5X5w\">https:\/\/tramits.igualada.cat\/Ciutadania\/DetallTramit.aspx?Cercador=True&amp;IdTramit=176<\/a><\/li>\n<\/ul>\n<\/li>\n<li>Beques activitats estiu: ENLLA\u00c7<\/li>\n<\/ul>\n<div><\/div>\n<div><span style=\"font-size: medium;\"><b>ALTRES:<\/b><\/span><\/div>\n<div><span style=\"font-size: medium;\"><b>\u00a0<\/b><\/span><span style=\"font-size: medium;\"><b><br \/>\n<\/b><\/span><\/p>\n<ul>\n<li><span style=\"font-size: medium;\"><a href=\"http:\/\/web.gencat.cat\/ca\/tramits\/tramits-temes\/247-beques-ministerio-postobligatoris\">Beques per a ensenyaments postobligatoris no universitaris<\/a><\/span><\/li>\n<li><span style=\"font-size: medium;\"><a href=\"http:\/\/ensenyament.gencat.cat\/ca\/tramits\/tramits-temes\/358-ajuts-ministerio-NEE\">Ajuts per a alumnes amb necessitat espec\u00edfica de suport educatiu<\/a><\/span><\/li>\n<\/ul>\n<div><\/div>\n<div><\/div>\n<div><\/div>\n<p>&nbsp;<\/p>\n<h1 class=\"entry-title\"><\/h1>\n<\/div>\n","protected":false},"excerpt":{"rendered":"<p>AJUNTAMENT: Ajuts per a l&#8217;adquisici\u00f3 de llibres i material escolar 2025-2026: El termini de sol\u00b7licitud \u00e9s fins el 20 de juliol del 2025. Enlla\u00e7 per als tr\u00e0mits per ajut de llibres: https:\/\/tramits.igualada.cat\/Ciutadania\/DetallTramit.aspx?IdTema=23&amp;IdTramit=365 Enlla\u00e7 per als tr\u00e0mits per ajut de material: https:\/\/tramits.igualada.cat\/Ciutadania\/DetallTramit.aspx?Cercador=True&amp;IdTramit=176 Beques activitats estiu: ENLLA\u00c7 ALTRES: \u00a0 Beques per a ensenyaments postobligatoris no universitaris Ajuts [&hellip;]<\/p>\n","protected":false},"author":3,"featured_media":0,"parent":81,"menu_order":0,"comment_status":"closed","ping_status":"closed","template":"","meta":{"_bbp_topic_count":0,"_bbp_reply_count":0,"_bbp_total_topic_count":0,"_bbp_total_reply_count":0,"_bbp_voice_count":0,"_bbp_anonymous_reply_count":0,"_bbp_topic_count_hidden":0,"_bbp_reply_count_hidden":0,"_bbp_forum_subforum_count":0,"site-sidebar-layout":"default","site-content-layout":"","ast-site-content-layout":"default","site-content-style":"default","site-sidebar-style":"default","ast-global-header-display":"","ast-banner-title-visibility":"","ast-main-header-display":"","ast-hfb-above-header-display":"","ast-hfb-below-header-display":"","ast-hfb-mobile-header-display":"","site-post-title":"","ast-breadcrumbs-content":"","ast-featured-img":"","footer-sml-layout":"","theme-transparent-header-meta":"default","adv-header-id-meta":"","stick-header-meta":"","header-above-stick-meta":"","header-main-stick-meta":"","header-below-stick-meta":"","astra-migrate-meta-layouts":"set","ast-page-background-enabled":"default","ast-page-background-meta":{"desktop":{"background-color":"var(--ast-global-color-4)","background-image":"","background-repeat":"repeat","background-position":"center center","background-size":"auto","background-attachment":"scroll","background-type":"","background-media":"","overlay-type":"","overlay-color":"","overlay-opacity":"","overlay-gradient":""},"tablet":{"background-color":"","background-image":"","background-repeat":"repeat","background-position":"center center","background-size":"auto","background-attachment":"scroll","background-type":"","background-media":"","overlay-type":"","overlay-color":"","overlay-opacity":"","overlay-gradient":""},"mobile":{"background-color":"","background-image":"","background-repeat":"repeat","background-position":"center center","background-size":"auto","background-attachment":"scroll","background-type":"","background-media":"","overlay-type":"","overlay-color":"","overlay-opacity":"","overlay-gradient":""}},"ast-content-background-meta":{"desktop":{"background-color":"var(--ast-global-color-5)","background-image":"","background-repeat":"repeat","background-position":"center center","background-size":"auto","background-attachment":"scroll","background-type":"","background-media":"","overlay-type":"","overlay-color":"","overlay-opacity":"","overlay-gradient":""},"tablet":{"background-color":"var(--ast-global-color-5)","background-image":"","background-repeat":"repeat","background-position":"center center","background-size":"auto","background-attachment":"scroll","background-type":"","background-media":"","overlay-type":"","overlay-color":"","overlay-opacity":"","overlay-gradient":""},"mobile":{"background-color":"var(--ast-global-color-5)","background-image":"","background-repeat":"repeat","background-position":"center center","background-size":"auto","background-attachment":"scroll","background-type":"","background-media":"","overlay-type":"","overlay-color":"","overlay-opacity":"","overlay-gradient":""}},"footnotes":""},"class_list":["post-290","page","type-page","status-publish","hentry"],"post_mailing_queue_ids":[],"_links":{"self":[{"href":"https:\/\/agora.xtec.cat\/insjoanmercader\/wp-json\/wp\/v2\/pages\/290","targetHints":{"allow":["GET"]}}],"collection":[{"href":"https:\/\/agora.xtec.cat\/insjoanmercader\/wp-json\/wp\/v2\/pages"}],"about":[{"href":"https:\/\/agora.xtec.cat\/insjoanmercader\/wp-json\/wp\/v2\/types\/page"}],"author":[{"embeddable":true,"href":"https:\/\/agora.xtec.cat\/insjoanmercader\/wp-json\/wp\/v2\/users\/3"}],"replies":[{"embeddable":true,"href":"https:\/\/agora.xtec.cat\/insjoanmercader\/wp-json\/wp\/v2\/comments?post=290"}],"version-history":[{"count":8,"href":"https:\/\/agora.xtec.cat\/insjoanmercader\/wp-json\/wp\/v2\/pages\/290\/revisions"}],"predecessor-version":[{"id":12638,"href":"https:\/\/agora.xtec.cat\/insjoanmercader\/wp-json\/wp\/v2\/pages\/290\/revisions\/12638"}],"up":[{"embeddable":true,"href":"https:\/\/agora.xtec.cat\/insjoanmercader\/wp-json\/wp\/v2\/pages\/81"}],"wp:attachment":[{"href":"https:\/\/agora.xtec.cat\/insjoanmercader\/wp-json\/wp\/v2\/media?parent=290"}],"curies":[{"name":"wp","href":"https:\/\/api.w.org\/{rel}","templated":true}]}}