{"id":195,"date":"2014-09-22T10:39:39","date_gmt":"2014-09-22T10:39:39","guid":{"rendered":"http:\/\/agora.xtec.cat\/insjoanmercader\/?page_id=195"},"modified":"2026-04-13T16:28:49","modified_gmt":"2026-04-13T14:28:49","slug":"estudis","status":"publish","type":"page","link":"https:\/\/agora.xtec.cat\/insjoanmercader\/estudis\/","title":{"rendered":"Estudis"},"content":{"rendered":"<p>El nostre institut ofereix estudis d&#8217;ESO i \u00a0Batxillerat. Les modalitats que s\u2019ofereixen s\u00f3n totes les existents: Ci\u00e8ncies i Tecnologia, Humanitats i Ci\u00e8ncies Socials, i Arts amb les seves dues vies: Arts Pl\u00e0stiques, Disseny i Imatge i Arts Esc\u00e8niques, M\u00fasica i Dansa.<\/p>\n<p>L\u2019horari lectiu per a tots els ensenyaments \u00e9s horari compactat de mat\u00ed, tal com ha estat autoritzat pel Departament d\u2019Educaci\u00f3. Creiem que d\u00f3na opci\u00f3 als joves a una bona distribuci\u00f3 del seu temps de treball escolar a casa, activitats extraescolars i lleure.\u00a0 Concretament \u00e9s de 8,00 h a 14,30 h amb l&#8217;esbarjo entre les 11,00 h i les 11,30 h.<\/p>\n<header class=\"entry-header\" style=\"color: #444444;\">\n<h1 class=\"entry-title\" style=\"font-weight: 400; color: #087eb6;\">ESO<\/h1>\n<p>S\u00f3n quatre cursos de secund\u00e0ria obligat\u00f2ria.<\/p>\n<p><strong>MAT\u00c8RIES. <\/strong>Hores per curs previstes:<\/p>\n<p>(Segons el <strong><a title=\"Decret 175\/2022, de 27 de setembre, d'ordenaci\u00f3 dels ensenyaments de l'educaci\u00f3 b\u00e0sica\" href=\"https:\/\/dogc.gencat.cat\/ca\/document-del-dogc\/?documentId=938401\" target=\"_blank\" rel=\"noopener\">Decret 175\/2022, de 27 de setembre, d&#8217;ordenaci\u00f3 dels ensenyaments de l&#8217;educaci\u00f3 b\u00e0sica<\/a>)<\/strong><\/p>\n<p style=\"text-align: left;\"><strong><a href=\"http:\/\/agora.xtec.cat\/insjoanmercader\/wp-content\/uploads\/usu427\/2014\/09\/materies-eso.jpg\"><img loading=\"lazy\" decoding=\"async\" class=\"size-full wp-image-3326 aligncenter\" src=\"http:\/\/agora.xtec.cat\/insjoanmercader\/wp-content\/uploads\/usu427\/2014\/09\/materies-eso.jpg\" alt=\"\" width=\"406\" height=\"432\" srcset=\"https:\/\/agora.xtec.cat\/insjoanmercader\/wp-content\/uploads\/usu427\/2014\/09\/materies-eso.jpg 406w, https:\/\/agora.xtec.cat\/insjoanmercader\/wp-content\/uploads\/usu427\/2014\/09\/materies-eso-282x300.jpg 282w\" sizes=\"auto, (max-width: 406px) 100vw, 406px\" \/><\/a><br \/>\n<\/strong><\/p>\n<p style=\"text-align: left;\"><strong> TUTORIA<\/strong><strong>\u00a0<\/strong><\/p>\n<p>Es fa una hora setmanal d\u2019atenci\u00f3 amb el grup classe on es treballen diferents aspectes que estan programats al Pla d\u2019Acci\u00f3 Tutorial (acollida de l\u2019alumnat, seguiment, orientaci\u00f3, xerrades, tallers&#8230;). Tamb\u00e9 \u00e9s funci\u00f3 del tutor o tutora el seguiment individual dels alumnes i les comunicacions amb les fam\u00edlies. En el document PGA (Pla General Anual que cada curs es\u00a0 publica a la web es poden veure les concrecions per cursos.<\/p>\n<\/header>\n<div class=\"entry-content\" style=\"color: #444444;\"><\/div>\n<p>&nbsp;<\/p>\n<div class=\"entry-content\" style=\"color: #444444;\">\n<header class=\"entry-header\">\n<h1 class=\"entry-title\" style=\"font-weight: 400; color: #087eb6;\">Batxillerat<\/h1>\n<\/header>\n<\/div>\n<div class=\"entry-content\" style=\"color: #444444;\">\n<header class=\"entry-header\">S\u00f3n dos cursos de batxillerat a realitzar en un m\u00e0xim de 4 anys. Oferim totes les modalitats existents:<\/p>\n<ul>\n<li><strong>Modalitat d\u00b4Arts:<\/strong>\n<ul>\n<li>Via d\u2019arts pl\u00e0stiques, disseny i imatge<\/li>\n<li>Via d\u2019arts esc\u00e8niques, m\u00fasica i dansa<\/li>\n<\/ul>\n<\/li>\n<li><strong>Modalitat de Ci\u00e8ncies i Tecnologia<\/strong><\/li>\n<li><strong>Modalitat d\u2019Humanitats i Ci\u00e8ncies Socials<\/strong><\/li>\n<\/ul>\n<p>Es cursen 30 hores setmanals de les mat\u00e8ries que es classifiquen en: comunes, de modalitat i espec\u00edfiques.<\/p>\n<p>La formaci\u00f3 de grups es fa per modalitats i tenint en compte la r\u00e0tio global, per tant \u00e9s possible que un mateix grup tingui alumnat de dues modalitats. Hem de dir que dins de cada modalitat l&#8217;alumnat pot seguir un itinerari formatiu, segons les mat\u00e8ries de modalitat i espec\u00edfiques escollides\u00a0 que s&#8217;adequa a les seves necessitats, habilitats i perspectives de futur acad\u00e8mic d&#8217;acord amb les orientacions rebudes per part del seu tutor i la fam\u00edlia respectiva.<strong>\u00a0<\/strong><\/p>\n<p><strong>MAT\u00c8RIES. <\/strong>Hores per curs previstes.<\/p>\n<p>(Organitzaci\u00f3 en\u00a0 base a:\u00a0<strong>Documents per a l\u2019organitzaci\u00f3 i la gesti\u00f3 dels centres del Departament d\u2019Educaci\u00f3)<\/strong><\/p>\n<p>Organitzaci\u00f3 a 1r de batxillerat:<\/p>\n<p><a href=\"https:\/\/agora.xtec.cat\/insjoanmercader\/wp-content\/uploads\/usu427\/2026\/03\/B1_itineraris_canvis.png\"><img loading=\"lazy\" decoding=\"async\" class=\"alignnone size-full wp-image-12810\" src=\"https:\/\/agora.xtec.cat\/insjoanmercader\/wp-content\/uploads\/usu427\/2026\/03\/B1_itineraris_canvis.png\" alt=\"\" width=\"854\" height=\"814\" srcset=\"https:\/\/agora.xtec.cat\/insjoanmercader\/wp-content\/uploads\/usu427\/2026\/03\/B1_itineraris_canvis.png 854w, https:\/\/agora.xtec.cat\/insjoanmercader\/wp-content\/uploads\/usu427\/2026\/03\/B1_itineraris_canvis-300x286.png 300w, https:\/\/agora.xtec.cat\/insjoanmercader\/wp-content\/uploads\/usu427\/2026\/03\/B1_itineraris_canvis-768x732.png 768w\" sizes=\"auto, (max-width: 854px) 100vw, 854px\" \/><\/a><\/p>\n<\/header>\n<\/div>\n<div><\/div>\n<div class=\"entry-content\" style=\"color: #444444;\"><strong>Organitzaci\u00f3 a 2n de batxillerat:<\/strong><\/div>\n<div>\n<p>&nbsp;<\/p>\n<p><strong>MAT\u00c8RIES COMUNES<\/strong><\/p>\n<p><a href=\"http:\/\/agora.xtec.cat\/insjoanmercader\/wp-content\/uploads\/usu427\/2016\/12\/comunes-2batx.jpg\"><img loading=\"lazy\" decoding=\"async\" class=\"alignnone wp-image-3336\" src=\"http:\/\/agora.xtec.cat\/insjoanmercader\/wp-content\/uploads\/usu427\/2016\/12\/comunes-2batx.jpg\" alt=\"\" width=\"248\" height=\"195\" \/><\/a><\/p>\n<p><strong>MAT\u00c8RIES DE MODALITAT I ESPEC\u00cdFIQUES\u00a0<\/strong><\/p>\n<p><a href=\"https:\/\/agora.xtec.cat\/insjoanmercader\/wp-content\/uploads\/usu427\/2026\/03\/Itineraris-Batxillerat-26-28-B2-1-scaled-e1774611003276.jpg\"><img loading=\"lazy\" decoding=\"async\" class=\"alignnone size-large wp-image-12811\" src=\"https:\/\/agora.xtec.cat\/insjoanmercader\/wp-content\/uploads\/usu427\/2026\/03\/Itineraris-Batxillerat-26-28-B2-1-scaled-e1774611003276-1024x997.jpg\" alt=\"\" width=\"1024\" height=\"997\" srcset=\"https:\/\/agora.xtec.cat\/insjoanmercader\/wp-content\/uploads\/usu427\/2026\/03\/Itineraris-Batxillerat-26-28-B2-1-scaled-e1774611003276-1024x997.jpg 1024w, https:\/\/agora.xtec.cat\/insjoanmercader\/wp-content\/uploads\/usu427\/2026\/03\/Itineraris-Batxillerat-26-28-B2-1-scaled-e1774611003276-300x292.jpg 300w, https:\/\/agora.xtec.cat\/insjoanmercader\/wp-content\/uploads\/usu427\/2026\/03\/Itineraris-Batxillerat-26-28-B2-1-scaled-e1774611003276-768x748.jpg 768w, https:\/\/agora.xtec.cat\/insjoanmercader\/wp-content\/uploads\/usu427\/2026\/03\/Itineraris-Batxillerat-26-28-B2-1-scaled-e1774611003276-1536x1495.jpg 1536w, https:\/\/agora.xtec.cat\/insjoanmercader\/wp-content\/uploads\/usu427\/2026\/03\/Itineraris-Batxillerat-26-28-B2-1-scaled-e1774611003276.jpg 1664w\" sizes=\"auto, (max-width: 1024px) 100vw, 1024px\" \/><\/a><\/p>\n<p><a href=\"https:\/\/agora.xtec.cat\/insjoanmercader\/wp-content\/uploads\/usu427\/2026\/04\/BAT-VIGENT-B2-2026-27-scaled-e1776090459669.jpg\"><img loading=\"lazy\" decoding=\"async\" class=\"alignnone size-large wp-image-12823\" src=\"https:\/\/agora.xtec.cat\/insjoanmercader\/wp-content\/uploads\/usu427\/2026\/04\/BAT-VIGENT-B2-2026-27-scaled-e1776090459669-1024x552.jpg\" alt=\"\" width=\"1024\" height=\"552\" srcset=\"https:\/\/agora.xtec.cat\/insjoanmercader\/wp-content\/uploads\/usu427\/2026\/04\/BAT-VIGENT-B2-2026-27-scaled-e1776090459669-1024x552.jpg 1024w, https:\/\/agora.xtec.cat\/insjoanmercader\/wp-content\/uploads\/usu427\/2026\/04\/BAT-VIGENT-B2-2026-27-scaled-e1776090459669-300x162.jpg 300w, https:\/\/agora.xtec.cat\/insjoanmercader\/wp-content\/uploads\/usu427\/2026\/04\/BAT-VIGENT-B2-2026-27-scaled-e1776090459669-768x414.jpg 768w, https:\/\/agora.xtec.cat\/insjoanmercader\/wp-content\/uploads\/usu427\/2026\/04\/BAT-VIGENT-B2-2026-27-scaled-e1776090459669-1536x827.jpg 1536w, https:\/\/agora.xtec.cat\/insjoanmercader\/wp-content\/uploads\/usu427\/2026\/04\/BAT-VIGENT-B2-2026-27-scaled-e1776090459669-2048x1103.jpg 2048w\" sizes=\"auto, (max-width: 1024px) 100vw, 1024px\" \/><\/a><\/p>\n<\/div>\n<div><\/div>\n<div class=\"entry-content\" style=\"color: #444444;\">\n<header class=\"entry-header\"><strong>\u00a0<\/strong><strong>TUTORIA: <\/strong>Entenem que la tutoria del batxillerat no \u00e9s menys important que la de la secund\u00e0ria obligat\u00f2ria i, per tant hi ha tamb\u00e9 un esfor\u00e7 en la programaci\u00f3 i coordinaci\u00f3 de les sessions setmanals amb el grup classe on es treballen diferents aspectes segons els interessos i necessitats de cada nivell (acollida de l\u2019alumnat nou, seguiment, orientaci\u00f3 a estudis posteriors, xerrades universit\u00e0ries, tallers). Tamb\u00e9 en aquests nivells el tutor o tutora \u00e9s qui fa el seguiment individual dels alumnes i les comunicacions amb les fam\u00edlies.<\/header>\n<\/div>\n","protected":false},"excerpt":{"rendered":"<p>El nostre institut ofereix estudis d&#8217;ESO i \u00a0Batxillerat. Les modalitats que s\u2019ofereixen s\u00f3n totes les existents: Ci\u00e8ncies i Tecnologia, Humanitats i Ci\u00e8ncies Socials, i Arts amb les seves dues vies: Arts Pl\u00e0stiques, Disseny i Imatge i Arts Esc\u00e8niques, M\u00fasica i Dansa. L\u2019horari lectiu per a tots els ensenyaments \u00e9s horari compactat de mat\u00ed, tal com [&hellip;]<\/p>\n","protected":false},"author":1,"featured_media":0,"parent":0,"menu_order":0,"comment_status":"closed","ping_status":"closed","template":"","meta":{"_bbp_topic_count":0,"_bbp_reply_count":0,"_bbp_total_topic_count":0,"_bbp_total_reply_count":0,"_bbp_voice_count":0,"_bbp_anonymous_reply_count":0,"_bbp_topic_count_hidden":0,"_bbp_reply_count_hidden":0,"_bbp_forum_subforum_count":0,"site-sidebar-layout":"default","site-content-layout":"","ast-site-content-layout":"default","site-content-style":"default","site-sidebar-style":"default","ast-global-header-display":"","ast-banner-title-visibility":"","ast-main-header-display":"","ast-hfb-above-header-display":"","ast-hfb-below-header-display":"","ast-hfb-mobile-header-display":"","site-post-title":"","ast-breadcrumbs-content":"","ast-featured-img":"","footer-sml-layout":"","theme-transparent-header-meta":"default","adv-header-id-meta":"","stick-header-meta":"","header-above-stick-meta":"","header-main-stick-meta":"","header-below-stick-meta":"","astra-migrate-meta-layouts":"set","ast-page-background-enabled":"default","ast-page-background-meta":{"desktop":{"background-color":"var(--ast-global-color-4)","background-image":"","background-repeat":"repeat","background-position":"center center","background-size":"auto","background-attachment":"scroll","background-type":"","background-media":"","overlay-type":"","overlay-color":"","overlay-opacity":"","overlay-gradient":""},"tablet":{"background-color":"","background-image":"","background-repeat":"repeat","background-position":"center center","background-size":"auto","background-attachment":"scroll","background-type":"","background-media":"","overlay-type":"","overlay-color":"","overlay-opacity":"","overlay-gradient":""},"mobile":{"background-color":"","background-image":"","background-repeat":"repeat","background-position":"center center","background-size":"auto","background-attachment":"scroll","background-type":"","background-media":"","overlay-type":"","overlay-color":"","overlay-opacity":"","overlay-gradient":""}},"ast-content-background-meta":{"desktop":{"background-color":"var(--ast-global-color-5)","background-image":"","background-repeat":"repeat","background-position":"center center","background-size":"auto","background-attachment":"scroll","background-type":"","background-media":"","overlay-type":"","overlay-color":"","overlay-opacity":"","overlay-gradient":""},"tablet":{"background-color":"var(--ast-global-color-5)","background-image":"","background-repeat":"repeat","background-position":"center center","background-size":"auto","background-attachment":"scroll","background-type":"","background-media":"","overlay-type":"","overlay-color":"","overlay-opacity":"","overlay-gradient":""},"mobile":{"background-color":"var(--ast-global-color-5)","background-image":"","background-repeat":"repeat","background-position":"center center","background-size":"auto","background-attachment":"scroll","background-type":"","background-media":"","overlay-type":"","overlay-color":"","overlay-opacity":"","overlay-gradient":""}},"footnotes":""},"class_list":["post-195","page","type-page","status-publish","hentry"],"post_mailing_queue_ids":[],"_links":{"self":[{"href":"https:\/\/agora.xtec.cat\/insjoanmercader\/wp-json\/wp\/v2\/pages\/195","targetHints":{"allow":["GET"]}}],"collection":[{"href":"https:\/\/agora.xtec.cat\/insjoanmercader\/wp-json\/wp\/v2\/pages"}],"about":[{"href":"https:\/\/agora.xtec.cat\/insjoanmercader\/wp-json\/wp\/v2\/types\/page"}],"author":[{"embeddable":true,"href":"https:\/\/agora.xtec.cat\/insjoanmercader\/wp-json\/wp\/v2\/users\/1"}],"replies":[{"embeddable":true,"href":"https:\/\/agora.xtec.cat\/insjoanmercader\/wp-json\/wp\/v2\/comments?post=195"}],"version-history":[{"count":7,"href":"https:\/\/agora.xtec.cat\/insjoanmercader\/wp-json\/wp\/v2\/pages\/195\/revisions"}],"predecessor-version":[{"id":12825,"href":"https:\/\/agora.xtec.cat\/insjoanmercader\/wp-json\/wp\/v2\/pages\/195\/revisions\/12825"}],"wp:attachment":[{"href":"https:\/\/agora.xtec.cat\/insjoanmercader\/wp-json\/wp\/v2\/media?parent=195"}],"curies":[{"name":"wp","href":"https:\/\/api.w.org\/{rel}","templated":true}]}}