{"id":9379,"date":"2025-02-27T12:56:13","date_gmt":"2025-02-27T11:56:13","guid":{"rendered":"https:\/\/agora.xtec.cat\/insjoanguinjoan\/?page_id=9379"},"modified":"2026-02-04T09:24:22","modified_gmt":"2026-02-04T08:24:22","slug":"titols","status":"publish","type":"page","link":"https:\/\/agora.xtec.cat\/insjoanguinjoan\/secretaria\/titols\/","title":{"rendered":"T\u00edtols"},"content":{"rendered":"<header class=\"entry-header\">\n<ul>\n<li>\n<h4><strong>Ensenyaments obligatoris ESO\u00a0<\/strong><\/h4>\n<\/li>\n<\/ul>\n<ul>\n<li style=\"list-style-type: none;\">\n<ul style=\"list-style-type: square;\">\n<li>La primera expedici\u00f3 del t\u00edtol de Graduat en Educaci\u00f3 Secund\u00e0ria Obligat\u00f2ria\u00a0 la tramita el centre d\u2019ofici, sense que calgui sol\u00b7licitud per part de l&#8217;interessat\/ada ni el pagament de cap taxa.<\/li>\n<\/ul>\n<\/li>\n<\/ul>\n<ul>\n<li style=\"list-style-type: none;\">\n<ul style=\"list-style-type: square;\">\n<li>L\u2019actualitzaci\u00f3 de dades o duplicat d\u2019un t\u00edtol ja expedit i lliurat a l\u2019alumne\/a la sol\u00b7licita l\u2019interessat\/da. <a href=\"https:\/\/educacio.gencat.cat\/ca\/tramits\/tramits-temes\/titols-academics-no-universitaris\"><strong>Cliqueu aqu\u00ed\u00a0<\/strong><\/a>\n<ul>\n<li style=\"list-style-type: none;\">\n<ul style=\"list-style-type: square;\">\n<li><em>Amb aquest tr\u00e0mit pots demanar un duplicat o una actualitzaci\u00f3 d\u2019un t\u00edtol de graduat d\u2019Educaci\u00f3 Secund\u00e0ria. Un <strong>duplicat de t\u00edtol<\/strong>\u00a0\u00e9s un t\u00edtol exactament igual al t\u00edtol que se\u2019t va lliurar inicialment. Una\u00a0<strong>actualitzaci\u00f3 de t\u00edtol<\/strong>\u00a0\u00e9s una c\u00f2pia del t\u00edtol expedit inicialment per\u00f2 amb modificaci\u00f3 d\u2019una o m\u00e9s dades personals.<\/em><br \/>\n<em>Per poder reflectir una modificaci\u00f3 de les teves dades personals en un t\u00edtol acad\u00e8mic, cal que aquestes noves dades constin al teu document d\u2019identitat.<\/em><\/li>\n<\/ul>\n<\/li>\n<\/ul>\n<\/li>\n<\/ul>\n<\/li>\n<\/ul>\n<p style=\"text-align: center;\">Consulteu la <a href=\"https:\/\/agora.xtec.cat\/insjoanguinjoan\/wp-content\/uploads\/usu1332\/2025\/03\/instruccions-aplicacio.pdf\">guia de l&#8217;aplicaci\u00f3<\/a>\u00a0per sol\u00b7licitar un duplicat o una actualitzaci\u00f3.<\/p>\n<\/header>\n<header class=\"entry-header\">\n<ul>\n<li>\n<h4><strong>Ensenyaments postobligatoris BATXILLERAT i CICLES FORMATIUS<\/strong><\/h4>\n<ul style=\"list-style-type: square;\">\n<li>A partir d&#8217;ara, seran els mateixos alumnes qui hauran de sol\u00b7licitar el t\u00edtol en l\u00ednia, tant la primera expedici\u00f3, com un duplicat o actualitzaci\u00f3 del t\u00edtol inicialment expedit, a trav\u00e9s de l&#8217;enlla\u00e7 del tr\u00e0mit espec\u00edfic: <a href=\"https:\/\/web.gencat.cat\/ca\/tramits\/tramits-temes\/titols-academics-no-universitaris?category=742b7874-a82c-11e3-a972-000c29052e2c\">Cliqueu aqu\u00ed.<\/a><\/li>\n<\/ul>\n<\/li>\n<\/ul>\n<p>Per poder-ho fer, caldr\u00e0 que els alumnes tinguin <a href=\"https:\/\/web.gencat.cat\/ca\/tramits\/suport-tramitacio\/durant-la-tramitacio\/signatura-identificacio-digital\/idcat-mobil\/index.html\">identificaci\u00f3 digital &#8211; idcat m\u00f2bil<\/a><\/p>\n<p>MOLT IMPORTANT! Us recomanem que us llegiu atentament la <a href=\"https:\/\/agora.xtec.cat\/insjoanguinjoan\/wp-content\/uploads\/usu1332\/2025\/05\/Guia-instruccions-aplicacio.pdf\">Guia instruccions<\/a>, doncs l&#8217;\u00faltim pas ser\u00e0 adre\u00e7ar-se a la secretaria del centre per tal que\u00a0 us signem i\u00a0segellem el resguard de t\u00edtol.<\/p>\n<p><a href=\"https:\/\/agora.xtec.cat\/insjoanguinjoan\/wp-content\/uploads\/usu1332\/2026\/02\/Com-puc-sollicitar-un-titol-per-primera-vegada.pdf\">Com puc sol\u00b7licitar un t\u00edtol per primera vegada<\/a><\/p>\n<p><a href=\"https:\/\/agora.xtec.cat\/insjoanguinjoan\/wp-content\/uploads\/usu1332\/2026\/02\/Com-puc-demanar-un-duplicat-o-actualitzacio-dun-titol-ja-expedit.pdf\">Com puc demanar un duplicat o actualitzaci\u00f3 d&#8217;un t\u00edtol ja expedit<\/a><\/p>\n<ul>\n<li><span style=\"font-family: inherit; font-size: 1em; color: var(--ast-global-color-3); background-color: var(--ast-global-color-5); font-weight: inherit;\">Altres documents:<\/span><\/li>\n<\/ul>\n<\/header>\n<p><a href=\"https:\/\/agora.xtec.cat\/insjoanguinjoan\/wp-content\/uploads\/usu1332\/2022\/01\/Sollicitud_lliurament_titol_sense_resguard.pdf\">Sol\u00b7licitud lliurament t\u00edtol sense resguard<\/a><\/p>\n<p><a href=\"https:\/\/agora.xtec.cat\/insjoanguinjoan\/wp-content\/uploads\/usu1332\/2022\/01\/Autoritzacio_recollir_titol_a_un_tercer.pdf\">Autoritzaci\u00f3 per recollir el t\u00edtol a un tercer<\/a><\/p>\n<p>Informaci\u00f3:<\/p>\n<p><a href=\"https:\/\/educacio.gencat.cat\/ca\/departament\/normativa\/taxes-preus-publics\/taxes\/\">Taxes p\u00fabliques i bonificacions<\/a><\/p>\n","protected":false},"excerpt":{"rendered":"<p>Ensenyaments obligatoris ESO\u00a0 La primera expedici\u00f3 del t\u00edtol de Graduat en Educaci\u00f3 Secund\u00e0ria Obligat\u00f2ria\u00a0 la tramita el centre d\u2019ofici, sense que calgui sol\u00b7licitud per part de l&#8217;interessat\/ada ni el pagament de cap taxa. L\u2019actualitzaci\u00f3 de dades o duplicat d\u2019un t\u00edtol ja expedit i lliurat a l\u2019alumne\/a la sol\u00b7licita l\u2019interessat\/da. Cliqueu aqu\u00ed\u00a0 Amb aquest tr\u00e0mit pots [&hellip;]<\/p>\n","protected":false},"author":1,"featured_media":0,"parent":81,"menu_order":44,"comment_status":"closed","ping_status":"closed","template":"","meta":{"_bbp_topic_count":0,"_bbp_reply_count":0,"_bbp_total_topic_count":0,"_bbp_total_reply_count":0,"_bbp_voice_count":0,"_bbp_anonymous_reply_count":0,"_bbp_topic_count_hidden":0,"_bbp_reply_count_hidden":0,"_bbp_forum_subforum_count":0,"site-sidebar-layout":"default","site-content-layout":"","ast-site-content-layout":"default","site-content-style":"default","site-sidebar-style":"default","ast-global-header-display":"","ast-banner-title-visibility":"","ast-main-header-display":"","ast-hfb-above-header-display":"","ast-hfb-below-header-display":"","ast-hfb-mobile-header-display":"","site-post-title":"","ast-breadcrumbs-content":"","ast-featured-img":"","footer-sml-layout":"","theme-transparent-header-meta":"","adv-header-id-meta":"","stick-header-meta":"","header-above-stick-meta":"","header-main-stick-meta":"","header-below-stick-meta":"","astra-migrate-meta-layouts":"set","ast-page-background-enabled":"default","ast-page-background-meta":{"desktop":{"background-color":"var(--ast-global-color-4)","background-image":"","background-repeat":"repeat","background-position":"center center","background-size":"auto","background-attachment":"scroll","background-type":"","background-media":"","overlay-type":"","overlay-color":"","overlay-opacity":"","overlay-gradient":""},"tablet":{"background-color":"","background-image":"","background-repeat":"repeat","background-position":"center center","background-size":"auto","background-attachment":"scroll","background-type":"","background-media":"","overlay-type":"","overlay-color":"","overlay-opacity":"","overlay-gradient":""},"mobile":{"background-color":"","background-image":"","background-repeat":"repeat","background-position":"center center","background-size":"auto","background-attachment":"scroll","background-type":"","background-media":"","overlay-type":"","overlay-color":"","overlay-opacity":"","overlay-gradient":""}},"ast-content-background-meta":{"desktop":{"background-color":"var(--ast-global-color-5)","background-image":"","background-repeat":"repeat","background-position":"center center","background-size":"auto","background-attachment":"scroll","background-type":"","background-media":"","overlay-type":"","overlay-color":"","overlay-opacity":"","overlay-gradient":""},"tablet":{"background-color":"var(--ast-global-color-5)","background-image":"","background-repeat":"repeat","background-position":"center center","background-size":"auto","background-attachment":"scroll","background-type":"","background-media":"","overlay-type":"","overlay-color":"","overlay-opacity":"","overlay-gradient":""},"mobile":{"background-color":"var(--ast-global-color-5)","background-image":"","background-repeat":"repeat","background-position":"center center","background-size":"auto","background-attachment":"scroll","background-type":"","background-media":"","overlay-type":"","overlay-color":"","overlay-opacity":"","overlay-gradient":""}},"footnotes":""},"class_list":["post-9379","page","type-page","status-publish","hentry"],"post_mailing_queue_ids":[],"_links":{"self":[{"href":"https:\/\/agora.xtec.cat\/insjoanguinjoan\/wp-json\/wp\/v2\/pages\/9379","targetHints":{"allow":["GET"]}}],"collection":[{"href":"https:\/\/agora.xtec.cat\/insjoanguinjoan\/wp-json\/wp\/v2\/pages"}],"about":[{"href":"https:\/\/agora.xtec.cat\/insjoanguinjoan\/wp-json\/wp\/v2\/types\/page"}],"author":[{"embeddable":true,"href":"https:\/\/agora.xtec.cat\/insjoanguinjoan\/wp-json\/wp\/v2\/users\/1"}],"replies":[{"embeddable":true,"href":"https:\/\/agora.xtec.cat\/insjoanguinjoan\/wp-json\/wp\/v2\/comments?post=9379"}],"version-history":[{"count":6,"href":"https:\/\/agora.xtec.cat\/insjoanguinjoan\/wp-json\/wp\/v2\/pages\/9379\/revisions"}],"predecessor-version":[{"id":10677,"href":"https:\/\/agora.xtec.cat\/insjoanguinjoan\/wp-json\/wp\/v2\/pages\/9379\/revisions\/10677"}],"up":[{"embeddable":true,"href":"https:\/\/agora.xtec.cat\/insjoanguinjoan\/wp-json\/wp\/v2\/pages\/81"}],"wp:attachment":[{"href":"https:\/\/agora.xtec.cat\/insjoanguinjoan\/wp-json\/wp\/v2\/media?parent=9379"}],"curies":[{"name":"wp","href":"https:\/\/api.w.org\/{rel}","templated":true}]}}