{"id":896,"date":"2016-07-08T12:31:36","date_gmt":"2016-07-08T11:31:36","guid":{"rendered":"http:\/\/agora.xtec.cat\/insjoanguinjoan\/?page_id=896"},"modified":"2024-03-07T18:56:34","modified_gmt":"2024-03-07T17:56:34","slug":"pau","status":"publish","type":"page","link":"https:\/\/agora.xtec.cat\/insjoanguinjoan\/estudis\/batxillerat\/2n-bat\/pau\/","title":{"rendered":"PAU i acc\u00e9s a la universitat"},"content":{"rendered":"<p><span style=\"color: #ff9900;\"><strong>LES PAU: QU\u00c8 S\u00d3N I COM S\u00d3N<\/strong><\/span><\/p>\n<p><span style=\"color: #ff9900;\"><strong>Qu\u00e8 s\u00f3n les PAU?<\/strong><\/span><\/p>\n<ul>\n<li>Les PAU tenen com a objectiu valorar la maduresa acad\u00e8mica, els coneixements i les compet\u00e8ncies adquirides en el batxillerat.<\/li>\n<li>Les PAU s\u00f3n l&#8217;\u00fanica prova externa en el sistema educatiu catal\u00e0 formulada coordinadament des de les universitats catalanes, per\u00f2 amb la col\u00b7laboraci\u00f3 del professorat de secund\u00e0ria.<\/li>\n<li>La qualificaci\u00f3 de la fase general de les PAU, juntament amb la mitjana del batxillerat, d\u00f3na ponderadament la nota d&#8217;acc\u00e9s per accedir a estudis universitaris. Aquesta nota d&#8217;acc\u00e9s t\u00e9 validesa indefinida.<\/li>\n<li>La nota d&#8217;admissi\u00f3 per a cada t\u00edtol de grau al qual vulgui accedir un estudiant tindr\u00e0 en compte, a m\u00e9s d&#8217;aquesta nota d&#8217;acc\u00e9s, les notes de les mat\u00e8ries examinades en la fase espec\u00edfica, degudament ponderades.<\/li>\n<\/ul>\n<p>&nbsp;<\/p>\n<p><span style=\"color: #ff9900;\"><strong>Estructura de la prova<\/strong><\/span><\/p>\n<p>La prova d&#8217;avaluaci\u00f3 de batxillerat per a l\u2019acc\u00e9s a la universitat (PAU) s&#8217;estructura en dues fases:<\/p>\n<ul>\n<li><strong>Fase general<\/strong> obligat\u00f2ria que consta de cinc exercicis:<\/li>\n<\/ul>\n<p>&#8211; Llengua catalana i literatura<\/p>\n<p>&#8211; Llengua castellana i literatura<\/p>\n<p>&#8211; Llengua estrangera<\/p>\n<p>&#8211; Hist\u00f2ria o Hist\u00f2ria de la Filosofia<\/p>\n<p>&#8211; I, una mat\u00e8ria comuna d\u2019opci\u00f3 a triar entre:<\/p>\n<ul>\n<li>Llat\u00ed<\/li>\n<li>Matem\u00e0tiques<\/li>\n<li>Matem\u00e0tiques aplicades a les ci\u00e8ncies socials<\/li>\n<li>Hist\u00f2ria i fonaments de les arts<\/li>\n<\/ul>\n<p><strong>Fase espec\u00edfica<\/strong> de car\u00e0cter voluntari:<\/p>\n<p>Cada alumne\/a pot examinar-se d&#8217;un m\u00e0xim de tres mat\u00e8ries de modalitat de batxillerat, diferents de l&#8217;examinada en la fase general.<\/p>\n<p>Enlla\u00e7os:<\/p>\n<p><a href=\"http:\/\/universitats.gencat.cat\/ca\/inici\/\">PAU i acc\u00e9s a la universitat.<\/a><\/p>\n<p><a href=\"https:\/\/accesuniversitat.gencat.cat\">Accesnet<\/a><\/p>\n<p><a href=\"https:\/\/universitats.gencat.cat\/web\/.content\/01_acces_i_admissio\/preinscripcions\/documentacio\/Ponderacions-2024_v3.pdf\">Ponderacions 2024<\/a><\/p>\n<p>&nbsp;<\/p>\n<p>&nbsp;<\/p>\n<p>&nbsp;<\/p>\n","protected":false},"excerpt":{"rendered":"<p>LES PAU: QU\u00c8 S\u00d3N I COM S\u00d3N Qu\u00e8 s\u00f3n les PAU? Les PAU tenen com a objectiu valorar la maduresa acad\u00e8mica, els coneixements i les compet\u00e8ncies adquirides en el batxillerat. Les PAU s\u00f3n l&#8217;\u00fanica prova externa en el sistema educatiu catal\u00e0 formulada coordinadament des de les universitats catalanes, per\u00f2 amb la col\u00b7laboraci\u00f3 del professorat de [&hellip;]<\/p>\n","protected":false},"author":1,"featured_media":0,"parent":515,"menu_order":0,"comment_status":"closed","ping_status":"closed","template":"page-templates\/side-menu.php","meta":{"_bbp_topic_count":0,"_bbp_reply_count":0,"_bbp_total_topic_count":0,"_bbp_total_reply_count":0,"_bbp_voice_count":0,"_bbp_anonymous_reply_count":0,"_bbp_topic_count_hidden":0,"_bbp_reply_count_hidden":0,"_bbp_forum_subforum_count":0,"site-sidebar-layout":"default","site-content-layout":"","ast-site-content-layout":"","site-content-style":"default","site-sidebar-style":"default","ast-global-header-display":"","ast-banner-title-visibility":"","ast-main-header-display":"","ast-hfb-above-header-display":"","ast-hfb-below-header-display":"","ast-hfb-mobile-header-display":"","site-post-title":"","ast-breadcrumbs-content":"","ast-featured-img":"","footer-sml-layout":"","theme-transparent-header-meta":"","adv-header-id-meta":"","stick-header-meta":"","header-above-stick-meta":"","header-main-stick-meta":"","header-below-stick-meta":"","astra-migrate-meta-layouts":"default","ast-page-background-enabled":"default","ast-page-background-meta":{"desktop":{"background-color":"var(--ast-global-color-4)","background-image":"","background-repeat":"repeat","background-position":"center center","background-size":"auto","background-attachment":"scroll","background-type":"","background-media":"","overlay-type":"","overlay-color":"","overlay-opacity":"","overlay-gradient":""},"tablet":{"background-color":"","background-image":"","background-repeat":"repeat","background-position":"center center","background-size":"auto","background-attachment":"scroll","background-type":"","background-media":"","overlay-type":"","overlay-color":"","overlay-opacity":"","overlay-gradient":""},"mobile":{"background-color":"","background-image":"","background-repeat":"repeat","background-position":"center center","background-size":"auto","background-attachment":"scroll","background-type":"","background-media":"","overlay-type":"","overlay-color":"","overlay-opacity":"","overlay-gradient":""}},"ast-content-background-meta":{"desktop":{"background-color":"var(--ast-global-color-5)","background-image":"","background-repeat":"repeat","background-position":"center center","background-size":"auto","background-attachment":"scroll","background-type":"","background-media":"","overlay-type":"","overlay-color":"","overlay-opacity":"","overlay-gradient":""},"tablet":{"background-color":"var(--ast-global-color-5)","background-image":"","background-repeat":"repeat","background-position":"center center","background-size":"auto","background-attachment":"scroll","background-type":"","background-media":"","overlay-type":"","overlay-color":"","overlay-opacity":"","overlay-gradient":""},"mobile":{"background-color":"var(--ast-global-color-5)","background-image":"","background-repeat":"repeat","background-position":"center center","background-size":"auto","background-attachment":"scroll","background-type":"","background-media":"","overlay-type":"","overlay-color":"","overlay-opacity":"","overlay-gradient":""}},"footnotes":""},"class_list":["post-896","page","type-page","status-publish","hentry"],"post_mailing_queue_ids":[],"_links":{"self":[{"href":"https:\/\/agora.xtec.cat\/insjoanguinjoan\/wp-json\/wp\/v2\/pages\/896","targetHints":{"allow":["GET"]}}],"collection":[{"href":"https:\/\/agora.xtec.cat\/insjoanguinjoan\/wp-json\/wp\/v2\/pages"}],"about":[{"href":"https:\/\/agora.xtec.cat\/insjoanguinjoan\/wp-json\/wp\/v2\/types\/page"}],"author":[{"embeddable":true,"href":"https:\/\/agora.xtec.cat\/insjoanguinjoan\/wp-json\/wp\/v2\/users\/1"}],"replies":[{"embeddable":true,"href":"https:\/\/agora.xtec.cat\/insjoanguinjoan\/wp-json\/wp\/v2\/comments?post=896"}],"version-history":[{"count":5,"href":"https:\/\/agora.xtec.cat\/insjoanguinjoan\/wp-json\/wp\/v2\/pages\/896\/revisions"}],"predecessor-version":[{"id":8511,"href":"https:\/\/agora.xtec.cat\/insjoanguinjoan\/wp-json\/wp\/v2\/pages\/896\/revisions\/8511"}],"up":[{"embeddable":true,"href":"https:\/\/agora.xtec.cat\/insjoanguinjoan\/wp-json\/wp\/v2\/pages\/515"}],"wp:attachment":[{"href":"https:\/\/agora.xtec.cat\/insjoanguinjoan\/wp-json\/wp\/v2\/media?parent=896"}],"curies":[{"name":"wp","href":"https:\/\/api.w.org\/{rel}","templated":true}]}}