{"id":8779,"date":"2024-05-17T12:52:38","date_gmt":"2024-05-17T10:52:38","guid":{"rendered":"https:\/\/agora.xtec.cat\/insjoanguinjoan\/?page_id=8779"},"modified":"2026-05-05T08:44:35","modified_gmt":"2026-05-05T06:44:35","slug":"continuitat-dels-alumnes-del-centre-curs-2024-2025","status":"publish","type":"page","link":"https:\/\/agora.xtec.cat\/insjoanguinjoan\/secretaria\/preinscripcio-i-matricules\/continuitat-dels-alumnes-del-centre-curs-2024-2025\/","title":{"rendered":"Continu\u00eftat dels alumnes del centre curs 2026-2027"},"content":{"rendered":"<p>La confirmaci\u00f3 de continu\u00eftat de la matr\u00edcula al centre es far\u00e0 autom\u00e0ticament quan es realitzi el pagament de la quota de material a trav\u00e9s de <a href=\"https:\/\/play.google.com\/store\/apps\/details?id=com.MultiExpo.tokappschool&amp;hl=ca\">l\u2019aplicaci\u00f3 TokApp. <\/a><\/p>\n<p>Manual d&#8217;instal\u00b7laci\u00f3 <a href=\"https:\/\/agora.xtec.cat\/insjoanguinjoan\/wp-content\/uploads\/usu1332\/2024\/05\/Manual-Usuarios-App.pdf\">TokApp.<\/a><\/p>\n<p>Recordeu activar les notificacions de l\u2019aplicaci\u00f3 per rebre els missatges del centre.<\/p>\n<p>Per qualsevol incid\u00e8ncia amb l\u2019aplicaci\u00f3 contacteu amb secretaria.<\/p>\n<p>Molt important:\u00a0 <strong>Els alumnes que <u>no confirmin la continu\u00eftat de la matr\u00edcula<\/u> en el termini establert es considera que <u>renuncien a la pla\u00e7a.<\/u><\/strong><\/p>\n<p>Calendari:<\/p>\n<ul>\n<li>Alumnes de 1r, 2n i 3r d&#8217;ESO:\u00a0 <strong>del 17 al 27 d&#8217;abril de 2026<\/strong><\/li>\n<li>A<span style=\"font-family: inherit; font-size: 1em;\">lumnes de 4t d&#8217;ESO a 1r de Batxillerat: <strong>del 12 al 22 de maig del 2026<\/strong><\/span><\/li>\n<li>Alumnes de 1r a 2n de Batxillerat: <strong>del <span style=\"font-family: inherit; font-size: 1em;\">12 al 22<\/span> de maig de 2026<\/strong><\/li>\n<li>Alumnes de Cicles Formatius de 1r a 2n i repetidors:\n<ul style=\"list-style-type: square;\">\n<li>Alumnes aprovats en convocat\u00f2ria ordin\u00e0ria:\u00a0 <strong>del 28 de maig al 4 de juny de 2026<\/strong><\/li>\n<li>Alumnes aprovats en convocat\u00f2ria extraordin\u00e0ria:\u00a0 <strong>del 22 al 29 de juny de 2026<\/strong><\/li>\n<\/ul>\n<\/li>\n<\/ul>\n","protected":false},"excerpt":{"rendered":"<p>La confirmaci\u00f3 de continu\u00eftat de la matr\u00edcula al centre es far\u00e0 autom\u00e0ticament quan es realitzi el pagament de la quota de material a trav\u00e9s de l\u2019aplicaci\u00f3 TokApp. Manual d&#8217;instal\u00b7laci\u00f3 TokApp. Recordeu activar les notificacions de l\u2019aplicaci\u00f3 per rebre els missatges del centre. Per qualsevol incid\u00e8ncia amb l\u2019aplicaci\u00f3 contacteu amb secretaria. Molt important:\u00a0 Els alumnes que [&hellip;]<\/p>\n","protected":false},"author":1,"featured_media":0,"parent":533,"menu_order":65,"comment_status":"closed","ping_status":"closed","template":"","meta":{"_bbp_topic_count":0,"_bbp_reply_count":0,"_bbp_total_topic_count":0,"_bbp_total_reply_count":0,"_bbp_voice_count":0,"_bbp_anonymous_reply_count":0,"_bbp_topic_count_hidden":0,"_bbp_reply_count_hidden":0,"_bbp_forum_subforum_count":0,"site-sidebar-layout":"default","site-content-layout":"","ast-site-content-layout":"default","site-content-style":"default","site-sidebar-style":"default","ast-global-header-display":"","ast-banner-title-visibility":"","ast-main-header-display":"","ast-hfb-above-header-display":"","ast-hfb-below-header-display":"","ast-hfb-mobile-header-display":"","site-post-title":"","ast-breadcrumbs-content":"","ast-featured-img":"","footer-sml-layout":"","theme-transparent-header-meta":"","adv-header-id-meta":"","stick-header-meta":"","header-above-stick-meta":"","header-main-stick-meta":"","header-below-stick-meta":"","astra-migrate-meta-layouts":"set","ast-page-background-enabled":"default","ast-page-background-meta":{"desktop":{"background-color":"var(--ast-global-color-4)","background-image":"","background-repeat":"repeat","background-position":"center center","background-size":"auto","background-attachment":"scroll","background-type":"","background-media":"","overlay-type":"","overlay-color":"","overlay-opacity":"","overlay-gradient":""},"tablet":{"background-color":"","background-image":"","background-repeat":"repeat","background-position":"center center","background-size":"auto","background-attachment":"scroll","background-type":"","background-media":"","overlay-type":"","overlay-color":"","overlay-opacity":"","overlay-gradient":""},"mobile":{"background-color":"","background-image":"","background-repeat":"repeat","background-position":"center center","background-size":"auto","background-attachment":"scroll","background-type":"","background-media":"","overlay-type":"","overlay-color":"","overlay-opacity":"","overlay-gradient":""}},"ast-content-background-meta":{"desktop":{"background-color":"var(--ast-global-color-5)","background-image":"","background-repeat":"repeat","background-position":"center center","background-size":"auto","background-attachment":"scroll","background-type":"","background-media":"","overlay-type":"","overlay-color":"","overlay-opacity":"","overlay-gradient":""},"tablet":{"background-color":"var(--ast-global-color-5)","background-image":"","background-repeat":"repeat","background-position":"center center","background-size":"auto","background-attachment":"scroll","background-type":"","background-media":"","overlay-type":"","overlay-color":"","overlay-opacity":"","overlay-gradient":""},"mobile":{"background-color":"var(--ast-global-color-5)","background-image":"","background-repeat":"repeat","background-position":"center center","background-size":"auto","background-attachment":"scroll","background-type":"","background-media":"","overlay-type":"","overlay-color":"","overlay-opacity":"","overlay-gradient":""}},"footnotes":""},"class_list":["post-8779","page","type-page","status-publish","hentry"],"post_mailing_queue_ids":[],"_links":{"self":[{"href":"https:\/\/agora.xtec.cat\/insjoanguinjoan\/wp-json\/wp\/v2\/pages\/8779","targetHints":{"allow":["GET"]}}],"collection":[{"href":"https:\/\/agora.xtec.cat\/insjoanguinjoan\/wp-json\/wp\/v2\/pages"}],"about":[{"href":"https:\/\/agora.xtec.cat\/insjoanguinjoan\/wp-json\/wp\/v2\/types\/page"}],"author":[{"embeddable":true,"href":"https:\/\/agora.xtec.cat\/insjoanguinjoan\/wp-json\/wp\/v2\/users\/1"}],"replies":[{"embeddable":true,"href":"https:\/\/agora.xtec.cat\/insjoanguinjoan\/wp-json\/wp\/v2\/comments?post=8779"}],"version-history":[{"count":6,"href":"https:\/\/agora.xtec.cat\/insjoanguinjoan\/wp-json\/wp\/v2\/pages\/8779\/revisions"}],"predecessor-version":[{"id":11010,"href":"https:\/\/agora.xtec.cat\/insjoanguinjoan\/wp-json\/wp\/v2\/pages\/8779\/revisions\/11010"}],"up":[{"embeddable":true,"href":"https:\/\/agora.xtec.cat\/insjoanguinjoan\/wp-json\/wp\/v2\/pages\/533"}],"wp:attachment":[{"href":"https:\/\/agora.xtec.cat\/insjoanguinjoan\/wp-json\/wp\/v2\/media?parent=8779"}],"curies":[{"name":"wp","href":"https:\/\/api.w.org\/{rel}","templated":true}]}}