{"id":8538,"date":"2024-03-15T13:01:02","date_gmt":"2024-03-15T12:01:02","guid":{"rendered":"https:\/\/agora.xtec.cat\/insjoanguinjoan\/?page_id=8538"},"modified":"2026-04-13T10:15:59","modified_gmt":"2026-04-13T08:15:59","slug":"preinscripcio-i-matricula-batxillerat","status":"publish","type":"page","link":"https:\/\/agora.xtec.cat\/insjoanguinjoan\/secretaria\/preinscripcio-i-matricules\/preinscripcio-i-matricula-batxillerat\/","title":{"rendered":"BATXILLERAT"},"content":{"rendered":"<table style=\"border-collapse: collapse; width: 100%;\">\n<tbody>\n<tr>\n<td style=\"width: 100%;\">\n<h3>PREINSCRIPCI\u00d3 I MATR\u00cdCULA 2026-2027<\/h3>\n<p><b>BATXILLERAT (alumnat que prov\u00e9 d&#8217;un centre diferent al nostre)<\/b><\/p>\n<p>Han de presentar la sol\u00b7licitud de preinscripci\u00f3 tots els\u00a0<strong>alumnes que volen accedir al batxillerat de qualsevol modalitat en un CENTRE DIFERENT del que s\u2019est\u00e0 cursant l\u2019ESO<\/strong>, les persones que cursen o han cursat un cicle formatiu, les que volen accedir a la modalitat d\u2019arts i les que provenen d\u2019un institut que ja no imparteix el batxillerat.<\/p>\n<p>Important:\u00a0<strong>si l\u2019alumne\/a t\u00e9 18 anys<\/strong>\u00a0o els fa durant l\u2019any en qu\u00e8 es fa la preinscripci\u00f3, \u00e9s qui s\u2019ha d\u2019identificar i presentar-la.<\/p>\n<p><a href=\"https:\/\/preinscripcio.gencat.cat\/ca\/estudis\/batxillerat\/informat\/criteris-assignacio\/\" target=\"_blank\" rel=\"noopener\">Ent\u00e9n els criteris d&#8217;assignaci\u00f3 de places de Batxillerat<\/a><\/p>\n<\/td>\n<\/tr>\n<\/tbody>\n<\/table>\n\n\n<div class=\"wp-block-columns are-vertically-aligned-center is-layout-flex wp-container-core-columns-is-layout-1 wp-block-columns-is-layout-flex\">\n<div class=\"wp-block-column is-vertically-aligned-center is-layout-flow wp-block-column-is-layout-flow\" style=\"flex-basis:100%\">\n<figure class=\"wp-block-table aligncenter is-style-stripes\"><table class=\"has-fixed-layout\"><tbody><tr><td class=\"has-text-align-left\" data-align=\"left\">8 d&#8217;abril del 2026<\/td><td class=\"has-text-align-left\" data-align=\"left\"><strong><a href=\"https:\/\/drive.google.com\/file\/d\/15uMhHXraJW1Di-17O_Efz-3K6mb0pFtP\/view?usp=sharing\" target=\"_blank\" rel=\"noreferrer noopener\">Publicaci\u00f3 de l&#8217;oferta inicial<\/a><\/strong><\/td><\/tr><tr><td class=\"has-text-align-left\" data-align=\"left\">Del 9 al 16 d&#8217;abril de 2026<\/td><td class=\"has-text-align-left\" data-align=\"left\"><a href=\"https:\/\/educacio.gencat.cat\/ca\/tramits\/tramits-temes\/preinscripcio-batxillerat?category=&amp;moda=1\" target=\"_blank\" rel=\"noreferrer noopener\"><strong>Presentaci\u00f3 de sol\u00b7licituds<\/strong><\/a><br>\u00c9s molt important respectar les dates de presentaci\u00f3, perqu\u00e8 per a aquest ensenyamens&nbsp;<strong>no s\u2019accepten sol\u00b7licituds fora de termini<\/strong>. Per a m\u00e9s informaci\u00f3 consulta aquest&nbsp;<strong><a href=\"https:\/\/preinscripcio.gencat.cat\/ca\/estudis\/batxillerat\/inici\/\" target=\"_blank\" rel=\"noreferrer noopener\">ENLLA\u00c7<\/a><\/strong><\/td><\/tr><tr><td class=\"has-text-align-left\" data-align=\"left\">Fins el 17 d&#8217;abril de 2026<\/td><td class=\"has-text-align-left\" data-align=\"left\"><strong>Presentaci\u00f3 de documentaci\u00f3<br><\/strong>Aquests dies pots presentar documentaci\u00f3 acreditativa que no hagis pogut adjuntar durant el per\u00edode de presentaci\u00f3 de sol\u00b7licituds.<\/td><\/tr><tr><td class=\"has-text-align-left\" data-align=\"left\">14 de maig de 2026<\/td><td class=\"has-text-align-left\" data-align=\"left\"><strong>Llista de sol\u00b7licituds amb la puntuaci\u00f3 provisional<\/strong><\/td><\/tr><tr><td class=\"has-text-align-left\" data-align=\"left\">Del 14 al 20 de maig de 2026<\/td><td class=\"has-text-align-left\" data-align=\"left\"><strong>Presentaci\u00f3 de reclamacions<br><\/strong>Durant aquest per\u00edode, si detectes alguna errada o anomalia en la puntuaci\u00f3 assignada, pots presentar una reclamaci\u00f3 (utilitzant l\u2019eina electr\u00f2nica per adjuntar reclamacions).<\/td><\/tr><tr><td class=\"has-text-align-left\" data-align=\"left\">26 de maig de 2026<\/td><td class=\"has-text-align-left\" data-align=\"left\"><strong>Llista de sol\u00b7licituds amb la puntuaci\u00f3 un cop resoltes les reclamacions<\/strong><\/td><\/tr><tr><td class=\"has-text-align-left\" data-align=\"left\">26 de maig de 2026<\/td><td class=\"has-text-align-left\" data-align=\"left\"><strong>Sorteig per resoldre les sol\u00b7licituds de preinscripci\u00f3 empatades a punts<br><\/strong>El nombre de places a cada centre educatiu \u00e9s limitat. Si el nombre de peticions supera el d\u2019alumnes que l\u2019escola pot acollir, cal aplicar un sistema de desempat entre les sol\u00b7licituds que tenen la mateixa puntuaci\u00f3. Per fer-ho, s\u2019obt\u00e9 un n\u00famero per sorteig a partir del qual s\u2019ordenen totes les peticions empatades en punts, tenint en compte el n\u00famero de desempat que s\u2019ha assignat a cada sol\u00b7licitud. El sorteig tindr\u00e0 lloc a les 11 hores, als serveis centrals del Departament d\u2019Educaci\u00f3 (Via Augusta, 202-226, Barcelona).<\/td><\/tr><tr><td class=\"has-text-align-left\" data-align=\"left\">29 de maig de 2026<\/td><td class=\"has-text-align-left\" data-align=\"left\"><strong>Llista ordenada<\/strong><\/td><\/tr><tr><td class=\"has-text-align-left\" data-align=\"left\">17 de juny de 2026<\/td><td class=\"has-text-align-left\" data-align=\"left\"><strong>Oferta final <\/strong>de places escolars<\/td><\/tr><tr><td class=\"has-text-align-left\" data-align=\"left\">17 de juny de 2026<\/td><td class=\"has-text-align-left\" data-align=\"left\"><strong>Llista d&#8217;alumnat adm\u00e8s<br>Llista d&#8217;espera<\/strong><\/td><\/tr><tr><td class=\"has-text-align-left\" data-align=\"left\">Del 18 al 30 de juny<\/td><td class=\"has-text-align-left\" data-align=\"left\"><strong>Matriculaci\u00f3 <\/strong>de l&#8217;alumnat preinscrit amb pla\u00e7a assignada al centre<\/td><\/tr><\/tbody><\/table><figcaption class=\"wp-element-caption\"><em>Calendari oficial incl\u00f2s a la&nbsp;<a href=\"https:\/\/dogc.gencat.cat\/ca\/document-del-dogc\/?documentId=1036257\" target=\"_blank\" rel=\"noreferrer noopener\">Resoluci\u00f3 EDF\/293\/2026, de 6 de febrer<\/a>&nbsp;i publicat al DOGC el 10 de febrer de 2026.<\/em><\/figcaption><\/figure>\n<\/div>\n<\/div>\n\n\n\n<p class=\"has-text-align-center\"><a href=\"https:\/\/preinscripcio.gencat.cat\/ca\/estudis\/batxillerat\/preinscriute\/seguiment-sollicitud\/\" target=\"_blank\" rel=\"noreferrer noopener\">CONSULTA LA TEVA SOL\u00b7LICITUD<\/a><\/p>\n\n\n\n<p><strong>DOCUMENTACI\u00d3 DE MATR\u00cdCULA 2026-2027<\/strong><\/p>\n\n\n\n<p>INFORMACI\u00d3 IMPORTANT: \u00c9s necessari que us instal\u00b7leu al vostre m\u00f2bil&nbsp;<a href=\"https:\/\/play.google.com\/store\/apps\/details?id=com.MultiExpo.tokappschool&amp;hl=ca\" target=\"_blank\" rel=\"noreferrer noopener\">&nbsp;l\u2019aplicaci\u00f3 TokApp<\/a>&nbsp;per fer el pagament de la quota de material de la matr\u00edcula. Posteriorment, aquesta aplicaci\u00f3 us ser\u00e0 d\u2019utilitat per efectuar el pagament de&nbsp;sortides, orles, confirmaci\u00f3 de continu\u00eftat de matr\u00edcula del centre i autoritzacions.<\/p>\n\n\n\n<p><a href=\"https:\/\/agora.xtec.cat\/insjoanguinjoan\/wp-content\/uploads\/usu1332\/2023\/09\/TokApp_-MANUAL.pdf\" target=\"_blank\" rel=\"noreferrer noopener\">Manual d&#8217;instal\u00b7laci\u00f3 de l&#8217;aplicaci\u00f3 TokApp<\/a><\/p>\n\n\n\n<p><\/p>\n","protected":false},"excerpt":{"rendered":"<p>PREINSCRIPCI\u00d3 I MATR\u00cdCULA 2026-2027 BATXILLERAT (alumnat que prov\u00e9 d&#8217;un centre diferent al nostre) Han de presentar la sol\u00b7licitud de preinscripci\u00f3 tots els\u00a0alumnes que volen accedir al batxillerat de qualsevol modalitat en un CENTRE DIFERENT del que s\u2019est\u00e0 cursant l\u2019ESO, les persones que cursen o han cursat un cicle formatiu, les que volen accedir a la [&hellip;]<\/p>\n","protected":false},"author":1,"featured_media":0,"parent":533,"menu_order":20,"comment_status":"closed","ping_status":"closed","template":"","meta":{"_bbp_topic_count":0,"_bbp_reply_count":0,"_bbp_total_topic_count":0,"_bbp_total_reply_count":0,"_bbp_voice_count":0,"_bbp_anonymous_reply_count":0,"_bbp_topic_count_hidden":0,"_bbp_reply_count_hidden":0,"_bbp_forum_subforum_count":0,"site-sidebar-layout":"default","site-content-layout":"","ast-site-content-layout":"default","site-content-style":"default","site-sidebar-style":"default","ast-global-header-display":"","ast-banner-title-visibility":"","ast-main-header-display":"","ast-hfb-above-header-display":"","ast-hfb-below-header-display":"","ast-hfb-mobile-header-display":"","site-post-title":"","ast-breadcrumbs-content":"","ast-featured-img":"","footer-sml-layout":"","theme-transparent-header-meta":"","adv-header-id-meta":"","stick-header-meta":"","header-above-stick-meta":"","header-main-stick-meta":"","header-below-stick-meta":"","astra-migrate-meta-layouts":"set","ast-page-background-enabled":"default","ast-page-background-meta":{"desktop":{"background-color":"var(--ast-global-color-4)","background-image":"","background-repeat":"repeat","background-position":"center center","background-size":"auto","background-attachment":"scroll","background-type":"","background-media":"","overlay-type":"","overlay-color":"","overlay-opacity":"","overlay-gradient":""},"tablet":{"background-color":"","background-image":"","background-repeat":"repeat","background-position":"center center","background-size":"auto","background-attachment":"scroll","background-type":"","background-media":"","overlay-type":"","overlay-color":"","overlay-opacity":"","overlay-gradient":""},"mobile":{"background-color":"","background-image":"","background-repeat":"repeat","background-position":"center center","background-size":"auto","background-attachment":"scroll","background-type":"","background-media":"","overlay-type":"","overlay-color":"","overlay-opacity":"","overlay-gradient":""}},"ast-content-background-meta":{"desktop":{"background-color":"var(--ast-global-color-5)","background-image":"","background-repeat":"repeat","background-position":"center center","background-size":"auto","background-attachment":"scroll","background-type":"","background-media":"","overlay-type":"","overlay-color":"","overlay-opacity":"","overlay-gradient":""},"tablet":{"background-color":"var(--ast-global-color-5)","background-image":"","background-repeat":"repeat","background-position":"center center","background-size":"auto","background-attachment":"scroll","background-type":"","background-media":"","overlay-type":"","overlay-color":"","overlay-opacity":"","overlay-gradient":""},"mobile":{"background-color":"var(--ast-global-color-5)","background-image":"","background-repeat":"repeat","background-position":"center center","background-size":"auto","background-attachment":"scroll","background-type":"","background-media":"","overlay-type":"","overlay-color":"","overlay-opacity":"","overlay-gradient":""}},"footnotes":""},"class_list":["post-8538","page","type-page","status-publish","hentry"],"post_mailing_queue_ids":[],"_links":{"self":[{"href":"https:\/\/agora.xtec.cat\/insjoanguinjoan\/wp-json\/wp\/v2\/pages\/8538","targetHints":{"allow":["GET"]}}],"collection":[{"href":"https:\/\/agora.xtec.cat\/insjoanguinjoan\/wp-json\/wp\/v2\/pages"}],"about":[{"href":"https:\/\/agora.xtec.cat\/insjoanguinjoan\/wp-json\/wp\/v2\/types\/page"}],"author":[{"embeddable":true,"href":"https:\/\/agora.xtec.cat\/insjoanguinjoan\/wp-json\/wp\/v2\/users\/1"}],"replies":[{"embeddable":true,"href":"https:\/\/agora.xtec.cat\/insjoanguinjoan\/wp-json\/wp\/v2\/comments?post=8538"}],"version-history":[{"count":6,"href":"https:\/\/agora.xtec.cat\/insjoanguinjoan\/wp-json\/wp\/v2\/pages\/8538\/revisions"}],"predecessor-version":[{"id":10950,"href":"https:\/\/agora.xtec.cat\/insjoanguinjoan\/wp-json\/wp\/v2\/pages\/8538\/revisions\/10950"}],"up":[{"embeddable":true,"href":"https:\/\/agora.xtec.cat\/insjoanguinjoan\/wp-json\/wp\/v2\/pages\/533"}],"wp:attachment":[{"href":"https:\/\/agora.xtec.cat\/insjoanguinjoan\/wp-json\/wp\/v2\/media?parent=8538"}],"curies":[{"name":"wp","href":"https:\/\/api.w.org\/{rel}","templated":true}]}}