{"id":8535,"date":"2024-03-15T12:54:23","date_gmt":"2024-03-15T11:54:23","guid":{"rendered":"https:\/\/agora.xtec.cat\/insjoanguinjoan\/?page_id=8535"},"modified":"2026-04-29T09:08:55","modified_gmt":"2026-04-29T07:08:55","slug":"preinscripcio-i-matricula-eso","status":"publish","type":"page","link":"https:\/\/agora.xtec.cat\/insjoanguinjoan\/secretaria\/preinscripcio-i-matricules\/preinscripcio-i-matricula-eso\/","title":{"rendered":"ESO"},"content":{"rendered":"<table style=\"border-collapse: collapse; width: 100%;\">\n<tbody>\n<tr>\n<td style=\"width: 100%;\">\n<h3><strong>PREINSCRIPCI\u00d3 I MATR\u00cdCULA 2026-2027\u00a0<\/strong><\/h3>\n<p><strong>EDUCACI\u00d3 SECUND\u00c0RIA OBLIGAT\u00d2RIA (Nom\u00e9s per a nous alumnes al centre)<\/strong><\/p>\n<\/td>\n<\/tr>\n<\/tbody>\n<\/table>\n\n\n<p class=\"has-text-align-center\"><a href=\"https:\/\/preinscripcio.gencat.cat\/ca\/estudis\/eso\/informat\/criteris-assignacio\/\" target=\"_blank\" rel=\"noreferrer noopener\">Ent\u00e9n els criteris d&#8217;assignaci\u00f3 de pla\u00e7a d&#8217;ESO: adscripci\u00f3 i criteris prioritaris i complementaris.<\/a><\/p>\n\n\n\n<h4 class=\"wp-block-heading has-text-align-center\">Calendari de Preinscripci\u00f3 i Matr\u00edcula d&#8217;ESO<\/h4>\n\n\n\n<figure class=\"wp-block-table is-style-stripes\"><table class=\"has-fixed-layout\"><tbody><tr><td>3 de mar\u00e7 de 2026<\/td><td><a href=\"https:\/\/drive.google.com\/file\/d\/12UDIGbf4tUpVCj28ETdnoFEkosKIVcdr\/view?usp=sharing\" target=\"_blank\" rel=\"noreferrer noopener\">Publicaci\u00f3 de l&#8217;oferta inicial<\/a><\/td><\/tr><tr><td>Del 6 al 18 de mar\u00e7 de 2026<\/td><td><strong><a href=\"https:\/\/tramits.gencat.cat\/ca\/tramits\/tramits-temes\/perinscripcio-obligatoris?&amp;moda=3\" target=\"_blank\" rel=\"noreferrer noopener\">PRESENTA LA SOL\u00b7LICITUD<br><\/a><\/strong><em>Els criteris al\u00b7legats es verifiquen per consulta interadministrativa. Aquesta pot trigar fins a dos dies en realitzar-se, per tant, es recomana als sol\u00b7licitants que tornin a entrar a la seva sol\u00b7licitud i verifiquin que s&#8217;ha realitzat correctament. Si no \u00e9s el cas, haureu d&#8217;adjuntar la documentaci\u00f3 acreditativa dins del termini de la preinscripci\u00f3 per tal que se us apliqui la puntuaci\u00f3 del barem.<\/em><\/td><\/tr><tr><td>Del 23 de mar\u00e7 al 20 d&#8217;abril de 2026<\/td><td><strong><a href=\"https:\/\/tramits.gencat.cat\/ca\/tramits\/tramits-temes\/perinscripcio-obligatoris?&amp;moda=3\" target=\"_blank\" rel=\"noreferrer noopener\">PRESENTA LA SOL\u00b7LICITUD FORA DE TERMINI<\/a><\/strong><br><em>Cal tenir en compte que les sol\u00b7licituds que es presenten dins de termini tenen prioritat en l&#8217;assignaci\u00f3 de places respecte de les sol\u00b7licituds que es presenten fora de termini.<\/em><\/td><\/tr><tr><td>15 d&#8217;abril de 2026<\/td><td><strong><a href=\"https:\/\/drive.google.com\/file\/d\/1DB4Jr7BFKDK1tztJ8WMiRRRrcS_DifvT\/view?usp=sharing\" target=\"_blank\" rel=\"noreferrer noopener\">Publicaci\u00f3 de la llista de sol\u00b7licituds amb puntuaci\u00f3 provisional<\/a><\/strong><br><em>En aquesta llista hi ha les sol\u00b7licituds ordenades alfab\u00e8ticament amb la puntuaci\u00f3 que ha rebut cada sol\u00b7licitud en aplicar-hi el barem.<\/em><\/td><\/tr><tr><td>Del 15 al 20 d&#8217;abril de 2026<\/td><td><strong>Presentaci\u00f3 de reclamacions<br><\/strong><em>Durant aquest per\u00edode, si detectes alguna errada o anomalia en la puntuaci\u00f3 assignada, pots presentar una reclamaci\u00f3 (utilitzant l&#8217;eina electr\u00f2nica per adjuntar reclamacions).<\/em><\/td><\/tr><tr><td>23 d&#8217;abril de 2026<\/td><td><a href=\"https:\/\/drive.google.com\/file\/d\/1suTu-9r3fs34a5d4cdAojZGQMABHt42a\/view?usp=sharing\" target=\"_blank\" rel=\"noreferrer noopener\">Publicaci\u00f3 de la <strong>llista de sol\u00b7licituds amb la puntuaci\u00f3<\/strong><\/a> un cop resoltes les reclamacions<br><em>Un cop resoltes totes les reclamacions presentades, el centre publica la llista de sol\u00b7licituds amb la puntuaci\u00f3 definitiva i el n\u00famero de desempat corresponent.<\/em><\/td><\/tr><tr><td>28 d&#8217;abril de 2026 a les 11h<br><br>El n\u00famero de desempat \u00e9s: <strong>42.129<\/strong><\/td><td><strong>Sorteig<\/strong> per resoldre les sol\u00b7licituds de preinscripci\u00f3 empatades a punts<br><em>El nombre de places a cada centre educatiu \u00e9s limitat. Si el nombre de peticions supera el d&#8217;alumnes que l&#8217;escola pot acollir, cal aplicar un sistema de desempat entre les sol\u00b7licituds que tenen la mateixa puntuaci\u00f3. Per fer-ho, s&#8217;obt\u00e9 un n\u00famero per sorteig a partir del qual s&#8217;ordenen totes les peticions empatades en punts, tenint en compte el n\u00famero de desempat que s&#8217;ha assignat a cada sol\u00b7licitud.<\/em><\/td><\/tr><tr><td>29 d&#8217;abril de 2026<\/td><td><strong><a href=\"https:\/\/drive.google.com\/file\/d\/1-7mTsEbbYLk4XVCM2k6xVdYdl1Zxd5qT\/view?usp=sharing\" target=\"_blank\" rel=\"noreferrer noopener\">Publicaci\u00f3 de la llista ordenada<\/a><br><\/strong><em>Despr\u00e9s del sorteig, s&#8217;elabora la llista de sol\u00b7licituds per a l&#8217;assignaci\u00f3 de places. Per fer aquesta llista, en primer lloc es t\u00e9 en compte les adscripcions, despr\u00e9s la puntuaci\u00f3 de criteris prioritaris, de m\u00e9s a menys, i en cas d&#8217;empat primer la puntuaci\u00f3 pels criteris complementaris i despr\u00e9s el n\u00famero de desempat.<\/em><\/td><\/tr><tr><td>10 de juny de 2026<\/td><td>Publicaci\u00f3 de l&#8217;oferta final de places<\/td><\/tr><tr><td>10 de juny de 2026<\/td><td>Publicaci\u00f3 de la<strong> llista d&#8217;alumnat adm\u00e8s<\/strong> i la <strong>llista d&#8217;espera<\/strong><\/td><\/tr><tr><td><strong>Del 22 al 30 de juny de 2026<\/strong><\/td><td><strong>MATR\u00cdCULA <\/strong>de l&#8217;alumnat adm\u00e8s<\/td><\/tr><\/tbody><\/table><figcaption class=\"wp-element-caption\">Coneix el&nbsp;<a href=\"https:\/\/preinscripcio.gencat.cat\/ca\/estudis\/eso\/informat\/calendari\/\">calendari<\/a> i els terminis actualitzats del <em>Departament d\u2019Educaci\u00f3 i Formaci\u00f3 Professional<\/em>.<\/figcaption><\/figure>\n\n\n\n<p class=\"has-text-align-center\"><a href=\"https:\/\/preinscripcio.gencat.cat\/ca\/estudis\/eso\/preinscriute\/seguiment-sollicitud\/\">CONSULTA LA TEVA SOL\u00b7LICITUD<\/a><\/p>\n\n\n\n<h4 class=\"wp-block-heading\"><strong>DOCUMENTACI\u00d3 MATR\u00cdCULA ESO 2026-2027<\/strong><\/h4>\n\n\n\n<p>INFORMACI\u00d3 IMPORTANT: \u00c9s necessari que us instal\u00b7leu al vostre m\u00f2bil&nbsp;<a href=\"https:\/\/play.google.com\/store\/apps\/details?id=com.MultiExpo.tokappschool&amp;hl=ca\">&nbsp;l\u2019aplicaci\u00f3 TokApp<\/a> per fer el pagament de la quota de material de la matr\u00edcula. Posteriorment, aquesta aplicaci\u00f3 us ser\u00e0 d\u2019utilitat per efectuar el pagament de sortides, orles, confirmaci\u00f3 de continu\u00eftat de matr\u00edcula del centre i autoritzacions.<\/p>\n\n\n\n<p>\u00c9s important que us instal\u00b7leu l\u2019aplicaci\u00f3 utilitzant <strong>el mateix correu electr\u00f2nic i n\u00famero de tel\u00e8fon<\/strong> que vau fer servir a la preinscripci\u00f3. Si teniu dubtes, podeu consultar aquestes dades al <strong>resguard<\/strong> que es va generar en finalitzar la preinscripci\u00f3.<\/p>\n\n\n\n<p>Tel\u00e8fon directe per ajuda i suport t\u00e8cnic TokApp&nbsp; <strong>886 08 09 96<\/strong><\/p>\n\n\n\n<p><a href=\"https:\/\/agora.xtec.cat\/insjoanguinjoan\/wp-content\/uploads\/usu1332\/2025\/06\/TokApp_-MANUAL.pdf\">Manual d&#8217;instal\u00b7laci\u00f3 TokApp<\/a><\/p>\n","protected":false},"excerpt":{"rendered":"<p>PREINSCRIPCI\u00d3 I MATR\u00cdCULA 2026-2027\u00a0 EDUCACI\u00d3 SECUND\u00c0RIA OBLIGAT\u00d2RIA (Nom\u00e9s per a nous alumnes al centre) Ent\u00e9n els criteris d&#8217;assignaci\u00f3 de pla\u00e7a d&#8217;ESO: adscripci\u00f3 i criteris prioritaris i complementaris. Calendari de Preinscripci\u00f3 i Matr\u00edcula d&#8217;ESO 3 de mar\u00e7 de 2026 Publicaci\u00f3 de l&#8217;oferta inicial Del 6 al 18 de mar\u00e7 de 2026 PRESENTA LA SOL\u00b7LICITUDEls criteris al\u00b7legats [&hellip;]<\/p>\n","protected":false},"author":1,"featured_media":0,"parent":533,"menu_order":10,"comment_status":"closed","ping_status":"closed","template":"","meta":{"_bbp_topic_count":0,"_bbp_reply_count":0,"_bbp_total_topic_count":0,"_bbp_total_reply_count":0,"_bbp_voice_count":0,"_bbp_anonymous_reply_count":0,"_bbp_topic_count_hidden":0,"_bbp_reply_count_hidden":0,"_bbp_forum_subforum_count":0,"site-sidebar-layout":"default","site-content-layout":"","ast-site-content-layout":"default","site-content-style":"default","site-sidebar-style":"default","ast-global-header-display":"","ast-banner-title-visibility":"","ast-main-header-display":"","ast-hfb-above-header-display":"","ast-hfb-below-header-display":"","ast-hfb-mobile-header-display":"","site-post-title":"","ast-breadcrumbs-content":"","ast-featured-img":"","footer-sml-layout":"","theme-transparent-header-meta":"","adv-header-id-meta":"","stick-header-meta":"","header-above-stick-meta":"","header-main-stick-meta":"","header-below-stick-meta":"","astra-migrate-meta-layouts":"set","ast-page-background-enabled":"default","ast-page-background-meta":{"desktop":{"background-color":"var(--ast-global-color-4)","background-image":"","background-repeat":"repeat","background-position":"center center","background-size":"auto","background-attachment":"scroll","background-type":"","background-media":"","overlay-type":"","overlay-color":"","overlay-opacity":"","overlay-gradient":""},"tablet":{"background-color":"","background-image":"","background-repeat":"repeat","background-position":"center center","background-size":"auto","background-attachment":"scroll","background-type":"","background-media":"","overlay-type":"","overlay-color":"","overlay-opacity":"","overlay-gradient":""},"mobile":{"background-color":"","background-image":"","background-repeat":"repeat","background-position":"center center","background-size":"auto","background-attachment":"scroll","background-type":"","background-media":"","overlay-type":"","overlay-color":"","overlay-opacity":"","overlay-gradient":""}},"ast-content-background-meta":{"desktop":{"background-color":"var(--ast-global-color-5)","background-image":"","background-repeat":"repeat","background-position":"center center","background-size":"auto","background-attachment":"scroll","background-type":"","background-media":"","overlay-type":"","overlay-color":"","overlay-opacity":"","overlay-gradient":""},"tablet":{"background-color":"var(--ast-global-color-5)","background-image":"","background-repeat":"repeat","background-position":"center center","background-size":"auto","background-attachment":"scroll","background-type":"","background-media":"","overlay-type":"","overlay-color":"","overlay-opacity":"","overlay-gradient":""},"mobile":{"background-color":"var(--ast-global-color-5)","background-image":"","background-repeat":"repeat","background-position":"center center","background-size":"auto","background-attachment":"scroll","background-type":"","background-media":"","overlay-type":"","overlay-color":"","overlay-opacity":"","overlay-gradient":""}},"footnotes":""},"class_list":["post-8535","page","type-page","status-publish","hentry"],"post_mailing_queue_ids":[],"_links":{"self":[{"href":"https:\/\/agora.xtec.cat\/insjoanguinjoan\/wp-json\/wp\/v2\/pages\/8535","targetHints":{"allow":["GET"]}}],"collection":[{"href":"https:\/\/agora.xtec.cat\/insjoanguinjoan\/wp-json\/wp\/v2\/pages"}],"about":[{"href":"https:\/\/agora.xtec.cat\/insjoanguinjoan\/wp-json\/wp\/v2\/types\/page"}],"author":[{"embeddable":true,"href":"https:\/\/agora.xtec.cat\/insjoanguinjoan\/wp-json\/wp\/v2\/users\/1"}],"replies":[{"embeddable":true,"href":"https:\/\/agora.xtec.cat\/insjoanguinjoan\/wp-json\/wp\/v2\/comments?post=8535"}],"version-history":[{"count":6,"href":"https:\/\/agora.xtec.cat\/insjoanguinjoan\/wp-json\/wp\/v2\/pages\/8535\/revisions"}],"predecessor-version":[{"id":11009,"href":"https:\/\/agora.xtec.cat\/insjoanguinjoan\/wp-json\/wp\/v2\/pages\/8535\/revisions\/11009"}],"up":[{"embeddable":true,"href":"https:\/\/agora.xtec.cat\/insjoanguinjoan\/wp-json\/wp\/v2\/pages\/533"}],"wp:attachment":[{"href":"https:\/\/agora.xtec.cat\/insjoanguinjoan\/wp-json\/wp\/v2\/media?parent=8535"}],"curies":[{"name":"wp","href":"https:\/\/api.w.org\/{rel}","templated":true}]}}