{"id":7430,"date":"2023-03-06T10:00:35","date_gmt":"2023-03-06T09:00:35","guid":{"rendered":"https:\/\/agora.xtec.cat\/insjoanguinjoan\/?page_id=7430"},"modified":"2025-07-02T11:51:45","modified_gmt":"2025-07-02T09:51:45","slug":"formularis","status":"publish","type":"page","link":"https:\/\/agora.xtec.cat\/insjoanguinjoan\/secretaria\/formularis\/","title":{"rendered":"Transport escolar"},"content":{"rendered":"<ul>\n<li style=\"list-style-type: none;\">\n<ul>\n<li style=\"list-style-type: none;\"><\/li>\n<\/ul>\n<\/li>\n<\/ul>\n<p>El servei de Transport escolar \u00e9s gestionat pel Consell Comarcal del Baix Camp. Aquest ofereix el servei gratu\u00eft a tots els alumnes d&#8217;Educaci\u00f3 Secund\u00e0ria Obligat\u00f2ria empadronats als municipis de Montbri\u00f3 del Camp i Vinyols i els Arcs.<\/p>\n<p>Respecte als estudis postobligatoris, s&#8217;oferir\u00e0 el servei nom\u00e9s en cas de quedar places disponibles, previ pagament d&#8217;un preu p\u00fablic establert per ordenan\u00e7a fiscal.<\/p>\n<p><em> Ruta de Montbri\u00f3 del Camp:<\/em><\/p>\n<p>La parada d&#8217;autob\u00fas est\u00e0 ubicada al Passeig Nicolau.<\/p>\n<table style=\"border-collapse: collapse; width: 67.6032%;\">\n<tbody>\n<tr>\n<td style=\"width: 33.3333%;\">PARADES<\/td>\n<td style=\"width: 17.269%;\">Anada mat\u00ed<\/td>\n<td style=\"width: 17.0013%;\">Tornada migdia<\/td>\n<\/tr>\n<tr>\n<td style=\"width: 33.3333%;\">1. Montbri\u00f3 del Camp<\/td>\n<td style=\"width: 17.269%;\">7.40<\/td>\n<td style=\"width: 17.0013%;\">14.50<\/td>\n<\/tr>\n<tr>\n<td style=\"width: 33.3333%;\">2. Ins. Joan Guinjoan_ Riudoms<\/td>\n<td style=\"width: 17.269%;\">7.55<\/td>\n<td style=\"width: 17.0013%;\">14.30<\/td>\n<\/tr>\n<\/tbody>\n<\/table>\n<p><em>Ruta de Vinyols i els Arcs:<\/em><\/p>\n<p>La parada d&#8217;autob\u00fas est\u00e0 ubicada a la Travessera de Riudoms (TV-3103a).<\/p>\n<table style=\"border-collapse: collapse; width: 67.336%; height: 94px;\">\n<tbody>\n<tr>\n<td style=\"width: 49.4367%;\">PARADES<\/td>\n<td style=\"width: 25.0225%;\">Anada mat\u00ed<\/td>\n<td style=\"width: 25.5407%;\">Tornada migdia<\/td>\n<\/tr>\n<tr>\n<td style=\"width: 49.4367%;\">1. Vinyols i els Arcs<\/td>\n<td style=\"width: 25.0225%;\">7.35 -7.40<\/td>\n<td style=\"width: 25.5407%;\">14.40 &#8211; 14.45<\/td>\n<\/tr>\n<tr>\n<td style=\"width: 49.4367%;\">2. Ins. Joan Guinjoan_Riudoms<\/td>\n<td style=\"width: 25.0225%;\">7.50<\/td>\n<td style=\"width: 25.5407%;\">14.30<\/td>\n<\/tr>\n<\/tbody>\n<\/table>\n<p>Els documents per sol\u00b7licitar la utilitzaci\u00f3 del servei de transport pel curs 2025\/26 s\u00f3n els seg\u00fcents:<\/p>\n<p><a href=\"https:\/\/agora.xtec.cat\/insjoanguinjoan\/wp-content\/uploads\/usu1332\/2025\/06\/model-1-sollicitud-transport.pdf\">model 1 &#8211; sol\u00b7licitud transport<\/a><\/p>\n<p><a href=\"https:\/\/agora.xtec.cat\/insjoanguinjoan\/wp-content\/uploads\/usu1332\/2025\/06\/model-2-autoritzacio-parada.pdf\">model 2 &#8211; autoritzaci\u00f3 parada<\/a><\/p>\n","protected":false},"excerpt":{"rendered":"<p>El servei de Transport escolar \u00e9s gestionat pel Consell Comarcal del Baix Camp. Aquest ofereix el servei gratu\u00eft a tots els alumnes d&#8217;Educaci\u00f3 Secund\u00e0ria Obligat\u00f2ria empadronats als municipis de Montbri\u00f3 del Camp i Vinyols i els Arcs. Respecte als estudis postobligatoris, s&#8217;oferir\u00e0 el servei nom\u00e9s en cas de quedar places disponibles, previ pagament d&#8217;un preu [&hellip;]<\/p>\n","protected":false},"author":1,"featured_media":0,"parent":81,"menu_order":21,"comment_status":"closed","ping_status":"closed","template":"page-templates\/side-menu.php","meta":{"_bbp_topic_count":0,"_bbp_reply_count":0,"_bbp_total_topic_count":0,"_bbp_total_reply_count":0,"_bbp_voice_count":0,"_bbp_anonymous_reply_count":0,"_bbp_topic_count_hidden":0,"_bbp_reply_count_hidden":0,"_bbp_forum_subforum_count":0,"site-sidebar-layout":"default","site-content-layout":"","ast-site-content-layout":"","site-content-style":"default","site-sidebar-style":"default","ast-global-header-display":"","ast-banner-title-visibility":"","ast-main-header-display":"","ast-hfb-above-header-display":"","ast-hfb-below-header-display":"","ast-hfb-mobile-header-display":"","site-post-title":"","ast-breadcrumbs-content":"","ast-featured-img":"","footer-sml-layout":"","theme-transparent-header-meta":"","adv-header-id-meta":"","stick-header-meta":"","header-above-stick-meta":"","header-main-stick-meta":"","header-below-stick-meta":"","astra-migrate-meta-layouts":"default","ast-page-background-enabled":"default","ast-page-background-meta":{"desktop":{"background-color":"var(--ast-global-color-4)","background-image":"","background-repeat":"repeat","background-position":"center center","background-size":"auto","background-attachment":"scroll","background-type":"","background-media":"","overlay-type":"","overlay-color":"","overlay-opacity":"","overlay-gradient":""},"tablet":{"background-color":"","background-image":"","background-repeat":"repeat","background-position":"center center","background-size":"auto","background-attachment":"scroll","background-type":"","background-media":"","overlay-type":"","overlay-color":"","overlay-opacity":"","overlay-gradient":""},"mobile":{"background-color":"","background-image":"","background-repeat":"repeat","background-position":"center center","background-size":"auto","background-attachment":"scroll","background-type":"","background-media":"","overlay-type":"","overlay-color":"","overlay-opacity":"","overlay-gradient":""}},"ast-content-background-meta":{"desktop":{"background-color":"var(--ast-global-color-5)","background-image":"","background-repeat":"repeat","background-position":"center center","background-size":"auto","background-attachment":"scroll","background-type":"","background-media":"","overlay-type":"","overlay-color":"","overlay-opacity":"","overlay-gradient":""},"tablet":{"background-color":"var(--ast-global-color-5)","background-image":"","background-repeat":"repeat","background-position":"center center","background-size":"auto","background-attachment":"scroll","background-type":"","background-media":"","overlay-type":"","overlay-color":"","overlay-opacity":"","overlay-gradient":""},"mobile":{"background-color":"var(--ast-global-color-5)","background-image":"","background-repeat":"repeat","background-position":"center center","background-size":"auto","background-attachment":"scroll","background-type":"","background-media":"","overlay-type":"","overlay-color":"","overlay-opacity":"","overlay-gradient":""}},"footnotes":""},"class_list":["post-7430","page","type-page","status-publish","hentry"],"post_mailing_queue_ids":[],"_links":{"self":[{"href":"https:\/\/agora.xtec.cat\/insjoanguinjoan\/wp-json\/wp\/v2\/pages\/7430","targetHints":{"allow":["GET"]}}],"collection":[{"href":"https:\/\/agora.xtec.cat\/insjoanguinjoan\/wp-json\/wp\/v2\/pages"}],"about":[{"href":"https:\/\/agora.xtec.cat\/insjoanguinjoan\/wp-json\/wp\/v2\/types\/page"}],"author":[{"embeddable":true,"href":"https:\/\/agora.xtec.cat\/insjoanguinjoan\/wp-json\/wp\/v2\/users\/1"}],"replies":[{"embeddable":true,"href":"https:\/\/agora.xtec.cat\/insjoanguinjoan\/wp-json\/wp\/v2\/comments?post=7430"}],"version-history":[{"count":6,"href":"https:\/\/agora.xtec.cat\/insjoanguinjoan\/wp-json\/wp\/v2\/pages\/7430\/revisions"}],"predecessor-version":[{"id":9879,"href":"https:\/\/agora.xtec.cat\/insjoanguinjoan\/wp-json\/wp\/v2\/pages\/7430\/revisions\/9879"}],"up":[{"embeddable":true,"href":"https:\/\/agora.xtec.cat\/insjoanguinjoan\/wp-json\/wp\/v2\/pages\/81"}],"wp:attachment":[{"href":"https:\/\/agora.xtec.cat\/insjoanguinjoan\/wp-json\/wp\/v2\/media?parent=7430"}],"curies":[{"name":"wp","href":"https:\/\/api.w.org\/{rel}","templated":true}]}}