{"id":659,"date":"2016-07-04T12:26:58","date_gmt":"2016-07-04T11:26:58","guid":{"rendered":"http:\/\/agora.xtec.cat\/insjoanguinjoan\/?page_id=659"},"modified":"2025-12-17T09:46:01","modified_gmt":"2025-12-17T08:46:01","slug":"educacio-fisica","status":"publish","type":"page","link":"https:\/\/agora.xtec.cat\/insjoanguinjoan\/departaments\/educacio-fisica\/","title":{"rendered":"Educaci\u00f3 F\u00edsica"},"content":{"rendered":"<h3><a href=\"https:\/\/agora.xtec.cat\/insjoanguinjoan\/wp-content\/uploads\/usu1332\/2025\/05\/CRITERIS-DAVALUACIO-1-i-2-ESO.pdf\">CRITERIS D&#8217;AVALUACI\u00d3 1 i 2 ESO<\/a><\/h3>\n<h3><a href=\"https:\/\/agora.xtec.cat\/insjoanguinjoan\/wp-content\/uploads\/usu1332\/2025\/05\/CRITERIS-DAVALUACIO-3-i-4-ESO.pdf\">CRITERIS D&#8217;AVALUACI\u00d3 3 i 4 ESO<\/a><\/h3>\n<h3><a href=\"https:\/\/agora.xtec.cat\/insjoanguinjoan\/wp-content\/uploads\/usu1332\/2025\/05\/CRITERIS-DAVALUACIO-BAT.pdf\">CRITERIS D&#8217;AVALUACI\u00d3 BAT<\/a><\/h3>\n<table style=\"width: 462px;\">\n<tbody>\n<tr>\n<td style=\"width: 456.667px;\">\n<h1 style=\"text-align: center;\"><a href=\"https:\/\/agora.xtec.cat\/insjoanguinjoan\/wp-content\/uploads\/usu1332\/2025\/12\/Esquiada-26.pdf\">Esquiada &#8217;26<\/a><\/h1>\n<\/td>\n<\/tr>\n<\/tbody>\n<\/table>\n<p><a href=\"https:\/\/agora.xtec.cat\/insjoanguinjoan\/wp-content\/uploads\/usu1332\/2019\/09\/SEGUIMENT-activitat-f\u00edsica-mensual.docx\">SEGUIMENT-activitat-f\u00edsica-mensual<\/a><\/p>\n<p><a href=\"http:\/\/agora.xtec.cat\/insjoanguinjoan\/wp-content\/uploads\/usu1332\/2016\/07\/102FULL-dades-m\u00e8diques.doc\">Full-dades-mediques<\/a><\/p>\n<p><a href=\"http:\/\/agora.xtec.cat\/insjoanguinjoan\/wp-content\/uploads\/usu1332\/2016\/07\/103B\u00c0\u0080DMINTON.ppt\">Badminton<\/a><\/p>\n<p><a href=\"http:\/\/agora.xtec.cat\/insjoanguinjoan\/wp-content\/uploads\/usu1332\/2016\/07\/104CONDICI\u00d3-F\u00cdSICA\u0093.pptx\">Condici\u00f3 f\u00edsica<\/a><\/p>\n","protected":false},"excerpt":{"rendered":"<p>CRITERIS D&#8217;AVALUACI\u00d3 1 i 2 ESO CRITERIS D&#8217;AVALUACI\u00d3 3 i 4 ESO CRITERIS D&#8217;AVALUACI\u00d3 BAT Esquiada &#8217;26 SEGUIMENT-activitat-f\u00edsica-mensual Full-dades-mediques Badminton Condici\u00f3 f\u00edsica<\/p>\n","protected":false},"author":1,"featured_media":0,"parent":460,"menu_order":100,"comment_status":"closed","ping_status":"closed","template":"page-templates\/side-menu.php","meta":{"_bbp_topic_count":0,"_bbp_reply_count":0,"_bbp_total_topic_count":0,"_bbp_total_reply_count":0,"_bbp_voice_count":0,"_bbp_anonymous_reply_count":0,"_bbp_topic_count_hidden":0,"_bbp_reply_count_hidden":0,"_bbp_forum_subforum_count":0,"site-sidebar-layout":"default","site-content-layout":"","ast-site-content-layout":"","site-content-style":"default","site-sidebar-style":"default","ast-global-header-display":"","ast-banner-title-visibility":"","ast-main-header-display":"","ast-hfb-above-header-display":"","ast-hfb-below-header-display":"","ast-hfb-mobile-header-display":"","site-post-title":"","ast-breadcrumbs-content":"","ast-featured-img":"","footer-sml-layout":"","theme-transparent-header-meta":"","adv-header-id-meta":"","stick-header-meta":"","header-above-stick-meta":"","header-main-stick-meta":"","header-below-stick-meta":"","astra-migrate-meta-layouts":"default","ast-page-background-enabled":"default","ast-page-background-meta":{"desktop":{"background-color":"var(--ast-global-color-4)","background-image":"","background-repeat":"repeat","background-position":"center center","background-size":"auto","background-attachment":"scroll","background-type":"","background-media":"","overlay-type":"","overlay-color":"","overlay-opacity":"","overlay-gradient":""},"tablet":{"background-color":"","background-image":"","background-repeat":"repeat","background-position":"center center","background-size":"auto","background-attachment":"scroll","background-type":"","background-media":"","overlay-type":"","overlay-color":"","overlay-opacity":"","overlay-gradient":""},"mobile":{"background-color":"","background-image":"","background-repeat":"repeat","background-position":"center center","background-size":"auto","background-attachment":"scroll","background-type":"","background-media":"","overlay-type":"","overlay-color":"","overlay-opacity":"","overlay-gradient":""}},"ast-content-background-meta":{"desktop":{"background-color":"var(--ast-global-color-5)","background-image":"","background-repeat":"repeat","background-position":"center center","background-size":"auto","background-attachment":"scroll","background-type":"","background-media":"","overlay-type":"","overlay-color":"","overlay-opacity":"","overlay-gradient":""},"tablet":{"background-color":"var(--ast-global-color-5)","background-image":"","background-repeat":"repeat","background-position":"center center","background-size":"auto","background-attachment":"scroll","background-type":"","background-media":"","overlay-type":"","overlay-color":"","overlay-opacity":"","overlay-gradient":""},"mobile":{"background-color":"var(--ast-global-color-5)","background-image":"","background-repeat":"repeat","background-position":"center center","background-size":"auto","background-attachment":"scroll","background-type":"","background-media":"","overlay-type":"","overlay-color":"","overlay-opacity":"","overlay-gradient":""}},"footnotes":""},"class_list":["post-659","page","type-page","status-publish","hentry"],"post_mailing_queue_ids":[],"_links":{"self":[{"href":"https:\/\/agora.xtec.cat\/insjoanguinjoan\/wp-json\/wp\/v2\/pages\/659","targetHints":{"allow":["GET"]}}],"collection":[{"href":"https:\/\/agora.xtec.cat\/insjoanguinjoan\/wp-json\/wp\/v2\/pages"}],"about":[{"href":"https:\/\/agora.xtec.cat\/insjoanguinjoan\/wp-json\/wp\/v2\/types\/page"}],"author":[{"embeddable":true,"href":"https:\/\/agora.xtec.cat\/insjoanguinjoan\/wp-json\/wp\/v2\/users\/1"}],"replies":[{"embeddable":true,"href":"https:\/\/agora.xtec.cat\/insjoanguinjoan\/wp-json\/wp\/v2\/comments?post=659"}],"version-history":[{"count":6,"href":"https:\/\/agora.xtec.cat\/insjoanguinjoan\/wp-json\/wp\/v2\/pages\/659\/revisions"}],"predecessor-version":[{"id":10365,"href":"https:\/\/agora.xtec.cat\/insjoanguinjoan\/wp-json\/wp\/v2\/pages\/659\/revisions\/10365"}],"up":[{"embeddable":true,"href":"https:\/\/agora.xtec.cat\/insjoanguinjoan\/wp-json\/wp\/v2\/pages\/460"}],"wp:attachment":[{"href":"https:\/\/agora.xtec.cat\/insjoanguinjoan\/wp-json\/wp\/v2\/media?parent=659"}],"curies":[{"name":"wp","href":"https:\/\/api.w.org\/{rel}","templated":true}]}}