{"id":657,"date":"2016-07-04T12:26:28","date_gmt":"2016-07-04T11:26:28","guid":{"rendered":"http:\/\/agora.xtec.cat\/insjoanguinjoan\/?page_id=657"},"modified":"2025-09-02T13:22:49","modified_gmt":"2025-09-02T11:22:49","slug":"visual-i-plastica","status":"publish","type":"page","link":"https:\/\/agora.xtec.cat\/insjoanguinjoan\/departaments\/visual-i-plastica\/","title":{"rendered":"Visual i Pl\u00e0stica"},"content":{"rendered":"<table style=\"width: 632px;\">\n<tbody>\n<tr>\n<td style=\"width: 626.667px;\"><a href=\"https:\/\/agora.xtec.cat\/insjoanguinjoan\/wp-content\/uploads\/usu1332\/2025\/09\/1r-ESOCRITERIS-DAVALUACIO-plastica-visual-i-audiovisual-1r.pdf\">CRITERIS D&#8217;AVALUACI\u00d3 pl\u00e0stica, visual i audiovisual 1r ESO<\/a><\/p>\n<p><a href=\"https:\/\/agora.xtec.cat\/insjoanguinjoan\/wp-content\/uploads\/usu1332\/2025\/09\/2n-ESOCRITERIS-DAVALUACIO-Plastica-visual-i-audiovisual-2n.pdf\">CRITERIS D&#8217;AVALUACI\u00d3 Pl\u00e0stica, visual i audiovisual 2n ESO<\/a><\/p>\n<p><a href=\"https:\/\/agora.xtec.cat\/insjoanguinjoan\/wp-content\/uploads\/usu1332\/2025\/09\/CRITERIS-DAVALUACIO-Expressio-artistica-4t.pdf\">CRITERIS D&#8217;AVALUACI\u00d3 Expressi\u00f3 art\u00edstica 4t<\/a><\/p>\n<p><a href=\"https:\/\/agora.xtec.cat\/insjoanguinjoan\/wp-content\/uploads\/usu1332\/2025\/09\/CRITERIS-DAVALUACIO-Dibuix-tecnic-I.pdf\">CRITERIS D&#8217;AVALUACI\u00d3 Dibuix t\u00e8cnic I<\/a><\/p>\n<p><a href=\"https:\/\/agora.xtec.cat\/insjoanguinjoan\/wp-content\/uploads\/usu1332\/2025\/09\/CRITERIS-DAVALUACIO-Dibuix-tecnic-II.pdf\">CRITERIS D&#8217;AVALUACI\u00d3 Dibuix t\u00e8cnic II<\/a><\/td>\n<\/tr>\n<\/tbody>\n<\/table>\n<p>&nbsp;<\/p>\n<p>&nbsp;<\/p>\n<p>1r ESO:<\/p>\n<p><a href=\"http:\/\/agora.xtec.cat\/insjoanguinjoan\/wp-content\/uploads\/usu1332\/2016\/07\/dossier-1-ESO-VIP.pdf\">Dossier 1r ESO<\/a><\/p>\n<p><a href=\"http:\/\/agora.xtec.cat\/insjoanguinjoan\/wp-content\/uploads\/usu1332\/2016\/07\/trames.docx\">Trames<\/a><\/p>\n<p><a href=\"http:\/\/agora.xtec.cat\/insjoanguinjoan\/wp-content\/uploads\/usu1332\/2016\/07\/IMG_20180220_085541.pdf\">&#8220;Tra\u00e7at de paviments urbans&#8221;<\/a><\/p>\n<p>&nbsp;<\/p>\n<p>3r ESO:<\/p>\n<p><a href=\"http:\/\/agora.xtec.cat\/insjoanguinjoan\/wp-content\/uploads\/usu1332\/2016\/07\/dossier-3-ESO-VIP.pdf\">Dossier 3r ESO<\/a><\/p>\n<p>4t ESO:<\/p>\n<p><a href=\"http:\/\/agora.xtec.cat\/insjoanguinjoan\/wp-content\/uploads\/usu1332\/2016\/07\/dossier-4-ESO-VIP.pdf\">Dossier 4t ESO<\/a><\/p>\n<p>Dossier 1r Batxillerat:<\/p>\n<p><a href=\"http:\/\/agora.xtec.cat\/insjoanguinjoan\/wp-content\/uploads\/usu1332\/2016\/07\/activitats-unitat-1.pdf\">activitats-unitat-1<\/a><\/p>\n<p><a href=\"http:\/\/agora.xtec.cat\/insjoanguinjoan\/wp-content\/uploads\/usu1332\/2016\/07\/activitats-unitat-2.pdf\">activitats-unitat-2<\/a><\/p>\n<p><a href=\"http:\/\/agora.xtec.cat\/insjoanguinjoan\/wp-content\/uploads\/usu1332\/2016\/07\/activitats-unitat-3.pdf\">activitats-unitat-3<\/a><\/p>\n<p><a href=\"http:\/\/agora.xtec.cat\/insjoanguinjoan\/wp-content\/uploads\/usu1332\/2016\/07\/activitats-unitat-4.pdf\">activitats-unitat-4<\/a><\/p>\n<p><a href=\"http:\/\/agora.xtec.cat\/insjoanguinjoan\/wp-content\/uploads\/usu1332\/2016\/07\/activitats-unitat-5.pdf\">activitats-unitat-5<\/a><\/p>\n<p><a href=\"http:\/\/agora.xtec.cat\/insjoanguinjoan\/wp-content\/uploads\/usu1332\/2016\/07\/activitats-unitat-6.pdf\">activitats-unitat-6<\/a><\/p>\n<p><a href=\"http:\/\/agora.xtec.cat\/insjoanguinjoan\/wp-content\/uploads\/usu1332\/2016\/07\/activitats-unitat-7.pdf\">activitats-unitat-7<\/a><\/p>\n<p><a href=\"http:\/\/agora.xtec.cat\/insjoanguinjoan\/wp-content\/uploads\/usu1332\/2016\/07\/activitats-unitat-8.pdf\">activitats-unitat-8<\/a><\/p>\n<p><a href=\"http:\/\/agora.xtec.cat\/insjoanguinjoan\/wp-content\/uploads\/usu1332\/2016\/07\/activitats-unitat-9.pdf\">activitats-unitat-9<\/a><\/p>\n<p><a href=\"http:\/\/agora.xtec.cat\/insjoanguinjoan\/wp-content\/uploads\/usu1332\/2016\/07\/objectiu-universita-unitat-1.pdf\">objectiu-universita-unitat-1<\/a><\/p>\n<p><a href=\"http:\/\/agora.xtec.cat\/insjoanguinjoan\/wp-content\/uploads\/usu1332\/2016\/07\/objectiu-universita-unitat-2.pdf\">objectiu-universita-unitat-2<\/a><\/p>\n<p><a href=\"http:\/\/agora.xtec.cat\/insjoanguinjoan\/wp-content\/uploads\/usu1332\/2016\/07\/objectiu-universita-unitat-3.pdf\">objectiu-universita-unitat-3<\/a><\/p>\n<p><a href=\"http:\/\/agora.xtec.cat\/insjoanguinjoan\/wp-content\/uploads\/usu1332\/2016\/07\/objectiu-universita-unitat-4.pdf\">objectiu-universita-unitat-4<\/a><\/p>\n<p><a href=\"http:\/\/agora.xtec.cat\/insjoanguinjoan\/wp-content\/uploads\/usu1332\/2016\/07\/objectiu-universita-unitat-5.pdf\">objectiu-universita-unitat-5<\/a><\/p>\n<p><a href=\"http:\/\/agora.xtec.cat\/insjoanguinjoan\/wp-content\/uploads\/usu1332\/2016\/07\/objectiu-universita-unitat-7.pdf\">objectiu-universita-unitat-7<\/a><\/p>\n<p><a href=\"http:\/\/agora.xtec.cat\/insjoanguinjoan\/wp-content\/uploads\/usu1332\/2016\/07\/objectiu-universita-unitat-8.pdf\">objectiu-universita-unitat-8<\/a><\/p>\n<p><a href=\"http:\/\/agora.xtec.cat\/insjoanguinjoan\/wp-content\/uploads\/usu1332\/2016\/07\/objectiu-universita-unitat-9.pdf\">objectiu-universita-unitat-9<\/a><\/p>\n<p>Dossier de 2n Batxillerat:<\/p>\n<p><a href=\"http:\/\/agora.xtec.cat\/insjoanguinjoan\/wp-content\/uploads\/usu1332\/2016\/07\/activitats-unitat-1_0926900.pdf\">activitats-unitat-1_0926900<\/a><\/p>\n<p><a href=\"http:\/\/agora.xtec.cat\/insjoanguinjoan\/wp-content\/uploads\/usu1332\/2016\/07\/activitats-unitat-2_0926903.pdf\">activitats-unitat-2_0926903<\/a><\/p>\n<p><a href=\"http:\/\/agora.xtec.cat\/insjoanguinjoan\/wp-content\/uploads\/usu1332\/2016\/07\/activitats-unitat-3_0926904.pdf\">activitats-unitat-3_0926904<\/a><\/p>\n<p><a href=\"http:\/\/agora.xtec.cat\/insjoanguinjoan\/wp-content\/uploads\/usu1332\/2016\/07\/activitats-unitat-4_0926906.pdf\">activitats-unitat-4_0926906<\/a><\/p>\n<p><a href=\"http:\/\/agora.xtec.cat\/insjoanguinjoan\/wp-content\/uploads\/usu1332\/2016\/07\/activitats-unitat-5_0926908.pdf\">activitats-unitat-5_0926908<\/a><\/p>\n<p><a href=\"http:\/\/agora.xtec.cat\/insjoanguinjoan\/wp-content\/uploads\/usu1332\/2016\/07\/activitats-unitat-6_0926910.pdf\">activitats-unitat-6_0926910<\/a><\/p>\n<p><a href=\"http:\/\/agora.xtec.cat\/insjoanguinjoan\/wp-content\/uploads\/usu1332\/2016\/07\/activitats-unitat-7_0926912.pdf\">activitats-unitat-7_0926912<\/a><\/p>\n<p><a href=\"http:\/\/agora.xtec.cat\/insjoanguinjoan\/wp-content\/uploads\/usu1332\/2016\/07\/activitats-unitat-8_0926914.pdf\">activitats-unitat-8_0926914<\/a><\/p>\n<p><a href=\"http:\/\/agora.xtec.cat\/insjoanguinjoan\/wp-content\/uploads\/usu1332\/2016\/07\/activitats-unitat-i_0926917.pdf\">activitats-unitat-i_0926917<\/a><\/p>\n<p><a href=\"http:\/\/agora.xtec.cat\/insjoanguinjoan\/wp-content\/uploads\/usu1332\/2016\/07\/objectiu-universitat-unitat-1_0926901.pdf\">objectiu-universitat-unitat-1_0926901<\/a><\/p>\n<p><a href=\"http:\/\/agora.xtec.cat\/insjoanguinjoan\/wp-content\/uploads\/usu1332\/2016\/07\/objectiu-universitat-unitat-2_0926902.pdf\">objectiu-universitat-unitat-2_0926902<\/a><\/p>\n<p><a href=\"http:\/\/agora.xtec.cat\/insjoanguinjoan\/wp-content\/uploads\/usu1332\/2016\/07\/objectiu-universitat-unitat-4_0926905.pdf\">objectiu-universitat-unitat-4_0926905<\/a><\/p>\n<p><a href=\"http:\/\/agora.xtec.cat\/insjoanguinjoan\/wp-content\/uploads\/usu1332\/2016\/07\/objectiu-universitat-unitat-5_0926907.pdf\">objectiu-universitat-unitat-5_0926907<\/a><\/p>\n<p><a href=\"http:\/\/agora.xtec.cat\/insjoanguinjoan\/wp-content\/uploads\/usu1332\/2016\/07\/objectiu-universitat-unitat-6_0926909.pdf\">objectiu-universitat-unitat-6_0926909<\/a><\/p>\n<p><a href=\"http:\/\/agora.xtec.cat\/insjoanguinjoan\/wp-content\/uploads\/usu1332\/2016\/07\/objectiu-universitat-unitat-7_0926911.pdf\">objectiu-universitat-unitat-7_0926911<\/a><\/p>\n<p><a href=\"http:\/\/agora.xtec.cat\/insjoanguinjoan\/wp-content\/uploads\/usu1332\/2016\/07\/objectiu-universitat-unitat-8_0926913.pdf\">objectiu-universitat-unitat-8_0926913<\/a><\/p>\n<p>&nbsp;<\/p>\n<p>&nbsp;<\/p>\n","protected":false},"excerpt":{"rendered":"<p>CRITERIS D&#8217;AVALUACI\u00d3 pl\u00e0stica, visual i audiovisual 1r ESO CRITERIS D&#8217;AVALUACI\u00d3 Pl\u00e0stica, visual i audiovisual 2n ESO CRITERIS D&#8217;AVALUACI\u00d3 Expressi\u00f3 art\u00edstica 4t CRITERIS D&#8217;AVALUACI\u00d3 Dibuix t\u00e8cnic I CRITERIS D&#8217;AVALUACI\u00d3 Dibuix t\u00e8cnic II &nbsp; &nbsp; 1r ESO: Dossier 1r ESO Trames &#8220;Tra\u00e7at de paviments urbans&#8221; &nbsp; 3r ESO: Dossier 3r ESO 4t ESO: Dossier 4t ESO Dossier [&hellip;]<\/p>\n","protected":false},"author":1,"featured_media":0,"parent":460,"menu_order":90,"comment_status":"closed","ping_status":"closed","template":"page-templates\/side-menu.php","meta":{"_bbp_topic_count":0,"_bbp_reply_count":0,"_bbp_total_topic_count":0,"_bbp_total_reply_count":0,"_bbp_voice_count":0,"_bbp_anonymous_reply_count":0,"_bbp_topic_count_hidden":0,"_bbp_reply_count_hidden":0,"_bbp_forum_subforum_count":0,"site-sidebar-layout":"default","site-content-layout":"","ast-site-content-layout":"","site-content-style":"default","site-sidebar-style":"default","ast-global-header-display":"","ast-banner-title-visibility":"","ast-main-header-display":"","ast-hfb-above-header-display":"","ast-hfb-below-header-display":"","ast-hfb-mobile-header-display":"","site-post-title":"","ast-breadcrumbs-content":"","ast-featured-img":"","footer-sml-layout":"","theme-transparent-header-meta":"","adv-header-id-meta":"","stick-header-meta":"","header-above-stick-meta":"","header-main-stick-meta":"","header-below-stick-meta":"","astra-migrate-meta-layouts":"default","ast-page-background-enabled":"default","ast-page-background-meta":{"desktop":{"background-color":"var(--ast-global-color-4)","background-image":"","background-repeat":"repeat","background-position":"center center","background-size":"auto","background-attachment":"scroll","background-type":"","background-media":"","overlay-type":"","overlay-color":"","overlay-opacity":"","overlay-gradient":""},"tablet":{"background-color":"","background-image":"","background-repeat":"repeat","background-position":"center center","background-size":"auto","background-attachment":"scroll","background-type":"","background-media":"","overlay-type":"","overlay-color":"","overlay-opacity":"","overlay-gradient":""},"mobile":{"background-color":"","background-image":"","background-repeat":"repeat","background-position":"center center","background-size":"auto","background-attachment":"scroll","background-type":"","background-media":"","overlay-type":"","overlay-color":"","overlay-opacity":"","overlay-gradient":""}},"ast-content-background-meta":{"desktop":{"background-color":"var(--ast-global-color-5)","background-image":"","background-repeat":"repeat","background-position":"center center","background-size":"auto","background-attachment":"scroll","background-type":"","background-media":"","overlay-type":"","overlay-color":"","overlay-opacity":"","overlay-gradient":""},"tablet":{"background-color":"var(--ast-global-color-5)","background-image":"","background-repeat":"repeat","background-position":"center center","background-size":"auto","background-attachment":"scroll","background-type":"","background-media":"","overlay-type":"","overlay-color":"","overlay-opacity":"","overlay-gradient":""},"mobile":{"background-color":"var(--ast-global-color-5)","background-image":"","background-repeat":"repeat","background-position":"center center","background-size":"auto","background-attachment":"scroll","background-type":"","background-media":"","overlay-type":"","overlay-color":"","overlay-opacity":"","overlay-gradient":""}},"footnotes":""},"class_list":["post-657","page","type-page","status-publish","hentry"],"post_mailing_queue_ids":[],"_links":{"self":[{"href":"https:\/\/agora.xtec.cat\/insjoanguinjoan\/wp-json\/wp\/v2\/pages\/657","targetHints":{"allow":["GET"]}}],"collection":[{"href":"https:\/\/agora.xtec.cat\/insjoanguinjoan\/wp-json\/wp\/v2\/pages"}],"about":[{"href":"https:\/\/agora.xtec.cat\/insjoanguinjoan\/wp-json\/wp\/v2\/types\/page"}],"author":[{"embeddable":true,"href":"https:\/\/agora.xtec.cat\/insjoanguinjoan\/wp-json\/wp\/v2\/users\/1"}],"replies":[{"embeddable":true,"href":"https:\/\/agora.xtec.cat\/insjoanguinjoan\/wp-json\/wp\/v2\/comments?post=657"}],"version-history":[{"count":7,"href":"https:\/\/agora.xtec.cat\/insjoanguinjoan\/wp-json\/wp\/v2\/pages\/657\/revisions"}],"predecessor-version":[{"id":9946,"href":"https:\/\/agora.xtec.cat\/insjoanguinjoan\/wp-json\/wp\/v2\/pages\/657\/revisions\/9946"}],"up":[{"embeddable":true,"href":"https:\/\/agora.xtec.cat\/insjoanguinjoan\/wp-json\/wp\/v2\/pages\/460"}],"wp:attachment":[{"href":"https:\/\/agora.xtec.cat\/insjoanguinjoan\/wp-json\/wp\/v2\/media?parent=657"}],"curies":[{"name":"wp","href":"https:\/\/api.w.org\/{rel}","templated":true}]}}