{"id":531,"date":"2016-07-01T12:27:10","date_gmt":"2016-07-01T11:27:10","guid":{"rendered":"http:\/\/agora.xtec.cat\/insjoanguinjoan\/?page_id=531"},"modified":"2026-03-12T10:46:41","modified_gmt":"2026-03-12T09:46:41","slug":"certificats","status":"publish","type":"page","link":"https:\/\/agora.xtec.cat\/insjoanguinjoan\/secretaria\/certificats\/","title":{"rendered":"Certificats"},"content":{"rendered":"<div>\u00a0<\/div>\n<p>Per poder sol\u00b7licitar el certificat o la documentaci\u00f3 acad\u00e8mica que us sigui necessari haureu d\u2019emplenar un formulari, tot indicant el certificat sol\u00b7licitat i adjuntant la documentaci\u00f3 que es demana. Els certificats s\u2019entreguen en un termini aproximat de 2 \u2013 3 dies des del moment en qu\u00e8 rebem la sol\u00b7licitud i comprovem l\u2019expedient de la persona sol\u00b7licitant. S\u2019ha de tenir en compte que durant els per\u00edodes de vacances no s\u2019emeten certificats (Setmana Santa, estiu i Nadal).<\/p>\n<p>Podeu demanar els certificats en format paper o en format digital (c\u00f2pia aut\u00e8ntica), ho haureu d\u2019especificar quan feu la petici\u00f3.<\/p>\n<p>Els certificats m\u00e9s comuns que expedim s\u00f3n:<\/p>\n<ul>\n<li>Certificat de nivell de\u00a0<strong>catal\u00e0<\/strong>\u00a0<strong>B2<\/strong>\u00a0(si us plau, comprova pr\u00e8viament si compleixes els requisits que especifica la Normativa descrita unes l\u00ednies m\u00e9s avall)<\/li>\n<li>Certificat de nivell de\u00a0<strong>catal\u00e0 C1<\/strong>\u00a0(si us plau, comprova pr\u00e8viament si compleixes els requisits que especifica la Normativa descrita unes l\u00ednies m\u00e9s avall)<\/li>\n<li>Certificat justificatiu de<strong>\u00a0matr\u00edcula actual<\/strong>\u00a0al centre<\/li>\n<li>Certificat d\u2019<strong>haver estat matriculat<\/strong>\u00a0al centre<\/li>\n<li>Certificat de\u00a0<strong>qualificacions<\/strong><\/li>\n<li>Certificat de\u00a0<strong>finalitzaci\u00f3 de cicle formatiu<\/strong><\/li>\n<li><strong>Historial acad\u00e8mic<\/strong><\/li>\n<\/ul>\n\n\n<div style=\"height:44px\" aria-hidden=\"true\" class=\"wp-block-spacer\"><\/div>\n\n\n\n<div class=\"wp-block-getwid-button-group\"><div class=\"wp-block-getwid-button-group__wrapper\">\n<div class=\"wp-block-button\"><a class=\"wp-block-button__link has-text-align-center wp-element-button\" href=\"https:\/\/docs.google.com\/forms\/d\/e\/1FAIpQLScGTLTNYnhzZ5dXfhaUtRg5Ui_uS5FFMHn95cmCxVc13ReZlQ\/viewform?usp=publish-editor\">Clica aqu\u00ed per fer la sol\u00b7licitud<\/a><\/div>\n<\/div><\/div>\n\n\n\n<div style=\"height:44px\" aria-hidden=\"true\" class=\"wp-block-spacer\"><\/div>\n\n\n\n<hr class=\"wp-block-separator has-alpha-channel-opacity\"\/>\n\n\n\n<h3><b>CERTIFICAT D\u2019EQUIVAL\u00c8NCIA DEL NIVELL B2 o C1 DE LLENGUA CATALANA<br><\/b><\/h3>\n<p>El centre actua tamb\u00e9 com a oficina gestora de la Direcci\u00f3 General de Pol\u00edtica Ling\u00fc\u00edstica i emet certificats acreditatius d\u2019equival\u00e8ncia del&nbsp;<strong>nivell B2<\/strong>&nbsp;<b>(certificat de nivell intermedi de catal\u00e0) i nivell C1 (certificat de nivell de sufici\u00e8ncia de catal\u00e0), tant per alumnat propi com ali\u00e8&nbsp;<\/b>(altres centres p\u00fablics com privats\/concertats).<\/p>\n<p>Aqu\u00ed teniu el detall dels requisits que heu de complir perqu\u00e8 puguem expedir tant el nivell B2 com el nivell C1:<\/p>\n<p><strong>Certificat de nivell de sufici\u00e8ncia de catal\u00e0 (C1), que es correspon amb el nivell C1 del Marc europeu com\u00fa de refer\u00e8ncia per a les lleng\u00fces (MECR).<\/strong><\/p>\n<p>T\u00edtols, diplomes i certificats que es consideren equivalents:<\/p>\n<ul>\n<li>T\u00edtol de graduaci\u00f3 en educaci\u00f3 secund\u00e0ria (ESO) sempre que s\u2019hagin cursat a Catalunya almenys tres cursos qualssevol de prim\u00e0ria i tota l\u2019ESO, i s\u2019hagi cursat i aprovat la mat\u00e8ria de llengua catalana en la totalitat dels estudis m\u00ednims esmentats. El requisit d\u2019acreditaci\u00f3 d\u2019haver aprovat la mat\u00e8ria de llengua catalana \u00e9s d\u2019aplicaci\u00f3 als t\u00edtols de graduaci\u00f3 en educaci\u00f3 secund\u00e0ria obtinguts a partir del curs 2007-2008.<\/li>\n<li>T\u00edtol de graduaci\u00f3 en educaci\u00f3 secund\u00e0ria obtingut a centres i aules de formaci\u00f3 de persones adultes, sempre que s\u2019hagin cursat a Catalunya almenys vuit cursos qualssevol entre la prim\u00e0ria i l\u2019ESO, i que s\u2019hagi cursat i aprovat l\u2019\u00e0rea de llengua catalana als centres i aules de formaci\u00f3 de persones adultes.<\/li>\n<li>T\u00edtol de batxillerat (LOGSE) sempre que s\u2019hagin cursat a Catalunya tres cursos qualssevol de prim\u00e0ria i cinc cursos qualssevol entre l\u2019ESO i el batxillerat i s\u2019hagi cursat i aprovat la mat\u00e8ria de llengua catalana en la totalitat dels estudis m\u00ednims esmentats.<\/li>\n<li>T\u00edtol de batxillerat (BUP), sempre que s\u2019hagi cursat tota l\u2019EGB i el BUP a Catalunya i s\u2019hagi cursat i aprovat de manera oficial la mat\u00e8ria de llengua catalana en la totalitat dels estudis esmentats a partir del curs 1978-1979.<\/li>\n<li>T\u00edtol de t\u00e8cnic\/a especialista (FP2) sempre que s\u2019hagi cursat tota l\u2019EGB, l\u2019FP1 i l\u2019FP2 a Catalunya i s\u2019hagi cursat i aprovat de manera oficial la mat\u00e8ria de llengua catalana en la totalitat dels estudis esmentats a partir del curs 1978-1979.<\/li>\n<\/ul>\n<p><strong>Certificat de nivell intermedi de catal\u00e0 (B2), que es correspon amb el nivell B2 del Marc europeu com\u00fa de refer\u00e8ncia per a les lleng\u00fces (MECR).<\/strong><\/p>\n<p>T\u00edtols, diplomes i certificats que es consideren equivalents:<\/p>\n<ul>\n<li>T\u00edtol de graduaci\u00f3 escolar (EGB), sempre que s\u2019hagi cursat tota l\u2019EGB a Catalunya i s\u2019hagi cursat la mat\u00e8ria de llengua catalana en la totalitat dels estudis esmentats a partir del curs 1978-1979.<\/li>\n<li>T\u00edtol de t\u00e8cnic\/a auxiliar (FP1), sempre que s\u2019hagi cursat tota l\u2019EGB i l\u2019FP1 a Catalunya i s\u2019hagi cursat la mat\u00e8ria de llengua catalana en la totalitat dels estudis esmentats a partir del curs 1978-1979.<\/li>\n<li>T\u00edtol de graduaci\u00f3 en educaci\u00f3 secund\u00e0ria (ESO), sempre que s\u2019hagi cursat i aprovat l\u2019assignatura de llengua catalana durant la totalitat de l\u2019educaci\u00f3 secund\u00e0ria obligat\u00f2ria i, com a m\u00ednim, quatre cursos de l\u2019educaci\u00f3 prim\u00e0ria a centres de l\u2019Arag\u00f3.<\/li>\n<\/ul>\n\n\n\n<figure class=\"wp-block-table\"><table class=\"has-fixed-layout\"><tbody><tr><td><strong>No es tenen en compte:<\/strong><br>les proves d\u2019acc\u00e9s per a m\u00e9s grans de 25 anys,<br>les proves d\u2019acc\u00e9s a la universitat,<br>l\u2019acc\u00e9s als cicles formatius,<br>els cicles formatius de grau mitj\u00e0 o de grau superior,<br>les equival\u00e8ncies a les titulacions.<\/td><\/tr><\/tbody><\/table><\/figure>\n\n\n\n<h4><span style=\"color: #993300;\"><strong>Normativa<\/strong><\/span><\/h4>\n<p>S\u2019estableixen a\u00a0l\u2018<strong><a href=\"http:\/\/www20.gencat.cat\/docs\/Llengcat\/Documents\/Legislacio\/Recull%20de%20normativa\/Ensenyament\/Arxius\/ens_equiv.pdf\" target=\"_blank\" rel=\"noopener noreferrer\">Ordre VCP\/491\/2009,<\/a><\/strong>\u00a0de 12 de novembre, per la qual es refonen i s\u2019actualitzen els t\u00edtols, diplomes i certificats equivalents als certificats de coneixements de catal\u00e0 de la Secretaria de Pol\u00edtica Ling\u00fc\u00edstica, modificada per l<a href=\"http:\/\/www20.gencat.cat\/portal\/site\/portaldogc\/menuitem.c973d2fc58aa0083e4492d92b0c0e1a0\/?vgnextoid=485946a6e5dfe210VgnVCM1000000b0c1e0aRCRD&amp;appInstanceName=default&amp;action=fitxa&amp;documentId=519344&amp;language=ca_ES&amp;newLang=ca_ES\" target=\"_blank\" rel=\"noopener noreferrer\">\u2018<strong>Ordre VCP\/233\/2010<\/strong><\/a>,\u00a0de 12 d\u2019abril.<\/p>\n<p><a href=\"https:\/\/llengua.gencat.cat\/ca\/serveis\/acreditacio_coneixements\/certificats_de_catala\/\" target=\"_blank\" rel=\"noopener\"><strong>Proves per obtenir certificats i acreditacions de catal\u00e0 \u2013 Direcci\u00f3 General de Pol\u00edtica Ling\u00fc\u00edstica\u00a0<\/strong><\/a><\/p>\n<p><strong><a href=\"https:\/\/ovt.gencat.cat\/gsitfc\/AppJava\/generic\/conqxsGeneric.do?webFormId=11&amp;set-locale=ca_ES&amp;topicLevel1.id=1268&amp;topicLevel2.id=18163&amp;topicLevel3.id=18183\" target=\"_blank\" rel=\"noopener\">Enlla\u00e7 al formulari de consulta\/queixa\/suggeriment a la Generalitat de Catalunya sobre Certificats de catal\u00e0<\/a><\/strong><\/p>\n\n\n\n<p>Per realitzar la comprovaci\u00f3 d&#8217;una c\u00f2pia aut\u00e8ntica podeu clicar al seg\u00fcent enlla\u00e7:\u00a0<a href=\"https:\/\/csv.gencat.cat\/ecopia_vrf\/AppJava\/views\/verificacioDocuments.xhtml?set-locale=ca_ES\" target=\"_blank\" rel=\"noreferrer noopener\"><em>Seu Electr\u00f2nica<\/em>\u00a0de la Generalitat de Catalunya > Verificaci\u00f3 de documents > Servei de verificaci\u00f3 de documents mitjan\u00e7ant un CSV<\/a>\u00a0<\/p>\n\n\n\n<p><\/p>\n","protected":false},"excerpt":{"rendered":"<p>\u00a0 Per poder sol\u00b7licitar el certificat o la documentaci\u00f3 acad\u00e8mica que us sigui necessari haureu d\u2019emplenar un formulari, tot indicant el certificat sol\u00b7licitat i adjuntant la documentaci\u00f3 que es demana. Els certificats s\u2019entreguen en un termini aproximat de 2 \u2013 3 dies des del moment en qu\u00e8 rebem la sol\u00b7licitud i comprovem l\u2019expedient de la [&hellip;]<\/p>\n","protected":false},"author":1,"featured_media":0,"parent":81,"menu_order":10,"comment_status":"closed","ping_status":"closed","template":"","meta":{"_bbp_topic_count":0,"_bbp_reply_count":0,"_bbp_total_topic_count":0,"_bbp_total_reply_count":0,"_bbp_voice_count":0,"_bbp_anonymous_reply_count":0,"_bbp_topic_count_hidden":0,"_bbp_reply_count_hidden":0,"_bbp_forum_subforum_count":0,"site-sidebar-layout":"default","site-content-layout":"","ast-site-content-layout":"default","site-content-style":"default","site-sidebar-style":"default","ast-global-header-display":"","ast-banner-title-visibility":"","ast-main-header-display":"","ast-hfb-above-header-display":"","ast-hfb-below-header-display":"","ast-hfb-mobile-header-display":"","site-post-title":"","ast-breadcrumbs-content":"","ast-featured-img":"","footer-sml-layout":"","theme-transparent-header-meta":"","adv-header-id-meta":"","stick-header-meta":"","header-above-stick-meta":"","header-main-stick-meta":"","header-below-stick-meta":"","astra-migrate-meta-layouts":"set","ast-page-background-enabled":"default","ast-page-background-meta":{"desktop":{"background-color":"var(--ast-global-color-4)","background-image":"","background-repeat":"repeat","background-position":"center center","background-size":"auto","background-attachment":"scroll","background-type":"","background-media":"","overlay-type":"","overlay-color":"","overlay-opacity":"","overlay-gradient":""},"tablet":{"background-color":"","background-image":"","background-repeat":"repeat","background-position":"center center","background-size":"auto","background-attachment":"scroll","background-type":"","background-media":"","overlay-type":"","overlay-color":"","overlay-opacity":"","overlay-gradient":""},"mobile":{"background-color":"","background-image":"","background-repeat":"repeat","background-position":"center center","background-size":"auto","background-attachment":"scroll","background-type":"","background-media":"","overlay-type":"","overlay-color":"","overlay-opacity":"","overlay-gradient":""}},"ast-content-background-meta":{"desktop":{"background-color":"var(--ast-global-color-5)","background-image":"","background-repeat":"repeat","background-position":"center center","background-size":"auto","background-attachment":"scroll","background-type":"","background-media":"","overlay-type":"","overlay-color":"","overlay-opacity":"","overlay-gradient":""},"tablet":{"background-color":"var(--ast-global-color-5)","background-image":"","background-repeat":"repeat","background-position":"center center","background-size":"auto","background-attachment":"scroll","background-type":"","background-media":"","overlay-type":"","overlay-color":"","overlay-opacity":"","overlay-gradient":""},"mobile":{"background-color":"var(--ast-global-color-5)","background-image":"","background-repeat":"repeat","background-position":"center center","background-size":"auto","background-attachment":"scroll","background-type":"","background-media":"","overlay-type":"","overlay-color":"","overlay-opacity":"","overlay-gradient":""}},"footnotes":""},"class_list":["post-531","page","type-page","status-publish","hentry"],"post_mailing_queue_ids":[],"_links":{"self":[{"href":"https:\/\/agora.xtec.cat\/insjoanguinjoan\/wp-json\/wp\/v2\/pages\/531","targetHints":{"allow":["GET"]}}],"collection":[{"href":"https:\/\/agora.xtec.cat\/insjoanguinjoan\/wp-json\/wp\/v2\/pages"}],"about":[{"href":"https:\/\/agora.xtec.cat\/insjoanguinjoan\/wp-json\/wp\/v2\/types\/page"}],"author":[{"embeddable":true,"href":"https:\/\/agora.xtec.cat\/insjoanguinjoan\/wp-json\/wp\/v2\/users\/1"}],"replies":[{"embeddable":true,"href":"https:\/\/agora.xtec.cat\/insjoanguinjoan\/wp-json\/wp\/v2\/comments?post=531"}],"version-history":[{"count":6,"href":"https:\/\/agora.xtec.cat\/insjoanguinjoan\/wp-json\/wp\/v2\/pages\/531\/revisions"}],"predecessor-version":[{"id":10854,"href":"https:\/\/agora.xtec.cat\/insjoanguinjoan\/wp-json\/wp\/v2\/pages\/531\/revisions\/10854"}],"up":[{"embeddable":true,"href":"https:\/\/agora.xtec.cat\/insjoanguinjoan\/wp-json\/wp\/v2\/pages\/81"}],"wp:attachment":[{"href":"https:\/\/agora.xtec.cat\/insjoanguinjoan\/wp-json\/wp\/v2\/media?parent=531"}],"curies":[{"name":"wp","href":"https:\/\/api.w.org\/{rel}","templated":true}]}}