{"id":511,"date":"2016-07-01T11:52:34","date_gmt":"2016-07-01T10:52:34","guid":{"rendered":"http:\/\/agora.xtec.cat\/insjoanguinjoan\/?page_id=511"},"modified":"2025-10-17T09:05:56","modified_gmt":"2025-10-17T07:05:56","slug":"4t-eso","status":"publish","type":"page","link":"https:\/\/agora.xtec.cat\/insjoanguinjoan\/estudis\/eso\/4t-eso\/","title":{"rendered":"4t ESO"},"content":{"rendered":"<table style=\"border-collapse: collapse; width: 100%;\">\n<tbody>\n<tr>\n<td style=\"width: 20%;\" colspan=\"5\">\n<h1 style=\"text-align: center;\"><span style=\"color: #ff6600;\"><strong>HORARI CURS 2025-26<\/strong><\/span><\/h1>\n<\/td>\n<\/tr>\n<tr>\n<td style=\"width: 20%; text-align: center;\">\n<h2><a href=\"https:\/\/agora.xtec.cat\/insjoanguinjoan\/wp-content\/uploads\/usu1332\/2025\/09\/Grup-Guardia_ESO4AO.pdf\">4t ESO Aula Oberta<\/a><\/h2>\n<\/td>\n<td style=\"width: 20%; text-align: center;\">\n<h2 style=\"text-align: center;\"><a href=\"https:\/\/agora.xtec.cat\/insjoanguinjoan\/wp-content\/uploads\/usu1332\/2025\/09\/horaris-4-ESO-1.pdf\">4t ESO A<\/a><\/h2>\n<\/td>\n<td style=\"width: 20%; text-align: center;\">\n<h2 style=\"text-align: center;\"><a href=\"https:\/\/agora.xtec.cat\/insjoanguinjoan\/wp-content\/uploads\/usu1332\/2025\/09\/horaris-4-ESO-3.pdf\">4t ESO B<\/a><\/h2>\n<\/td>\n<td style=\"width: 20%; text-align: center;\">\n<h2><a href=\"https:\/\/agora.xtec.cat\/insjoanguinjoan\/wp-content\/uploads\/usu1332\/2025\/09\/horaris-4-ESO-4.pdf\">4t ESO C<\/a><\/h2>\n<\/td>\n<td style=\"width: 20%; text-align: center;\">\n<h2><a href=\"https:\/\/agora.xtec.cat\/insjoanguinjoan\/wp-content\/uploads\/usu1332\/2025\/09\/horaris-4-ESO-5.pdf\">4t ESO D<\/a><\/h2>\n<\/td>\n<\/tr>\n<\/tbody>\n<\/table>\n<p>&nbsp;<\/p>\n<h2 style=\"text-align: center;\"><a href=\"https:\/\/agora.xtec.cat\/insjoanguinjoan\/wp-content\/uploads\/usu1332\/2025\/06\/Llibres-4t-ESO.docx-2.pdf\">Llibres 4t ESO<\/a><\/h2>\n<h1><a href=\"https:\/\/agora.xtec.cat\/insjoanguinjoan\/wp-content\/uploads\/usu1332\/2021\/04\/Que\u0300-faig-en-acabar-lESO.pdf\">Que\u0300 faig en acabar l&#8217;ESO<\/a><\/h1>\n<h1><a href=\"https:\/\/drive.google.com\/a\/xtec.cat\/file\/d\/1VdjN-FVJNK0-yTnsEtzZFOOcoRQRMEX_\/view?usp=drive_web\" target=\"_blank\" rel=\"noopener noreferrer\" data-saferedirecturl=\"https:\/\/www.google.com\/url?q=https:\/\/drive.google.com\/a\/xtec.cat\/file\/d\/1VdjN-FVJNK0-yTnsEtzZFOOcoRQRMEX_\/view?usp%3Ddrive_web&amp;source=gmail&amp;ust=1589448117478000&amp;usg=AFQjCNG87-VbSM-hy-43RxEX-bp8NijiaQ\"><span dir=\"ltr\">Apunta&#8217;t a Batxillerat<\/span><\/a><\/h1>\n<p>&nbsp;<\/p>\n<table>\n<tbody>\n<tr>\n<td style=\"width: 841.714px;\"><a href=\"https:\/\/triaeducativa.gencat.cat\/ca\/inici\/\"><img loading=\"lazy\" decoding=\"async\" class=\"alignnone size-large wp-image-5456\" src=\"https:\/\/agora.xtec.cat\/insjoanguinjoan\/wp-content\/uploads\/usu1332\/2021\/04\/image-1-1024x397.png\" alt=\"\" width=\"1024\" height=\"397\" srcset=\"https:\/\/agora.xtec.cat\/insjoanguinjoan\/wp-content\/uploads\/usu1332\/2021\/04\/image-1-1024x397.png 1024w, https:\/\/agora.xtec.cat\/insjoanguinjoan\/wp-content\/uploads\/usu1332\/2021\/04\/image-1-300x116.png 300w, https:\/\/agora.xtec.cat\/insjoanguinjoan\/wp-content\/uploads\/usu1332\/2021\/04\/image-1-768x298.png 768w, https:\/\/agora.xtec.cat\/insjoanguinjoan\/wp-content\/uploads\/usu1332\/2021\/04\/image-1.png 1260w\" sizes=\"auto, (max-width: 1024px) 100vw, 1024px\" \/><\/a><\/td>\n<td style=\"width: 223.714px;\">Nou web tem\u00e0tic del Departament d&#8217;Educaci\u00f3\u00a0<a href=\"https:\/\/triaeducativa.gencat.cat\/ca\/inici\/\" target=\"_blank\" rel=\"noopener noreferrer\" data-saferedirecturl=\"https:\/\/www.google.com\/url?q=https:\/\/triaeducativa.gencat.cat\/ca\/inici\/&amp;source=gmail&amp;ust=1618827653225000&amp;usg=AFQjCNHdYlGRJz5if9a89QVt5H6GPtXfrQ\">triaeducativa.<wbr \/>gencat.cat<\/a>\u00a0amb un objectiu principal: oferir informaci\u00f3 de qualitat i actualitzada als nois i noies que acaben l&#8217;ESO i han de decidir quina formaci\u00f3 s&#8217;ajusta m\u00e9s als seus interessos i a la posterior sortida laboral. Us animem a con\u00e8ixer-lo.<\/td>\n<\/tr>\n<\/tbody>\n<\/table>\n<p>&nbsp;<\/p>\n<p>&nbsp;<\/p>\n<p>&nbsp;<\/p>\n<p>&nbsp;<\/p>\n","protected":false},"excerpt":{"rendered":"<p>HORARI CURS 2025-26 4t ESO Aula Oberta 4t ESO A 4t ESO B 4t ESO C 4t ESO D &nbsp; Llibres 4t ESO Que\u0300 faig en acabar l&#8217;ESO Apunta&#8217;t a Batxillerat &nbsp; Nou web tem\u00e0tic del Departament d&#8217;Educaci\u00f3\u00a0triaeducativa.gencat.cat\u00a0amb un objectiu principal: oferir informaci\u00f3 de qualitat i actualitzada als nois i noies que acaben l&#8217;ESO i [&hellip;]<\/p>\n","protected":false},"author":1,"featured_media":0,"parent":446,"menu_order":40,"comment_status":"closed","ping_status":"closed","template":"page-templates\/side-menu.php","meta":{"_bbp_topic_count":0,"_bbp_reply_count":0,"_bbp_total_topic_count":0,"_bbp_total_reply_count":0,"_bbp_voice_count":0,"_bbp_anonymous_reply_count":0,"_bbp_topic_count_hidden":0,"_bbp_reply_count_hidden":0,"_bbp_forum_subforum_count":0,"site-sidebar-layout":"default","site-content-layout":"","ast-site-content-layout":"","site-content-style":"default","site-sidebar-style":"default","ast-global-header-display":"","ast-banner-title-visibility":"","ast-main-header-display":"","ast-hfb-above-header-display":"","ast-hfb-below-header-display":"","ast-hfb-mobile-header-display":"","site-post-title":"","ast-breadcrumbs-content":"","ast-featured-img":"","footer-sml-layout":"","theme-transparent-header-meta":"","adv-header-id-meta":"","stick-header-meta":"","header-above-stick-meta":"","header-main-stick-meta":"","header-below-stick-meta":"","astra-migrate-meta-layouts":"default","ast-page-background-enabled":"default","ast-page-background-meta":{"desktop":{"background-color":"var(--ast-global-color-4)","background-image":"","background-repeat":"repeat","background-position":"center center","background-size":"auto","background-attachment":"scroll","background-type":"","background-media":"","overlay-type":"","overlay-color":"","overlay-opacity":"","overlay-gradient":""},"tablet":{"background-color":"","background-image":"","background-repeat":"repeat","background-position":"center center","background-size":"auto","background-attachment":"scroll","background-type":"","background-media":"","overlay-type":"","overlay-color":"","overlay-opacity":"","overlay-gradient":""},"mobile":{"background-color":"","background-image":"","background-repeat":"repeat","background-position":"center center","background-size":"auto","background-attachment":"scroll","background-type":"","background-media":"","overlay-type":"","overlay-color":"","overlay-opacity":"","overlay-gradient":""}},"ast-content-background-meta":{"desktop":{"background-color":"var(--ast-global-color-5)","background-image":"","background-repeat":"repeat","background-position":"center center","background-size":"auto","background-attachment":"scroll","background-type":"","background-media":"","overlay-type":"","overlay-color":"","overlay-opacity":"","overlay-gradient":""},"tablet":{"background-color":"var(--ast-global-color-5)","background-image":"","background-repeat":"repeat","background-position":"center center","background-size":"auto","background-attachment":"scroll","background-type":"","background-media":"","overlay-type":"","overlay-color":"","overlay-opacity":"","overlay-gradient":""},"mobile":{"background-color":"var(--ast-global-color-5)","background-image":"","background-repeat":"repeat","background-position":"center center","background-size":"auto","background-attachment":"scroll","background-type":"","background-media":"","overlay-type":"","overlay-color":"","overlay-opacity":"","overlay-gradient":""}},"footnotes":""},"class_list":["post-511","page","type-page","status-publish","hentry"],"post_mailing_queue_ids":[],"_links":{"self":[{"href":"https:\/\/agora.xtec.cat\/insjoanguinjoan\/wp-json\/wp\/v2\/pages\/511","targetHints":{"allow":["GET"]}}],"collection":[{"href":"https:\/\/agora.xtec.cat\/insjoanguinjoan\/wp-json\/wp\/v2\/pages"}],"about":[{"href":"https:\/\/agora.xtec.cat\/insjoanguinjoan\/wp-json\/wp\/v2\/types\/page"}],"author":[{"embeddable":true,"href":"https:\/\/agora.xtec.cat\/insjoanguinjoan\/wp-json\/wp\/v2\/users\/1"}],"replies":[{"embeddable":true,"href":"https:\/\/agora.xtec.cat\/insjoanguinjoan\/wp-json\/wp\/v2\/comments?post=511"}],"version-history":[{"count":7,"href":"https:\/\/agora.xtec.cat\/insjoanguinjoan\/wp-json\/wp\/v2\/pages\/511\/revisions"}],"predecessor-version":[{"id":10148,"href":"https:\/\/agora.xtec.cat\/insjoanguinjoan\/wp-json\/wp\/v2\/pages\/511\/revisions\/10148"}],"up":[{"embeddable":true,"href":"https:\/\/agora.xtec.cat\/insjoanguinjoan\/wp-json\/wp\/v2\/pages\/446"}],"wp:attachment":[{"href":"https:\/\/agora.xtec.cat\/insjoanguinjoan\/wp-json\/wp\/v2\/media?parent=511"}],"curies":[{"name":"wp","href":"https:\/\/api.w.org\/{rel}","templated":true}]}}