{"id":500,"date":"2016-07-01T11:37:43","date_gmt":"2016-07-01T10:37:43","guid":{"rendered":"http:\/\/agora.xtec.cat\/insjoanguinjoan\/?page_id=500"},"modified":"2025-10-09T08:12:39","modified_gmt":"2025-10-09T06:12:39","slug":"mediacio","status":"publish","type":"page","link":"https:\/\/agora.xtec.cat\/insjoanguinjoan\/serveis\/mediacio\/","title":{"rendered":"Mediaci\u00f3"},"content":{"rendered":"<table style=\"border-collapse: collapse; width: 100%;\">\n<tbody>\n<tr>\n<td style=\"width: 100%;\">Correu de contacte: <a href=\"mailto:mediacio@insjoanguinjoan.cat\" target=\"_blank\" rel=\"noopener\">mediacio@insjoanguinjoan.cat<\/a><\/td>\n<\/tr>\n<\/tbody>\n<\/table>\n<h3>Qu\u00e8 \u00e9s la mediaci\u00f3 ?<\/h3>\n<p>La mediaci\u00f3 \u00e9s un proc\u00e9s pel qual dues persones que tenen un conflicte tracten de resoldre\u2019l de forma conjunta, amb l\u2019ajuda de la mediadora, que s\u2019ha preparat per ajudar-les a trobar una soluci\u00f3 m\u00fatuament acceptada.<\/p>\n<p>\u00c9s un proc\u00e9s voluntari, en el qual la soluci\u00f3 la determinen, de com\u00fa acord, les persones que hi intervenen.<\/p>\n<p>\u00c9s un proc\u00e9s confidencial. Res del que es tracta es comenta fora de les sessions de mediaci\u00f3.<\/p>\n<p>\u00c9s un proc\u00e9s efica\u00e7. L\u2019experi\u00e8ncia pr\u00f2pia i d\u2019altres centres ens diu que el compliment de l\u2019acord \u00e9s superior al d\u2019altres vies de soluci\u00f3.<\/p>\n<p>\u00c9s una manera pac\u00edfica de resoldre conflictes.<\/p>\n<p>\u00c9s un proc\u00e9s educatiu. Ens ajuda a aprendre a col\u00b7laborar amb l\u2019altre per superar les nostres dificultats, a no utilitzar la viol\u00e8ncia, a respectar els interessos i necessitats dels altres, a fer-nos responsables de la nostra pr\u00f2pia situaci\u00f3, a buscar solucions per nosaltres mateixos, a anticipar les conseq\u00fc\u00e8ncies dels nostres actes, a ser m\u00e9s aut\u00f2noms.<\/p>\n<h3>Hi ha condicions per demanar-la?<\/h3>\n<p>Hi ha unes condicions b\u00e0siques i imprescindibles que s\u2019han de complir:<br \/>\n\u2013 Voler solucionar el problema i estar disposat a col\u00b7laborar amb l\u2019altra part.<br \/>\n\u2013 Estar disposat a dir la veritat.<br \/>\n\u2013 Respectar-se m\u00fatuament.<br \/>\n\u2013 Mantenir la confidencialitat.<\/p>\n<p>No est\u00e0 perm\u00e8s faltar al respecte, ni cridar, ni agredir.<\/p>\n<h4><\/h4>\n<h3>Qu\u00e8 s\u2019ha de fer per demanar el Servei de Mediaci\u00f3?<\/h3>\n<p>1. El tutor o la tutora detecta el cas i en fa la demanda a la mediadora del centre (S\u00f2nia Parra).<\/p>\n<p>2. Un alumne o una alumna detecta el cas, ho comunica directament al tutor o la tutora i en fan la demanda si ho consideren.<\/p>\n<p>3. Des de coordinaci\u00f3\/direcci\u00f3 es detecta el cas i es fa demanda.<\/p>\n<p>4. De manera confidencial l&#8217;alumne o l&#8217;alumna en q\u00fcesti\u00f3 fa demanda directament a la mediadora a trav\u00e9s del correu\u00a0 <a href=\"mailto:mediacio@insjoanguinjoan.cat\" target=\"_blank\" rel=\"noopener\">mediacio@insjoanguinjoan.cat<\/a><\/p>\n<p>Despr\u00e9s de fer la demanda, es valorar\u00e0 si el cas \u00e9s apropiat per a una mediaci\u00f3. Si \u00e9s aix\u00ed, es determinar\u00e0 la data i l\u2019hora del la primera sessi\u00f3.<\/p>\n<h3>Quins passos segueix la mediaci\u00f3?<\/h3>\n<ol>\n<li><span style=\"font-size: small;\">Les parts involucrades en el conflicte expliquen, primer una i despr\u00e9s l\u2019altra, qu\u00e8 ha passat, com s\u2019han sentit i qu\u00e8 necessiten.<\/span><\/li>\n<li><span style=\"font-size: small;\">En cas d&#8217;acceptar les dues parts en fer la mediaci\u00f3, s\u2019escolten m\u00fatuament, proposen solucions i s\u2019avaluen les propostes de soluci\u00f3.<\/span><\/li>\n<li><span style=\"font-size: small;\">S\u2019acorden solucions satisfact\u00f2ries i justes per les dues bandes.<\/span><\/li>\n<li><span style=\"font-size: small;\">Es fa un seguiment dels acords.<\/span><\/li>\n<\/ol>\n<h3>Quins conflictes tracta la mediaci\u00f3?<\/h3>\n<p>Es tracten la majoria de conflictes de relaci\u00f3 entre alumnes:<\/p>\n<p>&#8211; Fer c\u00f3rrer rumors negatius, insults, renoms, amenaces, males relacions, baralles, discussions.<br \/>\n&#8211; Amistats o relacions deteriorades entre companys.<br \/>\n&#8211; Persones que molesten o falten al respecte.<br \/>\n&#8211; Situacions que desagraden o que semblen injustes.<br \/>\n&#8211; Totes aquelles faltes que no s\u00f3n considerades molt greus pel reglament de r\u00e8gim intern.<\/p>\n","protected":false},"excerpt":{"rendered":"<p>Correu de contacte: mediacio@insjoanguinjoan.cat Qu\u00e8 \u00e9s la mediaci\u00f3 ? La mediaci\u00f3 \u00e9s un proc\u00e9s pel qual dues persones que tenen un conflicte tracten de resoldre\u2019l de forma conjunta, amb l\u2019ajuda de la mediadora, que s\u2019ha preparat per ajudar-les a trobar una soluci\u00f3 m\u00fatuament acceptada. \u00c9s un proc\u00e9s voluntari, en el qual la soluci\u00f3 la determinen, [&hellip;]<\/p>\n","protected":false},"author":1,"featured_media":0,"parent":63,"menu_order":60,"comment_status":"closed","ping_status":"closed","template":"page-templates\/side-menu.php","meta":{"_bbp_topic_count":0,"_bbp_reply_count":0,"_bbp_total_topic_count":0,"_bbp_total_reply_count":0,"_bbp_voice_count":0,"_bbp_anonymous_reply_count":0,"_bbp_topic_count_hidden":0,"_bbp_reply_count_hidden":0,"_bbp_forum_subforum_count":0,"site-sidebar-layout":"default","site-content-layout":"","ast-site-content-layout":"","site-content-style":"default","site-sidebar-style":"default","ast-global-header-display":"","ast-banner-title-visibility":"","ast-main-header-display":"","ast-hfb-above-header-display":"","ast-hfb-below-header-display":"","ast-hfb-mobile-header-display":"","site-post-title":"","ast-breadcrumbs-content":"","ast-featured-img":"","footer-sml-layout":"","theme-transparent-header-meta":"","adv-header-id-meta":"","stick-header-meta":"","header-above-stick-meta":"","header-main-stick-meta":"","header-below-stick-meta":"","astra-migrate-meta-layouts":"default","ast-page-background-enabled":"default","ast-page-background-meta":{"desktop":{"background-color":"var(--ast-global-color-4)","background-image":"","background-repeat":"repeat","background-position":"center center","background-size":"auto","background-attachment":"scroll","background-type":"","background-media":"","overlay-type":"","overlay-color":"","overlay-opacity":"","overlay-gradient":""},"tablet":{"background-color":"","background-image":"","background-repeat":"repeat","background-position":"center center","background-size":"auto","background-attachment":"scroll","background-type":"","background-media":"","overlay-type":"","overlay-color":"","overlay-opacity":"","overlay-gradient":""},"mobile":{"background-color":"","background-image":"","background-repeat":"repeat","background-position":"center center","background-size":"auto","background-attachment":"scroll","background-type":"","background-media":"","overlay-type":"","overlay-color":"","overlay-opacity":"","overlay-gradient":""}},"ast-content-background-meta":{"desktop":{"background-color":"var(--ast-global-color-5)","background-image":"","background-repeat":"repeat","background-position":"center center","background-size":"auto","background-attachment":"scroll","background-type":"","background-media":"","overlay-type":"","overlay-color":"","overlay-opacity":"","overlay-gradient":""},"tablet":{"background-color":"var(--ast-global-color-5)","background-image":"","background-repeat":"repeat","background-position":"center center","background-size":"auto","background-attachment":"scroll","background-type":"","background-media":"","overlay-type":"","overlay-color":"","overlay-opacity":"","overlay-gradient":""},"mobile":{"background-color":"var(--ast-global-color-5)","background-image":"","background-repeat":"repeat","background-position":"center center","background-size":"auto","background-attachment":"scroll","background-type":"","background-media":"","overlay-type":"","overlay-color":"","overlay-opacity":"","overlay-gradient":""}},"footnotes":""},"class_list":["post-500","page","type-page","status-publish","hentry"],"post_mailing_queue_ids":[],"_links":{"self":[{"href":"https:\/\/agora.xtec.cat\/insjoanguinjoan\/wp-json\/wp\/v2\/pages\/500","targetHints":{"allow":["GET"]}}],"collection":[{"href":"https:\/\/agora.xtec.cat\/insjoanguinjoan\/wp-json\/wp\/v2\/pages"}],"about":[{"href":"https:\/\/agora.xtec.cat\/insjoanguinjoan\/wp-json\/wp\/v2\/types\/page"}],"author":[{"embeddable":true,"href":"https:\/\/agora.xtec.cat\/insjoanguinjoan\/wp-json\/wp\/v2\/users\/1"}],"replies":[{"embeddable":true,"href":"https:\/\/agora.xtec.cat\/insjoanguinjoan\/wp-json\/wp\/v2\/comments?post=500"}],"version-history":[{"count":6,"href":"https:\/\/agora.xtec.cat\/insjoanguinjoan\/wp-json\/wp\/v2\/pages\/500\/revisions"}],"predecessor-version":[{"id":10108,"href":"https:\/\/agora.xtec.cat\/insjoanguinjoan\/wp-json\/wp\/v2\/pages\/500\/revisions\/10108"}],"up":[{"embeddable":true,"href":"https:\/\/agora.xtec.cat\/insjoanguinjoan\/wp-json\/wp\/v2\/pages\/63"}],"wp:attachment":[{"href":"https:\/\/agora.xtec.cat\/insjoanguinjoan\/wp-json\/wp\/v2\/media?parent=500"}],"curies":[{"name":"wp","href":"https:\/\/api.w.org\/{rel}","templated":true}]}}