{"id":496,"date":"2016-07-01T11:36:50","date_gmt":"2016-07-01T10:36:50","guid":{"rendered":"http:\/\/agora.xtec.cat\/insjoanguinjoan\/?page_id=496"},"modified":"2022-10-27T09:45:19","modified_gmt":"2022-10-27T07:45:19","slug":"pla-lector","status":"publish","type":"page","link":"https:\/\/agora.xtec.cat\/insjoanguinjoan\/projecte-educatiu\/pla-lector\/","title":{"rendered":"Pla Lector"},"content":{"rendered":"<p style=\"text-align: center;\">\n<table class=\" aligncenter\" style=\"width: 805px;\">\n<tbody>\n<tr>\n<td style=\"width: 354px;\">\n<h4 style=\"text-align: center;\"><span style=\"color: #993366;\"><strong>Llegir \u00e9s viure molt m\u00e9s i molt millor!<\/strong><\/span><\/h4>\n<h4 style=\"text-align: center;\"><span style=\"color: #993366;\"><strong>Llegir no omple el meu temps, llegir omple i afegeix valor a la meva vida.<\/strong><\/span><\/h4>\n<h4 style=\"text-align: center;\"><span style=\"color: #993366;\"><strong>Emili Teixidor<\/strong><\/span><\/h4>\n<\/td>\n<td style=\"width: 446px;\">\u00a0<a href=\"http:\/\/agora.xtec.cat\/insjoanguinjoan\/wp-content\/uploads\/usu1332\/2016\/07\/PICASO.png\"><img loading=\"lazy\" decoding=\"async\" class=\"size-full wp-image-1625 aligncenter\" src=\"http:\/\/agora.xtec.cat\/insjoanguinjoan\/wp-content\/uploads\/usu1332\/2016\/07\/PICASO.png\" alt=\"picaso\" width=\"306\" height=\"394\" srcset=\"https:\/\/agora.xtec.cat\/insjoanguinjoan\/wp-content\/uploads\/usu1332\/2016\/07\/PICASO.png 306w, https:\/\/agora.xtec.cat\/insjoanguinjoan\/wp-content\/uploads\/usu1332\/2016\/07\/PICASO-233x300.png 233w\" sizes=\"auto, (max-width: 306px) 100vw, 306px\" \/><\/a><\/td>\n<\/tr>\n<tr>\n<td style=\"width: 354px;\">\u00a0<a href=\"http:\/\/agora.xtec.cat\/insjoanguinjoan\/wp-content\/uploads\/usu1332\/2016\/07\/noia.png\"><img loading=\"lazy\" decoding=\"async\" class=\"size-full wp-image-1631 aligncenter\" src=\"http:\/\/agora.xtec.cat\/insjoanguinjoan\/wp-content\/uploads\/usu1332\/2016\/07\/noia.png\" alt=\"noia\" width=\"201\" height=\"251\" \/><\/a><\/td>\n<td style=\"width: 446px;\">\n<h4 style=\"text-align: center;\"><span style=\"color: #0000ff;\"><strong>Un llibre obert \u00e9s un cervell que parla; tancat, un amic que espera; oblidat, una \u00e0nima que perdona; destru\u00eft, un cor que plora.<\/strong><\/span><\/h4>\n<h4 style=\"text-align: center;\"><span style=\"color: #0000ff;\"><strong>(Proverbi hind\u00fa)<\/strong><\/span><\/h4>\n<\/td>\n<\/tr>\n<tr>\n<td style=\"width: 354px;\">\n<h4 style=\"text-align: center;\"><span style=\"color: #ff9900;\"><strong>Un lector es construeix en un proc\u00e9s llargu\u00edssim que comen\u00e7a molt prest i no s<\/strong><strong>\u2019<\/strong><strong>acaba mai&#8230; ning\u00fa neix lector&#8230;<\/strong><\/span><\/h4>\n<h4 style=\"text-align: center;\"><span style=\"color: #ff9900;\"><strong>\u00a0<\/strong><strong>Gabriel Janer Manila<\/strong><\/span><\/h4>\n<\/td>\n<td style=\"width: 446px;\">\u00a0<a href=\"http:\/\/agora.xtec.cat\/insjoanguinjoan\/wp-content\/uploads\/usu1332\/2016\/07\/llibre.png\"><img loading=\"lazy\" decoding=\"async\" class=\"size-full wp-image-1632 aligncenter\" src=\"http:\/\/agora.xtec.cat\/insjoanguinjoan\/wp-content\/uploads\/usu1332\/2016\/07\/llibre.png\" alt=\"llibre\" width=\"226\" height=\"223\" \/><\/a><\/td>\n<\/tr>\n<tr>\n<td style=\"width: 354px;\">\u00a0<img loading=\"lazy\" decoding=\"async\" class=\"alignnone size-large wp-image-1626\" src=\"http:\/\/agora.xtec.cat\/insjoanguinjoan\/wp-content\/uploads\/usu1332\/2016\/07\/DRETS-LECTOR-768x1024.png\" alt=\"drets-lector\" width=\"768\" height=\"1024\" srcset=\"https:\/\/agora.xtec.cat\/insjoanguinjoan\/wp-content\/uploads\/usu1332\/2016\/07\/DRETS-LECTOR-768x1024.png 768w, https:\/\/agora.xtec.cat\/insjoanguinjoan\/wp-content\/uploads\/usu1332\/2016\/07\/DRETS-LECTOR-225x300.png 225w, https:\/\/agora.xtec.cat\/insjoanguinjoan\/wp-content\/uploads\/usu1332\/2016\/07\/DRETS-LECTOR.png 1200w\" sizes=\"auto, (max-width: 768px) 100vw, 768px\" \/><\/td>\n<td style=\"width: 446px;\">\u00a0<a href=\"http:\/\/agora.xtec.cat\/insjoanguinjoan\/wp-content\/uploads\/usu1332\/2016\/07\/PENNAC.png\"><img loading=\"lazy\" decoding=\"async\" class=\"alignnone size-full wp-image-1627\" src=\"http:\/\/agora.xtec.cat\/insjoanguinjoan\/wp-content\/uploads\/usu1332\/2016\/07\/PENNAC.png\" alt=\"pennac\" width=\"500\" height=\"220\" srcset=\"https:\/\/agora.xtec.cat\/insjoanguinjoan\/wp-content\/uploads\/usu1332\/2016\/07\/PENNAC.png 500w, https:\/\/agora.xtec.cat\/insjoanguinjoan\/wp-content\/uploads\/usu1332\/2016\/07\/PENNAC-300x132.png 300w\" sizes=\"auto, (max-width: 500px) 100vw, 500px\" \/><\/a><\/td>\n<\/tr>\n<\/tbody>\n<\/table>\n<h2 style=\"text-align: center;\"><span style=\"color: #800080;\">Enlla\u00e7os: <\/span>\u00a0 \u00a0<strong><span style=\"color: #808080;\"><a style=\"color: #808080;\" href=\"http:\/\/agora.xtec.cat\/insjoanguinjoan\/wp-content\/uploads\/usu1332\/2016\/07\/El-Pla-de-Lectura-de-Centre.pdf\" rel=\"\">El Pla de Lectura de Centre<\/a><\/span><\/strong><\/h2>\n<h2 style=\"text-align: center;\"><span style=\"color: #ff00ff;\"><a style=\"color: #ff00ff;\" href=\"http:\/\/www20.gencat.cat\/portal\/site\/familiaescola\/menuitem.5b21aabe12191ad9aacf3010b0c0e1a0\/?vgnextoid=a063ede29681f310VgnVCM2000009b0c1e0aRCRD&amp;vgnextchannel=a063ede29681f310VgnVCM2000009b0c1e0aRCRD&amp;vgnextfmt=default\">Fam\u00edlia i escola<\/a><\/span><\/h2>\n<p>&nbsp;<\/p>\n<p>&nbsp;<\/p>\n<p><strong>MARC LEGAL<\/strong><\/p>\n<p><strong>DECRET 143\/2007<\/strong>, de 26 de juny, pel qual s\u2019estableixen l\u2019ordenaci\u00f3 dels ensenyaments de l\u2019Educaci\u00f3 Secund\u00e0ria Obligat\u00f2ria.<\/p>\n<p><strong>article 7.5<\/strong><\/p>\n<p>Els centres fomentaran la lectura en totes les mat\u00e8ries, com a factor b\u00e0sic pel desenvolupament de les compet\u00e8ncies b\u00e0siques i per a l\u2019adquisici\u00f3 dels objectius educatius de l\u2019etapa.<\/p>\n<p><strong>article 8.2<\/strong><\/p>\n<p>En totes les mat\u00e8ries es treballaran la comprensi\u00f3 lectora, l\u2019expressi\u00f3 oral i escrita, la comunicaci\u00f3 audiovisual, les tecnologies de la informaci\u00f3 i la comunicaci\u00f3 i l\u2019educaci\u00f3 en valors.<\/p>\n<p>El curs 2011- 2012 \u00a0l\u2019Institut va entar a formar part de l\u2019ILEC, un programa que neix per potenciar la lectura en tots els \u00e0mbits educatius, i que es basa en tres eixos.<\/p>\n<ul>\n<li>Saber llegir.<\/li>\n<li>Llegir per aprendre.<\/li>\n<li>Gust per llegir.<\/li>\n<\/ul>\n<p>&nbsp;<\/p>\n<table>\n<tbody>\n<tr>\n<td><a href=\"http:\/\/agora.xtec.cat\/insjoanguinjoan\/wp-content\/uploads\/usu1332\/2016\/07\/FOTO-RED.jpg\"><img loading=\"lazy\" decoding=\"async\" class=\"alignnone size-full wp-image-1628\" src=\"http:\/\/agora.xtec.cat\/insjoanguinjoan\/wp-content\/uploads\/usu1332\/2016\/07\/FOTO-RED.jpg\" alt=\"foto-red\" width=\"434\" height=\"336\" srcset=\"https:\/\/agora.xtec.cat\/insjoanguinjoan\/wp-content\/uploads\/usu1332\/2016\/07\/FOTO-RED.jpg 434w, https:\/\/agora.xtec.cat\/insjoanguinjoan\/wp-content\/uploads\/usu1332\/2016\/07\/FOTO-RED-300x232.jpg 300w\" sizes=\"auto, (max-width: 434px) 100vw, 434px\" \/><\/a><\/td>\n<td><a href=\"http:\/\/agora.xtec.cat\/insjoanguinjoan\/wp-content\/uploads\/usu1332\/2016\/07\/TABURET.png\"><img loading=\"lazy\" decoding=\"async\" class=\"alignnone size-full wp-image-1629\" src=\"http:\/\/agora.xtec.cat\/insjoanguinjoan\/wp-content\/uploads\/usu1332\/2016\/07\/TABURET.png\" alt=\"taburet\" width=\"567\" height=\"426\" srcset=\"https:\/\/agora.xtec.cat\/insjoanguinjoan\/wp-content\/uploads\/usu1332\/2016\/07\/TABURET.png 567w, https:\/\/agora.xtec.cat\/insjoanguinjoan\/wp-content\/uploads\/usu1332\/2016\/07\/TABURET-300x225.png 300w, https:\/\/agora.xtec.cat\/insjoanguinjoan\/wp-content\/uploads\/usu1332\/2016\/07\/TABURET-200x150.png 200w\" sizes=\"auto, (max-width: 567px) 100vw, 567px\" \/><\/a><\/td>\n<\/tr>\n<\/tbody>\n<\/table>\n<p>Per desenvolupar el gust per la lectura, l\u2019Institut Joan Guinjoan de Riudoms creu important llegir de manera sistem\u00e0tica i dirigida, per la qual cosa vam iniciar unes activitats de lectura.<\/p>\n<p>Tots els grups d\u2019ESO fan sessions setmanals de lectura. El professorat responsable tamb\u00e9 llegeix i s\u2019encarrega de:<\/p>\n<ul>\n<li>El control i seguiment de les valoracions dels llibres per part dels alumnes a partir d\u2019una fitxa de lectura.<\/li>\n<li>La dinamitzaci\u00f3 de les intervencions orals sobre experi\u00e8ncies i opinions al voltant de la lectura, per part de l\u2019alumnat o del professor responsable.<\/li>\n<\/ul>\n<p>A principi de curs, s\u2019informa\u00a0 les fam\u00edlies sobre l\u2019activitat lectora \u00a0que es dur\u00e0 a terme amb els seus fills.<\/p>\n","protected":false},"excerpt":{"rendered":"<p>Llegir \u00e9s viure molt m\u00e9s i molt millor! Llegir no omple el meu temps, llegir omple i afegeix valor a la meva vida. Emili Teixidor \u00a0 \u00a0 Un llibre obert \u00e9s un cervell que parla; tancat, un amic que espera; oblidat, una \u00e0nima que perdona; destru\u00eft, un cor que plora. (Proverbi hind\u00fa) Un lector es [&hellip;]<\/p>\n","protected":false},"author":1,"featured_media":0,"parent":57,"menu_order":40,"comment_status":"closed","ping_status":"closed","template":"page-templates\/side-menu.php","meta":{"_bbp_topic_count":0,"_bbp_reply_count":0,"_bbp_total_topic_count":0,"_bbp_total_reply_count":0,"_bbp_voice_count":0,"_bbp_anonymous_reply_count":0,"_bbp_topic_count_hidden":0,"_bbp_reply_count_hidden":0,"_bbp_forum_subforum_count":0,"site-sidebar-layout":"default","site-content-layout":"","ast-site-content-layout":"","site-content-style":"default","site-sidebar-style":"default","ast-global-header-display":"","ast-banner-title-visibility":"","ast-main-header-display":"","ast-hfb-above-header-display":"","ast-hfb-below-header-display":"","ast-hfb-mobile-header-display":"","site-post-title":"","ast-breadcrumbs-content":"","ast-featured-img":"","footer-sml-layout":"","theme-transparent-header-meta":"","adv-header-id-meta":"","stick-header-meta":"","header-above-stick-meta":"","header-main-stick-meta":"","header-below-stick-meta":"","astra-migrate-meta-layouts":"default","ast-page-background-enabled":"default","ast-page-background-meta":{"desktop":{"background-color":"var(--ast-global-color-4)","background-image":"","background-repeat":"repeat","background-position":"center center","background-size":"auto","background-attachment":"scroll","background-type":"","background-media":"","overlay-type":"","overlay-color":"","overlay-opacity":"","overlay-gradient":""},"tablet":{"background-color":"","background-image":"","background-repeat":"repeat","background-position":"center center","background-size":"auto","background-attachment":"scroll","background-type":"","background-media":"","overlay-type":"","overlay-color":"","overlay-opacity":"","overlay-gradient":""},"mobile":{"background-color":"","background-image":"","background-repeat":"repeat","background-position":"center center","background-size":"auto","background-attachment":"scroll","background-type":"","background-media":"","overlay-type":"","overlay-color":"","overlay-opacity":"","overlay-gradient":""}},"ast-content-background-meta":{"desktop":{"background-color":"var(--ast-global-color-5)","background-image":"","background-repeat":"repeat","background-position":"center center","background-size":"auto","background-attachment":"scroll","background-type":"","background-media":"","overlay-type":"","overlay-color":"","overlay-opacity":"","overlay-gradient":""},"tablet":{"background-color":"var(--ast-global-color-5)","background-image":"","background-repeat":"repeat","background-position":"center center","background-size":"auto","background-attachment":"scroll","background-type":"","background-media":"","overlay-type":"","overlay-color":"","overlay-opacity":"","overlay-gradient":""},"mobile":{"background-color":"var(--ast-global-color-5)","background-image":"","background-repeat":"repeat","background-position":"center center","background-size":"auto","background-attachment":"scroll","background-type":"","background-media":"","overlay-type":"","overlay-color":"","overlay-opacity":"","overlay-gradient":""}},"footnotes":""},"class_list":["post-496","page","type-page","status-publish","hentry"],"post_mailing_queue_ids":[],"_links":{"self":[{"href":"https:\/\/agora.xtec.cat\/insjoanguinjoan\/wp-json\/wp\/v2\/pages\/496","targetHints":{"allow":["GET"]}}],"collection":[{"href":"https:\/\/agora.xtec.cat\/insjoanguinjoan\/wp-json\/wp\/v2\/pages"}],"about":[{"href":"https:\/\/agora.xtec.cat\/insjoanguinjoan\/wp-json\/wp\/v2\/types\/page"}],"author":[{"embeddable":true,"href":"https:\/\/agora.xtec.cat\/insjoanguinjoan\/wp-json\/wp\/v2\/users\/1"}],"replies":[{"embeddable":true,"href":"https:\/\/agora.xtec.cat\/insjoanguinjoan\/wp-json\/wp\/v2\/comments?post=496"}],"version-history":[{"count":4,"href":"https:\/\/agora.xtec.cat\/insjoanguinjoan\/wp-json\/wp\/v2\/pages\/496\/revisions"}],"predecessor-version":[{"id":7028,"href":"https:\/\/agora.xtec.cat\/insjoanguinjoan\/wp-json\/wp\/v2\/pages\/496\/revisions\/7028"}],"up":[{"embeddable":true,"href":"https:\/\/agora.xtec.cat\/insjoanguinjoan\/wp-json\/wp\/v2\/pages\/57"}],"wp:attachment":[{"href":"https:\/\/agora.xtec.cat\/insjoanguinjoan\/wp-json\/wp\/v2\/media?parent=496"}],"curies":[{"name":"wp","href":"https:\/\/api.w.org\/{rel}","templated":true}]}}