{"id":43,"date":"2014-09-17T16:45:07","date_gmt":"2014-09-17T16:45:07","guid":{"rendered":"http:\/\/agora.xtec.cat\/insjoanguinjoan\/?page_id=43"},"modified":"2024-01-22T10:53:15","modified_gmt":"2024-01-22T09:53:15","slug":"consell-escolar","status":"publish","type":"page","link":"https:\/\/agora.xtec.cat\/insjoanguinjoan\/linstitut\/consell-escolar\/","title":{"rendered":"Consell escolar"},"content":{"rendered":"<p>El Consell Escolar del Centre \u00e9s l&#8217;\u00f2rgan col\u00b7legiat de participaci\u00f3 de la comunitat escolar en el govern del centre. Corresponen al Consell Escolar les funcions establertes a la Llei 12\/2009, de 10 de juliol, d&#8217;Educaci\u00f3.<\/p>\n<h3>Membres del Consell Escolar<\/h3>\n<p>Direcci\u00f3: Ana Bel\u00e9n Arias<\/p>\n<p>Cap d&#8217;Estudis: Eul\u00e0lia Ivern<\/p>\n<p>Secret\u00e0ria: S\u00edlvia Garcia<\/p>\n<p>Sector professorat: Ramon Sanz,\u00a0 Adela Nolla,\u00a0 Laia Valldosera, Gustavo Mas, David Melero, Lara Insa<\/p>\n<p>Sector fam\u00edlies: M\u00f2nica Gavald\u00e0, Anna Robert, S\u00edlvia Prats<\/p>\n<p>Sector alumnes: Mohamed el Oufi, Narc\u00eds Chaparro, Jan Aribau<\/p>\n<p>Representant PAS: \u00c0ngel Garc\u00eda<\/p>\n<p>Representant AMPA: Jordi Maydeu<\/p>\n<p>Representant Ajuntament: Anna Maria Moragas<\/p>\n<p>&nbsp;<\/p>\n<h3>Funcions del consell escolar dels centres p\u00fablics<\/h3>\n<p>a) Aprovar el projecte educatiu i les modificacions corresponents per una majoria de tres cinquenes parts dels membres.<\/p>\n<p>b) Aprovar la programaci\u00f3 general anual del centre i avaluar-ne el desenvolupament i els resultats.<\/p>\n<p>c) Aprovar les propostes d&#8217;acords de coresponsabilitat, convenis i altres acords de collaboraci\u00f3 del centre amb entitats o institucions.<\/p>\n<p>d) Aprovar les normes d&#8217;organitzaci\u00f3 i funcionament i les modificacions corresponents.<\/p>\n<p>e) Aprovar la carta de comprom\u00eds educatiu.<\/p>\n<p>f) Aprovar el pressupost del centre i el rendiment de comptes.<\/p>\n<p>g) Intervenir en el procediment d&#8217;admissi\u00f3 d&#8217;alumnes.<\/p>\n<p>h) Participar en el procediment de selecci\u00f3 i en la proposta de cessament del director o directora.<\/p>\n<p>i) Intervenir en la resoluci\u00f3 dels conflictes i, si escau, revisar les sancions als alumnes.<\/p>\n<p>j) Aprovar les directrius per a la programaci\u00f3 d&#8217;activitats escolars complement\u00e0ries i d&#8217;activitats extraescolars, i avaluar-ne el desenvolupament.<\/p>\n<p>k) Participar en les an\u00e0lisis i les avaluacions del funcionament general del centre i con\u00e8ixer l&#8217;evoluci\u00f3 del rendiment escolar.<\/p>\n<p>l) Aprovar els criteris de collaboraci\u00f3 amb altres centres i amb l&#8217;entorn.<\/p>\n<p>m) Qualsevol altra que li sigui atribu\u00efda per les normes legals o reglament\u00e0ries.<\/p>\n","protected":false},"excerpt":{"rendered":"<p>El Consell Escolar del Centre \u00e9s l&#8217;\u00f2rgan col\u00b7legiat de participaci\u00f3 de la comunitat escolar en el govern del centre. Corresponen al Consell Escolar les funcions establertes a la Llei 12\/2009, de 10 de juliol, d&#8217;Educaci\u00f3. Membres del Consell Escolar Direcci\u00f3: Ana Bel\u00e9n Arias Cap d&#8217;Estudis: Eul\u00e0lia Ivern Secret\u00e0ria: S\u00edlvia Garcia Sector professorat: Ramon Sanz,\u00a0 Adela [&hellip;]<\/p>\n","protected":false},"author":1,"featured_media":0,"parent":19,"menu_order":40,"comment_status":"closed","ping_status":"closed","template":"page-templates\/side-menu.php","meta":{"_bbp_topic_count":0,"_bbp_reply_count":0,"_bbp_total_topic_count":0,"_bbp_total_reply_count":0,"_bbp_voice_count":0,"_bbp_anonymous_reply_count":0,"_bbp_topic_count_hidden":0,"_bbp_reply_count_hidden":0,"_bbp_forum_subforum_count":0,"site-sidebar-layout":"default","site-content-layout":"","ast-site-content-layout":"","site-content-style":"default","site-sidebar-style":"default","ast-global-header-display":"","ast-banner-title-visibility":"","ast-main-header-display":"","ast-hfb-above-header-display":"","ast-hfb-below-header-display":"","ast-hfb-mobile-header-display":"","site-post-title":"","ast-breadcrumbs-content":"","ast-featured-img":"","footer-sml-layout":"","theme-transparent-header-meta":"","adv-header-id-meta":"","stick-header-meta":"","header-above-stick-meta":"","header-main-stick-meta":"","header-below-stick-meta":"","astra-migrate-meta-layouts":"default","ast-page-background-enabled":"default","ast-page-background-meta":{"desktop":{"background-color":"var(--ast-global-color-4)","background-image":"","background-repeat":"repeat","background-position":"center center","background-size":"auto","background-attachment":"scroll","background-type":"","background-media":"","overlay-type":"","overlay-color":"","overlay-opacity":"","overlay-gradient":""},"tablet":{"background-color":"","background-image":"","background-repeat":"repeat","background-position":"center center","background-size":"auto","background-attachment":"scroll","background-type":"","background-media":"","overlay-type":"","overlay-color":"","overlay-opacity":"","overlay-gradient":""},"mobile":{"background-color":"","background-image":"","background-repeat":"repeat","background-position":"center center","background-size":"auto","background-attachment":"scroll","background-type":"","background-media":"","overlay-type":"","overlay-color":"","overlay-opacity":"","overlay-gradient":""}},"ast-content-background-meta":{"desktop":{"background-color":"var(--ast-global-color-5)","background-image":"","background-repeat":"repeat","background-position":"center center","background-size":"auto","background-attachment":"scroll","background-type":"","background-media":"","overlay-type":"","overlay-color":"","overlay-opacity":"","overlay-gradient":""},"tablet":{"background-color":"var(--ast-global-color-5)","background-image":"","background-repeat":"repeat","background-position":"center center","background-size":"auto","background-attachment":"scroll","background-type":"","background-media":"","overlay-type":"","overlay-color":"","overlay-opacity":"","overlay-gradient":""},"mobile":{"background-color":"var(--ast-global-color-5)","background-image":"","background-repeat":"repeat","background-position":"center center","background-size":"auto","background-attachment":"scroll","background-type":"","background-media":"","overlay-type":"","overlay-color":"","overlay-opacity":"","overlay-gradient":""}},"footnotes":""},"class_list":["post-43","page","type-page","status-publish","hentry"],"post_mailing_queue_ids":[],"_links":{"self":[{"href":"https:\/\/agora.xtec.cat\/insjoanguinjoan\/wp-json\/wp\/v2\/pages\/43","targetHints":{"allow":["GET"]}}],"collection":[{"href":"https:\/\/agora.xtec.cat\/insjoanguinjoan\/wp-json\/wp\/v2\/pages"}],"about":[{"href":"https:\/\/agora.xtec.cat\/insjoanguinjoan\/wp-json\/wp\/v2\/types\/page"}],"author":[{"embeddable":true,"href":"https:\/\/agora.xtec.cat\/insjoanguinjoan\/wp-json\/wp\/v2\/users\/1"}],"replies":[{"embeddable":true,"href":"https:\/\/agora.xtec.cat\/insjoanguinjoan\/wp-json\/wp\/v2\/comments?post=43"}],"version-history":[{"count":6,"href":"https:\/\/agora.xtec.cat\/insjoanguinjoan\/wp-json\/wp\/v2\/pages\/43\/revisions"}],"predecessor-version":[{"id":8393,"href":"https:\/\/agora.xtec.cat\/insjoanguinjoan\/wp-json\/wp\/v2\/pages\/43\/revisions\/8393"}],"up":[{"embeddable":true,"href":"https:\/\/agora.xtec.cat\/insjoanguinjoan\/wp-json\/wp\/v2\/pages\/19"}],"wp:attachment":[{"href":"https:\/\/agora.xtec.cat\/insjoanguinjoan\/wp-json\/wp\/v2\/media?parent=43"}],"curies":[{"name":"wp","href":"https:\/\/api.w.org\/{rel}","templated":true}]}}