{"id":2930,"date":"2018-10-23T14:19:38","date_gmt":"2018-10-23T12:19:38","guid":{"rendered":"http:\/\/agora.xtec.cat\/insjoanguinjoan\/?page_id=2930"},"modified":"2019-02-25T10:33:02","modified_gmt":"2019-02-25T09:33:02","slug":"servei-comunitari","status":"publish","type":"page","link":"https:\/\/agora.xtec.cat\/insjoanguinjoan\/projecte-educatiu\/servei-comunitari\/","title":{"rendered":"Servei Comunitari"},"content":{"rendered":"<p><a href=\"https:\/\/agora.xtec.cat\/insjoanguinjoan\/wp-content\/uploads\/usu1332\/2018\/10\/0.png\"><img loading=\"lazy\" decoding=\"async\" class=\"alignnone wp-image-2952\" src=\"https:\/\/agora.xtec.cat\/insjoanguinjoan\/wp-content\/uploads\/usu1332\/2018\/10\/0.png\" alt=\"\" width=\"123\" height=\"133\" srcset=\"https:\/\/agora.xtec.cat\/insjoanguinjoan\/wp-content\/uploads\/usu1332\/2018\/10\/0.png 456w, https:\/\/agora.xtec.cat\/insjoanguinjoan\/wp-content\/uploads\/usu1332\/2018\/10\/0-276x300.png 276w\" sizes=\"auto, (max-width: 123px) 100vw, 123px\" \/><\/a><\/p>\n<h6><em>Servei Comunitari, una acci\u00f3 educativa diferent en el marc curricular\u00a0<\/em><\/h6>\n<p style=\"font-weight: 400;\">A partir d&#8217;aquest curs, el nostre Institut ha posat en marxa el SERVEI COMUNITARI; un projecte que potencia i garanteix que els estudiants, al llarg de la seva etapa educativa, experimentin amb alguna activitat de comprom\u00eds c\u00edvic, entrin en contacte amb la ciutadania i posin els seus coneixements i capacitats al servei de la comunitat.<\/p>\n<p style=\"font-weight: 400;\">El Servei Comunitari formar\u00e0 part de la programaci\u00f3 curricular de la mat\u00e8ria de 3r d&#8217;ESO, vinculada a les \u00e0rees de Cultura i Valors \u00c8tics i Religi\u00f3, i obligat\u00f2ria per a tot l&#8217;alumnat. Comprendr\u00e0 una part de l\u2019aprenentatge, que es dur\u00e0 a terme dins l\u2019horari lectiu (10 hores), i un servei actiu a la comunitat (10 hores m\u00e9s) que es realitzar\u00e0 fora d\u2019aquest horari, segons les necessitats de les entitats amb qu\u00e8 es col\u00b7labori i dels criteris organitzatius del centre.<\/p>\n<p style=\"font-weight: 400;\">Les professores Obd\u00falia Maireles i Sandra Restoy seran les encarregades d&#8217;impulsar i coordinar aquest nou projecte del nostre Institut.<\/p>\n<p>&nbsp;<\/p>\n<p><a href=\"https:\/\/agora.xtec.cat\/insjoanguinjoan\/wp-content\/uploads\/usu1332\/2018\/10\/PROJECTE-DE-SERVEI-COMUNITARI-INSTITUT-JOAN-GUINJOAN-ES-MOU-29_01_2018.docx.pdf\">PROJECTE DE SERVEI COMUNITARI (INSTITUT JOAN GUINJOAN ES MOU)<\/a><\/p>\n<p><a href=\"https:\/\/agora.xtec.cat\/insjoanguinjoan\/wp-content\/uploads\/usu1332\/2018\/10\/SERVEIS-COMUNITARIS.ppt\">SERVEIS COMUNITARIS<\/a><\/p>\n<p>&nbsp;<\/p>\n<table style=\"border-collapse: collapse; width: 100%;\" border=\"1\">\n<tbody>\n<tr>\n<td style=\"width: 100%;\">\n<div><b>Qu\u00e8 \u00e9s el Servei Comunitari?<\/b><\/div>\n<div><\/div>\n<div><\/div>\n<div>El Servei Comunitari \u00e9s un projecte dissenyat des del Departament d&#8217;Ensenyament dins del marc legal que afecta el disseny curricular de l&#8217;etapa de l&#8217;ESO. La primera fase d&#8217;implantaci\u00f3 va ser el curs 2014-2015 a Barcelona. A l&#8217;Institut Joan Guinjoan, l&#8217;hem implantat aquest curs 2018-2019.<\/div>\n<div><\/div>\n<div>El Servei Comunitari no s&#8217;ent\u00e9n com una assignatura sin\u00f3 com un projecte de caire competencial destinat a desenvolupar la compet\u00e8ncia social i ciutadana que marca l&#8217;actual curr\u00edculum d&#8217;Ensenyament.\u00a0 Aquesta compet\u00e8ncia promou l&#8217;actitud cr\u00edtica, el comprom\u00eds, la responsabilitat, la participaci\u00f3, l&#8217;esfor\u00e7, el respecte, el di\u00e0leg i l&#8217;austeritat.<\/div>\n<div><\/div>\n<div>El projecte de Servei Comunitari est\u00e0 estructurat en 10 hores lectives i 10 hores no lectives, on els alumnes hauran d&#8217;invertir el seu temps de lleure en favor d&#8217;altres persones.<\/div>\n<div><\/div>\n<div><\/div>\n<div><b>Com va sorgir la idea d&#8217;iniciar el projecte amb els alumnes de 3r ESO?<\/b><\/div>\n<div><\/div>\n<div><\/div>\n<div>El Servei Comunitari el podem desenvolupar durant els cursos de 3r i 4t de l&#8217;ESO. Nosaltres hem decidit desenvolupar-ho a 3r d&#8217;ESO per tal de poder recuperar el servei a 4t d&#8217;ESO en el cas de que hi hagi alguna circumst\u00e0ncia per la qual el servei no es pugui fer a 3r, ja que \u00e9s un treball\/projecte de caire obligatori i avaluatiu.<\/div>\n<div><\/div>\n<div><\/div>\n<div><b>Amb quines entitats s&#8217;est\u00e0 col\u00b7laborant?<\/b><\/div>\n<div><\/div>\n<div><\/div>\n<div>Actualment estem col\u00b7laborant amb C\u00e0ritas Diocesana de Tarragona, CERAP &#8211; Centre d&#8217;Estudis Riudomencs Arnau de Palomar, L&#8217;Onada, Biblioteques de Riudoms i Montbri\u00f3 del Camp ( a trav\u00e9s dels respectius Ajuntaments) i les diferents escoles de les poblacions de Vinyols i els Arcs, Riudoms i Montbri\u00f3 del Camp.<\/div>\n<div><\/div>\n<div><\/div>\n<div><b>En un futur, el voluntariat tamb\u00e9 ho podr\u00e0 fer en altres cursos?<\/b><\/div>\n<div><\/div>\n<div><\/div>\n<div>En principi est\u00e0 dissenyat per 3r i 4t d&#8217;ESO ja que es t\u00e9 en compte l&#8217;adquisici\u00f3 d&#8217;independ\u00e8ncia de mobilitat i tamb\u00e9 el seu grau de maduresa, tot i que ara mateix no est\u00e0 previst s&#8217;ent\u00e9n que el voluntariat no t\u00e9 edat i que es podria fer extensiu a d&#8217;altres cursos, per\u00f2 no de forma immediata.<\/div>\n<div><\/div>\n<div><\/div>\n<div><\/div>\n<div><b>En quins horaris i dies faran el voluntariat?<\/b><\/div>\n<div><\/div>\n<div><\/div>\n<div>El voluntariat est\u00e0 planificat en per\u00edodes mensuals o trimestrals, ja que els horaris i dies depenen dels treballadors i\/o voluntaris de les diferents entitats i de la disponibilitat dels alumnes, ja que el voluntariat \u00e9s una inversi\u00f3 del temps de lleure de l&#8217;alumne.<\/div>\n<\/td>\n<\/tr>\n<\/tbody>\n<\/table>\n","protected":false},"excerpt":{"rendered":"<p>Servei Comunitari, una acci\u00f3 educativa diferent en el marc curricular\u00a0 A partir d&#8217;aquest curs, el nostre Institut ha posat en marxa el SERVEI COMUNITARI; un projecte que potencia i garanteix que els estudiants, al llarg de la seva etapa educativa, experimentin amb alguna activitat de comprom\u00eds c\u00edvic, entrin en contacte amb la ciutadania i posin [&hellip;]<\/p>\n","protected":false},"author":1,"featured_media":0,"parent":57,"menu_order":50,"comment_status":"closed","ping_status":"closed","template":"page-templates\/side-menu.php","meta":{"_bbp_topic_count":0,"_bbp_reply_count":0,"_bbp_total_topic_count":0,"_bbp_total_reply_count":0,"_bbp_voice_count":0,"_bbp_anonymous_reply_count":0,"_bbp_topic_count_hidden":0,"_bbp_reply_count_hidden":0,"_bbp_forum_subforum_count":0,"site-sidebar-layout":"default","site-content-layout":"","ast-site-content-layout":"","site-content-style":"default","site-sidebar-style":"default","ast-global-header-display":"","ast-banner-title-visibility":"","ast-main-header-display":"","ast-hfb-above-header-display":"","ast-hfb-below-header-display":"","ast-hfb-mobile-header-display":"","site-post-title":"","ast-breadcrumbs-content":"","ast-featured-img":"","footer-sml-layout":"","theme-transparent-header-meta":"","adv-header-id-meta":"","stick-header-meta":"","header-above-stick-meta":"","header-main-stick-meta":"","header-below-stick-meta":"","astra-migrate-meta-layouts":"default","ast-page-background-enabled":"default","ast-page-background-meta":{"desktop":{"background-color":"var(--ast-global-color-4)","background-image":"","background-repeat":"repeat","background-position":"center center","background-size":"auto","background-attachment":"scroll","background-type":"","background-media":"","overlay-type":"","overlay-color":"","overlay-opacity":"","overlay-gradient":""},"tablet":{"background-color":"","background-image":"","background-repeat":"repeat","background-position":"center center","background-size":"auto","background-attachment":"scroll","background-type":"","background-media":"","overlay-type":"","overlay-color":"","overlay-opacity":"","overlay-gradient":""},"mobile":{"background-color":"","background-image":"","background-repeat":"repeat","background-position":"center center","background-size":"auto","background-attachment":"scroll","background-type":"","background-media":"","overlay-type":"","overlay-color":"","overlay-opacity":"","overlay-gradient":""}},"ast-content-background-meta":{"desktop":{"background-color":"var(--ast-global-color-5)","background-image":"","background-repeat":"repeat","background-position":"center center","background-size":"auto","background-attachment":"scroll","background-type":"","background-media":"","overlay-type":"","overlay-color":"","overlay-opacity":"","overlay-gradient":""},"tablet":{"background-color":"var(--ast-global-color-5)","background-image":"","background-repeat":"repeat","background-position":"center center","background-size":"auto","background-attachment":"scroll","background-type":"","background-media":"","overlay-type":"","overlay-color":"","overlay-opacity":"","overlay-gradient":""},"mobile":{"background-color":"var(--ast-global-color-5)","background-image":"","background-repeat":"repeat","background-position":"center center","background-size":"auto","background-attachment":"scroll","background-type":"","background-media":"","overlay-type":"","overlay-color":"","overlay-opacity":"","overlay-gradient":""}},"footnotes":""},"class_list":["post-2930","page","type-page","status-publish","hentry"],"post_mailing_queue_ids":[],"_links":{"self":[{"href":"https:\/\/agora.xtec.cat\/insjoanguinjoan\/wp-json\/wp\/v2\/pages\/2930","targetHints":{"allow":["GET"]}}],"collection":[{"href":"https:\/\/agora.xtec.cat\/insjoanguinjoan\/wp-json\/wp\/v2\/pages"}],"about":[{"href":"https:\/\/agora.xtec.cat\/insjoanguinjoan\/wp-json\/wp\/v2\/types\/page"}],"author":[{"embeddable":true,"href":"https:\/\/agora.xtec.cat\/insjoanguinjoan\/wp-json\/wp\/v2\/users\/1"}],"replies":[{"embeddable":true,"href":"https:\/\/agora.xtec.cat\/insjoanguinjoan\/wp-json\/wp\/v2\/comments?post=2930"}],"version-history":[{"count":4,"href":"https:\/\/agora.xtec.cat\/insjoanguinjoan\/wp-json\/wp\/v2\/pages\/2930\/revisions"}],"predecessor-version":[{"id":3167,"href":"https:\/\/agora.xtec.cat\/insjoanguinjoan\/wp-json\/wp\/v2\/pages\/2930\/revisions\/3167"}],"up":[{"embeddable":true,"href":"https:\/\/agora.xtec.cat\/insjoanguinjoan\/wp-json\/wp\/v2\/pages\/57"}],"wp:attachment":[{"href":"https:\/\/agora.xtec.cat\/insjoanguinjoan\/wp-json\/wp\/v2\/media?parent=2930"}],"curies":[{"name":"wp","href":"https:\/\/api.w.org\/{rel}","templated":true}]}}