{"id":19,"date":"2014-09-17T14:56:56","date_gmt":"2014-09-17T14:56:56","guid":{"rendered":"http:\/\/agora.xtec.cat\/insjoanguinjoan\/?page_id=19"},"modified":"2016-07-05T08:19:23","modified_gmt":"2016-07-05T07:19:23","slug":"linstitut","status":"publish","type":"page","link":"https:\/\/agora.xtec.cat\/insjoanguinjoan\/linstitut\/","title":{"rendered":"L&#8217;institut"},"content":{"rendered":"<p>El 7 de juny de 1997 es va inaugurar, a Riudoms, l&#8217;Institut de Secund\u00e0ria que porta el nom del compositor, director i m\u00fasic, Joan Guinjoan i Gispert. El nostre Projecte Educatiu fixa les l\u00ednies directrius generals de la tasca de tota la Comunitat Educativa, s&#8217;encarrega de donar la m\u00e0xima coher\u00e8ncia i continu\u00eftat a aquesta tasca i proporciona un marc global de refer\u00e8ncia que permeti l&#8217;actuaci\u00f3 coordinada i efica\u00e7 de l&#8217;equip de professors i de la resta d&#8217;estaments, aix\u00ed com l&#8217;avaluaci\u00f3 i reflexi\u00f3 sobre la pr\u00f2pia funci\u00f3 educativa.<\/p>\n<p>El nostre centre est\u00e0 situat a la vila de Riudoms i la seva zona educativa d&#8217;influ\u00e8ncia compr\u00e8n el propi poble de Riudoms, Montbri\u00f3 del Camp i Vinyols i el Arcs. El nivell sociocultural del nostre alumnat \u00e9s predominantment mitj\u00e0. La base econ\u00f2mica de les fam\u00edlies \u00e9s molt variada: agricultura, ramaderia, petites empreses i sector serveis. Pel que fa a l&#8217;\u00fas de la llengua, la majoria dels alumnes utilitzen el catal\u00e0 com a llengua de relaci\u00f3.<\/p>\n<p>La titularitat \u00e9s del Departament d&#8217;Educaci\u00f3 de la Generalitat de Catalunya i els nivells educatius impartits s\u00f3n Ensenyament Secundari Obligatori, Batxillerat i Cicles Formatius de Grau Mitj\u00e0.<\/p>\n<p>El nostre institut est\u00e0 ubicat dins el nucli urb\u00e0 i est\u00e0 format per quatre m\u00f2duls que integren un conjunt: aulari, administraci\u00f3, gimn\u00e0s i taller d&#8217;automoci\u00f3 i menjador.<\/p>\n<p>Els nostres trets d&#8217;identitat s\u00f3n l&#8217;aconfessionalitat, el pluralisme en les vessants pol\u00edtica i religiosa i els valors democr\u00e0tics. Pel que fa a la metodologia que impulsem ens caracteritzem per un estil de treball que tracta de desenvolupar l&#8217;esperit cr\u00edtic, la capacitat de discussi\u00f3 i la voluntat de transformaci\u00f3 de la realitat social basant-nos en una metodologia flexible. El nostre Pla Estrat\u00e8gic \u00e9s el motor de tota aquesta feina que ens ajuda en l&#8217;avaluaci\u00f3 i en l&#8217;adquisici\u00f3 de nous m\u00e8todes i estrat\u00e8gies per millorar la nostra tasca. Considerem l&#8217;educaci\u00f3 com un proc\u00e9s integral que es desenvolupa tenint en compte les dimensions individuals i socials dels l&#8217;alumnes.<\/p>\n<p>Per acabar, cal ressaltar que en la gesti\u00f3 del nostre institut es potencia un r\u00e8gim participatiu, on els professors, alumnes, pares i mares i el personal de l&#8217;administraci\u00f3 i serveis hi intervenen d&#8217;acord amb all\u00f2 que permet la legislaci\u00f3 vigent, cercant la implicaci\u00f3 de tots els membres de la Comunitat Educativa a trav\u00e9s dels seus \u00f2rgans: Claustre, Consell Escolar, Junta econ\u00f2mica, Consell de delegats i AMPA.<\/p>\n<p>Cordialment, Equip Directiu de l&#8217;Institut Joan Guinjoan de Riudoms.<\/p>\n","protected":false},"excerpt":{"rendered":"<p>El 7 de juny de 1997 es va inaugurar, a Riudoms, l&#8217;Institut de Secund\u00e0ria que porta el nom del compositor, director i m\u00fasic, Joan Guinjoan i Gispert. El nostre Projecte Educatiu fixa les l\u00ednies directrius generals de la tasca de tota la Comunitat Educativa, s&#8217;encarrega de donar la m\u00e0xima coher\u00e8ncia i continu\u00eftat a aquesta tasca [&hellip;]<\/p>\n","protected":false},"author":1,"featured_media":0,"parent":0,"menu_order":10,"comment_status":"closed","ping_status":"closed","template":"page-templates\/side-menu.php","meta":{"_bbp_topic_count":0,"_bbp_reply_count":0,"_bbp_total_topic_count":0,"_bbp_total_reply_count":0,"_bbp_voice_count":0,"_bbp_anonymous_reply_count":0,"_bbp_topic_count_hidden":0,"_bbp_reply_count_hidden":0,"_bbp_forum_subforum_count":0,"site-sidebar-layout":"default","site-content-layout":"","ast-site-content-layout":"","site-content-style":"default","site-sidebar-style":"default","ast-global-header-display":"","ast-banner-title-visibility":"","ast-main-header-display":"","ast-hfb-above-header-display":"","ast-hfb-below-header-display":"","ast-hfb-mobile-header-display":"","site-post-title":"","ast-breadcrumbs-content":"","ast-featured-img":"","footer-sml-layout":"","theme-transparent-header-meta":"","adv-header-id-meta":"","stick-header-meta":"","header-above-stick-meta":"","header-main-stick-meta":"","header-below-stick-meta":"","astra-migrate-meta-layouts":"default","ast-page-background-enabled":"default","ast-page-background-meta":{"desktop":{"background-color":"var(--ast-global-color-4)","background-image":"","background-repeat":"repeat","background-position":"center center","background-size":"auto","background-attachment":"scroll","background-type":"","background-media":"","overlay-type":"","overlay-color":"","overlay-opacity":"","overlay-gradient":""},"tablet":{"background-color":"","background-image":"","background-repeat":"repeat","background-position":"center center","background-size":"auto","background-attachment":"scroll","background-type":"","background-media":"","overlay-type":"","overlay-color":"","overlay-opacity":"","overlay-gradient":""},"mobile":{"background-color":"","background-image":"","background-repeat":"repeat","background-position":"center center","background-size":"auto","background-attachment":"scroll","background-type":"","background-media":"","overlay-type":"","overlay-color":"","overlay-opacity":"","overlay-gradient":""}},"ast-content-background-meta":{"desktop":{"background-color":"var(--ast-global-color-5)","background-image":"","background-repeat":"repeat","background-position":"center center","background-size":"auto","background-attachment":"scroll","background-type":"","background-media":"","overlay-type":"","overlay-color":"","overlay-opacity":"","overlay-gradient":""},"tablet":{"background-color":"var(--ast-global-color-5)","background-image":"","background-repeat":"repeat","background-position":"center center","background-size":"auto","background-attachment":"scroll","background-type":"","background-media":"","overlay-type":"","overlay-color":"","overlay-opacity":"","overlay-gradient":""},"mobile":{"background-color":"var(--ast-global-color-5)","background-image":"","background-repeat":"repeat","background-position":"center center","background-size":"auto","background-attachment":"scroll","background-type":"","background-media":"","overlay-type":"","overlay-color":"","overlay-opacity":"","overlay-gradient":""}},"footnotes":""},"class_list":["post-19","page","type-page","status-publish","hentry"],"post_mailing_queue_ids":[],"_links":{"self":[{"href":"https:\/\/agora.xtec.cat\/insjoanguinjoan\/wp-json\/wp\/v2\/pages\/19","targetHints":{"allow":["GET"]}}],"collection":[{"href":"https:\/\/agora.xtec.cat\/insjoanguinjoan\/wp-json\/wp\/v2\/pages"}],"about":[{"href":"https:\/\/agora.xtec.cat\/insjoanguinjoan\/wp-json\/wp\/v2\/types\/page"}],"author":[{"embeddable":true,"href":"https:\/\/agora.xtec.cat\/insjoanguinjoan\/wp-json\/wp\/v2\/users\/1"}],"replies":[{"embeddable":true,"href":"https:\/\/agora.xtec.cat\/insjoanguinjoan\/wp-json\/wp\/v2\/comments?post=19"}],"version-history":[{"count":3,"href":"https:\/\/agora.xtec.cat\/insjoanguinjoan\/wp-json\/wp\/v2\/pages\/19\/revisions"}],"predecessor-version":[{"id":699,"href":"https:\/\/agora.xtec.cat\/insjoanguinjoan\/wp-json\/wp\/v2\/pages\/19\/revisions\/699"}],"wp:attachment":[{"href":"https:\/\/agora.xtec.cat\/insjoanguinjoan\/wp-json\/wp\/v2\/media?parent=19"}],"curies":[{"name":"wp","href":"https:\/\/api.w.org\/{rel}","templated":true}]}}