{"id":1390,"date":"2016-10-27T10:15:35","date_gmt":"2016-10-27T08:15:35","guid":{"rendered":"http:\/\/agora.xtec.cat\/insjoanguinjoan\/?page_id=1390"},"modified":"2023-09-21T12:55:12","modified_gmt":"2023-09-21T10:55:12","slug":"teachers-e-mails-2","status":"publish","type":"page","link":"https:\/\/agora.xtec.cat\/insjoanguinjoan\/departaments\/angles\/teachers-e-mails-2\/","title":{"rendered":"Teachers e-mails"},"content":{"rendered":"<table>\n<tbody>\n<tr>\n<td><span style=\"font-weight: 400;\">Ana Arias<\/span><\/td>\n<td><a href=\"mailto:aarias@insjoanguinjoan.cat\"><span style=\"font-weight: 400;\">aarias@insjoanguinjoan.cat<\/span><\/a><\/td>\n<\/tr>\n<tr>\n<td><span style=\"font-weight: 400;\">Bego\u00f1a D\u00edez<\/span><\/td>\n<td><a href=\"about:blank\"><span style=\"font-weight: 400;\">bd\u00edez@insjoanguinjoan.cat<\/span><\/a><\/td>\n<\/tr>\n<tr>\n<td><span style=\"font-weight: 400;\">Lara Insa<\/span><\/td>\n<td><a href=\"mailto:linsa@insjoanguinjoan.cat\"><span style=\"font-weight: 400;\">linsa@insjoanguinjoan.cat<\/span><\/a><\/td>\n<\/tr>\n<tr>\n<td><span style=\"font-weight: 400;\">Olga Masip<\/span><\/td>\n<td><a href=\"mailto:omasip@insjoanguinjoan.cat\"><span style=\"font-weight: 400;\">omasip@insjoanguinjoan.cat<\/span><\/a><\/td>\n<\/tr>\n<tr>\n<td>S\u00edlvia L\u00f3pez de Torre<\/td>\n<td><a href=\"mailto:slope@insjoanguinjoan.cat\" target=\"_blank\" rel=\"noopener\">slope@insjoanguinjoan.cat<\/a><\/td>\n<\/tr>\n<tr>\n<td>Mariona Albi<\/td>\n<td>\u00a0<a href=\"mailto:malbi@insjoanguinjoan.cat\" target=\"_blank\" rel=\"noopener\">malbi@insjoanguinjoan.cat<\/a><\/td>\n<\/tr>\n<tr>\n<td>Judith Escuredo<\/td>\n<td>\u00a0<a href=\"mailto:jescuredo@insjoanguinjoan.cat\" target=\"_blank\" rel=\"noopener\">jescuredo@insjoanguinjoan.cat<\/a><\/td>\n<\/tr>\n<tr>\n<td>S\u00f2nia Cabello<\/td>\n<td><a href=\"mailto:scabello@insjoanguinjoan.cat\" target=\"_blank\" rel=\"noopener\">scabello@insjoanguinjoan.cat<\/a><\/td>\n<\/tr>\n<tr>\n<td><span style=\"font-weight: 400;\">\u00a0Alejandra L\u00f3pez<\/span><\/td>\n<td><span style=\"font-weight: 400;\">\u00a0 <a href=\"mailto:alopez@insjoanguinjoan.cat\" target=\"_blank\" rel=\"noopener\">alopez@insjoanguinjoan.cat<\/a><\/span><\/td>\n<\/tr>\n<\/tbody>\n<\/table>\n<p>&nbsp;<\/p>\n","protected":false},"excerpt":{"rendered":"<p>Ana Arias aarias@insjoanguinjoan.cat Bego\u00f1a D\u00edez bd\u00edez@insjoanguinjoan.cat Lara Insa linsa@insjoanguinjoan.cat Olga Masip omasip@insjoanguinjoan.cat S\u00edlvia L\u00f3pez de Torre slope@insjoanguinjoan.cat Mariona Albi \u00a0malbi@insjoanguinjoan.cat Judith Escuredo \u00a0jescuredo@insjoanguinjoan.cat S\u00f2nia Cabello scabello@insjoanguinjoan.cat \u00a0Alejandra L\u00f3pez \u00a0 alopez@insjoanguinjoan.cat &nbsp;<\/p>\n","protected":false},"author":1,"featured_media":0,"parent":1074,"menu_order":50,"comment_status":"closed","ping_status":"closed","template":"page-templates\/side-menu.php","meta":{"_bbp_topic_count":0,"_bbp_reply_count":0,"_bbp_total_topic_count":0,"_bbp_total_reply_count":0,"_bbp_voice_count":0,"_bbp_anonymous_reply_count":0,"_bbp_topic_count_hidden":0,"_bbp_reply_count_hidden":0,"_bbp_forum_subforum_count":0,"site-sidebar-layout":"default","site-content-layout":"","ast-site-content-layout":"","site-content-style":"default","site-sidebar-style":"default","ast-global-header-display":"","ast-banner-title-visibility":"","ast-main-header-display":"","ast-hfb-above-header-display":"","ast-hfb-below-header-display":"","ast-hfb-mobile-header-display":"","site-post-title":"","ast-breadcrumbs-content":"","ast-featured-img":"","footer-sml-layout":"","theme-transparent-header-meta":"","adv-header-id-meta":"","stick-header-meta":"","header-above-stick-meta":"","header-main-stick-meta":"","header-below-stick-meta":"","astra-migrate-meta-layouts":"default","ast-page-background-enabled":"default","ast-page-background-meta":{"desktop":{"background-color":"var(--ast-global-color-4)","background-image":"","background-repeat":"repeat","background-position":"center center","background-size":"auto","background-attachment":"scroll","background-type":"","background-media":"","overlay-type":"","overlay-color":"","overlay-opacity":"","overlay-gradient":""},"tablet":{"background-color":"","background-image":"","background-repeat":"repeat","background-position":"center center","background-size":"auto","background-attachment":"scroll","background-type":"","background-media":"","overlay-type":"","overlay-color":"","overlay-opacity":"","overlay-gradient":""},"mobile":{"background-color":"","background-image":"","background-repeat":"repeat","background-position":"center center","background-size":"auto","background-attachment":"scroll","background-type":"","background-media":"","overlay-type":"","overlay-color":"","overlay-opacity":"","overlay-gradient":""}},"ast-content-background-meta":{"desktop":{"background-color":"var(--ast-global-color-5)","background-image":"","background-repeat":"repeat","background-position":"center center","background-size":"auto","background-attachment":"scroll","background-type":"","background-media":"","overlay-type":"","overlay-color":"","overlay-opacity":"","overlay-gradient":""},"tablet":{"background-color":"var(--ast-global-color-5)","background-image":"","background-repeat":"repeat","background-position":"center center","background-size":"auto","background-attachment":"scroll","background-type":"","background-media":"","overlay-type":"","overlay-color":"","overlay-opacity":"","overlay-gradient":""},"mobile":{"background-color":"var(--ast-global-color-5)","background-image":"","background-repeat":"repeat","background-position":"center center","background-size":"auto","background-attachment":"scroll","background-type":"","background-media":"","overlay-type":"","overlay-color":"","overlay-opacity":"","overlay-gradient":""}},"footnotes":""},"class_list":["post-1390","page","type-page","status-publish","hentry"],"post_mailing_queue_ids":[],"_links":{"self":[{"href":"https:\/\/agora.xtec.cat\/insjoanguinjoan\/wp-json\/wp\/v2\/pages\/1390","targetHints":{"allow":["GET"]}}],"collection":[{"href":"https:\/\/agora.xtec.cat\/insjoanguinjoan\/wp-json\/wp\/v2\/pages"}],"about":[{"href":"https:\/\/agora.xtec.cat\/insjoanguinjoan\/wp-json\/wp\/v2\/types\/page"}],"author":[{"embeddable":true,"href":"https:\/\/agora.xtec.cat\/insjoanguinjoan\/wp-json\/wp\/v2\/users\/1"}],"replies":[{"embeddable":true,"href":"https:\/\/agora.xtec.cat\/insjoanguinjoan\/wp-json\/wp\/v2\/comments?post=1390"}],"version-history":[{"count":4,"href":"https:\/\/agora.xtec.cat\/insjoanguinjoan\/wp-json\/wp\/v2\/pages\/1390\/revisions"}],"predecessor-version":[{"id":8132,"href":"https:\/\/agora.xtec.cat\/insjoanguinjoan\/wp-json\/wp\/v2\/pages\/1390\/revisions\/8132"}],"up":[{"embeddable":true,"href":"https:\/\/agora.xtec.cat\/insjoanguinjoan\/wp-json\/wp\/v2\/pages\/1074"}],"wp:attachment":[{"href":"https:\/\/agora.xtec.cat\/insjoanguinjoan\/wp-json\/wp\/v2\/media?parent=1390"}],"curies":[{"name":"wp","href":"https:\/\/api.w.org\/{rel}","templated":true}]}}