{"id":1272,"date":"2016-10-06T12:14:40","date_gmt":"2016-10-06T11:14:40","guid":{"rendered":"http:\/\/agora.xtec.cat\/insjoanguinjoan\/?page_id=1272"},"modified":"2025-10-07T08:53:52","modified_gmt":"2025-10-07T06:53:52","slug":"etica","status":"publish","type":"page","link":"https:\/\/agora.xtec.cat\/insjoanguinjoan\/departaments\/etica\/","title":{"rendered":"EVCE , \u00c8tica i Religi\u00f3"},"content":{"rendered":"<hr \/>\n<h1>EVCE<\/h1>\n<table style=\"border-collapse: collapse; width: 100%;\">\n<tbody>\n<tr>\n<td style=\"width: 100%;\">\n<h3><a href=\"https:\/\/agora.xtec.cat\/insjoanguinjoan\/wp-content\/uploads\/usu1332\/2025\/10\/CRITERIS-DAVALUACIO-EVCE-4ESO.pdf\">CRITERIS D&#8217;AVALUACI\u00d3 EVCE 4ESO<\/a><\/h3>\n<\/td>\n<\/tr>\n<\/tbody>\n<\/table>\n<p>&nbsp;<\/p>\n<h1>RELIGI\u00d3<\/h1>\n<h3><a href=\"https:\/\/agora.xtec.cat\/insjoanguinjoan\/wp-content\/uploads\/usu1332\/2025\/10\/CRITERIS-DAVALUACIO.ESO-RELIGIO.pdf\">CRITERIS D&#8217;AVALUACI\u00d3 RELIGI\u00d3<\/a><\/h3>\n<p>1r ESO:<\/p>\n<p><a href=\"http:\/\/agora.xtec.cat\/insjoanguinjoan\/wp-content\/uploads\/usu1332\/2016\/10\/GEP_ETHICS_1ESO_ALEXANDER-FILM.docx\">gep_ethics_1eso_alexander-film<\/a><\/p>\n<p><a href=\"http:\/\/agora.xtec.cat\/insjoanguinjoan\/wp-content\/uploads\/usu1332\/2016\/10\/Instruccions-entrega-treballs.pdf\">Instruccions d&#8217;entrega de treballs<\/a><\/p>\n<p><a href=\"http:\/\/agora.xtec.cat\/insjoanguinjoan\/wp-content\/uploads\/usu1332\/2016\/10\/GEP_ETHICS_1ESO_BIG-HERO-6-FILM.pdf\">gep_ethics_1eso_big-hero-6-film<\/a><\/p>\n<p>2n ESO:<\/p>\n<p><a href=\"http:\/\/agora.xtec.cat\/insjoanguinjoan\/wp-content\/uploads\/usu1332\/2016\/10\/GEP_ETHICS_2ESO_ALEXANDER-FILM.docx\">gep_ethics_2eso_alexander-film<\/a><\/p>\n<p><a href=\"http:\/\/agora.xtec.cat\/insjoanguinjoan\/wp-content\/uploads\/usu1332\/2016\/10\/GEP_ETHICS_2ESO_DESCENDANTS-FILM.pdf\">gep_ethics_2eso_descendants-film<\/a><\/p>\n<p><a href=\"http:\/\/agora.xtec.cat\/insjoanguinjoan\/wp-content\/uploads\/usu1332\/2016\/10\/types-of-governement.pdf\">Types of governement<\/a><\/p>\n<p><a href=\"http:\/\/agora.xtec.cat\/insjoanguinjoan\/wp-content\/uploads\/usu1332\/2016\/10\/GEP_ETHICS_2ESO_DIVERGENT-FILM.pdf\">gep_ethics_2eso_divergent-film<\/a><\/p>\n<hr \/>\n<p>&nbsp;<\/p>\n","protected":false},"excerpt":{"rendered":"<p>EVCE CRITERIS D&#8217;AVALUACI\u00d3 EVCE 4ESO &nbsp; RELIGI\u00d3 CRITERIS D&#8217;AVALUACI\u00d3 RELIGI\u00d3 1r ESO: gep_ethics_1eso_alexander-film Instruccions d&#8217;entrega de treballs gep_ethics_1eso_big-hero-6-film 2n ESO: gep_ethics_2eso_alexander-film gep_ethics_2eso_descendants-film Types of governement gep_ethics_2eso_divergent-film &nbsp;<\/p>\n","protected":false},"author":1,"featured_media":0,"parent":460,"menu_order":0,"comment_status":"closed","ping_status":"closed","template":"page-templates\/side-menu.php","meta":{"_bbp_topic_count":0,"_bbp_reply_count":0,"_bbp_total_topic_count":0,"_bbp_total_reply_count":0,"_bbp_voice_count":0,"_bbp_anonymous_reply_count":0,"_bbp_topic_count_hidden":0,"_bbp_reply_count_hidden":0,"_bbp_forum_subforum_count":0,"site-sidebar-layout":"default","site-content-layout":"","ast-site-content-layout":"","site-content-style":"default","site-sidebar-style":"default","ast-global-header-display":"","ast-banner-title-visibility":"","ast-main-header-display":"","ast-hfb-above-header-display":"","ast-hfb-below-header-display":"","ast-hfb-mobile-header-display":"","site-post-title":"","ast-breadcrumbs-content":"","ast-featured-img":"","footer-sml-layout":"","theme-transparent-header-meta":"","adv-header-id-meta":"","stick-header-meta":"","header-above-stick-meta":"","header-main-stick-meta":"","header-below-stick-meta":"","astra-migrate-meta-layouts":"default","ast-page-background-enabled":"default","ast-page-background-meta":{"desktop":{"background-color":"var(--ast-global-color-4)","background-image":"","background-repeat":"repeat","background-position":"center center","background-size":"auto","background-attachment":"scroll","background-type":"","background-media":"","overlay-type":"","overlay-color":"","overlay-opacity":"","overlay-gradient":""},"tablet":{"background-color":"","background-image":"","background-repeat":"repeat","background-position":"center center","background-size":"auto","background-attachment":"scroll","background-type":"","background-media":"","overlay-type":"","overlay-color":"","overlay-opacity":"","overlay-gradient":""},"mobile":{"background-color":"","background-image":"","background-repeat":"repeat","background-position":"center center","background-size":"auto","background-attachment":"scroll","background-type":"","background-media":"","overlay-type":"","overlay-color":"","overlay-opacity":"","overlay-gradient":""}},"ast-content-background-meta":{"desktop":{"background-color":"var(--ast-global-color-5)","background-image":"","background-repeat":"repeat","background-position":"center center","background-size":"auto","background-attachment":"scroll","background-type":"","background-media":"","overlay-type":"","overlay-color":"","overlay-opacity":"","overlay-gradient":""},"tablet":{"background-color":"var(--ast-global-color-5)","background-image":"","background-repeat":"repeat","background-position":"center center","background-size":"auto","background-attachment":"scroll","background-type":"","background-media":"","overlay-type":"","overlay-color":"","overlay-opacity":"","overlay-gradient":""},"mobile":{"background-color":"var(--ast-global-color-5)","background-image":"","background-repeat":"repeat","background-position":"center center","background-size":"auto","background-attachment":"scroll","background-type":"","background-media":"","overlay-type":"","overlay-color":"","overlay-opacity":"","overlay-gradient":""}},"footnotes":""},"class_list":["post-1272","page","type-page","status-publish","hentry"],"post_mailing_queue_ids":[],"_links":{"self":[{"href":"https:\/\/agora.xtec.cat\/insjoanguinjoan\/wp-json\/wp\/v2\/pages\/1272","targetHints":{"allow":["GET"]}}],"collection":[{"href":"https:\/\/agora.xtec.cat\/insjoanguinjoan\/wp-json\/wp\/v2\/pages"}],"about":[{"href":"https:\/\/agora.xtec.cat\/insjoanguinjoan\/wp-json\/wp\/v2\/types\/page"}],"author":[{"embeddable":true,"href":"https:\/\/agora.xtec.cat\/insjoanguinjoan\/wp-json\/wp\/v2\/users\/1"}],"replies":[{"embeddable":true,"href":"https:\/\/agora.xtec.cat\/insjoanguinjoan\/wp-json\/wp\/v2\/comments?post=1272"}],"version-history":[{"count":6,"href":"https:\/\/agora.xtec.cat\/insjoanguinjoan\/wp-json\/wp\/v2\/pages\/1272\/revisions"}],"predecessor-version":[{"id":10052,"href":"https:\/\/agora.xtec.cat\/insjoanguinjoan\/wp-json\/wp\/v2\/pages\/1272\/revisions\/10052"}],"up":[{"embeddable":true,"href":"https:\/\/agora.xtec.cat\/insjoanguinjoan\/wp-json\/wp\/v2\/pages\/460"}],"wp:attachment":[{"href":"https:\/\/agora.xtec.cat\/insjoanguinjoan\/wp-json\/wp\/v2\/media?parent=1272"}],"curies":[{"name":"wp","href":"https:\/\/api.w.org\/{rel}","templated":true}]}}