{"id":10737,"date":"2026-02-19T17:16:49","date_gmt":"2026-02-19T16:16:49","guid":{"rendered":"https:\/\/agora.xtec.cat\/insjoanguinjoan\/?page_id=10737"},"modified":"2026-03-05T18:38:34","modified_gmt":"2026-03-05T17:38:34","slug":"cfgm-electromecanica-de-vehicles-automobils","status":"publish","type":"page","link":"https:\/\/agora.xtec.cat\/insjoanguinjoan\/cfgm-electromecanica-de-vehicles-automobils\/","title":{"rendered":"CFGM Electromec\u00e0nica de vehicles autom\u00f2bils"},"content":{"rendered":"\n<figure class=\"wp-block-gallery has-nested-images columns-default is-cropped wp-block-gallery-1 is-layout-flex wp-block-gallery-is-layout-flex\">\n<figure class=\"wp-block-image size-large\"><a href=\"https:\/\/agora.xtec.cat\/insjoanguinjoan\/wp-content\/uploads\/usu1332\/2026\/01\/hololens.jpg\"><img loading=\"lazy\" decoding=\"async\" width=\"671\" height=\"808\" data-id=\"10588\" src=\"https:\/\/agora.xtec.cat\/insjoanguinjoan\/wp-content\/uploads\/usu1332\/2026\/01\/hololens.jpg\" alt=\"\" class=\"wp-image-10588\" srcset=\"https:\/\/agora.xtec.cat\/insjoanguinjoan\/wp-content\/uploads\/usu1332\/2026\/01\/hololens.jpg 671w, https:\/\/agora.xtec.cat\/insjoanguinjoan\/wp-content\/uploads\/usu1332\/2026\/01\/hololens-249x300.jpg 249w\" sizes=\"auto, (max-width: 671px) 100vw, 671px\" \/><\/a><\/figure>\n\n\n\n<figure class=\"wp-block-image size-large\"><a href=\"https:\/\/agora.xtec.cat\/insjoanguinjoan\/wp-content\/uploads\/usu1332\/2026\/02\/auto-fons-1-scaled.jpg\"><img loading=\"lazy\" decoding=\"async\" width=\"1024\" height=\"768\" data-id=\"10750\" src=\"https:\/\/agora.xtec.cat\/insjoanguinjoan\/wp-content\/uploads\/usu1332\/2026\/02\/auto-fons-1-1024x768.jpg\" alt=\"\" class=\"wp-image-10750\" srcset=\"https:\/\/agora.xtec.cat\/insjoanguinjoan\/wp-content\/uploads\/usu1332\/2026\/02\/auto-fons-1-1024x768.jpg 1024w, https:\/\/agora.xtec.cat\/insjoanguinjoan\/wp-content\/uploads\/usu1332\/2026\/02\/auto-fons-1-300x225.jpg 300w, https:\/\/agora.xtec.cat\/insjoanguinjoan\/wp-content\/uploads\/usu1332\/2026\/02\/auto-fons-1-768x576.jpg 768w, https:\/\/agora.xtec.cat\/insjoanguinjoan\/wp-content\/uploads\/usu1332\/2026\/02\/auto-fons-1-1536x1152.jpg 1536w, https:\/\/agora.xtec.cat\/insjoanguinjoan\/wp-content\/uploads\/usu1332\/2026\/02\/auto-fons-1-2048x1536.jpg 2048w\" sizes=\"auto, (max-width: 1024px) 100vw, 1024px\" \/><\/a><\/figure>\n\n\n\n<figure class=\"wp-block-image size-large\"><a href=\"https:\/\/agora.xtec.cat\/insjoanguinjoan\/wp-content\/uploads\/usu1332\/2026\/02\/itvok-scaled.jpg\"><img loading=\"lazy\" decoding=\"async\" width=\"1024\" height=\"768\" data-id=\"10747\" src=\"https:\/\/agora.xtec.cat\/insjoanguinjoan\/wp-content\/uploads\/usu1332\/2026\/02\/itvok-1024x768.jpg\" alt=\"\" class=\"wp-image-10747\" srcset=\"https:\/\/agora.xtec.cat\/insjoanguinjoan\/wp-content\/uploads\/usu1332\/2026\/02\/itvok-1024x768.jpg 1024w, https:\/\/agora.xtec.cat\/insjoanguinjoan\/wp-content\/uploads\/usu1332\/2026\/02\/itvok-300x225.jpg 300w, https:\/\/agora.xtec.cat\/insjoanguinjoan\/wp-content\/uploads\/usu1332\/2026\/02\/itvok-768x576.jpg 768w, https:\/\/agora.xtec.cat\/insjoanguinjoan\/wp-content\/uploads\/usu1332\/2026\/02\/itvok-1536x1152.jpg 1536w, https:\/\/agora.xtec.cat\/insjoanguinjoan\/wp-content\/uploads\/usu1332\/2026\/02\/itvok-2048x1536.jpg 2048w\" sizes=\"auto, (max-width: 1024px) 100vw, 1024px\" \/><\/a><\/figure>\n<\/figure>\n\n\n\n<h2 class=\"wp-block-heading\"><span style=\"color:#e9af1d;\" class=\"has-inline-color\">Descripci\u00f3<\/span><\/h2>\n\n\n\n<p><strong>T\u00e8cnic o t\u00e8cnica en electromec\u00e0nica de vehicles autom\u00f2bils<\/strong> \/ <strong>Codi:<\/strong> CFPM TM10<br>La compet\u00e8ncia general d\u2019aquest t\u00edtol consisteix a realitzar operacions de manteniment, muntatge d\u2019accessoris i transformacions a les \u00e0rees de mec\u00e0nica, hidr\u00e0ulica, pneum\u00e0tica i electricitat del sector d\u2019automoci\u00f3, ajustant-se a procediments i temps establerts, complint amb les especificacions de qualitat, seguretat i protecci\u00f3 ambiental.<\/p>\n\n\n\n<h2 class=\"wp-block-heading\"><span style=\"color:#e9af1d;\" class=\"has-inline-color\">Continu\u00eftat<\/span><\/h2>\n\n\n\n<p>Amb aquests estudis s&#8217;obt\u00e9 el t\u00edtol de <strong>t\u00e8cnic o t\u00e8cnica<\/strong>, que permet accedir al batxillerat o a un cicle de grau superior de formaci\u00f3 professional.<\/p>\n\n\n\n<h2 class=\"wp-block-heading\"><span style=\"color:#e9af1d;\" class=\"has-inline-color\">Continguts<\/span><\/h2>\n\n\n\n<figure class=\"wp-block-image alignfull size-full\"><a href=\"https:\/\/agora.xtec.cat\/insjoanguinjoan\/wp-content\/uploads\/usu1332\/2026\/02\/Captura-de-pantalla-2026-02-19-171129.png\"><img loading=\"lazy\" decoding=\"async\" width=\"997\" height=\"771\" src=\"https:\/\/agora.xtec.cat\/insjoanguinjoan\/wp-content\/uploads\/usu1332\/2026\/02\/Captura-de-pantalla-2026-02-19-171129.png\" alt=\"\" class=\"wp-image-10738\" srcset=\"https:\/\/agora.xtec.cat\/insjoanguinjoan\/wp-content\/uploads\/usu1332\/2026\/02\/Captura-de-pantalla-2026-02-19-171129.png 997w, https:\/\/agora.xtec.cat\/insjoanguinjoan\/wp-content\/uploads\/usu1332\/2026\/02\/Captura-de-pantalla-2026-02-19-171129-300x232.png 300w, https:\/\/agora.xtec.cat\/insjoanguinjoan\/wp-content\/uploads\/usu1332\/2026\/02\/Captura-de-pantalla-2026-02-19-171129-768x594.png 768w\" sizes=\"auto, (max-width: 997px) 100vw, 997px\" \/><\/a><\/figure>\n\n\n\n<h2 class=\"wp-block-heading\"><span style=\"color:#e9af1d;\" class=\"has-inline-color\">T&#8217;OFERIM<\/span><\/h2>\n\n\n\n<div class=\"wp-block-getwid-content-timeline\" data-animation=\"none\" data-filling=\"true\"><div class=\"wp-block-getwid-content-timeline__line\"><div class=\"wp-block-getwid-content-timeline__bar\"><\/div><\/div><div class=\"wp-block-getwid-content-timeline__wrapper\">\n<div class=\"wp-block-getwid-content-timeline-item\"><div class=\"wp-block-getwid-content-timeline-item__wrapper\"><div class=\"wp-block-getwid-content-timeline-item__card\"><div class=\"wp-block-getwid-content-timeline-item__card-wrapper\"><div class=\"wp-block-getwid-content-timeline-item__image-wrapper\"><img loading=\"lazy\" decoding=\"async\" width=\"2560\" height=\"1702\" class=\"wp-block-getwid-content-timeline-item__image wp-image-10742\" src=\"https:\/\/agora.xtec.cat\/insjoanguinjoan\/wp-content\/uploads\/usu1332\/2026\/02\/DSC_8235-scaled.jpg\" alt=\"\" srcset=\"https:\/\/agora.xtec.cat\/insjoanguinjoan\/wp-content\/uploads\/usu1332\/2026\/02\/DSC_8235-scaled.jpg 2560w, https:\/\/agora.xtec.cat\/insjoanguinjoan\/wp-content\/uploads\/usu1332\/2026\/02\/DSC_8235-300x199.jpg 300w, https:\/\/agora.xtec.cat\/insjoanguinjoan\/wp-content\/uploads\/usu1332\/2026\/02\/DSC_8235-1024x681.jpg 1024w, https:\/\/agora.xtec.cat\/insjoanguinjoan\/wp-content\/uploads\/usu1332\/2026\/02\/DSC_8235-768x511.jpg 768w, https:\/\/agora.xtec.cat\/insjoanguinjoan\/wp-content\/uploads\/usu1332\/2026\/02\/DSC_8235-1536x1021.jpg 1536w, https:\/\/agora.xtec.cat\/insjoanguinjoan\/wp-content\/uploads\/usu1332\/2026\/02\/DSC_8235-2048x1362.jpg 2048w\" sizes=\"auto, (max-width: 2560px) 100vw, 2560px\" \/><\/div><div class=\"wp-block-getwid-content-timeline-item__content-wrapper\"><div class=\"wp-block-getwid-content-timeline-item__mobile-meta\"><p class=\"wp-block-getwid-content-timeline-item__meta-content\"><strong><br>Autonomia i creixement personal<\/strong><\/p><\/div>\n<h3 class=\"wp-block-heading\"><\/h3>\n\n\n\n<p><\/p>\n<\/div><\/div><\/div><div class=\"wp-block-getwid-content-timeline-item__point\"><div class=\"wp-block-getwid-content-timeline-item__point-content\"><\/div><\/div><div class=\"wp-block-getwid-content-timeline-item__meta\"><p class=\"wp-block-getwid-content-timeline-item__meta-content\"><strong><br>Autonomia i creixement personal<\/strong><\/p><\/div><\/div><\/div>\n\n\n\n<div class=\"wp-block-getwid-content-timeline-item\"><div class=\"wp-block-getwid-content-timeline-item__wrapper\"><div class=\"wp-block-getwid-content-timeline-item__card\"><div class=\"wp-block-getwid-content-timeline-item__card-wrapper\"><div class=\"wp-block-getwid-content-timeline-item__image-wrapper\"><img loading=\"lazy\" decoding=\"async\" width=\"2560\" height=\"1702\" class=\"wp-block-getwid-content-timeline-item__image wp-image-10745\" src=\"https:\/\/agora.xtec.cat\/insjoanguinjoan\/wp-content\/uploads\/usu1332\/2026\/02\/AULA-E-scaled.jpg\" alt=\"\" srcset=\"https:\/\/agora.xtec.cat\/insjoanguinjoan\/wp-content\/uploads\/usu1332\/2026\/02\/AULA-E-scaled.jpg 2560w, https:\/\/agora.xtec.cat\/insjoanguinjoan\/wp-content\/uploads\/usu1332\/2026\/02\/AULA-E-300x199.jpg 300w, https:\/\/agora.xtec.cat\/insjoanguinjoan\/wp-content\/uploads\/usu1332\/2026\/02\/AULA-E-1024x681.jpg 1024w, https:\/\/agora.xtec.cat\/insjoanguinjoan\/wp-content\/uploads\/usu1332\/2026\/02\/AULA-E-768x511.jpg 768w, https:\/\/agora.xtec.cat\/insjoanguinjoan\/wp-content\/uploads\/usu1332\/2026\/02\/AULA-E-1536x1021.jpg 1536w, https:\/\/agora.xtec.cat\/insjoanguinjoan\/wp-content\/uploads\/usu1332\/2026\/02\/AULA-E-2048x1362.jpg 2048w\" sizes=\"auto, (max-width: 2560px) 100vw, 2560px\" \/><\/div><div class=\"wp-block-getwid-content-timeline-item__content-wrapper\"><div class=\"wp-block-getwid-content-timeline-item__mobile-meta\"><p class=\"wp-block-getwid-content-timeline-item__meta-content\"><strong>Aprenentage competencial<\/strong><\/p><\/div>\n<h3 class=\"wp-block-heading\"><\/h3>\n\n\n\n<p><\/p>\n<\/div><\/div><\/div><div class=\"wp-block-getwid-content-timeline-item__point\"><div class=\"wp-block-getwid-content-timeline-item__point-content\"><\/div><\/div><div class=\"wp-block-getwid-content-timeline-item__meta\"><p class=\"wp-block-getwid-content-timeline-item__meta-content\"><strong>Aprenentage competencial<\/strong><\/p><\/div><\/div><\/div>\n\n\n\n<div class=\"wp-block-getwid-content-timeline-item\"><div class=\"wp-block-getwid-content-timeline-item__wrapper\"><div class=\"wp-block-getwid-content-timeline-item__card\"><div class=\"wp-block-getwid-content-timeline-item__card-wrapper\"><div class=\"wp-block-getwid-content-timeline-item__image-wrapper\"><img loading=\"lazy\" decoding=\"async\" width=\"1984\" height=\"1488\" class=\"wp-block-getwid-content-timeline-item__image wp-image-10597\" src=\"https:\/\/agora.xtec.cat\/insjoanguinjoan\/wp-content\/uploads\/usu1332\/2026\/01\/automocio-1-1.jpg\" alt=\"\" srcset=\"https:\/\/agora.xtec.cat\/insjoanguinjoan\/wp-content\/uploads\/usu1332\/2026\/01\/automocio-1-1.jpg 1984w, https:\/\/agora.xtec.cat\/insjoanguinjoan\/wp-content\/uploads\/usu1332\/2026\/01\/automocio-1-1-300x225.jpg 300w, https:\/\/agora.xtec.cat\/insjoanguinjoan\/wp-content\/uploads\/usu1332\/2026\/01\/automocio-1-1-1024x768.jpg 1024w, https:\/\/agora.xtec.cat\/insjoanguinjoan\/wp-content\/uploads\/usu1332\/2026\/01\/automocio-1-1-768x576.jpg 768w, https:\/\/agora.xtec.cat\/insjoanguinjoan\/wp-content\/uploads\/usu1332\/2026\/01\/automocio-1-1-1536x1152.jpg 1536w\" sizes=\"auto, (max-width: 1984px) 100vw, 1984px\" \/><\/div><div class=\"wp-block-getwid-content-timeline-item__content-wrapper\"><div class=\"wp-block-getwid-content-timeline-item__mobile-meta\"><p class=\"wp-block-getwid-content-timeline-item__meta-content\"><strong>Formaci\u00f3 personalitzada amb orientaci\u00f3 i assessorament<\/strong><\/p><\/div>\n<h3 class=\"wp-block-heading\"><\/h3>\n\n\n\n<p><\/p>\n<\/div><\/div><\/div><div class=\"wp-block-getwid-content-timeline-item__point\"><div class=\"wp-block-getwid-content-timeline-item__point-content\"><\/div><\/div><div class=\"wp-block-getwid-content-timeline-item__meta\"><p class=\"wp-block-getwid-content-timeline-item__meta-content\"><strong>Formaci\u00f3 personalitzada amb orientaci\u00f3 i assessorament<\/strong><\/p><\/div><\/div><\/div>\n\n\n\n<div class=\"wp-block-getwid-content-timeline-item\"><div class=\"wp-block-getwid-content-timeline-item__wrapper\"><div class=\"wp-block-getwid-content-timeline-item__card\"><div class=\"wp-block-getwid-content-timeline-item__card-wrapper\"><div class=\"wp-block-getwid-content-timeline-item__image-wrapper\"><img loading=\"lazy\" decoding=\"async\" width=\"2560\" height=\"1702\" class=\"wp-block-getwid-content-timeline-item__image wp-image-10744\" src=\"https:\/\/agora.xtec.cat\/insjoanguinjoan\/wp-content\/uploads\/usu1332\/2026\/02\/DSC_8208-scaled.jpg\" alt=\"\" srcset=\"https:\/\/agora.xtec.cat\/insjoanguinjoan\/wp-content\/uploads\/usu1332\/2026\/02\/DSC_8208-scaled.jpg 2560w, https:\/\/agora.xtec.cat\/insjoanguinjoan\/wp-content\/uploads\/usu1332\/2026\/02\/DSC_8208-300x199.jpg 300w, https:\/\/agora.xtec.cat\/insjoanguinjoan\/wp-content\/uploads\/usu1332\/2026\/02\/DSC_8208-1024x681.jpg 1024w, https:\/\/agora.xtec.cat\/insjoanguinjoan\/wp-content\/uploads\/usu1332\/2026\/02\/DSC_8208-768x511.jpg 768w, https:\/\/agora.xtec.cat\/insjoanguinjoan\/wp-content\/uploads\/usu1332\/2026\/02\/DSC_8208-1536x1021.jpg 1536w, https:\/\/agora.xtec.cat\/insjoanguinjoan\/wp-content\/uploads\/usu1332\/2026\/02\/DSC_8208-2048x1362.jpg 2048w\" sizes=\"auto, (max-width: 2560px) 100vw, 2560px\" \/><\/div><div class=\"wp-block-getwid-content-timeline-item__content-wrapper\"><div class=\"wp-block-getwid-content-timeline-item__mobile-meta\"><p class=\"wp-block-getwid-content-timeline-item__meta-content\"><strong>Tecnologies <em>e-learning<\/em><\/strong><\/p><\/div>\n<h3 class=\"wp-block-heading\"><\/h3>\n\n\n\n<p><\/p>\n<\/div><\/div><\/div><div class=\"wp-block-getwid-content-timeline-item__point\"><div class=\"wp-block-getwid-content-timeline-item__point-content\"><\/div><\/div><div class=\"wp-block-getwid-content-timeline-item__meta\"><p class=\"wp-block-getwid-content-timeline-item__meta-content\"><strong>Tecnologies <em>e-learning<\/em><\/strong><\/p><\/div><\/div><\/div>\n<\/div><\/div>\n\n\n\n<p><\/p>\n","protected":false},"excerpt":{"rendered":"<p>Descripci\u00f3 T\u00e8cnic o t\u00e8cnica en electromec\u00e0nica de vehicles autom\u00f2bils \/ Codi: CFPM TM10La compet\u00e8ncia general d\u2019aquest t\u00edtol consisteix a realitzar operacions de manteniment, muntatge d\u2019accessoris i transformacions a les \u00e0rees de mec\u00e0nica, hidr\u00e0ulica, pneum\u00e0tica i electricitat del sector d\u2019automoci\u00f3, ajustant-se a procediments i temps establerts, complint amb les especificacions de qualitat, seguretat i protecci\u00f3 ambiental. [&hellip;]<\/p>\n","protected":false},"author":1,"featured_media":0,"parent":0,"menu_order":0,"comment_status":"closed","ping_status":"close","template":"","meta":{"_bbp_topic_count":0,"_bbp_reply_count":0,"_bbp_total_topic_count":0,"_bbp_total_reply_count":0,"_bbp_voice_count":0,"_bbp_anonymous_reply_count":0,"_bbp_topic_count_hidden":0,"_bbp_reply_count_hidden":0,"_bbp_forum_subforum_count":0,"site-sidebar-layout":"default","site-content-layout":"","ast-site-content-layout":"default","site-content-style":"default","site-sidebar-style":"default","ast-global-header-display":"","ast-banner-title-visibility":"","ast-main-header-display":"","ast-hfb-above-header-display":"","ast-hfb-below-header-display":"","ast-hfb-mobile-header-display":"","site-post-title":"","ast-breadcrumbs-content":"","ast-featured-img":"","footer-sml-layout":"","theme-transparent-header-meta":"","adv-header-id-meta":"","stick-header-meta":"","header-above-stick-meta":"","header-main-stick-meta":"","header-below-stick-meta":"","astra-migrate-meta-layouts":"set","ast-page-background-enabled":"default","ast-page-background-meta":{"desktop":{"background-color":"var(--ast-global-color-4)","background-image":"","background-repeat":"repeat","background-position":"center center","background-size":"auto","background-attachment":"scroll","background-type":"","background-media":"","overlay-type":"","overlay-color":"","overlay-opacity":"","overlay-gradient":""},"tablet":{"background-color":"","background-image":"","background-repeat":"repeat","background-position":"center center","background-size":"auto","background-attachment":"scroll","background-type":"","background-media":"","overlay-type":"","overlay-color":"","overlay-opacity":"","overlay-gradient":""},"mobile":{"background-color":"","background-image":"","background-repeat":"repeat","background-position":"center center","background-size":"auto","background-attachment":"scroll","background-type":"","background-media":"","overlay-type":"","overlay-color":"","overlay-opacity":"","overlay-gradient":""}},"ast-content-background-meta":{"desktop":{"background-color":"var(--ast-global-color-5)","background-image":"","background-repeat":"repeat","background-position":"center center","background-size":"auto","background-attachment":"scroll","background-type":"","background-media":"","overlay-type":"","overlay-color":"","overlay-opacity":"","overlay-gradient":""},"tablet":{"background-color":"var(--ast-global-color-5)","background-image":"","background-repeat":"repeat","background-position":"center center","background-size":"auto","background-attachment":"scroll","background-type":"","background-media":"","overlay-type":"","overlay-color":"","overlay-opacity":"","overlay-gradient":""},"mobile":{"background-color":"var(--ast-global-color-5)","background-image":"","background-repeat":"repeat","background-position":"center center","background-size":"auto","background-attachment":"scroll","background-type":"","background-media":"","overlay-type":"","overlay-color":"","overlay-opacity":"","overlay-gradient":""}},"footnotes":""},"class_list":["post-10737","page","type-page","status-publish","hentry"],"post_mailing_queue_ids":[],"_links":{"self":[{"href":"https:\/\/agora.xtec.cat\/insjoanguinjoan\/wp-json\/wp\/v2\/pages\/10737","targetHints":{"allow":["GET"]}}],"collection":[{"href":"https:\/\/agora.xtec.cat\/insjoanguinjoan\/wp-json\/wp\/v2\/pages"}],"about":[{"href":"https:\/\/agora.xtec.cat\/insjoanguinjoan\/wp-json\/wp\/v2\/types\/page"}],"author":[{"embeddable":true,"href":"https:\/\/agora.xtec.cat\/insjoanguinjoan\/wp-json\/wp\/v2\/users\/1"}],"replies":[{"embeddable":true,"href":"https:\/\/agora.xtec.cat\/insjoanguinjoan\/wp-json\/wp\/v2\/comments?post=10737"}],"version-history":[{"count":6,"href":"https:\/\/agora.xtec.cat\/insjoanguinjoan\/wp-json\/wp\/v2\/pages\/10737\/revisions"}],"predecessor-version":[{"id":10812,"href":"https:\/\/agora.xtec.cat\/insjoanguinjoan\/wp-json\/wp\/v2\/pages\/10737\/revisions\/10812"}],"wp:attachment":[{"href":"https:\/\/agora.xtec.cat\/insjoanguinjoan\/wp-json\/wp\/v2\/media?parent=10737"}],"curies":[{"name":"wp","href":"https:\/\/api.w.org\/{rel}","templated":true}]}}