{"id":10083,"date":"2025-10-08T13:57:20","date_gmt":"2025-10-08T11:57:20","guid":{"rendered":"https:\/\/agora.xtec.cat\/insjoanguinjoan\/?page_id=10083"},"modified":"2025-11-07T09:45:50","modified_gmt":"2025-11-07T08:45:50","slug":"impulsem-el-nostre-entorn-natural-i-cultural-3r-eso","status":"publish","type":"page","link":"https:\/\/agora.xtec.cat\/insjoanguinjoan\/projecte-educatiu\/projectes-de-centre-2\/impulsem-el-nostre-entorn-natural-i-cultural-3r-eso\/","title":{"rendered":"Impulsem el nostre entorn natural i cultural 3r ESO"},"content":{"rendered":"<table class=\" aligncenter\" style=\"width: 100%; border-collapse: collapse; background-color: #f7c574;\">\n<tbody>\n<tr>\n<td style=\"width: 33.3333%;\"><strong>\u00a0 \u00a0 \u00a0 \u00a0 \u00a0 \u00a0 \u00a0 \u00a0 \u00a0 \u00c0MBIT SOCIAL-TECNOL\u00d2GIC\u00a0<\/strong><\/td>\n<td style=\"width: 33.3333%; text-align: center;\"><strong>\u00c0MBIT CIENT\u00cdFIC &#8211; TECNOL\u00d2GIC<\/strong><\/td>\n<td style=\"width: 33.3333%;\"><strong>\u00a0 \u00a0 \u00a0 \u00a0 \u00a0 \u00a0 \u00a0 \u00a0 \u00a0 \u00a0 \u00a0 \u00a0 \u00a0 \u00a0 \u00a0 \u00a0 \u00a0\u00c0MBIT LING\u00dc\u00cdSTIC\u00a0<\/strong><\/td>\n<\/tr>\n<tr>\n<td style=\"width: 33.3333%;\">\n<ul>\n<li><span style=\"font-weight: 400;\">Con\u00e8ixer els oficis antics que es treballaven als vostres pobles, realitzant investigacions per a recuperar aquests oficis, per valorar la seva import\u00e0ncia dins del municipi. Els oficis antics m\u00e9s emblem\u00e0tics s\u00f3n el pag\u00e8s, el minador de mines d\u2019aigua, el botiguer del comer\u00e7 de proximitat, el forner, l\u2019hostaler a les Termes de Montbri\u00f3 i el treballador de la f\u00e0brica d\u2019agulles.<\/span><\/li>\n<li><span style=\"font-weight: 400;\">Crear una infografia per a explicar en qu\u00e8 consistien els diferents oficis, quines t\u00e8cniques s\u2019utilitzaven i amb quines eines es treballava.<\/span><\/li>\n<li><span style=\"font-weight: 400;\">Preparar una exposici\u00f3 juntament amb la infografia per presentar el projecte al poble.<\/span><\/li>\n<\/ul>\n<\/td>\n<td style=\"width: 33.3333%;\"><span style=\"font-weight: 400;\">Millora de l\u2019entorn natural proper apadrinant una zona de la poblaci\u00f3 i fer-ne difusi\u00f3 en una fira. Caldr\u00e0 identificar, analitzar i cercar solucions en l\u2019entorn proper.<\/span><\/p>\n<p><span style=\"font-weight: 400;\">L\u2019\u00e0mbit cient\u00edfic es divideix en :<\/span><\/p>\n<ul>\n<li><span style=\"font-weight: 400;\">Biologia i geologia: Estudiarem la biodiversitat de l\u2019entorn i els riscos geol\u00f2gics del municipi.<\/span><\/li>\n<li><span style=\"font-weight: 400;\">F\u00edsica i qu\u00edmica: Estudiarem el so, els efectes i causes de la contaminaci\u00f3 ac\u00fastica i de les possibles solucions per tal de millorar l\u2019entorn; Estudiarem l\u2019aire, els efectes i\u00a0 les causes de la contaminaci\u00f3 atmosf\u00e8rica i de les possibles solucions, per tal de millorar l\u2019entorn i estudiarem l\u2019aigua, on es valorar\u00e0 la import\u00e0ncia de l\u2019aigua en el planeta, el fer-ne un \u00fas racional, aix\u00ed com els efectes i les causes de la contaminaci\u00f3 de l\u2019aigua.\u00a0<\/span><\/li>\n<\/ul>\n<\/td>\n<td style=\"width: 33.3333%;\">\n<ul>\n<li>Coneixement del patrimoni cultural i hist\u00f2ric del vostre municipi: <span style=\"font-weight: 400;\">Realitzar investigacions sobre els indrets i espais emblem\u00e0tics, les tradicions i els esdeveniments que s\u2019hi celebren, per valorar la seva import\u00e0ncia dins del municipi i la comarca del Baix Camp.<\/span><\/li>\n<li>Creaci\u00f3 de diferents activitats per dinamitzar culturalment un espai del municip<span style=\"font-weight: 400;\">i i que permetin a l&#8217;alumnat de 6\u00e8 de prim\u00e0ria con\u00e8ixer la hist\u00f2ria i les curiositats del municipi de manera din\u00e0mica i divertida.<\/span><\/li>\n<li>Promocionar la cultura local entre les noves generacions<span style=\"font-weight: 400;\">: Creant un bookcrossing o passallibres per fomentar l\u2019h\u00e0bit de la lectura aprofitant els espais emblem\u00e0tics o verds del municipi.<\/span><\/li>\n<li>Preparar tota la difusi\u00f3 medi\u00e0tica<span style=\"font-weight: 400;\"> (cartells, v\u00eddeos promocionals) de la Jornada Educativa que es realitzar\u00e0 al juny per presentar els productes finals.<\/span><\/li>\n<\/ul>\n<\/td>\n<\/tr>\n<\/tbody>\n<\/table>\n<p>&nbsp;<\/p>\n<p style=\"text-align: center;\"><a href=\"https:\/\/agora.xtec.cat\/insjoanguinjoan\/wp-content\/uploads\/usu1332\/2025\/10\/Summer-tours-Instagram-Post-template-with-grid-for-5-photos.png\"><img loading=\"lazy\" decoding=\"async\" class=\"alignnone wp-image-10163\" src=\"https:\/\/agora.xtec.cat\/insjoanguinjoan\/wp-content\/uploads\/usu1332\/2025\/10\/Summer-tours-Instagram-Post-template-with-grid-for-5-photos-1024x1024.png\" alt=\"\" width=\"630\" height=\"630\" srcset=\"https:\/\/agora.xtec.cat\/insjoanguinjoan\/wp-content\/uploads\/usu1332\/2025\/10\/Summer-tours-Instagram-Post-template-with-grid-for-5-photos-1024x1024.png 1024w, https:\/\/agora.xtec.cat\/insjoanguinjoan\/wp-content\/uploads\/usu1332\/2025\/10\/Summer-tours-Instagram-Post-template-with-grid-for-5-photos-300x300.png 300w, https:\/\/agora.xtec.cat\/insjoanguinjoan\/wp-content\/uploads\/usu1332\/2025\/10\/Summer-tours-Instagram-Post-template-with-grid-for-5-photos-150x150.png 150w, https:\/\/agora.xtec.cat\/insjoanguinjoan\/wp-content\/uploads\/usu1332\/2025\/10\/Summer-tours-Instagram-Post-template-with-grid-for-5-photos-768x768.png 768w, https:\/\/agora.xtec.cat\/insjoanguinjoan\/wp-content\/uploads\/usu1332\/2025\/10\/Summer-tours-Instagram-Post-template-with-grid-for-5-photos.png 1080w\" sizes=\"auto, (max-width: 630px) 100vw, 630px\" \/><\/a><\/p>\n","protected":false},"excerpt":{"rendered":"<p>\u00a0 \u00a0 \u00a0 \u00a0 \u00a0 \u00a0 \u00a0 \u00a0 \u00a0 \u00c0MBIT SOCIAL-TECNOL\u00d2GIC\u00a0 \u00c0MBIT CIENT\u00cdFIC &#8211; TECNOL\u00d2GIC \u00a0 \u00a0 \u00a0 \u00a0 \u00a0 \u00a0 \u00a0 \u00a0 \u00a0 \u00a0 \u00a0 \u00a0 \u00a0 \u00a0 \u00a0 \u00a0 \u00a0\u00c0MBIT LING\u00dc\u00cdSTIC\u00a0 Con\u00e8ixer els oficis antics que es treballaven als vostres pobles, realitzant investigacions per a recuperar aquests oficis, per valorar la seva import\u00e0ncia [&hellip;]<\/p>\n","protected":false},"author":1,"featured_media":0,"parent":10093,"menu_order":0,"comment_status":"closed","ping_status":"closed","template":"page-templates\/side-menu.php","meta":{"_bbp_topic_count":0,"_bbp_reply_count":0,"_bbp_total_topic_count":0,"_bbp_total_reply_count":0,"_bbp_voice_count":0,"_bbp_anonymous_reply_count":0,"_bbp_topic_count_hidden":0,"_bbp_reply_count_hidden":0,"_bbp_forum_subforum_count":0,"site-sidebar-layout":"default","site-content-layout":"","ast-site-content-layout":"","site-content-style":"default","site-sidebar-style":"default","ast-global-header-display":"","ast-banner-title-visibility":"","ast-main-header-display":"","ast-hfb-above-header-display":"","ast-hfb-below-header-display":"","ast-hfb-mobile-header-display":"","site-post-title":"","ast-breadcrumbs-content":"","ast-featured-img":"","footer-sml-layout":"","theme-transparent-header-meta":"","adv-header-id-meta":"","stick-header-meta":"","header-above-stick-meta":"","header-main-stick-meta":"","header-below-stick-meta":"","astra-migrate-meta-layouts":"default","ast-page-background-enabled":"default","ast-page-background-meta":{"desktop":{"background-color":"var(--ast-global-color-4)","background-image":"","background-repeat":"repeat","background-position":"center center","background-size":"auto","background-attachment":"scroll","background-type":"","background-media":"","overlay-type":"","overlay-color":"","overlay-opacity":"","overlay-gradient":""},"tablet":{"background-color":"","background-image":"","background-repeat":"repeat","background-position":"center center","background-size":"auto","background-attachment":"scroll","background-type":"","background-media":"","overlay-type":"","overlay-color":"","overlay-opacity":"","overlay-gradient":""},"mobile":{"background-color":"","background-image":"","background-repeat":"repeat","background-position":"center center","background-size":"auto","background-attachment":"scroll","background-type":"","background-media":"","overlay-type":"","overlay-color":"","overlay-opacity":"","overlay-gradient":""}},"ast-content-background-meta":{"desktop":{"background-color":"var(--ast-global-color-5)","background-image":"","background-repeat":"repeat","background-position":"center center","background-size":"auto","background-attachment":"scroll","background-type":"","background-media":"","overlay-type":"","overlay-color":"","overlay-opacity":"","overlay-gradient":""},"tablet":{"background-color":"var(--ast-global-color-5)","background-image":"","background-repeat":"repeat","background-position":"center center","background-size":"auto","background-attachment":"scroll","background-type":"","background-media":"","overlay-type":"","overlay-color":"","overlay-opacity":"","overlay-gradient":""},"mobile":{"background-color":"var(--ast-global-color-5)","background-image":"","background-repeat":"repeat","background-position":"center center","background-size":"auto","background-attachment":"scroll","background-type":"","background-media":"","overlay-type":"","overlay-color":"","overlay-opacity":"","overlay-gradient":""}},"footnotes":""},"class_list":["post-10083","page","type-page","status-publish","hentry"],"post_mailing_queue_ids":[],"_links":{"self":[{"href":"https:\/\/agora.xtec.cat\/insjoanguinjoan\/wp-json\/wp\/v2\/pages\/10083","targetHints":{"allow":["GET"]}}],"collection":[{"href":"https:\/\/agora.xtec.cat\/insjoanguinjoan\/wp-json\/wp\/v2\/pages"}],"about":[{"href":"https:\/\/agora.xtec.cat\/insjoanguinjoan\/wp-json\/wp\/v2\/types\/page"}],"author":[{"embeddable":true,"href":"https:\/\/agora.xtec.cat\/insjoanguinjoan\/wp-json\/wp\/v2\/users\/1"}],"replies":[{"embeddable":true,"href":"https:\/\/agora.xtec.cat\/insjoanguinjoan\/wp-json\/wp\/v2\/comments?post=10083"}],"version-history":[{"count":6,"href":"https:\/\/agora.xtec.cat\/insjoanguinjoan\/wp-json\/wp\/v2\/pages\/10083\/revisions"}],"predecessor-version":[{"id":10169,"href":"https:\/\/agora.xtec.cat\/insjoanguinjoan\/wp-json\/wp\/v2\/pages\/10083\/revisions\/10169"}],"up":[{"embeddable":true,"href":"https:\/\/agora.xtec.cat\/insjoanguinjoan\/wp-json\/wp\/v2\/pages\/10093"}],"wp:attachment":[{"href":"https:\/\/agora.xtec.cat\/insjoanguinjoan\/wp-json\/wp\/v2\/media?parent=10083"}],"curies":[{"name":"wp","href":"https:\/\/api.w.org\/{rel}","templated":true}]}}