{"id":10079,"date":"2025-10-08T13:56:51","date_gmt":"2025-10-08T11:56:51","guid":{"rendered":"https:\/\/agora.xtec.cat\/insjoanguinjoan\/?page_id=10079"},"modified":"2025-12-04T07:56:10","modified_gmt":"2025-12-04T06:56:10","slug":"cursa-solidaria-1r-eso","status":"publish","type":"page","link":"https:\/\/agora.xtec.cat\/insjoanguinjoan\/projecte-educatiu\/projectes-de-centre-2\/cursa-solidaria-1r-eso\/","title":{"rendered":"Cursa solid\u00e0ria 1r ESO"},"content":{"rendered":"<h6><b>Descripci\u00f3 de l&#8217;activitat:<\/b><\/h6>\n<p style=\"text-align: left;\">Els alumnes de 1r curs de l&#8217;ESO del nostre centre, juntament amb un equip docent impulsor, organitza cada any la Cursa Solid\u00e0ria, oberta a tota\u00a0la poblaci\u00f3 dels municipis de refer\u00e8ncia.<\/p>\n<p style=\"text-align: left;\">Al llarg de tot el curs l&#8217;alumnat treballa les diverses activitats que requereix l&#8217;organitzaci\u00f3 d&#8217;una cursa, com \u00e9s el disseny del recorregut, la tria del logo i la mascota o la recerca d&#8217;empreses locals que els donen\u00a0suport. Els alumnes escullen l&#8217;entitat ben\u00e8fica destinat\u00e0ria dels fons recaptats a la cursa, que s&#8217;acostuma dur a terme un diumenge del mes de maig.<\/p>\n<h6 style=\"text-align: left;\"><\/h6>\n<h6 style=\"text-align: left;\"><b>Objectius del projecte:<\/b><\/h6>\n<p style=\"text-align: left;\">&#8211; Potenciar la cultura de l&#8217;esfor\u00e7 i la solidaritat envers els altres<\/p>\n<p style=\"text-align: left;\">&#8211; Recaptar diners per diferents causes solid\u00e0ries<\/p>\n<p style=\"text-align: left;\">&#8211; Aprendre a treballar en equip<\/p>\n<p style=\"text-align: left;\">&#8211; Impulsar h\u00e0bits\u00a0de vida saludable<\/p>\n<p style=\"text-align: left; padding-left: 40px;\">&#8211; Promoure l&#8217;activitat f\u00edsica<\/p>\n<div class=\"gf-col\">\n<div class=\"fem-challenge-img-wrapper\"><picture>\r\n\t<div class=\"slideshow_container slideshow_container_style-light\" style=\" \" data-slideshow-id=\"10222\" data-style-name=\"style-light\" data-style-version=\"2.3.1\" >\r\n\r\n\t\t\t\t\t<div class=\"slideshow_loading_icon\"><\/div>\r\n\t\t\r\n\t\t<div class=\"slideshow_content\" style=\"display: none;\">\r\n\r\n\t\t\t<div class=\"slideshow_view\">\r\n\t\t\t\t<div class=\"slideshow_slide slideshow_slide_image\">\r\n\t\t\t\t\t\t\t\t\t\t\t<img src=\"https:\/\/agora.xtec.cat\/insjoanguinjoan\/wp-content\/uploads\/usu1332\/2025\/10\/1-1.png\" alt=\"1\" width=\"873\" height=\"486\" \/>\r\n\t\t\t\t\t\t\t\t\t\t<div class=\"slideshow_description_box slideshow_transparent\">\r\n\t\t\t\t\t\t<div class=\"slideshow_title\">1<\/div>\t\t\t\t\t\t\t\t\t\t\t<\/div>\r\n\t\t\t\t<\/div>\r\n\r\n\t\t\t\t\t\t<div style=\"clear: both;\"><\/div><\/div><div class=\"slideshow_view\">\r\n\t\t\t\t<div class=\"slideshow_slide slideshow_slide_image\">\r\n\t\t\t\t\t\t\t\t\t\t\t<img src=\"https:\/\/agora.xtec.cat\/insjoanguinjoan\/wp-content\/uploads\/usu1332\/2025\/10\/2-2.png\" alt=\"2\" width=\"869\" height=\"481\" \/>\r\n\t\t\t\t\t\t\t\t\t\t<div class=\"slideshow_description_box slideshow_transparent\">\r\n\t\t\t\t\t\t<div class=\"slideshow_title\">2<\/div>\t\t\t\t\t\t\t\t\t\t\t<\/div>\r\n\t\t\t\t<\/div>\r\n\r\n\t\t\t\t\t\t<div style=\"clear: both;\"><\/div><\/div><div class=\"slideshow_view\">\r\n\t\t\t\t<div class=\"slideshow_slide slideshow_slide_image\">\r\n\t\t\t\t\t\t\t\t\t\t\t<img src=\"https:\/\/agora.xtec.cat\/insjoanguinjoan\/wp-content\/uploads\/usu1332\/2025\/10\/3-1.png\" alt=\"3\" width=\"872\" height=\"486\" \/>\r\n\t\t\t\t\t\t\t\t\t\t<div class=\"slideshow_description_box slideshow_transparent\">\r\n\t\t\t\t\t\t<div class=\"slideshow_title\">3<\/div>\t\t\t\t\t\t\t\t\t\t\t<\/div>\r\n\t\t\t\t<\/div>\r\n\r\n\t\t\t\t\t\t<div style=\"clear: both;\"><\/div><\/div><div class=\"slideshow_view\">\r\n\t\t\t\t<div class=\"slideshow_slide slideshow_slide_image\">\r\n\t\t\t\t\t\t\t\t\t\t\t<img src=\"https:\/\/agora.xtec.cat\/insjoanguinjoan\/wp-content\/uploads\/usu1332\/2025\/10\/4-1.png\" alt=\"4\" width=\"873\" height=\"487\" \/>\r\n\t\t\t\t\t\t\t\t\t\t<div class=\"slideshow_description_box slideshow_transparent\">\r\n\t\t\t\t\t\t<div class=\"slideshow_title\">4<\/div>\t\t\t\t\t\t\t\t\t\t\t<\/div>\r\n\t\t\t\t<\/div>\r\n\r\n\t\t\t\t\t\t<div style=\"clear: both;\"><\/div><\/div>\r\n\t\t<\/div>\r\n\r\n\t\t<div class=\"slideshow_controlPanel slideshow_transparent\" style=\"display: none;\"><ul><li class=\"slideshow_togglePlay\" data-play-text=\"Visualitza\" data-pause-text=\"Pausa\"><\/li><\/ul><\/div>\r\n\r\n\t\t<div class=\"slideshow_button slideshow_previous slideshow_transparent\" role=\"button\" data-previous-text=\"Anterior\" style=\"display: none;\"><\/div>\r\n\t\t<div class=\"slideshow_button slideshow_next slideshow_transparent\" role=\"button\" data-next-text=\"Seg\u00fcent\" style=\"display: none;\"><\/div>\r\n\r\n\t\t<div class=\"slideshow_pagination\" style=\"display: none;\" data-go-to-text=\"V\u00e9s a la diapositiva\"><div class=\"slideshow_pagination_center\"><\/div><\/div>\r\n\r\n\t\t<!-- WordPress Slideshow Version 2.3.1 -->\r\n\r\n\t\t\t<\/div>\r\n\r\n<\/picture><\/div>\n<div><\/div>\n<\/div>\n<div>\n<table style=\"height: 451px; width: 100%; border-collapse: collapse; border-style: none;\">\n<tbody>\n<tr style=\"height: 451px;\">\n<td style=\"width: 50%; height: 451px;\"><div style=\"width: 640px;\" class=\"wp-video\"><!--[if lt IE 9]><script>document.createElement('video');<\/script><![endif]-->\n<video class=\"wp-video-shortcode\" id=\"video-10079-1\" width=\"640\" height=\"360\" preload=\"metadata\" controls=\"controls\"><source type=\"video\/mp4\" src=\"https:\/\/agora.xtec.cat\/insjoanguinjoan\/wp-content\/uploads\/usu1332\/2025\/11\/videoplayback_78CUrCuY-1.mp4?_=1\" \/><a href=\"https:\/\/agora.xtec.cat\/insjoanguinjoan\/wp-content\/uploads\/usu1332\/2025\/11\/videoplayback_78CUrCuY-1.mp4\">https:\/\/agora.xtec.cat\/insjoanguinjoan\/wp-content\/uploads\/usu1332\/2025\/11\/videoplayback_78CUrCuY-1.mp4<\/a><\/video><\/div><\/p>\n<p>&nbsp;<\/td>\n<td style=\"width: 50%; height: 451px;\"><a href=\"https:\/\/reusdigital.cat\/noticies\/el-camp\/linstitut-joan-guinjoan-de-riudoms-organitza-una-cursa-solidaria-la-lluita-contra\"><img loading=\"lazy\" decoding=\"async\" class=\"wp-image-10273 aligncenter\" src=\"https:\/\/agora.xtec.cat\/insjoanguinjoan\/wp-content\/uploads\/usu1332\/2025\/11\/reus-di.png\" alt=\"\" width=\"616\" height=\"581\" srcset=\"https:\/\/agora.xtec.cat\/insjoanguinjoan\/wp-content\/uploads\/usu1332\/2025\/11\/reus-di.png 1005w, https:\/\/agora.xtec.cat\/insjoanguinjoan\/wp-content\/uploads\/usu1332\/2025\/11\/reus-di-300x283.png 300w, https:\/\/agora.xtec.cat\/insjoanguinjoan\/wp-content\/uploads\/usu1332\/2025\/11\/reus-di-768x724.png 768w\" sizes=\"auto, (max-width: 616px) 100vw, 616px\" \/><\/a><\/td>\n<\/tr>\n<\/tbody>\n<\/table>\n<\/div>\n<div><\/div>\n<table style=\"border-collapse: collapse; width: 100%;\">\n<tbody>\n<tr>\n<td style=\"width: 25%; text-align: center;\">\n<h2>2026<\/h2>\n<\/td>\n<td style=\"width: 25%; text-align: center;\">\n<h2><\/h2>\n<h2><a href=\"https:\/\/agora.xtec.cat\/insjoanguinjoan\/general\/cursa-solidaria-2025\/\">2025<\/a><\/h2>\n<p>&nbsp;<\/p>\n<p><a href=\"https:\/\/agora.xtec.cat\/insjoanguinjoan\/general\/cursa-solidaria-2025\/\"><img loading=\"lazy\" decoding=\"async\" class=\"alignnone wp-image-10246\" src=\"https:\/\/agora.xtec.cat\/insjoanguinjoan\/wp-content\/uploads\/usu1332\/2025\/11\/Logo-i-eslogan-1024x478.png\" alt=\"\" width=\"685\" height=\"320\" srcset=\"https:\/\/agora.xtec.cat\/insjoanguinjoan\/wp-content\/uploads\/usu1332\/2025\/11\/Logo-i-eslogan-1024x478.png 1024w, https:\/\/agora.xtec.cat\/insjoanguinjoan\/wp-content\/uploads\/usu1332\/2025\/11\/Logo-i-eslogan-300x140.png 300w, https:\/\/agora.xtec.cat\/insjoanguinjoan\/wp-content\/uploads\/usu1332\/2025\/11\/Logo-i-eslogan-768x359.png 768w, https:\/\/agora.xtec.cat\/insjoanguinjoan\/wp-content\/uploads\/usu1332\/2025\/11\/Logo-i-eslogan.png 1494w\" sizes=\"auto, (max-width: 685px) 100vw, 685px\" \/><\/a><\/p>\n<p>&nbsp;<\/p>\n<p>&nbsp;<\/p>\n<p>&nbsp;<\/td>\n<td style=\"width: 25%; text-align: center;\">\n<h2><a href=\"https:\/\/agora.xtec.cat\/insjoanguinjoan\/general\/cursa-solidaria-3\/\">2024<\/a><\/h2>\n<p><a href=\"https:\/\/agora.xtec.cat\/insjoanguinjoan\/general\/cursa-solidaria-3\/\"><img loading=\"lazy\" decoding=\"async\" class=\"alignnone wp-image-10243\" src=\"https:\/\/agora.xtec.cat\/insjoanguinjoan\/wp-content\/uploads\/usu1332\/2025\/11\/2024-1.png\" alt=\"\" width=\"385\" height=\"412\" srcset=\"https:\/\/agora.xtec.cat\/insjoanguinjoan\/wp-content\/uploads\/usu1332\/2025\/11\/2024-1.png 712w, https:\/\/agora.xtec.cat\/insjoanguinjoan\/wp-content\/uploads\/usu1332\/2025\/11\/2024-1-281x300.png 281w\" sizes=\"auto, (max-width: 385px) 100vw, 385px\" \/><\/a><\/td>\n<td style=\"width: 25%; text-align: center;\">\n<h2><a href=\"https:\/\/agora.xtec.cat\/insjoanguinjoan\/general\/cursa-solidaria-2\/\">2023<\/a><\/h2>\n<p><a href=\"https:\/\/agora.xtec.cat\/insjoanguinjoan\/general\/cursa-solidaria-2\/\"><img loading=\"lazy\" decoding=\"async\" class=\"alignnone size-full wp-image-10242\" src=\"https:\/\/agora.xtec.cat\/insjoanguinjoan\/wp-content\/uploads\/usu1332\/2025\/11\/2023.png\" alt=\"\" width=\"496\" height=\"498\" srcset=\"https:\/\/agora.xtec.cat\/insjoanguinjoan\/wp-content\/uploads\/usu1332\/2025\/11\/2023.png 496w, https:\/\/agora.xtec.cat\/insjoanguinjoan\/wp-content\/uploads\/usu1332\/2025\/11\/2023-300x300.png 300w, https:\/\/agora.xtec.cat\/insjoanguinjoan\/wp-content\/uploads\/usu1332\/2025\/11\/2023-150x150.png 150w\" sizes=\"auto, (max-width: 496px) 100vw, 496px\" \/><\/a><\/td>\n<\/tr>\n<\/tbody>\n<\/table>\n<div>\n<p>&nbsp;<\/p>\n<\/div>\n<div class=\"gf-col\"><\/div>\n<div><\/div>\n<h2 style=\"text-align: center;\">ARTICLES CURS 25-26<\/h2>\n<div class=\"gf-col\">\n<p>\u200b<\/p>\n<table style=\"border-collapse: collapse; width: 100%;\">\n<tbody>\n<tr>\n<td style=\"width: 33.3333%;\"><\/td>\n<td style=\"width: 33.3333%;\"><a href=\"https:\/\/agora.xtec.cat\/insjoanguinjoan\/general\/xerrada-associacio-espanyola-de-la-sindrome-dyrk1a\/\"><img loading=\"lazy\" decoding=\"async\" class=\"wp-image-10331 aligncenter\" src=\"https:\/\/agora.xtec.cat\/insjoanguinjoan\/wp-content\/uploads\/usu1332\/2025\/12\/dick.png\" alt=\"\" width=\"549\" height=\"425\" srcset=\"https:\/\/agora.xtec.cat\/insjoanguinjoan\/wp-content\/uploads\/usu1332\/2025\/12\/dick.png 853w, https:\/\/agora.xtec.cat\/insjoanguinjoan\/wp-content\/uploads\/usu1332\/2025\/12\/dick-300x232.png 300w, https:\/\/agora.xtec.cat\/insjoanguinjoan\/wp-content\/uploads\/usu1332\/2025\/12\/dick-768x593.png 768w\" sizes=\"auto, (max-width: 549px) 100vw, 549px\" \/><\/a><\/td>\n<td style=\"width: 33.3333%;\"><a href=\"https:\/\/agora.xtec.cat\/insjoanguinjoan\/general\/xerrada-caritas-riudoms-1r-eso\/\"><img loading=\"lazy\" decoding=\"async\" class=\"wp-image-10304 aligncenter\" src=\"https:\/\/agora.xtec.cat\/insjoanguinjoan\/wp-content\/uploads\/usu1332\/2025\/11\/caritas.png\" alt=\"\" width=\"665\" height=\"410\" srcset=\"https:\/\/agora.xtec.cat\/insjoanguinjoan\/wp-content\/uploads\/usu1332\/2025\/11\/caritas.png 851w, https:\/\/agora.xtec.cat\/insjoanguinjoan\/wp-content\/uploads\/usu1332\/2025\/11\/caritas-300x185.png 300w, https:\/\/agora.xtec.cat\/insjoanguinjoan\/wp-content\/uploads\/usu1332\/2025\/11\/caritas-768x474.png 768w\" sizes=\"auto, (max-width: 665px) 100vw, 665px\" \/><\/a><\/td>\n<\/tr>\n<tr>\n<td style=\"width: 33.3333%;\"><a href=\"https:\/\/agora.xtec.cat\/insjoanguinjoan\/general\/xerrada-amics-de-rwanda\/\"><img loading=\"lazy\" decoding=\"async\" class=\"alignnone wp-image-10293 size-full\" src=\"https:\/\/agora.xtec.cat\/insjoanguinjoan\/wp-content\/uploads\/usu1332\/2025\/11\/rwanda.png\" alt=\"\" width=\"869\" height=\"836\" srcset=\"https:\/\/agora.xtec.cat\/insjoanguinjoan\/wp-content\/uploads\/usu1332\/2025\/11\/rwanda.png 869w, https:\/\/agora.xtec.cat\/insjoanguinjoan\/wp-content\/uploads\/usu1332\/2025\/11\/rwanda-300x289.png 300w, https:\/\/agora.xtec.cat\/insjoanguinjoan\/wp-content\/uploads\/usu1332\/2025\/11\/rwanda-768x739.png 768w\" sizes=\"auto, (max-width: 869px) 100vw, 869px\" \/><\/a><\/td>\n<td style=\"width: 33.3333%;\"><a href=\"https:\/\/agora.xtec.cat\/insjoanguinjoan\/general\/xerrada-fem-projecte-1r-eso\/\"><img loading=\"lazy\" decoding=\"async\" class=\"alignnone size-large wp-image-10207\" src=\"https:\/\/agora.xtec.cat\/insjoanguinjoan\/wp-content\/uploads\/usu1332\/2025\/10\/projecte-1-1-1024x587.png\" alt=\"\" width=\"1024\" height=\"587\" srcset=\"https:\/\/agora.xtec.cat\/insjoanguinjoan\/wp-content\/uploads\/usu1332\/2025\/10\/projecte-1-1-1024x587.png 1024w, https:\/\/agora.xtec.cat\/insjoanguinjoan\/wp-content\/uploads\/usu1332\/2025\/10\/projecte-1-1-300x172.png 300w, https:\/\/agora.xtec.cat\/insjoanguinjoan\/wp-content\/uploads\/usu1332\/2025\/10\/projecte-1-1-768x440.png 768w, https:\/\/agora.xtec.cat\/insjoanguinjoan\/wp-content\/uploads\/usu1332\/2025\/10\/projecte-1-1.png 1151w\" sizes=\"auto, (max-width: 1024px) 100vw, 1024px\" \/><\/a><\/p>\n<p>&nbsp;<\/td>\n<td style=\"width: 33.3333%;\"><a href=\"https:\/\/agora.xtec.cat\/insjoanguinjoan\/general\/xerrada-espaigr\/\"><img loading=\"lazy\" decoding=\"async\" class=\"alignnone wp-image-10171 size-large\" src=\"https:\/\/agora.xtec.cat\/insjoanguinjoan\/wp-content\/uploads\/usu1332\/2025\/10\/Screenshot_20251022-104356-1024x737.png\" alt=\"\" width=\"1024\" height=\"737\" srcset=\"https:\/\/agora.xtec.cat\/insjoanguinjoan\/wp-content\/uploads\/usu1332\/2025\/10\/Screenshot_20251022-104356-1024x737.png 1024w, https:\/\/agora.xtec.cat\/insjoanguinjoan\/wp-content\/uploads\/usu1332\/2025\/10\/Screenshot_20251022-104356-300x216.png 300w, https:\/\/agora.xtec.cat\/insjoanguinjoan\/wp-content\/uploads\/usu1332\/2025\/10\/Screenshot_20251022-104356-768x553.png 768w, https:\/\/agora.xtec.cat\/insjoanguinjoan\/wp-content\/uploads\/usu1332\/2025\/10\/Screenshot_20251022-104356-1536x1106.png 1536w\" sizes=\"auto, (max-width: 1024px) 100vw, 1024px\" \/><\/a><\/td>\n<\/tr>\n<\/tbody>\n<\/table>\n<\/div>\n","protected":false},"excerpt":{"rendered":"<p>Descripci\u00f3 de l&#8217;activitat: Els alumnes de 1r curs de l&#8217;ESO del nostre centre, juntament amb un equip docent impulsor, organitza cada any la Cursa Solid\u00e0ria, oberta a tota\u00a0la poblaci\u00f3 dels municipis de refer\u00e8ncia. Al llarg de tot el curs l&#8217;alumnat treballa les diverses activitats que requereix l&#8217;organitzaci\u00f3 d&#8217;una cursa, com \u00e9s el disseny del recorregut, [&hellip;]<\/p>\n","protected":false},"author":1,"featured_media":0,"parent":10093,"menu_order":0,"comment_status":"closed","ping_status":"closed","template":"page-templates\/side-menu.php","meta":{"_bbp_topic_count":0,"_bbp_reply_count":0,"_bbp_total_topic_count":0,"_bbp_total_reply_count":0,"_bbp_voice_count":0,"_bbp_anonymous_reply_count":0,"_bbp_topic_count_hidden":0,"_bbp_reply_count_hidden":0,"_bbp_forum_subforum_count":0,"site-sidebar-layout":"default","site-content-layout":"","ast-site-content-layout":"","site-content-style":"default","site-sidebar-style":"default","ast-global-header-display":"","ast-banner-title-visibility":"","ast-main-header-display":"","ast-hfb-above-header-display":"","ast-hfb-below-header-display":"","ast-hfb-mobile-header-display":"","site-post-title":"","ast-breadcrumbs-content":"","ast-featured-img":"","footer-sml-layout":"","theme-transparent-header-meta":"","adv-header-id-meta":"","stick-header-meta":"","header-above-stick-meta":"","header-main-stick-meta":"","header-below-stick-meta":"","astra-migrate-meta-layouts":"default","ast-page-background-enabled":"default","ast-page-background-meta":{"desktop":{"background-color":"var(--ast-global-color-4)","background-image":"","background-repeat":"repeat","background-position":"center center","background-size":"auto","background-attachment":"scroll","background-type":"","background-media":"","overlay-type":"","overlay-color":"","overlay-opacity":"","overlay-gradient":""},"tablet":{"background-color":"","background-image":"","background-repeat":"repeat","background-position":"center center","background-size":"auto","background-attachment":"scroll","background-type":"","background-media":"","overlay-type":"","overlay-color":"","overlay-opacity":"","overlay-gradient":""},"mobile":{"background-color":"","background-image":"","background-repeat":"repeat","background-position":"center center","background-size":"auto","background-attachment":"scroll","background-type":"","background-media":"","overlay-type":"","overlay-color":"","overlay-opacity":"","overlay-gradient":""}},"ast-content-background-meta":{"desktop":{"background-color":"var(--ast-global-color-5)","background-image":"","background-repeat":"repeat","background-position":"center center","background-size":"auto","background-attachment":"scroll","background-type":"","background-media":"","overlay-type":"","overlay-color":"","overlay-opacity":"","overlay-gradient":""},"tablet":{"background-color":"var(--ast-global-color-5)","background-image":"","background-repeat":"repeat","background-position":"center center","background-size":"auto","background-attachment":"scroll","background-type":"","background-media":"","overlay-type":"","overlay-color":"","overlay-opacity":"","overlay-gradient":""},"mobile":{"background-color":"var(--ast-global-color-5)","background-image":"","background-repeat":"repeat","background-position":"center center","background-size":"auto","background-attachment":"scroll","background-type":"","background-media":"","overlay-type":"","overlay-color":"","overlay-opacity":"","overlay-gradient":""}},"footnotes":""},"class_list":["post-10079","page","type-page","status-publish","hentry"],"post_mailing_queue_ids":[],"_links":{"self":[{"href":"https:\/\/agora.xtec.cat\/insjoanguinjoan\/wp-json\/wp\/v2\/pages\/10079","targetHints":{"allow":["GET"]}}],"collection":[{"href":"https:\/\/agora.xtec.cat\/insjoanguinjoan\/wp-json\/wp\/v2\/pages"}],"about":[{"href":"https:\/\/agora.xtec.cat\/insjoanguinjoan\/wp-json\/wp\/v2\/types\/page"}],"author":[{"embeddable":true,"href":"https:\/\/agora.xtec.cat\/insjoanguinjoan\/wp-json\/wp\/v2\/users\/1"}],"replies":[{"embeddable":true,"href":"https:\/\/agora.xtec.cat\/insjoanguinjoan\/wp-json\/wp\/v2\/comments?post=10079"}],"version-history":[{"count":7,"href":"https:\/\/agora.xtec.cat\/insjoanguinjoan\/wp-json\/wp\/v2\/pages\/10079\/revisions"}],"predecessor-version":[{"id":10334,"href":"https:\/\/agora.xtec.cat\/insjoanguinjoan\/wp-json\/wp\/v2\/pages\/10079\/revisions\/10334"}],"up":[{"embeddable":true,"href":"https:\/\/agora.xtec.cat\/insjoanguinjoan\/wp-json\/wp\/v2\/pages\/10093"}],"wp:attachment":[{"href":"https:\/\/agora.xtec.cat\/insjoanguinjoan\/wp-json\/wp\/v2\/media?parent=10079"}],"curies":[{"name":"wp","href":"https:\/\/api.w.org\/{rel}","templated":true}]}}