{"id":21,"date":"2014-09-17T16:14:14","date_gmt":"2014-09-17T15:14:14","guid":{"rendered":"http:\/\/agora.xtec.cat\/insjoandaustria\/?page_id=21"},"modified":"2016-02-01T10:28:40","modified_gmt":"2016-02-01T09:28:40","slug":"on-som","status":"publish","type":"page","link":"https:\/\/agora.xtec.cat\/insjoandaustria\/linstitut\/on-som\/","title":{"rendered":"On som"},"content":{"rendered":"<div>\n<div style=\"min-width: 300px; width: 50%; float: left; padding: 2px;\">\n<p style=\"color: #666666;\"><strong>Institut Joan d&#8217;\u00c0ustria<\/strong><br \/>\nCarrer Selva de Mar, 211<br \/>\n08020 Barcelona<\/p>\n<p style=\"color: #666666;\"><em>Codi de centre<\/em>: 08013101<\/p>\n<p><strong>Com arribar-hi:<br \/>\n<\/strong><\/p>\n<ul>\n<li>Amb metro: Estaci\u00f3 Bac de Roda \/ Sant Mart\u00ed de la l\u00ednia 2<\/li>\n<li>Amb tren: Estaci\u00f3 Clot i enlla\u00e7 amb la l\u00ednia 2<\/li>\n<li>Amb bus: L\u00ednies H10, H12, 33, 60, 40 i 42<\/li>\n<\/ul>\n<\/div>\n<div style=\"min-width: 300px; width: 50%; float: left; padding: 2px;\">\n<iframe loading=\"lazy\" style=\"border: 0;\" src=\"https:\/\/www.google.com\/maps\/embed?pb=!1m18!1m12!1m3!1d2992.044392652772!2d2.1991241000000104!3d41.41655500000001!2m3!1f0!2f0!3f0!3m2!1i1024!2i768!4f13.1!3m3!1m2!1s0x12a4a3338c69ca01%3A0x7234251d098894ee!2sCarrer+de+la+Selva+de+Mar%2C+211%2C+08020+Barcelona!5e0!3m2!1ses!2ses!4v1424882296566\" width=\"100%\" height=\"450\" frameborder=\"0\"><\/iframe>\n<\/div>\n","protected":false},"excerpt":{"rendered":"<p>Institut Joan d&#8217;\u00c0ustria<br \/>\nCarrer Selva de Mar, 211<br \/>\n08020 Barcelona<br \/>\nCodi de centre: 08013101<br \/>\nCom arribar-hi:<\/p>\n<ul>\n<li>Amb metro: Estaci\u00f3 Bac de Roda \/ Sant Mart\u00ed de la l\u00ednia 2<\/li>\n<li>Amb tren: Estaci\u00f3 Clot i enlla\u00e7 amb la l\u00ednia 2<\/li>\n<li>Amb bus: L\u00ednies H10, H12, 33, 60, 40 i 42<\/li>\n<\/ul>\n","protected":false},"author":1,"featured_media":0,"parent":19,"menu_order":10,"comment_status":"closed","ping_status":"closed","template":"page-templates\/side-menu.php","meta":{"_bbp_topic_count":0,"_bbp_reply_count":0,"_bbp_total_topic_count":0,"_bbp_total_reply_count":0,"_bbp_voice_count":0,"_bbp_anonymous_reply_count":0,"_bbp_topic_count_hidden":0,"_bbp_reply_count_hidden":0,"_bbp_forum_subforum_count":0,"footnotes":""},"class_list":["post-21","page","type-page","status-publish","hentry"],"post_mailing_queue_ids":[],"_links":{"self":[{"href":"https:\/\/agora.xtec.cat\/insjoandaustria\/wp-json\/wp\/v2\/pages\/21","targetHints":{"allow":["GET"]}}],"collection":[{"href":"https:\/\/agora.xtec.cat\/insjoandaustria\/wp-json\/wp\/v2\/pages"}],"about":[{"href":"https:\/\/agora.xtec.cat\/insjoandaustria\/wp-json\/wp\/v2\/types\/page"}],"author":[{"embeddable":true,"href":"https:\/\/agora.xtec.cat\/insjoandaustria\/wp-json\/wp\/v2\/users\/1"}],"replies":[{"embeddable":true,"href":"https:\/\/agora.xtec.cat\/insjoandaustria\/wp-json\/wp\/v2\/comments?post=21"}],"version-history":[{"count":3,"href":"https:\/\/agora.xtec.cat\/insjoandaustria\/wp-json\/wp\/v2\/pages\/21\/revisions"}],"predecessor-version":[{"id":1520,"href":"https:\/\/agora.xtec.cat\/insjoandaustria\/wp-json\/wp\/v2\/pages\/21\/revisions\/1520"}],"up":[{"embeddable":true,"href":"https:\/\/agora.xtec.cat\/insjoandaustria\/wp-json\/wp\/v2\/pages\/19"}],"wp:attachment":[{"href":"https:\/\/agora.xtec.cat\/insjoandaustria\/wp-json\/wp\/v2\/media?parent=21"}],"curies":[{"name":"wp","href":"https:\/\/api.w.org\/{rel}","templated":true}]}}