{"id":9639,"date":"2026-01-30T13:54:42","date_gmt":"2026-01-30T12:54:42","guid":{"rendered":"https:\/\/agora.xtec.cat\/insjaumebotey\/?page_id=9639"},"modified":"2026-02-19T10:22:11","modified_gmt":"2026-02-19T09:22:11","slug":"proves-per-lobtencio-del-graduat-en-eso","status":"publish","type":"page","link":"https:\/\/agora.xtec.cat\/insjaumebotey\/estudis\/proves-per-lobtencio-del-graduat-en-eso\/","title":{"rendered":"Proves per l&#8217;obtenci\u00f3 del graduat en ESO"},"content":{"rendered":"<p data-start=\"90\" data-end=\"283\">L\u2019alumnat que no hagi obtingut el t\u00edtol de Graduat\/ada en Educaci\u00f3 Secund\u00e0ria Obligat\u00f2ria en finalitzar l&#8217;etapa es pot presentar a la prova que els centres organitzen durant el mes de mar\u00e7.<\/p>\n<p data-start=\"285\" data-end=\"356\">Aquesta prova permet obtenir el t\u00edtol i continuar l\u2019itinerari formatiu.<\/p>\n<p data-start=\"358\" data-end=\"436\">M\u00e9s informaci\u00f3 sobre requisits i inscripci\u00f3 al web del Departament d\u2019Educaci\u00f3:<\/p>\n<p data-start=\"438\" data-end=\"511\">\ud83d\udc49<a href=\"https:\/\/educacio.gencat.cat\/ca\/serveis-tramits\/proves\/proves-lliures-obtencio-titols\/obtencio-titol-eso\/index.html\">https:\/\/educacio.gencat.cat\/ca\/serveis-tramits\/proves\/proves-lliures-obtencio-titols\/obtencio-titol-eso\/index.html<\/a><\/p>\n<p data-start=\"438\" data-end=\"511\">A la taula seg\u00fcent es poden consultar els curr\u00edculums de les diferents mat\u00e8ries de 4t d\u2019ESO.<\/p>\n<table style=\"border-collapse: collapse; width: 61.6711%; height: 352px;\">\n<tbody>\n<tr style=\"height: 32px;\">\n<td style=\"width: 26.5976%; height: 32px;\"><strong>Mat\u00e8ries comunes<\/strong><\/td>\n<td style=\"width: 35.0746%; height: 32px;\"><strong>Mat\u00e8ries optatives<\/strong><\/td>\n<\/tr>\n<tr style=\"height: 32px;\">\n<td style=\"width: 26.5976%; height: 32px;\"><a href=\"https:\/\/sites.google.com\/xtec.cat\/curriculumbasica\/educaci%C3%B3-b%C3%A0sica\/annex-3-mat%C3%A8ries-deducaci%C3%B3-secund%C3%A0ria-obligat%C3%B2ria\/llengua-castellana-i-literatura-llengua-catalana-i-literatura-aran%C3%A8s-i-li?authuser=0\">Llengua Catalana i Literatura<\/a><\/td>\n<td style=\"width: 35.0746%; height: 32px;\"><a href=\"https:\/\/sites.google.com\/xtec.cat\/curriculumbasica\/educaci%C3%B3-b%C3%A0sica\/annex-3-mat%C3%A8ries-deducaci%C3%B3-secund%C3%A0ria-obligat%C3%B2ria\/arts-esc%C3%A8niques-i-dansa?authuser=0\">Arts Esc\u00e8niques i Dansa<\/a><\/td>\n<\/tr>\n<tr style=\"height: 32px;\">\n<td style=\"width: 26.5976%; height: 32px;\"><a href=\"https:\/\/sites.google.com\/xtec.cat\/curriculumbasica\/educaci%C3%B3-b%C3%A0sica\/annex-3-mat%C3%A8ries-deducaci%C3%B3-secund%C3%A0ria-obligat%C3%B2ria\/llengua-castellana-i-literatura-llengua-catalana-i-literatura-aran%C3%A8s-i-li?authuser=0\">Llengua Castellana i Literatura<\/a><\/td>\n<td style=\"width: 35.0746%; height: 32px;\"><a href=\"https:\/\/sites.google.com\/xtec.cat\/curriculumbasica\/educaci%C3%B3-b%C3%A0sica\/annex-3-mat%C3%A8ries-deducaci%C3%B3-secund%C3%A0ria-obligat%C3%B2ria\/biologia-i-geologia?authuser=0\">Biologia i Geologia<\/a><\/td>\n<\/tr>\n<tr style=\"height: 32px;\">\n<td style=\"width: 26.5976%; height: 32px;\"><a href=\"https:\/\/sites.google.com\/xtec.cat\/curriculumbasica\/educaci%C3%B3-b%C3%A0sica\/annex-3-mat%C3%A8ries-deducaci%C3%B3-secund%C3%A0ria-obligat%C3%B2ria\/ci%C3%A8ncies-socials-geografia-i-hist%C3%B3ria?authuser=0\">Ci\u00e8ncies Socials: Geografia i Hist\u00f2ria<\/a><\/td>\n<td style=\"width: 35.0746%; height: 32px;\"><a href=\"https:\/\/sites.google.com\/xtec.cat\/curriculumbasica\/educaci%C3%B3-b%C3%A0sica\/annex-3-mat%C3%A8ries-deducaci%C3%B3-secund%C3%A0ria-obligat%C3%B2ria\/digitalitzaci%C3%B3?authuser=0\">Digitalitzaci\u00f3<\/a><\/td>\n<\/tr>\n<tr style=\"height: 32px;\">\n<td style=\"width: 26.5976%; height: 32px;\"><a href=\"https:\/\/sites.google.com\/xtec.cat\/curriculumbasica\/educaci%C3%B3-b%C3%A0sica\/annex-3-mat%C3%A8ries-deducaci%C3%B3-secund%C3%A0ria-obligat%C3%B2ria\/matem%C3%A0tiques-eso?authuser=0\">Matem\u00e0tiques<\/a><\/td>\n<td style=\"width: 35.0746%; height: 32px;\"><a href=\"https:\/\/sites.google.com\/xtec.cat\/curriculumbasica\/educaci%C3%B3-b%C3%A0sica\/annex-3-mat%C3%A8ries-deducaci%C3%B3-secund%C3%A0ria-obligat%C3%B2ria\/emprenedoria-opt-4t?authuser=0\">Emprenedoria<\/a><\/td>\n<\/tr>\n<tr style=\"height: 32px;\">\n<td style=\"width: 26.5976%; height: 32px;\"><a href=\"https:\/\/sites.google.com\/xtec.cat\/curriculumbasica\/educaci%C3%B3-b%C3%A0sica\/annex-3-mat%C3%A8ries-deducaci%C3%B3-secund%C3%A0ria-obligat%C3%B2ria\/llengua-estrangera-eso?authuser=0\">Llengua Estrangera<\/a><\/td>\n<td style=\"width: 35.0746%; height: 32px;\"><a href=\"https:\/\/sites.google.com\/xtec.cat\/curriculumbasica\/educaci%C3%B3-b%C3%A0sica\/annex-3-mat%C3%A8ries-deducaci%C3%B3-secund%C3%A0ria-obligat%C3%B2ria\/f%C3%ADsica-i-qu%C3%ADmica?authuser=0\">F\u00edsica i Qu\u00edmica<\/a><\/td>\n<\/tr>\n<tr style=\"height: 32px;\">\n<td style=\"width: 26.5976%; height: 32px;\"><a href=\"https:\/\/sites.google.com\/xtec.cat\/curriculumbasica\/educaci%C3%B3-b%C3%A0sica\/annex-3-mat%C3%A8ries-deducaci%C3%B3-secund%C3%A0ria-obligat%C3%B2ria\/educaci%C3%B3-f%C3%ADsica-eso?authuser=0\">Educaci\u00f3 F\u00edsica<\/a><\/td>\n<td style=\"width: 35.0746%; height: 32px;\"><a href=\"https:\/\/sites.google.com\/xtec.cat\/curriculumbasica\/educaci%C3%B3-b%C3%A0sica\/annex-3-mat%C3%A8ries-deducaci%C3%B3-secund%C3%A0ria-obligat%C3%B2ria\/formaci%C3%B3-i-orientaci%C3%B3-personal-i-professional?authuser=0\">Formaci\u00f3 i Orientaci\u00f3 Laboral i Professional<\/a><\/td>\n<\/tr>\n<tr style=\"height: 32px;\">\n<td style=\"width: 26.5976%; height: 32px;\"><\/td>\n<td style=\"width: 35.0746%; height: 32px;\"><a href=\"https:\/\/sites.google.com\/xtec.cat\/curriculumbasica\/educaci%C3%B3-b%C3%A0sica\/annex-3-mat%C3%A8ries-deducaci%C3%B3-secund%C3%A0ria-obligat%C3%B2ria\/llat%C3%AD-llengua-i-cultura?authuser=0\">Llat\u00ed: Llengua i Cultura<\/a><\/td>\n<\/tr>\n<tr style=\"height: 32px;\">\n<td style=\"width: 26.5976%; height: 32px;\"><\/td>\n<td style=\"width: 35.0746%; height: 32px;\"><a href=\"https:\/\/sites.google.com\/xtec.cat\/curriculumbasica\/educaci%C3%B3-b%C3%A0sica\/annex-3-mat%C3%A8ries-deducaci%C3%B3-secund%C3%A0ria-obligat%C3%B2ria\/segona-llengua-estrangera-eso?authuser=0\">Segona llengua estrangera: Franc\u00e8s<\/a><\/td>\n<\/tr>\n<tr style=\"height: 32px;\">\n<td style=\"width: 26.5976%; height: 32px;\"><\/td>\n<td style=\"width: 35.0746%; height: 32px;\"><a href=\"https:\/\/sites.google.com\/xtec.cat\/curriculumbasica\/educaci%C3%B3-b%C3%A0sica\/annex-3-mat%C3%A8ries-deducaci%C3%B3-secund%C3%A0ria-obligat%C3%B2ria\/tecnologia?authuser=0\">Tecnologia<\/a><\/td>\n<\/tr>\n<\/tbody>\n<\/table>\n<p>Si teniu qualsevol dubte o voleu ampliar la informaci\u00f3, podeu contactar amb la secretaria de l\u2019Institut.<\/p>\n","protected":false},"excerpt":{"rendered":"<p>L\u2019alumnat que no hagi obtingut el t\u00edtol de Graduat\/ada en Educaci\u00f3 Secund\u00e0ria Obligat\u00f2ria en finalitzar l&#8217;etapa es pot presentar a la prova que els centres organitzen durant el mes de mar\u00e7. Aquesta prova permet obtenir el t\u00edtol i continuar l\u2019itinerari formatiu. M\u00e9s informaci\u00f3 sobre requisits i inscripci\u00f3 al web del Departament d\u2019Educaci\u00f3: \ud83d\udc49https:\/\/educacio.gencat.cat\/ca\/serveis-tramits\/proves\/proves-lliures-obtencio-titols\/obtencio-titol-eso\/index.html A la [&hellip;]<\/p>\n","protected":false},"author":6,"featured_media":0,"parent":195,"menu_order":0,"comment_status":"closed","ping_status":"closed","template":"","meta":{"_bbp_topic_count":0,"_bbp_reply_count":0,"_bbp_total_topic_count":0,"_bbp_total_reply_count":0,"_bbp_voice_count":0,"_bbp_anonymous_reply_count":0,"_bbp_topic_count_hidden":0,"_bbp_reply_count_hidden":0,"_bbp_forum_subforum_count":0,"site-sidebar-layout":"default","site-content-layout":"","ast-site-content-layout":"","site-content-style":"default","site-sidebar-style":"default","ast-global-header-display":"","ast-banner-title-visibility":"","ast-main-header-display":"","ast-hfb-above-header-display":"","ast-hfb-below-header-display":"","ast-hfb-mobile-header-display":"","site-post-title":"","ast-breadcrumbs-content":"","ast-featured-img":"","footer-sml-layout":"","theme-transparent-header-meta":"","adv-header-id-meta":"","stick-header-meta":"","header-above-stick-meta":"","header-main-stick-meta":"","header-below-stick-meta":"","astra-migrate-meta-layouts":"default","ast-page-background-enabled":"default","ast-page-background-meta":{"desktop":{"background-color":"var(--ast-global-color-4)","background-image":"","background-repeat":"repeat","background-position":"center center","background-size":"auto","background-attachment":"scroll","background-type":"","background-media":"","overlay-type":"","overlay-color":"","overlay-opacity":"","overlay-gradient":""},"tablet":{"background-color":"","background-image":"","background-repeat":"repeat","background-position":"center center","background-size":"auto","background-attachment":"scroll","background-type":"","background-media":"","overlay-type":"","overlay-color":"","overlay-opacity":"","overlay-gradient":""},"mobile":{"background-color":"","background-image":"","background-repeat":"repeat","background-position":"center center","background-size":"auto","background-attachment":"scroll","background-type":"","background-media":"","overlay-type":"","overlay-color":"","overlay-opacity":"","overlay-gradient":""}},"ast-content-background-meta":{"desktop":{"background-color":"var(--ast-global-color-5)","background-image":"","background-repeat":"repeat","background-position":"center center","background-size":"auto","background-attachment":"scroll","background-type":"","background-media":"","overlay-type":"","overlay-color":"","overlay-opacity":"","overlay-gradient":""},"tablet":{"background-color":"var(--ast-global-color-5)","background-image":"","background-repeat":"repeat","background-position":"center center","background-size":"auto","background-attachment":"scroll","background-type":"","background-media":"","overlay-type":"","overlay-color":"","overlay-opacity":"","overlay-gradient":""},"mobile":{"background-color":"var(--ast-global-color-5)","background-image":"","background-repeat":"repeat","background-position":"center center","background-size":"auto","background-attachment":"scroll","background-type":"","background-media":"","overlay-type":"","overlay-color":"","overlay-opacity":"","overlay-gradient":""}},"footnotes":""},"class_list":["post-9639","page","type-page","status-publish","hentry"],"post_mailing_queue_ids":[],"_links":{"self":[{"href":"https:\/\/agora.xtec.cat\/insjaumebotey\/wp-json\/wp\/v2\/pages\/9639","targetHints":{"allow":["GET"]}}],"collection":[{"href":"https:\/\/agora.xtec.cat\/insjaumebotey\/wp-json\/wp\/v2\/pages"}],"about":[{"href":"https:\/\/agora.xtec.cat\/insjaumebotey\/wp-json\/wp\/v2\/types\/page"}],"author":[{"embeddable":true,"href":"https:\/\/agora.xtec.cat\/insjaumebotey\/wp-json\/wp\/v2\/users\/6"}],"replies":[{"embeddable":true,"href":"https:\/\/agora.xtec.cat\/insjaumebotey\/wp-json\/wp\/v2\/comments?post=9639"}],"version-history":[{"count":6,"href":"https:\/\/agora.xtec.cat\/insjaumebotey\/wp-json\/wp\/v2\/pages\/9639\/revisions"}],"predecessor-version":[{"id":9707,"href":"https:\/\/agora.xtec.cat\/insjaumebotey\/wp-json\/wp\/v2\/pages\/9639\/revisions\/9707"}],"up":[{"embeddable":true,"href":"https:\/\/agora.xtec.cat\/insjaumebotey\/wp-json\/wp\/v2\/pages\/195"}],"wp:attachment":[{"href":"https:\/\/agora.xtec.cat\/insjaumebotey\/wp-json\/wp\/v2\/media?parent=9639"}],"curies":[{"name":"wp","href":"https:\/\/api.w.org\/{rel}","templated":true}]}}