{"id":7338,"date":"2024-02-20T13:07:23","date_gmt":"2024-02-20T12:07:23","guid":{"rendered":"https:\/\/agora.xtec.cat\/insjaumebotey\/?page_id=7338"},"modified":"2024-02-20T20:46:19","modified_gmt":"2024-02-20T19:46:19","slug":"programa-internacional-global-scholars","status":"publish","type":"page","link":"https:\/\/agora.xtec.cat\/insjaumebotey\/programes-dinnovacio\/programa-internacional-global-scholars\/","title":{"rendered":"Programa internacional Global Scholars"},"content":{"rendered":"<p><a href=\"https:\/\/agora.xtec.cat\/insjaumebotey\/wp-content\/uploads\/usu1865\/2024\/02\/Global-Scholars.png\"><img loading=\"lazy\" decoding=\"async\" class=\"aligncenter wp-image-7339\" src=\"https:\/\/agora.xtec.cat\/insjaumebotey\/wp-content\/uploads\/usu1865\/2024\/02\/Global-Scholars.png\" alt=\"\" width=\"242\" height=\"187\" \/><\/a><\/p>\n<p>Des d&#8217;aquest curs 2023-2024 formem part del programa internacional Global Scholars. Enguany tot l&#8217;alumnat de 1r d&#8217;ESO participa en el projecte\u00a0des de la mat\u00e8ria de llengua anglesa.\u00a0<strong>Global Scholars<\/strong>\u00a0\u00e9s una iniciativa educativa internacional en l\u00ednia que connecta joves de 10 a 13 anys d\u2019escoles i instituts de ciutats d\u2019arreu del m\u00f3n i que els permet interactuar en angl\u00e8s sobre temes d\u2019inter\u00e8s global.<\/p>\n<p>L\u2019objectiu pedag\u00f2gic del programa \u00e9s que els alumnes adquireixin una perspectiva m\u00e9s \u00e0mplia sobre el m\u00f3n globalitzat en qu\u00e8 viuen. A partir d\u2019un curr\u00edculum com\u00fa i compartit per totes les escoles i instituts, els aprenents interactuen amb els seus\u00a0<em>partners<\/em>\u00a0a trav\u00e9s d\u2019una aula virtual, comparteixen punts de vista, desenvolupen la consci\u00e8ncia global i reforcen \u00a0compet\u00e8ncies clau per al segle XXI (pensament cr\u00edtic, creativitat, comunicaci\u00f3 en llengua estrangera, habilitats tecnol\u00f2giques, col\u00b7laboraci\u00f3&#8230;).<\/p>\n<p>Podreu trobar m\u00e9s informaci\u00f3 en\u00a0<a href=\"https:\/\/projectes.xtec.cat\/internacional\/altres-programes\/que-es-un-programa-dinternacionalitzacio\/\" target=\"_blank\" rel=\"noreferrer noopener\" data-auth=\"NotApplicable\" data-linkindex=\"0\">aquest enlla\u00e7<\/a>\u00a0del Departament d&#8217;Educaci\u00f3.<\/p>\n<p style=\"text-align: center;\">\u00a0<iframe loading=\"lazy\" title=\"YouTube video player\" src=\"https:\/\/www.youtube.com\/embed\/SlSg4gfRSn0?si=3Trr5NgMPU0Eusoo\" width=\"560\" height=\"315\" frameborder=\"0\" allowfullscreen=\"allowfullscreen\"><\/iframe><\/p>\n","protected":false},"excerpt":{"rendered":"<p>Des d&#8217;aquest curs 2023-2024 formem part del programa internacional Global Scholars. Enguany tot l&#8217;alumnat de 1r d&#8217;ESO participa en el projecte\u00a0des de la mat\u00e8ria de llengua anglesa.\u00a0Global Scholars\u00a0\u00e9s una iniciativa educativa internacional en l\u00ednia que connecta joves de 10 a 13 anys d\u2019escoles i instituts de ciutats d\u2019arreu del m\u00f3n i que els permet interactuar [&hellip;]<\/p>\n","protected":false},"author":13,"featured_media":0,"parent":1481,"menu_order":0,"comment_status":"closed","ping_status":"closed","template":"","meta":{"_bbp_topic_count":0,"_bbp_reply_count":0,"_bbp_total_topic_count":0,"_bbp_total_reply_count":0,"_bbp_voice_count":0,"_bbp_anonymous_reply_count":0,"_bbp_topic_count_hidden":0,"_bbp_reply_count_hidden":0,"_bbp_forum_subforum_count":0,"site-sidebar-layout":"default","site-content-layout":"","ast-site-content-layout":"","site-content-style":"default","site-sidebar-style":"default","ast-global-header-display":"","ast-banner-title-visibility":"","ast-main-header-display":"","ast-hfb-above-header-display":"","ast-hfb-below-header-display":"","ast-hfb-mobile-header-display":"","site-post-title":"","ast-breadcrumbs-content":"","ast-featured-img":"","footer-sml-layout":"","theme-transparent-header-meta":"","adv-header-id-meta":"","stick-header-meta":"","header-above-stick-meta":"","header-main-stick-meta":"","header-below-stick-meta":"","astra-migrate-meta-layouts":"default","ast-page-background-enabled":"default","ast-page-background-meta":{"desktop":{"background-color":"var(--ast-global-color-4)","background-image":"","background-repeat":"repeat","background-position":"center center","background-size":"auto","background-attachment":"scroll","background-type":"","background-media":"","overlay-type":"","overlay-color":"","overlay-opacity":"","overlay-gradient":""},"tablet":{"background-color":"","background-image":"","background-repeat":"repeat","background-position":"center center","background-size":"auto","background-attachment":"scroll","background-type":"","background-media":"","overlay-type":"","overlay-color":"","overlay-opacity":"","overlay-gradient":""},"mobile":{"background-color":"","background-image":"","background-repeat":"repeat","background-position":"center center","background-size":"auto","background-attachment":"scroll","background-type":"","background-media":"","overlay-type":"","overlay-color":"","overlay-opacity":"","overlay-gradient":""}},"ast-content-background-meta":{"desktop":{"background-color":"var(--ast-global-color-5)","background-image":"","background-repeat":"repeat","background-position":"center center","background-size":"auto","background-attachment":"scroll","background-type":"","background-media":"","overlay-type":"","overlay-color":"","overlay-opacity":"","overlay-gradient":""},"tablet":{"background-color":"var(--ast-global-color-5)","background-image":"","background-repeat":"repeat","background-position":"center center","background-size":"auto","background-attachment":"scroll","background-type":"","background-media":"","overlay-type":"","overlay-color":"","overlay-opacity":"","overlay-gradient":""},"mobile":{"background-color":"var(--ast-global-color-5)","background-image":"","background-repeat":"repeat","background-position":"center center","background-size":"auto","background-attachment":"scroll","background-type":"","background-media":"","overlay-type":"","overlay-color":"","overlay-opacity":"","overlay-gradient":""}},"footnotes":""},"class_list":["post-7338","page","type-page","status-publish","hentry"],"post_mailing_queue_ids":[],"_links":{"self":[{"href":"https:\/\/agora.xtec.cat\/insjaumebotey\/wp-json\/wp\/v2\/pages\/7338","targetHints":{"allow":["GET"]}}],"collection":[{"href":"https:\/\/agora.xtec.cat\/insjaumebotey\/wp-json\/wp\/v2\/pages"}],"about":[{"href":"https:\/\/agora.xtec.cat\/insjaumebotey\/wp-json\/wp\/v2\/types\/page"}],"author":[{"embeddable":true,"href":"https:\/\/agora.xtec.cat\/insjaumebotey\/wp-json\/wp\/v2\/users\/13"}],"replies":[{"embeddable":true,"href":"https:\/\/agora.xtec.cat\/insjaumebotey\/wp-json\/wp\/v2\/comments?post=7338"}],"version-history":[{"count":2,"href":"https:\/\/agora.xtec.cat\/insjaumebotey\/wp-json\/wp\/v2\/pages\/7338\/revisions"}],"predecessor-version":[{"id":7350,"href":"https:\/\/agora.xtec.cat\/insjaumebotey\/wp-json\/wp\/v2\/pages\/7338\/revisions\/7350"}],"up":[{"embeddable":true,"href":"https:\/\/agora.xtec.cat\/insjaumebotey\/wp-json\/wp\/v2\/pages\/1481"}],"wp:attachment":[{"href":"https:\/\/agora.xtec.cat\/insjaumebotey\/wp-json\/wp\/v2\/media?parent=7338"}],"curies":[{"name":"wp","href":"https:\/\/api.w.org\/{rel}","templated":true}]}}