{"id":7037,"date":"2024-01-13T11:04:41","date_gmt":"2024-01-13T10:04:41","guid":{"rendered":"https:\/\/agora.xtec.cat\/insjaumebotey\/?page_id=7037"},"modified":"2024-04-11T10:55:39","modified_gmt":"2024-04-11T08:55:39","slug":"jornada-de-portes-obertes-preinscripcio-curs-2024-2025","status":"publish","type":"page","link":"https:\/\/agora.xtec.cat\/insjaumebotey\/jornada-de-portes-obertes-preinscripcio-curs-2024-2025\/","title":{"rendered":"Preinscripci\u00f3 curs 2024\/2025"},"content":{"rendered":"<h6 style=\"text-align: center;\"><img loading=\"lazy\" decoding=\"async\" class=\"aligncenter wp-image-7040 size-large\" src=\"https:\/\/agora.xtec.cat\/insjaumebotey\/wp-content\/uploads\/usu1865\/2024\/01\/fondo-carteles-web-Botey-Preinscripcio-24-25-1024x112.png\" alt=\"\" width=\"1024\" height=\"112\" srcset=\"https:\/\/agora.xtec.cat\/insjaumebotey\/wp-content\/uploads\/usu1865\/2024\/01\/fondo-carteles-web-Botey-Preinscripcio-24-25-1024x112.png 1024w, https:\/\/agora.xtec.cat\/insjaumebotey\/wp-content\/uploads\/usu1865\/2024\/01\/fondo-carteles-web-Botey-Preinscripcio-24-25-300x33.png 300w, https:\/\/agora.xtec.cat\/insjaumebotey\/wp-content\/uploads\/usu1865\/2024\/01\/fondo-carteles-web-Botey-Preinscripcio-24-25-768x84.png 768w, https:\/\/agora.xtec.cat\/insjaumebotey\/wp-content\/uploads\/usu1865\/2024\/01\/fondo-carteles-web-Botey-Preinscripcio-24-25.png 1064w\" sizes=\"auto, (max-width: 1024px) 100vw, 1024px\" \/><\/h6>\n<h3><\/h3>\n<h3 style=\"text-align: center;\"><a href=\"https:\/\/agora.xtec.cat\/insjaumebotey\/dates-i-llistes-preinscripcio-eso\/\" target=\"_blank\" rel=\"noopener\">DATES I LLISTES PREINSCRIPCI\u00d3 ESO<\/a><\/h3>\n<h6 style=\"text-align: center;\"><\/h6>\n<h3 style=\"text-align: center;\"><a href=\"https:\/\/agora.xtec.cat\/insjaumebotey\/dates-i-llistes-preinscripcio-batxillerat\/\" target=\"_blank\" rel=\"noopener\">DATES I LLISTES PREINSCRIPCI\u00d3 BATXILLERAT<\/a><\/h3>\n<p>&nbsp;<\/p>\n<p><a href=\"https:\/\/www.becaseducacion.gob.es\/becas-y-ayudas.html\" target=\"_blank\" rel=\"noopener\"><img loading=\"lazy\" decoding=\"async\" class=\"aligncenter wp-image-7593\" src=\"https:\/\/agora.xtec.cat\/insjaumebotey\/wp-content\/uploads\/usu1865\/2024\/03\/image-1024x544.png\" alt=\"\" width=\"800\" height=\"425\" srcset=\"https:\/\/agora.xtec.cat\/insjaumebotey\/wp-content\/uploads\/usu1865\/2024\/03\/image-1024x544.png 1024w, https:\/\/agora.xtec.cat\/insjaumebotey\/wp-content\/uploads\/usu1865\/2024\/03\/image-300x159.png 300w, https:\/\/agora.xtec.cat\/insjaumebotey\/wp-content\/uploads\/usu1865\/2024\/03\/image-768x408.png 768w, https:\/\/agora.xtec.cat\/insjaumebotey\/wp-content\/uploads\/usu1865\/2024\/03\/image-1536x815.png 1536w, https:\/\/agora.xtec.cat\/insjaumebotey\/wp-content\/uploads\/usu1865\/2024\/03\/image.png 2040w\" sizes=\"auto, (max-width: 800px) 100vw, 800px\" \/><\/a><\/p>\n<h2 style=\"text-align: center;\"><a href=\"https:\/\/www.becaseducacion.gob.es\/becas-y-ayudas\/fp-bachillerato-otros\/como-solicitarla.html#pasos-para-solicitarla\" target=\"_blank\" rel=\"noopener\">Beques per Batxillerat i Cicles<\/a><\/h2>\n<h2 style=\"text-align: center;\"><a href=\"https:\/\/www.becaseducacion.gob.es\/becas-y-ayudas\/universidad-grado-master\/como-solicitarla.html#cuando-debes-solicitarla\" target=\"_blank\" rel=\"noopener\">Beques per l&#8217;universitat<\/a><\/h2>\n<p>&nbsp;<\/p>\n<h4 style=\"text-align: center;\"><a href=\"https:\/\/agora.xtec.cat\/insjaumebotey\/organigrama\/secretaria\/\">Secretaria<\/a><\/h4>\n<h4 style=\"text-align: center;\">\ud83d\udce9\u00a0Informaci\u00f3 general:\u00a0<a href=\"mailto:a8076111@xtec.cat\" target=\"_blank\" rel=\"noopener noreferrer\"><span class=\"\">a8076111@xtec.cat<\/span><\/a><\/h4>\n<h4 style=\"text-align: center;\">\ud83d\udce9\u00a0Administraci\u00f3: <a href=\"mailto:secretaria@insjaumebotey.cat\" target=\"_blank\" rel=\"noopener noreferrer\">secretaria@insjaumebotey.cat<\/a><\/h4>\n<h4 style=\"text-align: center;\">T\u00e9lf. \ud83d\udcde: 93 554 16 10<\/h4>\n<p><img loading=\"lazy\" decoding=\"async\" class=\"aligncenter wp-image-7039 size-large\" src=\"https:\/\/agora.xtec.cat\/insjaumebotey\/wp-content\/uploads\/usu1865\/2024\/01\/fondo-carteles-web-Botey-Info-Departament-1024x112.png\" alt=\"\" width=\"1024\" height=\"112\" srcset=\"https:\/\/agora.xtec.cat\/insjaumebotey\/wp-content\/uploads\/usu1865\/2024\/01\/fondo-carteles-web-Botey-Info-Departament-1024x112.png 1024w, https:\/\/agora.xtec.cat\/insjaumebotey\/wp-content\/uploads\/usu1865\/2024\/01\/fondo-carteles-web-Botey-Info-Departament-300x33.png 300w, https:\/\/agora.xtec.cat\/insjaumebotey\/wp-content\/uploads\/usu1865\/2024\/01\/fondo-carteles-web-Botey-Info-Departament-768x84.png 768w, https:\/\/agora.xtec.cat\/insjaumebotey\/wp-content\/uploads\/usu1865\/2024\/01\/fondo-carteles-web-Botey-Info-Departament.png 1064w\" sizes=\"auto, (max-width: 1024px) 100vw, 1024px\" \/><\/p>\n<h4 style=\"text-align: center;\"><a href=\"https:\/\/preinscripcio.gencat.cat\/ca\/inici\/index.html\" target=\"_blank\" rel=\"noopener\">P\u00e0gina web: Preinscripci\u00f3<\/a><\/h4>\n<h4 style=\"text-align: center;\">Preinscripci\u00f3 ESO: Del 8 al 20 de mar\u00e7<\/h4>\n<h4 style=\"text-align: center;\">Matr\u00edcula ESO: Del 18 al 26 de juny<\/h4>\n<h4 style=\"text-align: center;\">Preinscripci\u00f3 Batxillerat: Del 2 al 8 d&#8217;abril<\/h4>\n<h4 style=\"text-align: center;\">Matr\u00edcula Batxillerat: Del 21 de juny al 1 de juliol<\/h4>\n<p>&nbsp;<\/p>\n<p><a href=\"https:\/\/preinscripcio.gencat.cat\/ca\/inici\/index.html\" target=\"_blank\" rel=\"noopener\"><img loading=\"lazy\" decoding=\"async\" class=\"aligncenter size-large wp-image-7351\" src=\"https:\/\/agora.xtec.cat\/insjaumebotey\/wp-content\/uploads\/usu1865\/2024\/02\/image-1024x201.png\" alt=\"\" width=\"1024\" height=\"201\" srcset=\"https:\/\/agora.xtec.cat\/insjaumebotey\/wp-content\/uploads\/usu1865\/2024\/02\/image-1024x201.png 1024w, https:\/\/agora.xtec.cat\/insjaumebotey\/wp-content\/uploads\/usu1865\/2024\/02\/image-300x59.png 300w, https:\/\/agora.xtec.cat\/insjaumebotey\/wp-content\/uploads\/usu1865\/2024\/02\/image-768x151.png 768w, https:\/\/agora.xtec.cat\/insjaumebotey\/wp-content\/uploads\/usu1865\/2024\/02\/image-1536x302.png 1536w, https:\/\/agora.xtec.cat\/insjaumebotey\/wp-content\/uploads\/usu1865\/2024\/02\/image.png 1900w\" sizes=\"auto, (max-width: 1024px) 100vw, 1024px\" \/><\/a><\/p>\n","protected":false},"excerpt":{"rendered":"<p>DATES I LLISTES PREINSCRIPCI\u00d3 ESO DATES I LLISTES PREINSCRIPCI\u00d3 BATXILLERAT &nbsp; Beques per Batxillerat i Cicles Beques per l&#8217;universitat &nbsp; Secretaria \ud83d\udce9\u00a0Informaci\u00f3 general:\u00a0a8076111@xtec.cat \ud83d\udce9\u00a0Administraci\u00f3: secretaria@insjaumebotey.cat T\u00e9lf. \ud83d\udcde: 93 554 16 10 P\u00e0gina web: Preinscripci\u00f3 Preinscripci\u00f3 ESO: Del 8 al 20 de mar\u00e7 Matr\u00edcula ESO: Del 18 al 26 de juny Preinscripci\u00f3 Batxillerat: Del 2 al [&hellip;]<\/p>\n","protected":false},"author":13,"featured_media":0,"parent":0,"menu_order":0,"comment_status":"closed","ping_status":"closed","template":"","meta":{"_bbp_topic_count":0,"_bbp_reply_count":0,"_bbp_total_topic_count":0,"_bbp_total_reply_count":0,"_bbp_voice_count":0,"_bbp_anonymous_reply_count":0,"_bbp_topic_count_hidden":0,"_bbp_reply_count_hidden":0,"_bbp_forum_subforum_count":0,"site-sidebar-layout":"default","site-content-layout":"","ast-site-content-layout":"","site-content-style":"default","site-sidebar-style":"default","ast-global-header-display":"","ast-banner-title-visibility":"","ast-main-header-display":"","ast-hfb-above-header-display":"","ast-hfb-below-header-display":"","ast-hfb-mobile-header-display":"","site-post-title":"","ast-breadcrumbs-content":"","ast-featured-img":"","footer-sml-layout":"","theme-transparent-header-meta":"","adv-header-id-meta":"","stick-header-meta":"","header-above-stick-meta":"","header-main-stick-meta":"","header-below-stick-meta":"","astra-migrate-meta-layouts":"default","ast-page-background-enabled":"default","ast-page-background-meta":{"desktop":{"background-color":"var(--ast-global-color-4)","background-image":"","background-repeat":"repeat","background-position":"center center","background-size":"auto","background-attachment":"scroll","background-type":"","background-media":"","overlay-type":"","overlay-color":"","overlay-opacity":"","overlay-gradient":""},"tablet":{"background-color":"","background-image":"","background-repeat":"repeat","background-position":"center center","background-size":"auto","background-attachment":"scroll","background-type":"","background-media":"","overlay-type":"","overlay-color":"","overlay-opacity":"","overlay-gradient":""},"mobile":{"background-color":"","background-image":"","background-repeat":"repeat","background-position":"center center","background-size":"auto","background-attachment":"scroll","background-type":"","background-media":"","overlay-type":"","overlay-color":"","overlay-opacity":"","overlay-gradient":""}},"ast-content-background-meta":{"desktop":{"background-color":"var(--ast-global-color-5)","background-image":"","background-repeat":"repeat","background-position":"center center","background-size":"auto","background-attachment":"scroll","background-type":"","background-media":"","overlay-type":"","overlay-color":"","overlay-opacity":"","overlay-gradient":""},"tablet":{"background-color":"var(--ast-global-color-5)","background-image":"","background-repeat":"repeat","background-position":"center center","background-size":"auto","background-attachment":"scroll","background-type":"","background-media":"","overlay-type":"","overlay-color":"","overlay-opacity":"","overlay-gradient":""},"mobile":{"background-color":"var(--ast-global-color-5)","background-image":"","background-repeat":"repeat","background-position":"center center","background-size":"auto","background-attachment":"scroll","background-type":"","background-media":"","overlay-type":"","overlay-color":"","overlay-opacity":"","overlay-gradient":""}},"footnotes":""},"class_list":["post-7037","page","type-page","status-publish","hentry"],"post_mailing_queue_ids":[],"_links":{"self":[{"href":"https:\/\/agora.xtec.cat\/insjaumebotey\/wp-json\/wp\/v2\/pages\/7037","targetHints":{"allow":["GET"]}}],"collection":[{"href":"https:\/\/agora.xtec.cat\/insjaumebotey\/wp-json\/wp\/v2\/pages"}],"about":[{"href":"https:\/\/agora.xtec.cat\/insjaumebotey\/wp-json\/wp\/v2\/types\/page"}],"author":[{"embeddable":true,"href":"https:\/\/agora.xtec.cat\/insjaumebotey\/wp-json\/wp\/v2\/users\/13"}],"replies":[{"embeddable":true,"href":"https:\/\/agora.xtec.cat\/insjaumebotey\/wp-json\/wp\/v2\/comments?post=7037"}],"version-history":[{"count":7,"href":"https:\/\/agora.xtec.cat\/insjaumebotey\/wp-json\/wp\/v2\/pages\/7037\/revisions"}],"predecessor-version":[{"id":7652,"href":"https:\/\/agora.xtec.cat\/insjaumebotey\/wp-json\/wp\/v2\/pages\/7037\/revisions\/7652"}],"wp:attachment":[{"href":"https:\/\/agora.xtec.cat\/insjaumebotey\/wp-json\/wp\/v2\/media?parent=7037"}],"curies":[{"name":"wp","href":"https:\/\/api.w.org\/{rel}","templated":true}]}}