{"id":645,"date":"2018-10-23T11:48:09","date_gmt":"2018-10-23T09:48:09","guid":{"rendered":"http:\/\/agora.xtec.cat\/insjaumebotey\/?page_id=645"},"modified":"2023-10-29T09:15:54","modified_gmt":"2023-10-29T08:15:54","slug":"documents","status":"publish","type":"page","link":"https:\/\/agora.xtec.cat\/insjaumebotey\/linstitut\/documents\/","title":{"rendered":"Documents de centre"},"content":{"rendered":"<p>Llista dels documents del centre:<\/p>\n<ul>\n<li>Projecte Ling\u00fc\u00edstic de Centre &#8211; <a href=\"https:\/\/drive.google.com\/file\/d\/1Ncb7NPck3CGAeL-6NcD2At5cwhwea81w\/view?usp=sharing\"><strong>PLC<\/strong><\/a><\/li>\n<li>Pla de Conviv\u00e8ncia &#8211; <a href=\"https:\/\/drive.google.com\/file\/d\/1YdT04iWIZbxAeODXHNFYocSrHpr4HXCi\/view?usp=sharing\"><strong>PC<\/strong><\/a><\/li>\n<li>Projecte Educatiu de Centre &#8211; <a href=\"https:\/\/drive.google.com\/file\/d\/1NokUuespd1ygNl3tYApJitI8_EMhIhjw\/view?usp=sharing\"><strong>PEC<\/strong><\/a><\/li>\n<li>Normes d&#8217;Organitzaci\u00f3 i Funcionament del Centre &#8211; <a href=\"https:\/\/drive.google.com\/file\/d\/1k-FBzMlPQM8ug0yeCgeiZ1_USKQ3CZnL\/view?usp=sharing\"><strong>NOFC<\/strong>\u00a0<\/a><\/li>\n<li>Guia d&#8217;actuaci\u00f3 simulacre d&#8217;<a href=\"https:\/\/drive.google.com\/file\/d\/18KnUStYCZDZFS_tfKyzmgaf31r-bfhHv\/view?usp=sharing\"><strong>evacuaci\u00f3<\/strong><\/a><\/li>\n<li>Guia d&#8217;actuaci\u00f3 simulacre de <a href=\"https:\/\/drive.google.com\/file\/d\/1-tMK6MWvnIdygezBdO2ggxMnZDbemswr\/view?usp=sharing\"><strong>confinament<\/strong><\/a><\/li>\n<li><a href=\"https:\/\/sites.google.com\/xtec.cat\/edc-institut-jaume-botey\/p%C3%A0gina-principal\">Estrat\u00e8gia Digital de Centre &#8211; EDC<\/a><\/li>\n<\/ul>\n","protected":false},"excerpt":{"rendered":"<p>Llista dels documents del centre: Projecte Ling\u00fc\u00edstic de Centre &#8211; PLC Pla de Conviv\u00e8ncia &#8211; PC Projecte Educatiu de Centre &#8211; PEC Normes d&#8217;Organitzaci\u00f3 i Funcionament del Centre &#8211; NOFC\u00a0 Guia d&#8217;actuaci\u00f3 simulacre d&#8217;evacuaci\u00f3 Guia d&#8217;actuaci\u00f3 simulacre de confinament Estrat\u00e8gia Digital de Centre &#8211; EDC<\/p>\n","protected":false},"author":1,"featured_media":0,"parent":19,"menu_order":1,"comment_status":"closed","ping_status":"closed","template":"page-templates\/side-menu.php","meta":{"_bbp_topic_count":0,"_bbp_reply_count":0,"_bbp_total_topic_count":0,"_bbp_total_reply_count":0,"_bbp_voice_count":0,"_bbp_anonymous_reply_count":0,"_bbp_topic_count_hidden":0,"_bbp_reply_count_hidden":0,"_bbp_forum_subforum_count":0,"site-sidebar-layout":"default","site-content-layout":"","ast-site-content-layout":"","site-content-style":"default","site-sidebar-style":"default","ast-global-header-display":"","ast-banner-title-visibility":"","ast-main-header-display":"","ast-hfb-above-header-display":"","ast-hfb-below-header-display":"","ast-hfb-mobile-header-display":"","site-post-title":"","ast-breadcrumbs-content":"","ast-featured-img":"","footer-sml-layout":"","theme-transparent-header-meta":"","adv-header-id-meta":"","stick-header-meta":"","header-above-stick-meta":"","header-main-stick-meta":"","header-below-stick-meta":"","astra-migrate-meta-layouts":"default","ast-page-background-enabled":"default","ast-page-background-meta":{"desktop":{"background-color":"var(--ast-global-color-4)","background-image":"","background-repeat":"repeat","background-position":"center center","background-size":"auto","background-attachment":"scroll","background-type":"","background-media":"","overlay-type":"","overlay-color":"","overlay-opacity":"","overlay-gradient":""},"tablet":{"background-color":"","background-image":"","background-repeat":"repeat","background-position":"center center","background-size":"auto","background-attachment":"scroll","background-type":"","background-media":"","overlay-type":"","overlay-color":"","overlay-opacity":"","overlay-gradient":""},"mobile":{"background-color":"","background-image":"","background-repeat":"repeat","background-position":"center center","background-size":"auto","background-attachment":"scroll","background-type":"","background-media":"","overlay-type":"","overlay-color":"","overlay-opacity":"","overlay-gradient":""}},"ast-content-background-meta":{"desktop":{"background-color":"var(--ast-global-color-5)","background-image":"","background-repeat":"repeat","background-position":"center center","background-size":"auto","background-attachment":"scroll","background-type":"","background-media":"","overlay-type":"","overlay-color":"","overlay-opacity":"","overlay-gradient":""},"tablet":{"background-color":"var(--ast-global-color-5)","background-image":"","background-repeat":"repeat","background-position":"center center","background-size":"auto","background-attachment":"scroll","background-type":"","background-media":"","overlay-type":"","overlay-color":"","overlay-opacity":"","overlay-gradient":""},"mobile":{"background-color":"var(--ast-global-color-5)","background-image":"","background-repeat":"repeat","background-position":"center center","background-size":"auto","background-attachment":"scroll","background-type":"","background-media":"","overlay-type":"","overlay-color":"","overlay-opacity":"","overlay-gradient":""}},"footnotes":""},"class_list":["post-645","page","type-page","status-publish","hentry"],"post_mailing_queue_ids":[],"_links":{"self":[{"href":"https:\/\/agora.xtec.cat\/insjaumebotey\/wp-json\/wp\/v2\/pages\/645","targetHints":{"allow":["GET"]}}],"collection":[{"href":"https:\/\/agora.xtec.cat\/insjaumebotey\/wp-json\/wp\/v2\/pages"}],"about":[{"href":"https:\/\/agora.xtec.cat\/insjaumebotey\/wp-json\/wp\/v2\/types\/page"}],"author":[{"embeddable":true,"href":"https:\/\/agora.xtec.cat\/insjaumebotey\/wp-json\/wp\/v2\/users\/1"}],"replies":[{"embeddable":true,"href":"https:\/\/agora.xtec.cat\/insjaumebotey\/wp-json\/wp\/v2\/comments?post=645"}],"version-history":[{"count":5,"href":"https:\/\/agora.xtec.cat\/insjaumebotey\/wp-json\/wp\/v2\/pages\/645\/revisions"}],"predecessor-version":[{"id":6682,"href":"https:\/\/agora.xtec.cat\/insjaumebotey\/wp-json\/wp\/v2\/pages\/645\/revisions\/6682"}],"up":[{"embeddable":true,"href":"https:\/\/agora.xtec.cat\/insjaumebotey\/wp-json\/wp\/v2\/pages\/19"}],"wp:attachment":[{"href":"https:\/\/agora.xtec.cat\/insjaumebotey\/wp-json\/wp\/v2\/media?parent=645"}],"curies":[{"name":"wp","href":"https:\/\/api.w.org\/{rel}","templated":true}]}}