{"id":6399,"date":"2023-09-21T18:05:38","date_gmt":"2023-09-21T16:05:38","guid":{"rendered":"https:\/\/agora.xtec.cat\/insjaumebotey\/?page_id=6399"},"modified":"2023-09-21T18:49:03","modified_gmt":"2023-09-21T16:49:03","slug":"actfem","status":"publish","type":"page","link":"https:\/\/agora.xtec.cat\/insjaumebotey\/programes-dinnovacio\/actfem\/","title":{"rendered":"ActFem"},"content":{"rendered":"<p><a href=\"https:\/\/plaudite.org\/actfem\/\" target=\"_blank\" rel=\"noopener\"><img loading=\"lazy\" decoding=\"async\" class=\"aligncenter size-full wp-image-6410\" src=\"https:\/\/agora.xtec.cat\/insjaumebotey\/wp-content\/uploads\/usu1865\/2023\/09\/act.png\" alt=\"\" width=\"574\" height=\"361\" srcset=\"https:\/\/agora.xtec.cat\/insjaumebotey\/wp-content\/uploads\/usu1865\/2023\/09\/act.png 574w, https:\/\/agora.xtec.cat\/insjaumebotey\/wp-content\/uploads\/usu1865\/2023\/09\/act-300x189.png 300w\" sizes=\"auto, (max-width: 574px) 100vw, 574px\" \/><\/a>Al nou curs 23\/24, el nostre institut comen\u00e7a la nostra col\u00b7laboraci\u00f3 amb <span class=\"hiddenSpellError\">Pl\u00e0udite<\/span> Teatre amb el nou programa <span class=\"hiddenSpellError\">ActFem<\/span>. A l&#8217;enlla\u00e7 de la imatge de dalt trobareu tota la informaci\u00f3 sobre el programa.<!--more--><\/p>\n<p style=\"text-align: center;\"><iframe style=\"width: 560px; height: 395px;\" src=\"https:\/\/player.instantvideocloud.net\/#\/embed\/2d8f57f9b3\/522abb56-38c0-36b3-1cd4-8acd768dd82b\" frameborder=\"0\" allowfullscreen=\"allowfullscreen\"><\/iframe><\/p>\n<p style=\"text-align: center;\"><a href=\"https:\/\/lhdigital.cat\/noticies\/el-projecte-actfem-comenca-el-treball-escenic-amb-les-joves-participants\/\" target=\"_blank\" rel=\"noopener\"><img loading=\"lazy\" decoding=\"async\" class=\"aligncenter size-full wp-image-6397\" src=\"https:\/\/agora.xtec.cat\/insjaumebotey\/wp-content\/uploads\/usu1865\/2023\/09\/Picture-1.png\" alt=\"\" width=\"741\" height=\"551\" \/><\/a><iframe style=\"width: 560px; height: 395px;\" src=\"https:\/\/player.instantvideocloud.net\/#\/embed\/2d8f57f9b3\/b6ba5a3b-7ffa-d843-d61a-8c9ff59ccd88\" frameborder=\"0\" allowfullscreen=\"allowfullscreen\"><\/iframe><\/p>\n<p><a href=\"https:\/\/lhdigital.cat\/noticies\/engega-motors-el-projecte-actfem-de-plaudite-teatre\/\" target=\"_blank\" rel=\"noopener\"><img loading=\"lazy\" decoding=\"async\" class=\"aligncenter size-full wp-image-6400\" src=\"https:\/\/agora.xtec.cat\/insjaumebotey\/wp-content\/uploads\/usu1865\/2023\/09\/Picture2.png\" alt=\"\" width=\"742\" height=\"549\" srcset=\"https:\/\/agora.xtec.cat\/insjaumebotey\/wp-content\/uploads\/usu1865\/2023\/09\/Picture2.png 742w, https:\/\/agora.xtec.cat\/insjaumebotey\/wp-content\/uploads\/usu1865\/2023\/09\/Picture2-300x222.png 300w\" sizes=\"auto, (max-width: 742px) 100vw, 742px\" \/><\/a><\/p>\n","protected":false},"excerpt":{"rendered":"<p>Al nou curs 23\/24, el nostre institut comen\u00e7a la nostra col\u00b7laboraci\u00f3 amb Pl\u00e0udite Teatre amb el nou programa ActFem. A l&#8217;enlla\u00e7 de la imatge de dalt trobareu tota la informaci\u00f3 sobre el programa.<\/p>\n","protected":false},"author":13,"featured_media":0,"parent":1481,"menu_order":1,"comment_status":"closed","ping_status":"closed","template":"","meta":{"_bbp_topic_count":0,"_bbp_reply_count":0,"_bbp_total_topic_count":0,"_bbp_total_reply_count":0,"_bbp_voice_count":0,"_bbp_anonymous_reply_count":0,"_bbp_topic_count_hidden":0,"_bbp_reply_count_hidden":0,"_bbp_forum_subforum_count":0,"site-sidebar-layout":"default","site-content-layout":"","ast-site-content-layout":"","site-content-style":"default","site-sidebar-style":"default","ast-global-header-display":"","ast-banner-title-visibility":"","ast-main-header-display":"","ast-hfb-above-header-display":"","ast-hfb-below-header-display":"","ast-hfb-mobile-header-display":"","site-post-title":"","ast-breadcrumbs-content":"","ast-featured-img":"","footer-sml-layout":"","theme-transparent-header-meta":"","adv-header-id-meta":"","stick-header-meta":"","header-above-stick-meta":"","header-main-stick-meta":"","header-below-stick-meta":"","astra-migrate-meta-layouts":"default","ast-page-background-enabled":"default","ast-page-background-meta":{"desktop":{"background-color":"var(--ast-global-color-4)","background-image":"","background-repeat":"repeat","background-position":"center center","background-size":"auto","background-attachment":"scroll","background-type":"","background-media":"","overlay-type":"","overlay-color":"","overlay-opacity":"","overlay-gradient":""},"tablet":{"background-color":"","background-image":"","background-repeat":"repeat","background-position":"center center","background-size":"auto","background-attachment":"scroll","background-type":"","background-media":"","overlay-type":"","overlay-color":"","overlay-opacity":"","overlay-gradient":""},"mobile":{"background-color":"","background-image":"","background-repeat":"repeat","background-position":"center center","background-size":"auto","background-attachment":"scroll","background-type":"","background-media":"","overlay-type":"","overlay-color":"","overlay-opacity":"","overlay-gradient":""}},"ast-content-background-meta":{"desktop":{"background-color":"var(--ast-global-color-5)","background-image":"","background-repeat":"repeat","background-position":"center center","background-size":"auto","background-attachment":"scroll","background-type":"","background-media":"","overlay-type":"","overlay-color":"","overlay-opacity":"","overlay-gradient":""},"tablet":{"background-color":"var(--ast-global-color-5)","background-image":"","background-repeat":"repeat","background-position":"center center","background-size":"auto","background-attachment":"scroll","background-type":"","background-media":"","overlay-type":"","overlay-color":"","overlay-opacity":"","overlay-gradient":""},"mobile":{"background-color":"var(--ast-global-color-5)","background-image":"","background-repeat":"repeat","background-position":"center center","background-size":"auto","background-attachment":"scroll","background-type":"","background-media":"","overlay-type":"","overlay-color":"","overlay-opacity":"","overlay-gradient":""}},"footnotes":""},"class_list":["post-6399","page","type-page","status-publish","hentry"],"post_mailing_queue_ids":[],"_links":{"self":[{"href":"https:\/\/agora.xtec.cat\/insjaumebotey\/wp-json\/wp\/v2\/pages\/6399","targetHints":{"allow":["GET"]}}],"collection":[{"href":"https:\/\/agora.xtec.cat\/insjaumebotey\/wp-json\/wp\/v2\/pages"}],"about":[{"href":"https:\/\/agora.xtec.cat\/insjaumebotey\/wp-json\/wp\/v2\/types\/page"}],"author":[{"embeddable":true,"href":"https:\/\/agora.xtec.cat\/insjaumebotey\/wp-json\/wp\/v2\/users\/13"}],"replies":[{"embeddable":true,"href":"https:\/\/agora.xtec.cat\/insjaumebotey\/wp-json\/wp\/v2\/comments?post=6399"}],"version-history":[{"count":3,"href":"https:\/\/agora.xtec.cat\/insjaumebotey\/wp-json\/wp\/v2\/pages\/6399\/revisions"}],"predecessor-version":[{"id":6412,"href":"https:\/\/agora.xtec.cat\/insjaumebotey\/wp-json\/wp\/v2\/pages\/6399\/revisions\/6412"}],"up":[{"embeddable":true,"href":"https:\/\/agora.xtec.cat\/insjaumebotey\/wp-json\/wp\/v2\/pages\/1481"}],"wp:attachment":[{"href":"https:\/\/agora.xtec.cat\/insjaumebotey\/wp-json\/wp\/v2\/media?parent=6399"}],"curies":[{"name":"wp","href":"https:\/\/api.w.org\/{rel}","templated":true}]}}